{"id":2629,"date":"2025-02-12T14:13:00","date_gmt":"2025-02-12T13:13:00","guid":{"rendered":"https:\/\/malmocity.se\/?page_id=2629"},"modified":"2026-04-01T08:05:06","modified_gmt":"2026-04-01T07:05:06","slug":"hitta-hit","status":"publish","type":"page","link":"https:\/\/malmocity.se\/da\/hitta-hit\/","title":{"rendered":"Find det her"},"content":{"rendered":"<div data-elementor-type=\"wp-page\" data-elementor-id=\"2629\" class=\"elementor elementor-2629\" data-elementor-post-type=\"page\">\n\t\t\t\t<div class=\"elementor-element elementor-element-45d15710 e-flex e-con-boxed e-con e-parent\" data-id=\"45d15710\" data-element_type=\"container\" data-settings=\"{&quot;background_background&quot;:&quot;classic&quot;}\">\n\t\t\t\t\t<div class=\"e-con-inner\">\n\t\t<div class=\"elementor-element elementor-element-5ed8c9cb e-flex e-con-boxed e-con e-child\" data-id=\"5ed8c9cb\" data-element_type=\"container\">\n\t\t\t\t\t<div class=\"e-con-inner\">\n\t\t\t\t\t<\/div>\n\t\t\t\t<\/div>\n\t\t\t\t\t<\/div>\n\t\t\t\t<\/div>\n\t\t<div class=\"elementor-element elementor-element-66e0c9eb e-flex e-con-boxed e-con e-parent\" data-id=\"66e0c9eb\" data-element_type=\"container\">\n\t\t\t\t\t<div class=\"e-con-inner\">\n\t\t<div class=\"elementor-element elementor-element-5012d3d3 e-con-full e-flex e-con e-child\" data-id=\"5012d3d3\" data-element_type=\"container\">\n\t\t<div class=\"elementor-element elementor-element-426d3069 e-con-full e-flex e-con e-child\" data-id=\"426d3069\" data-element_type=\"container\">\n\t\t\t\t<div class=\"elementor-element elementor-element-67751b71 elementor-widget elementor-widget-heading\" data-id=\"67751b71\" data-element_type=\"widget\" data-widget_type=\"heading.default\">\n\t\t\t\t<div class=\"elementor-widget-container\">\n\t\t\t\t\t<h1 class=\"elementor-heading-title elementor-size-default\">Find det her<\/h1>\t\t\t\t<\/div>\n\t\t\t\t<\/div>\n\t\t\t\t<div class=\"elementor-element elementor-element-e411ab4 elementor-widget elementor-widget-heading\" data-id=\"e411ab4\" data-element_type=\"widget\" data-widget_type=\"heading.default\">\n\t\t\t\t<div class=\"elementor-widget-container\">\n\t\t\t\t\t<h4 class=\"elementor-heading-title elementor-size-default\">S\u00e5dan kommer du til Malm\u00f8 centrum<\/h4>\t\t\t\t<\/div>\n\t\t\t\t<\/div>\n\t\t\t\t<div class=\"elementor-element elementor-element-68a6fa15 elementor-widget elementor-widget-text-editor\" data-id=\"68a6fa15\" data-element_type=\"widget\" data-widget_type=\"text-editor.default\">\n\t\t\t\t<div class=\"elementor-widget-container\">\n\t\t\t\t\t\t\t\t\t<p>Ikke alle veje f\u00f8rer til Malm\u00f8 City, men mange g\u00f8r! <br \/>Der er tre knudepunkter i byen, som du m\u00e5ske vil vide noget om:<\/p>\t\t\t\t\t\t\t\t<\/div>\n\t\t\t\t<\/div>\n\t\t\t\t<div class=\"elementor-element elementor-element-e72d4b9 elementor-icon-list--layout-inline elementor-mobile-align-center elementor-list-item-link-full_width elementor-widget elementor-widget-icon-list\" data-id=\"e72d4b9\" data-element_type=\"widget\" data-widget_type=\"icon-list.default\">\n\t\t\t\t<div class=\"elementor-widget-container\">\n\t\t\t\t\t\t\t<ul class=\"elementor-icon-list-items elementor-inline-items\">\n\t\t\t\t\t\t\t<li class=\"elementor-icon-list-item elementor-inline-item\">\n\t\t\t\t\t\t\t\t\t\t\t<span class=\"elementor-icon-list-icon\">\n\t\t\t\t\t\t\t<svg aria-hidden=\"true\" class=\"e-font-icon-svg e-fas-arrow-alt-circle-right\" viewbox=\"0 0 512 512\" xmlns=\"http:\/\/www.w3.org\/2000\/svg\"><path d=\"M256 8c137 0 248 111 248 248S393 504 256 504 8 393 8 256 119 8 256 8zM140 300h116v70.9c0 10.7 13 16.1 20.5 8.5l114.3-114.9c4.7-4.7 4.7-12.2 0-16.9l-114.3-115c-7.6-7.6-20.5-2.2-20.5 8.5V212H140c-6.6 0-12 5.4-12 12v64c0 6.6 5.4 12 12 12z\"><\/path><\/svg>\t\t\t\t\t\t<\/span>\n\t\t\t\t\t\t\t\t\t\t<span class=\"elementor-icon-list-text\">Malm\u00f8s hovedbaneg\u00e5rd<\/span>\n\t\t\t\t\t\t\t\t\t<\/li>\n\t\t\t\t\t\t\t\t<li class=\"elementor-icon-list-item elementor-inline-item\">\n\t\t\t\t\t\t\t\t\t\t\t<span class=\"elementor-icon-list-icon\">\n\t\t\t\t\t\t\t<svg aria-hidden=\"true\" class=\"e-font-icon-svg e-fas-arrow-alt-circle-right\" viewbox=\"0 0 512 512\" xmlns=\"http:\/\/www.w3.org\/2000\/svg\"><path d=\"M256 8c137 0 248 111 248 248S393 504 256 504 8 393 8 256 119 8 256 8zM140 300h116v70.9c0 10.7 13 16.1 20.5 8.5l114.3-114.9c4.7-4.7 4.7-12.2 0-16.9l-114.3-115c-7.6-7.6-20.5-2.2-20.5 8.5V212H140c-6.6 0-12 5.4-12 12v64c0 6.6 5.4 12 12 12z\"><\/path><\/svg>\t\t\t\t\t\t<\/span>\n\t\t\t\t\t\t\t\t\t\t<span class=\"elementor-icon-list-text\">Gustav Adolfs Torg<\/span>\n\t\t\t\t\t\t\t\t\t<\/li>\n\t\t\t\t\t\t\t\t<li class=\"elementor-icon-list-item elementor-inline-item\">\n\t\t\t\t\t\t\t\t\t\t\t<span class=\"elementor-icon-list-icon\">\n\t\t\t\t\t\t\t<svg aria-hidden=\"true\" class=\"e-font-icon-svg e-fas-arrow-alt-circle-right\" viewbox=\"0 0 512 512\" xmlns=\"http:\/\/www.w3.org\/2000\/svg\"><path d=\"M256 8c137 0 248 111 248 248S393 504 256 504 8 393 8 256 119 8 256 8zM140 300h116v70.9c0 10.7 13 16.1 20.5 8.5l114.3-114.9c4.7-4.7 4.7-12.2 0-16.9l-114.3-115c-7.6-7.6-20.5-2.2-20.5 8.5V212H140c-6.6 0-12 5.4-12 12v64c0 6.6 5.4 12 12 12z\"><\/path><\/svg>\t\t\t\t\t\t<\/span>\n\t\t\t\t\t\t\t\t\t\t<span class=\"elementor-icon-list-text\">trekanter<\/span>\n\t\t\t\t\t\t\t\t\t<\/li>\n\t\t\t\t\t\t<\/ul>\n\t\t\t\t\t\t<\/div>\n\t\t\t\t<\/div>\n\t\t\t\t<\/div>\n\t\t\t\t<\/div>\n\t\t\t\t\t<\/div>\n\t\t\t\t<\/div>\n\t\t<div class=\"elementor-element elementor-element-a16be3d e-flex e-con-boxed e-con e-parent\" data-id=\"a16be3d\" data-element_type=\"container\">\n\t\t\t\t\t<div class=\"e-con-inner\">\n\t\t<div class=\"elementor-element elementor-element-0ff71c4 e-con-full e-flex e-con e-child\" data-id=\"0ff71c4\" data-element_type=\"container\">\n\t\t<div class=\"elementor-element elementor-element-3c90bf2 e-con-full e-flex e-con e-child\" data-id=\"3c90bf2\" data-element_type=\"container\">\n\t\t<div class=\"elementor-element elementor-element-d6f085c e-con-full e-flex e-con e-child\" data-id=\"d6f085c\" data-element_type=\"container\" data-settings=\"{&quot;background_background&quot;:&quot;classic&quot;}\">\n\t\t\t\t<div class=\"elementor-element elementor-element-632c0d1 elementor-widget elementor-widget-heading\" data-id=\"632c0d1\" data-element_type=\"widget\" data-widget_type=\"heading.default\">\n\t\t\t\t<div class=\"elementor-widget-container\">\n\t\t\t\t\t<h2 class=\"elementor-heading-title elementor-size-default\">Tog, bus, cykel eller bil<\/h2>\t\t\t\t<\/div>\n\t\t\t\t<\/div>\n\t\t\t\t<div class=\"elementor-element elementor-element-65c3e5a elementor-widget elementor-widget-text-editor\" data-id=\"65c3e5a\" data-element_type=\"widget\" data-widget_type=\"text-editor.default\">\n\t\t\t\t<div class=\"elementor-widget-container\">\n\t\t\t\t\t\t\t\t\t<p>Fordelen ved Malm\u00f8s bymidte er, at den er sammenh\u00e6ngende og byder p\u00e5 hyggelige oplevelser, uanset om du er p\u00e5 udkig efter shopping, restauranter eller bare vil nyde en dejlig g\u00e5tur.<\/p>\t\t\t\t\t\t\t\t<\/div>\n\t\t\t\t<\/div>\n\t\t<div class=\"elementor-element elementor-element-8d0d951 e-con-full e-flex e-con e-child\" data-id=\"8d0d951\" data-element_type=\"container\">\n\t\t\t\t<div class=\"elementor-element elementor-element-57e55fe elementor-widget elementor-widget-heading\" data-id=\"57e55fe\" data-element_type=\"widget\" data-widget_type=\"heading.default\">\n\t\t\t\t<div class=\"elementor-widget-container\">\n\t\t\t\t\t<h4 class=\"elementor-heading-title elementor-size-default\">Med tog<\/h4>\t\t\t\t<\/div>\n\t\t\t\t<\/div>\n\t\t\t\t<div class=\"elementor-element elementor-element-9057993 elementor-widget elementor-widget-text-editor\" data-id=\"9057993\" data-element_type=\"widget\" data-widget_type=\"text-editor.default\">\n\t\t\t\t<div class=\"elementor-widget-container\">\n\t\t\t\t\t\t\t\t\t<p class=\"translation-block\">Hvis du kommer udefra og rejser ind til byen med tog, kan du st\u00e5 af p\u00e5 stationerne Malm\u00f6 Central eller Malm\u00f6 Triangeln. &lt;Malm\u00f8 Central ligger i den nordlige del af byen og Triangeln i den sydlige del. Uanset hvad du v\u00e6lger, har du umiddelbar adgang til shoppinggader, restauranter og serviceydelser. Vidste du, at Malm\u00f8 kun ligger ca. 20 minutter med tog fra Kastrup?<\/p>\t\t\t\t\t\t\t\t<\/div>\n\t\t\t\t<\/div>\n\t\t\t\t<div class=\"elementor-element elementor-element-2e2498d elementor-widget elementor-widget-heading\" data-id=\"2e2498d\" data-element_type=\"widget\" data-widget_type=\"heading.default\">\n\t\t\t\t<div class=\"elementor-widget-container\">\n\t\t\t\t\t<h4 class=\"elementor-heading-title elementor-size-default\">Med bus<\/h4>\t\t\t\t<\/div>\n\t\t\t\t<\/div>\n\t\t\t\t<div class=\"elementor-element elementor-element-6c7c866 elementor-widget elementor-widget-text-editor\" data-id=\"6c7c866\" data-element_type=\"widget\" data-widget_type=\"text-editor.default\">\n\t\t\t\t<div class=\"elementor-widget-container\">\n\t\t\t\t\t\t\t\t\t<p class=\"translation-block\">Med <a href=\"https:\/\/www.skanetrafiken.se\/\" target=\"_blank\" rel=\"noopener\">Sk\u00e5netrafiken<\/a> kan du rejse komfortabelt til og i Malm\u00f8. V\u00e6lg at st\u00e5 af ved Malm\u00f6 Central for at komme t\u00e6t p\u00e5 de \u00e6ldste dele af Malm\u00f8s centrum, s\u00e5som Stortorget, Lilla Torg og Gamla V\u00e4ster. Hvis du foretr\u00e6kker at komme t\u00e6ttere p\u00e5 centrum, kan du v\u00e6lge stoppestedet Studentgatan, som er et knudepunkt for b\u00e5de by- og regionalbusser.<\/p>\t\t\t\t\t\t\t\t<\/div>\n\t\t\t\t<\/div>\n\t\t\t\t<div class=\"elementor-element elementor-element-0c87b9e elementor-widget elementor-widget-heading\" data-id=\"0c87b9e\" data-element_type=\"widget\" data-widget_type=\"heading.default\">\n\t\t\t\t<div class=\"elementor-widget-container\">\n\t\t\t\t\t<h4 class=\"elementor-heading-title elementor-size-default\">P\u00e5 cykel<\/h4>\t\t\t\t<\/div>\n\t\t\t\t<\/div>\n\t\t\t\t<div class=\"elementor-element elementor-element-1dace38 elementor-widget elementor-widget-text-editor\" data-id=\"1dace38\" data-element_type=\"widget\" data-widget_type=\"text-editor.default\">\n\t\t\t\t<div class=\"elementor-widget-container\">\n\t\t\t\t\t\t\t\t\t<p>Det er nemt at komme rundt i Malm\u00f8 p\u00e5 cykel, da flere cykelstier f\u00f8rer ind til byens centrum. Du kan ogs\u00e5 nemt leje en cykel eller en elektrisk scooter under dit ophold. L\u00e6s mere under <a href=\"https:\/\/malmocity.se\/da\/hitta-hit\/hyrcyklar\/\">Udlejning af cykler<\/a>.<\/p>\t\t\t\t\t\t\t\t<\/div>\n\t\t\t\t<\/div>\n\t\t\t\t<div class=\"elementor-element elementor-element-b28f127 elementor-widget elementor-widget-heading\" data-id=\"b28f127\" data-element_type=\"widget\" data-widget_type=\"heading.default\">\n\t\t\t\t<div class=\"elementor-widget-container\">\n\t\t\t\t\t<h4 class=\"elementor-heading-title elementor-size-default\">I bil<\/h4>\t\t\t\t<\/div>\n\t\t\t\t<\/div>\n\t\t\t\t<div class=\"elementor-element elementor-element-134c2da elementor-widget elementor-widget-text-editor\" data-id=\"134c2da\" data-element_type=\"widget\" data-widget_type=\"text-editor.default\">\n\t\t\t\t<div class=\"elementor-widget-container\">\n\t\t\t\t\t\t\t\t\t<p>F\u00f8lg skiltene til byens centrum, og parker din bil i et af de mange garageanl\u00e6g i byen, for mere information se <a href=\"\/da\/hitta-hit\/parkering\/\">Parkering for biler<\/a>.<\/p>\t\t\t\t\t\t\t\t<\/div>\n\t\t\t\t<\/div>\n\t\t\t\t<div class=\"elementor-element elementor-element-2f7d71b elementor-widget elementor-widget-heading\" data-id=\"2f7d71b\" data-element_type=\"widget\" data-widget_type=\"heading.default\">\n\t\t\t\t<div class=\"elementor-widget-container\">\n\t\t\t\t\t<h4 class=\"elementor-heading-title elementor-size-default\">Mobilitetsknudepunkter<\/h4>\t\t\t\t<\/div>\n\t\t\t\t<\/div>\n\t\t\t\t<div class=\"elementor-element elementor-element-1211ff6 elementor-widget elementor-widget-text-editor\" data-id=\"1211ff6\" data-element_type=\"widget\" data-widget_type=\"text-editor.default\">\n\t\t\t\t<div class=\"elementor-widget-container\">\n\t\t\t\t\t\t\t\t\t<p><a href=\"https:\/\/malmo.se\/Stadsutveckling\/Sa-utvecklar-vi-staden\/Resande-och-infrastruktur\/Pil\/Mobilitetshubbar.html\" target=\"_blank\" rel=\"noopener\"><img decoding=\"async\" class=\"alignright wp-image-4855\" src=\"https:\/\/malmocity.se\/wp-content\/uploads\/2025\/03\/Piltrad_enkel_1-e1743424709546-150x150.png\" alt=\"Symbol f\u00f6r mobilitetshubb\" width=\"100\" height=\"105\" srcset=\"https:\/\/malmocity.se\/wp-content\/uploads\/2025\/03\/Piltrad_enkel_1-e1743424709546-286x300.png 286w, https:\/\/malmocity.se\/wp-content\/uploads\/2025\/03\/Piltrad_enkel_1-e1743424709546-977x1024.png 977w, https:\/\/malmocity.se\/wp-content\/uploads\/2025\/03\/Piltrad_enkel_1-e1743424709546-768x805.png 768w, https:\/\/malmocity.se\/wp-content\/uploads\/2025\/03\/Piltrad_enkel_1-e1743424709546-1466x1536.png 1466w, https:\/\/malmocity.se\/wp-content\/uploads\/2025\/03\/Piltrad_enkel_1-e1743424709546-1955x2048.png 1955w, https:\/\/malmocity.se\/wp-content\/uploads\/2025\/03\/Piltrad_enkel_1-e1743424709546-11x12.png 11w\" sizes=\"(max-width: 100px) 100vw, 100px\" \/><\/a>En mobilitetshub er et samlingssted for delek\u00f8ret\u00f8jer - f.eks. udlejningscykler, el-scootere og poolbiler. Der er to mobilitetscentre i Malm\u00f8: et p\u00e5 Davidshallstorg og et p\u00e5 Anna Mobilitetscenter. Se efter dette symbol for at finde en hub. L\u00e6s mere om knudepunkterne <a href=\"https:\/\/malmo.se\/Stadsutveckling\/Sa-utvecklar-vi-staden\/Resande-och-infrastruktur\/Mobilitetshubbar.html\" target=\"_blank\" rel=\"noopener\">her<\/a>.\u00a0<\/p>\t\t\t\t\t\t\t\t<\/div>\n\t\t\t\t<\/div>\n\t\t\t\t<\/div>\n\t\t\t\t<\/div>\n\t\t\t\t<\/div>\n\t\t<div class=\"elementor-element elementor-element-a7bbb1e e-flex e-con-boxed e-con e-child\" data-id=\"a7bbb1e\" data-element_type=\"container\" data-settings=\"{&quot;background_background&quot;:&quot;classic&quot;}\">\n\t\t\t\t\t<div class=\"e-con-inner\">\n\t\t<div class=\"elementor-element elementor-element-21920d8 e-con-full e-flex e-con e-child\" data-id=\"21920d8\" data-element_type=\"container\">\n\t\t\t\t<div class=\"elementor-element elementor-element-de8af4b elementor-widget elementor-widget-image\" data-id=\"de8af4b\" data-element_type=\"widget\" data-widget_type=\"image.default\">\n\t\t\t\t<div class=\"elementor-widget-container\">\n\t\t\t\t\t\t\t\t\t\t\t\t\t\t\t<img fetchpriority=\"high\" decoding=\"async\" width=\"368\" height=\"307\" src=\"https:\/\/malmocity.se\/wp-content\/uploads\/2025\/01\/malmo-city-hjarta.png\" class=\"attachment-large size-large wp-image-1101\" alt=\"Malm\u00f6 City\" srcset=\"https:\/\/malmocity.se\/wp-content\/uploads\/2025\/01\/malmo-city-hjarta.png 368w, https:\/\/malmocity.se\/wp-content\/uploads\/2025\/01\/malmo-city-hjarta-300x250.png 300w\" sizes=\"(max-width: 368px) 100vw, 368px\" \/>\t\t\t\t\t\t\t\t\t\t\t\t\t\t\t<\/div>\n\t\t\t\t<\/div>\n\t\t\t\t<\/div>\n\t\t\t\t\t<\/div>\n\t\t\t\t<\/div>\n\t\t\t\t<\/div>\n\t\t\t\t\t<\/div>\n\t\t\t\t<\/div>\n\t\t<div class=\"elementor-element elementor-element-2fda5fc e-flex e-con-boxed e-con e-parent\" data-id=\"2fda5fc\" data-element_type=\"container\">\n\t\t\t\t\t<div class=\"e-con-inner\">\n\t\t<div class=\"elementor-element elementor-element-857e350 e-con-full e-flex e-con e-child\" data-id=\"857e350\" data-element_type=\"container\">\n\t\t\t\t<div class=\"elementor-element elementor-element-f4da578 elementor-widget elementor-widget-heading\" data-id=\"f4da578\" data-element_type=\"widget\" data-widget_type=\"heading.default\">\n\t\t\t\t<div class=\"elementor-widget-container\">\n\t\t\t\t\t<h2 class=\"elementor-heading-title elementor-size-default\">Kort over bes\u00f8gende<\/h2>\t\t\t\t<\/div>\n\t\t\t\t<\/div>\n\t\t\t\t<div class=\"elementor-element elementor-element-0ebb69a elementor-widget elementor-widget-text-editor\" data-id=\"0ebb69a\" data-element_type=\"widget\" data-widget_type=\"text-editor.default\">\n\t\t\t\t<div class=\"elementor-widget-container\">\n\t\t\t\t\t\t\t\t\t<p>Udforsk Malm\u00f8 med lethed ved at downloade et kort. Det guider dig til alt fra charmerende caf\u00e9er og museer til maleriske strandpromenader. Kortet viser ogs\u00e5 cykelstier, busruter, togstationer og must-see turistattraktioner. Klik p\u00e5 kortet <a href=\"https:\/\/malmo.se\/Welcome-to-Malmo\/Visit-Malmo\/Visitor-maps.html\" target=\"_blank\" rel=\"noopener\">her<\/a> for at f\u00e5 adgang til kortene p\u00e5 Malm\u00f8 Kommunes hjemmeside.<\/p>\t\t\t\t\t\t\t\t<\/div>\n\t\t\t\t<\/div>\n\t\t\t\t<\/div>\n\t\t<div class=\"elementor-element elementor-element-e8541e8 e-con-full e-flex e-con e-child\" data-id=\"e8541e8\" data-element_type=\"container\" data-settings=\"{&quot;background_background&quot;:&quot;classic&quot;}\">\n\t\t\t\t<div class=\"elementor-element elementor-element-979991f elementor-widget elementor-widget-image\" data-id=\"979991f\" data-element_type=\"widget\" data-widget_type=\"image.default\">\n\t\t\t\t<div class=\"elementor-widget-container\">\n\t\t\t\t\t\t\t\t\t\t\t\t\t\t\t<img decoding=\"async\" width=\"800\" height=\"534\" src=\"https:\/\/malmocity.se\/wp-content\/uploads\/2025\/02\/220919_centralen_carlsgatan_0011-1_malmo_central_och_glasvasen_hires-scaled.jpeg\" class=\"attachment-large size-large wp-image-2651\" alt=\"Malm\u00f6 centralstation\" \/>\t\t\t\t\t\t\t\t\t\t\t\t\t\t\t<\/div>\n\t\t\t\t<\/div>\n\t\t\t\t<\/div>\n\t\t\t\t\t<\/div>\n\t\t\t\t<\/div>\n\t\t<div class=\"elementor-element elementor-element-2acc2ce e-flex e-con-boxed e-con e-parent\" data-id=\"2acc2ce\" data-element_type=\"container\">\n\t\t\t\t\t<div class=\"e-con-inner\">\n\t\t\t\t\t<\/div>\n\t\t\t\t<\/div>\n\t\t\t\t<\/div>","protected":false},"excerpt":{"rendered":"<p>At komme hertil At komme til Malm\u00f6 City Ikke alle veje f\u00f8rer til Malm\u00f6 City, men mange g\u00f8r! Der er tre knudepunkter i byens centrum, som du m\u00e5ske gerne vil kende til: Malm\u00f6 Centralstation Gustav Adolfs Torg Triangeln Tog, bus, cykel eller bil Fordelen ved Malm\u00f6s bymidte er, at den er sammenh\u00e6ngende og byder p\u00e5 hyggelige oplevelser [...].<\/p>","protected":false},"author":1,"featured_media":0,"parent":0,"menu_order":0,"comment_status":"closed","ping_status":"closed","template":"","meta":{"_acf_changed":false,"footnotes":""},"class_list":["post-2629","page","type-page","status-publish","hentry"],"acf":[],"_links":{"self":[{"href":"https:\/\/malmocity.se\/da\/wp-json\/wp\/v2\/pages\/2629","targetHints":{"allow":["GET"]}}],"collection":[{"href":"https:\/\/malmocity.se\/da\/wp-json\/wp\/v2\/pages"}],"about":[{"href":"https:\/\/malmocity.se\/da\/wp-json\/wp\/v2\/types\/page"}],"author":[{"embeddable":true,"href":"https:\/\/malmocity.se\/da\/wp-json\/wp\/v2\/users\/1"}],"replies":[{"embeddable":true,"href":"https:\/\/malmocity.se\/da\/wp-json\/wp\/v2\/comments?post=2629"}],"version-history":[{"count":19,"href":"https:\/\/malmocity.se\/da\/wp-json\/wp\/v2\/pages\/2629\/revisions"}],"predecessor-version":[{"id":9335,"href":"https:\/\/malmocity.se\/da\/wp-json\/wp\/v2\/pages\/2629\/revisions\/9335"}],"wp:attachment":[{"href":"https:\/\/malmocity.se\/da\/wp-json\/wp\/v2\/media?parent=2629"}],"curies":[{"name":"wp","href":"https:\/\/api.w.org\/{rel}","templated":true}]}}