{"id":2667,"date":"2025-02-12T14:49:06","date_gmt":"2025-02-12T13:49:06","guid":{"rendered":"https:\/\/malmocity.se\/?page_id=2667"},"modified":"2025-11-24T16:45:33","modified_gmt":"2025-11-24T15:45:33","slug":"parkering","status":"publish","type":"page","link":"https:\/\/malmocity.se\/da\/hitta-hit\/parkering\/","title":{"rendered":"Parkering for biler"},"content":{"rendered":"<div data-elementor-type=\"wp-page\" data-elementor-id=\"2667\" class=\"elementor elementor-2667\" data-elementor-post-type=\"page\">\n\t\t\t\t<div class=\"elementor-element elementor-element-3e93addd elementor-hidden-mobile e-flex e-con-boxed e-con e-parent\" data-id=\"3e93addd\" data-element_type=\"container\" data-settings=\"{&quot;background_background&quot;:&quot;classic&quot;}\">\n\t\t\t\t\t<div class=\"e-con-inner\">\n\t\t\t\t\t<\/div>\n\t\t\t\t<\/div>\n\t\t<div class=\"elementor-element elementor-element-11e4e3b elementor-hidden-desktop elementor-hidden-tablet e-flex e-con-boxed e-con e-parent\" data-id=\"11e4e3b\" data-element_type=\"container\" data-settings=\"{&quot;background_background&quot;:&quot;classic&quot;}\">\n\t\t\t\t\t<div class=\"e-con-inner\">\n\t\t\t\t\t<\/div>\n\t\t\t\t<\/div>\n\t\t<div class=\"elementor-element elementor-element-5a603512 e-flex e-con-boxed e-con e-parent\" data-id=\"5a603512\" data-element_type=\"container\">\n\t\t\t\t\t<div class=\"e-con-inner\">\n\t\t<div class=\"elementor-element elementor-element-436d57b7 e-con-full e-flex e-con e-child\" data-id=\"436d57b7\" data-element_type=\"container\">\n\t\t<div class=\"elementor-element elementor-element-32901ac1 e-con-full e-flex e-con e-child\" data-id=\"32901ac1\" data-element_type=\"container\">\n\t\t\t\t<\/div>\n\t\t\t\t<\/div>\n\t\t\t\t\t<\/div>\n\t\t\t\t<\/div>\n\t\t<div class=\"elementor-element elementor-element-a77defc elementor-hidden-desktop elementor-hidden-tablet e-flex e-con-boxed e-con e-parent\" data-id=\"a77defc\" data-element_type=\"container\">\n\t\t\t\t\t<div class=\"e-con-inner\">\n\t\t<div class=\"elementor-element elementor-element-af52ca7 e-con-full e-flex e-con e-child\" data-id=\"af52ca7\" data-element_type=\"container\">\n\t\t<div class=\"elementor-element elementor-element-f010238 e-grid e-con-full e-con e-child\" data-id=\"f010238\" data-element_type=\"container\">\n\t\t\t\t<div class=\"elementor-element elementor-element-9aff49c elementor-widget elementor-widget-heading\" data-id=\"9aff49c\" data-element_type=\"widget\" data-widget_type=\"heading.default\">\n\t\t\t\t<div class=\"elementor-widget-container\">\n\t\t\t\t\t<h1 class=\"elementor-heading-title elementor-size-default\">Parkering i Malm\u00f8 centrum <\/h1>\t\t\t\t<\/div>\n\t\t\t\t<\/div>\n\t\t\t\t<div class=\"elementor-element elementor-element-e2677cc elementor-widget elementor-widget-text-editor\" data-id=\"e2677cc\" data-element_type=\"widget\" data-widget_type=\"text-editor.default\">\n\t\t\t\t<div class=\"elementor-widget-container\">\n\t\t\t\t\t\t\t\t\tFor at g\u00f8re det lettere for dem, der bes\u00f8ger, arbejder eller bor i Malm\u00f6 City, har vi samlet alle st\u00f8rre parkeringshuse og parkeringspladser. Via kortet i knappen nedenfor kan du nemt f\u00e5 et overblik over de forskellige parkeringsmuligheder i n\u00e6rheden af dig.\t\t\t\t\t\t\t\t<\/div>\n\t\t\t\t<\/div>\n\t\t\t\t<div class=\"elementor-element elementor-element-bee9aed elementor-mobile-align-center elementor-hidden-desktop elementor-hidden-tablet elementor-widget elementor-widget-button\" data-id=\"bee9aed\" data-element_type=\"widget\" data-widget_type=\"button.default\">\n\t\t\t\t<div class=\"elementor-widget-container\">\n\t\t\t\t\t\t\t\t\t<div class=\"elementor-button-wrapper\">\n\t\t\t\t\t<a class=\"elementor-button elementor-button-link elementor-size-sm\" href=\"https:\/\/www.google.com\/maps\/@55.599998,12.9863176,15z\/data=!4m2!11m1!2swz3t64E2SIi2nBegmc9H8g?entry=ttu&#038;g_ep=EgoyMDI1MDgxNy4wIKXMDSoASAFQAw%3D%3D\" target=\"_blank\" rel=\"noopener\">\n\t\t\t\t\t\t<span class=\"elementor-button-content-wrapper\">\n\t\t\t\t\t\t\t\t\t<span class=\"elementor-button-text\">Find en parkeringsplads<\/span>\n\t\t\t\t\t<\/span>\n\t\t\t\t\t<\/a>\n\t\t\t\t<\/div>\n\t\t\t\t\t\t\t\t<\/div>\n\t\t\t\t<\/div>\n\t\t\t\t<\/div>\n\t\t\t\t<\/div>\n\t\t<div class=\"elementor-element elementor-element-75d9f4f e-con-full e-flex e-con e-child\" data-id=\"75d9f4f\" data-element_type=\"container\">\n\t\t<div class=\"elementor-element elementor-element-5ac1821 e-con-full e-flex e-con e-child\" data-id=\"5ac1821\" data-element_type=\"container\">\n\t\t\t\t<\/div>\n\t\t\t\t<\/div>\n\t\t\t\t\t<\/div>\n\t\t\t\t<\/div>\n\t\t<div class=\"elementor-element elementor-element-cb07b90 elementor-hidden-mobile e-flex e-con-boxed e-con e-parent\" data-id=\"cb07b90\" data-element_type=\"container\">\n\t\t\t\t\t<div class=\"e-con-inner\">\n\t\t<div class=\"elementor-element elementor-element-870b823 e-con-full e-flex e-con e-child\" data-id=\"870b823\" data-element_type=\"container\">\n\t\t<div class=\"elementor-element elementor-element-c639411 e-grid e-con-full e-con e-child\" data-id=\"c639411\" data-element_type=\"container\">\n\t\t\t\t<div class=\"elementor-element elementor-element-ccef151 elementor-widget elementor-widget-heading\" data-id=\"ccef151\" data-element_type=\"widget\" data-widget_type=\"heading.default\">\n\t\t\t\t<div class=\"elementor-widget-container\">\n\t\t\t\t\t<h1 class=\"elementor-heading-title elementor-size-default\">Parkering i Malm\u00f8 centrum <\/h1>\t\t\t\t<\/div>\n\t\t\t\t<\/div>\n\t\t\t\t<div class=\"elementor-element elementor-element-42d2cc9 elementor-widget elementor-widget-text-editor\" data-id=\"42d2cc9\" data-element_type=\"widget\" data-widget_type=\"text-editor.default\">\n\t\t\t\t<div class=\"elementor-widget-container\">\n\t\t\t\t\t\t\t\t\tFor at g\u00f8re det lettere for dem, der bes\u00f8ger, arbejder eller bor i Malm\u00f6 City, har vi samlet alle st\u00f8rre parkeringshuse og parkeringspladser. Via kortet i knappen nedenfor kan du nemt f\u00e5 et overblik over de forskellige parkeringsmuligheder i n\u00e6rheden af dig.\t\t\t\t\t\t\t\t<\/div>\n\t\t\t\t<\/div>\n\t\t\t\t<div class=\"elementor-element elementor-element-f78796b elementor-mobile-align-center elementor-widget elementor-widget-button\" data-id=\"f78796b\" data-element_type=\"widget\" data-widget_type=\"button.default\">\n\t\t\t\t<div class=\"elementor-widget-container\">\n\t\t\t\t\t\t\t\t\t<div class=\"elementor-button-wrapper\">\n\t\t\t\t\t<a class=\"elementor-button elementor-button-link elementor-size-sm\" href=\"https:\/\/www.google.com\/maps\/@55.599998,12.9863176,15z\/data=!4m2!11m1!2swz3t64E2SIi2nBegmc9H8g?entry=ttu&#038;g_ep=EgoyMDI1MDgxNy4wIKXMDSoASAFQAw%3D%3D\" target=\"_blank\" rel=\"noopener\">\n\t\t\t\t\t\t<span class=\"elementor-button-content-wrapper\">\n\t\t\t\t\t\t\t\t\t<span class=\"elementor-button-text\">Find en parkeringsplads<\/span>\n\t\t\t\t\t<\/span>\n\t\t\t\t\t<\/a>\n\t\t\t\t<\/div>\n\t\t\t\t\t\t\t\t<\/div>\n\t\t\t\t<\/div>\n\t\t\t\t<\/div>\n\t\t\t\t<\/div>\n\t\t<div class=\"elementor-element elementor-element-ed12d4a e-con-full e-flex e-con e-child\" data-id=\"ed12d4a\" data-element_type=\"container\">\n\t\t<div class=\"elementor-element elementor-element-57d30c2 e-con-full e-flex e-con e-child\" data-id=\"57d30c2\" data-element_type=\"container\">\n\t\t\t\t<div class=\"elementor-element elementor-element-1574655 elementor-hidden-mobile elementor-widget elementor-widget-image\" data-id=\"1574655\" data-element_type=\"widget\" data-widget_type=\"image.default\">\n\t\t\t\t<div class=\"elementor-widget-container\">\n\t\t\t\t\t\t\t\t\t\t\t\t\t\t\t<img fetchpriority=\"high\" decoding=\"async\" width=\"800\" height=\"534\" src=\"https:\/\/malmocity.se\/wp-content\/uploads\/2025\/02\/160602_0923_bb_togo-1_jpg-1024x683.webp\" class=\"attachment-large size-large wp-image-2895\" alt=\"\" srcset=\"https:\/\/malmocity.se\/wp-content\/uploads\/2025\/02\/160602_0923_bb_togo-1_jpg-1024x683.webp 1024w, https:\/\/malmocity.se\/wp-content\/uploads\/2025\/02\/160602_0923_bb_togo-1_jpg-300x200.webp 300w, https:\/\/malmocity.se\/wp-content\/uploads\/2025\/02\/160602_0923_bb_togo-1_jpg-768x512.webp 768w, https:\/\/malmocity.se\/wp-content\/uploads\/2025\/02\/160602_0923_bb_togo-1_jpg.webp 1200w\" sizes=\"(max-width: 800px) 100vw, 800px\" \/>\t\t\t\t\t\t\t\t\t\t\t\t\t\t\t<\/div>\n\t\t\t\t<\/div>\n\t\t\t\t<\/div>\n\t\t\t\t<\/div>\n\t\t\t\t\t<\/div>\n\t\t\t\t<\/div>\n\t\t<div class=\"elementor-element elementor-element-2f330aa e-grid elementor-hidden-desktop e-con-boxed e-con e-parent\" data-id=\"2f330aa\" data-element_type=\"container\" data-settings=\"{&quot;background_background&quot;:&quot;classic&quot;}\">\n\t\t\t\t\t<div class=\"e-con-inner\">\n\t\t\t\t<div class=\"elementor-element elementor-element-fd919fa elementor-widget elementor-widget-heading\" data-id=\"fd919fa\" data-element_type=\"widget\" data-widget_type=\"heading.default\">\n\t\t\t\t<div class=\"elementor-widget-container\">\n\t\t\t\t\t<h2 class=\"elementor-heading-title elementor-size-default\">Parkering med Aimo park<\/h2>\t\t\t\t<\/div>\n\t\t\t\t<\/div>\n\t\t\t\t<div class=\"elementor-element elementor-element-4319878 elementor-widget elementor-widget-text-editor\" data-id=\"4319878\" data-element_type=\"widget\" data-widget_type=\"text-editor.default\">\n\t\t\t\t<div class=\"elementor-widget-container\">\n\t\t\t\t\t\t\t\t\t<p>Med mange parkeringspladser tilbyder Aimo park abonnementer b\u00e5de til dem, der arbejder i byen og kun vil parkere i kontortiden, men ogs\u00e5 24\/7 og nat-\/weekendparkering. Du kan finde Aimo parks kort over parkeringspladser i Malm\u00f8 p\u00e5 knappen nedenfor.<\/p>\t\t\t\t\t\t\t\t<\/div>\n\t\t\t\t<\/div>\n\t\t\t\t<div class=\"elementor-element elementor-element-71cb651 elementor-align-center elementor-widget elementor-widget-button\" data-id=\"71cb651\" data-element_type=\"widget\" data-widget_type=\"button.default\">\n\t\t\t\t<div class=\"elementor-widget-container\">\n\t\t\t\t\t\t\t\t\t<div class=\"elementor-button-wrapper\">\n\t\t\t\t\t<a class=\"elementor-button elementor-button-link elementor-size-sm\" href=\"https:\/\/www.aimopark.se\/hitta-parkering\/?f=LTP&#038;name=Malm%C3%B6&#038;address=Malm%C3%B6&#038;lat=55.60498&#038;lng=13.00382\" target=\"_blank\" rel=\"noopener\">\n\t\t\t\t\t\t<span class=\"elementor-button-content-wrapper\">\n\t\t\t\t\t\t\t\t\t<span class=\"elementor-button-text\">PARKERINGSKORT AIMO PARK<\/span>\n\t\t\t\t\t<\/span>\n\t\t\t\t\t<\/a>\n\t\t\t\t<\/div>\n\t\t\t\t\t\t\t\t<\/div>\n\t\t\t\t<\/div>\n\t\t\t\t<div class=\"elementor-element elementor-element-6e8c5f0 elementor-widget elementor-widget-heading\" data-id=\"6e8c5f0\" data-element_type=\"widget\" data-widget_type=\"heading.default\">\n\t\t\t\t<div class=\"elementor-widget-container\">\n\t\t\t\t\t<h2 class=\"elementor-heading-title elementor-size-default\">Parkering med P-Malm\u00f6<\/h2>\t\t\t\t<\/div>\n\t\t\t\t<\/div>\n\t\t\t\t<div class=\"elementor-element elementor-element-bdeefcd elementor-widget elementor-widget-text-editor\" data-id=\"bdeefcd\" data-element_type=\"widget\" data-widget_type=\"text-editor.default\">\n\t\t\t\t<div class=\"elementor-widget-container\">\n\t\t\t\t\t\t\t\t\t<p><span style=\"font-weight: 400;\">Parkering Malm\u00f6 administrerer omkring 35.000 parkeringspladser i Malm\u00f8, b\u00e5de i egne parkeringshuse\/mobilitetscentre og hos eksterne ejendomsejere. Der er forskellige muligheder for at parkere i kortere eller l\u00e6ngere perioder eller for at leje en parkeringsplads d\u00f8gnet rundt. Ud over parkering giver mobilitetscentrene ogs\u00e5 adgang til forskellige mobilitetstjenester som f.eks. ladestandere, bil- og cykelpooler, og i n\u00e6rheden af dem er der ogs\u00e5 plads til s\u00e5kaldt mikromobilitet som f.eks. udlejningscykler og el-scootere.<\/span><\/p>\t\t\t\t\t\t\t\t<\/div>\n\t\t\t\t<\/div>\n\t\t\t\t<div class=\"elementor-element elementor-element-5a6be60 elementor-align-center elementor-widget elementor-widget-button\" data-id=\"5a6be60\" data-element_type=\"widget\" data-widget_type=\"button.default\">\n\t\t\t\t<div class=\"elementor-widget-container\">\n\t\t\t\t\t\t\t\t\t<div class=\"elementor-button-wrapper\">\n\t\t\t\t\t<a class=\"elementor-button elementor-button-link elementor-size-sm\" href=\"https:\/\/karta.pmalmo.se\/\" target=\"_blank\" rel=\"noopener\">\n\t\t\t\t\t\t<span class=\"elementor-button-content-wrapper\">\n\t\t\t\t\t\t\t\t\t<span class=\"elementor-button-text\">PARKERINGSKORT P-MALM\u00d6<\/span>\n\t\t\t\t\t<\/span>\n\t\t\t\t\t<\/a>\n\t\t\t\t<\/div>\n\t\t\t\t\t\t\t\t<\/div>\n\t\t\t\t<\/div>\n\t\t\t\t<div class=\"elementor-element elementor-element-b88a297 elementor-widget elementor-widget-heading\" data-id=\"b88a297\" data-element_type=\"widget\" data-widget_type=\"heading.default\">\n\t\t\t\t<div class=\"elementor-widget-container\">\n\t\t\t\t\t<h2 class=\"elementor-heading-title elementor-size-default\">Parkering med en elbil<\/h2>\t\t\t\t<\/div>\n\t\t\t\t<\/div>\n\t\t\t\t<div class=\"elementor-element elementor-element-9bcdddc elementor-widget elementor-widget-text-editor\" data-id=\"9bcdddc\" data-element_type=\"widget\" data-widget_type=\"text-editor.default\">\n\t\t\t\t<div class=\"elementor-widget-container\">\n\t\t\t\t\t\t\t\t\t<p>Har du brug for at oplade batteriet i din elbil? Parkering Malm\u00f6 skaber plads til genopladelige biler og arbejder gradvist p\u00e5 at \u00f8ge antallet af ladestandere i Malm\u00f8. Hvis du har brug for at oplade din bil i kort tid, kan du g\u00f8re det p\u00e5 flere parkeringspladser. P\u00e5 Storgatan 15A i centrum af byen finder du Wihlborgs' hurtigladere.<\/p>\t\t\t\t\t\t\t\t<\/div>\n\t\t\t\t<\/div>\n\t\t\t\t<div class=\"elementor-element elementor-element-3c442bb elementor-align-center elementor-widget elementor-widget-button\" data-id=\"3c442bb\" data-element_type=\"widget\" data-widget_type=\"button.default\">\n\t\t\t\t<div class=\"elementor-widget-container\">\n\t\t\t\t\t\t\t\t\t<div class=\"elementor-button-wrapper\">\n\t\t\t\t\t<a class=\"elementor-button elementor-button-link elementor-size-sm\" href=\"https:\/\/www.pmalmo.se\/Parkera\/parkering-med-laddplatser\/\" target=\"_blank\" rel=\"noopener\">\n\t\t\t\t\t\t<span class=\"elementor-button-content-wrapper\">\n\t\t\t\t\t\t\t\t\t<span class=\"elementor-button-text\">PARKERING MED EN ELBIL<\/span>\n\t\t\t\t\t<\/span>\n\t\t\t\t\t<\/a>\n\t\t\t\t<\/div>\n\t\t\t\t\t\t\t\t<\/div>\n\t\t\t\t<\/div>\n\t\t\t\t\t<\/div>\n\t\t\t\t<\/div>\n\t\t<div class=\"elementor-element elementor-element-0128f45 e-grid elementor-hidden-mobile elementor-hidden-tablet e-con-boxed e-con e-parent\" data-id=\"0128f45\" data-element_type=\"container\" data-settings=\"{&quot;background_background&quot;:&quot;classic&quot;}\">\n\t\t\t\t\t<div class=\"e-con-inner\">\n\t\t\t\t<div class=\"elementor-element elementor-element-4f0e592 elementor-widget elementor-widget-heading\" data-id=\"4f0e592\" data-element_type=\"widget\" data-widget_type=\"heading.default\">\n\t\t\t\t<div class=\"elementor-widget-container\">\n\t\t\t\t\t<h2 class=\"elementor-heading-title elementor-size-default\">Parkering med Aimo park<\/h2>\t\t\t\t<\/div>\n\t\t\t\t<\/div>\n\t\t\t\t<div class=\"elementor-element elementor-element-7bc52ba elementor-widget elementor-widget-heading\" data-id=\"7bc52ba\" data-element_type=\"widget\" data-widget_type=\"heading.default\">\n\t\t\t\t<div class=\"elementor-widget-container\">\n\t\t\t\t\t<h2 class=\"elementor-heading-title elementor-size-default\">Parkering med P-Malm\u00f6<\/h2>\t\t\t\t<\/div>\n\t\t\t\t<\/div>\n\t\t\t\t<div class=\"elementor-element elementor-element-16599f7 elementor-widget elementor-widget-heading\" data-id=\"16599f7\" data-element_type=\"widget\" data-widget_type=\"heading.default\">\n\t\t\t\t<div class=\"elementor-widget-container\">\n\t\t\t\t\t<h2 class=\"elementor-heading-title elementor-size-default\">Parkering med en elbil<\/h2>\t\t\t\t<\/div>\n\t\t\t\t<\/div>\n\t\t\t\t<div class=\"elementor-element elementor-element-7b1c9e6 elementor-widget elementor-widget-text-editor\" data-id=\"7b1c9e6\" data-element_type=\"widget\" data-widget_type=\"text-editor.default\">\n\t\t\t\t<div class=\"elementor-widget-container\">\n\t\t\t\t\t\t\t\t\t<p>Med mange parkeringspladser tilbyder Aimo park abonnementer b\u00e5de til dem, der arbejder i byen og kun vil parkere i kontortiden, men ogs\u00e5 24\/7 og nat-\/weekendparkering. Du kan finde Aimo parks kort over parkeringspladser i Malm\u00f8 p\u00e5 knappen nedenfor.<\/p>\t\t\t\t\t\t\t\t<\/div>\n\t\t\t\t<\/div>\n\t\t\t\t<div class=\"elementor-element elementor-element-04a28d1 elementor-widget elementor-widget-text-editor\" data-id=\"04a28d1\" data-element_type=\"widget\" data-widget_type=\"text-editor.default\">\n\t\t\t\t<div class=\"elementor-widget-container\">\n\t\t\t\t\t\t\t\t\t<p><span style=\"font-weight: 400;\">Parkering Malm\u00f6 administrerer omkring 35.000 parkeringspladser i Malm\u00f8, b\u00e5de i egne parkeringshuse\/mobilitetscentre og hos eksterne ejendomsejere. Der er forskellige muligheder for at parkere i kortere eller l\u00e6ngere perioder eller for at leje en parkeringsplads d\u00f8gnet rundt. Ud over parkering giver mobilitetscentrene ogs\u00e5 adgang til forskellige mobilitetstjenester som f.eks. ladestandere, bil- og cykelpooler, og i n\u00e6rheden af dem er der ogs\u00e5 plads til s\u00e5kaldt mikromobilitet som f.eks. udlejningscykler og el-scootere.<\/span><\/p>\t\t\t\t\t\t\t\t<\/div>\n\t\t\t\t<\/div>\n\t\t\t\t<div class=\"elementor-element elementor-element-0e3f475 elementor-widget elementor-widget-text-editor\" data-id=\"0e3f475\" data-element_type=\"widget\" data-widget_type=\"text-editor.default\">\n\t\t\t\t<div class=\"elementor-widget-container\">\n\t\t\t\t\t\t\t\t\t<p>Har du brug for at oplade batteriet i din elbil? Parkering Malm\u00f6 skaber plads til genopladelige biler og arbejder gradvist p\u00e5 at \u00f8ge antallet af ladestandere i Malm\u00f8. Hvis du har brug for at oplade din bil i kort tid, kan du g\u00f8re det p\u00e5 flere parkeringspladser. P\u00e5 Storgatan 15A i centrum af byen finder du Wihlborgs' hurtigladere.<\/p>\t\t\t\t\t\t\t\t<\/div>\n\t\t\t\t<\/div>\n\t\t\t\t<div class=\"elementor-element elementor-element-167b79c elementor-align-center elementor-widget elementor-widget-button\" data-id=\"167b79c\" data-element_type=\"widget\" data-widget_type=\"button.default\">\n\t\t\t\t<div class=\"elementor-widget-container\">\n\t\t\t\t\t\t\t\t\t<div class=\"elementor-button-wrapper\">\n\t\t\t\t\t<a class=\"elementor-button elementor-button-link elementor-size-sm\" href=\"https:\/\/www.aimopark.se\/hitta-parkering\/?f=LTP&#038;name=Malm%C3%B6&#038;address=Malm%C3%B6&#038;lat=55.60498&#038;lng=13.00382\" target=\"_blank\" rel=\"noopener\">\n\t\t\t\t\t\t<span class=\"elementor-button-content-wrapper\">\n\t\t\t\t\t\t\t\t\t<span class=\"elementor-button-text\">PARKERINGSKORT AIMO PARK<\/span>\n\t\t\t\t\t<\/span>\n\t\t\t\t\t<\/a>\n\t\t\t\t<\/div>\n\t\t\t\t\t\t\t\t<\/div>\n\t\t\t\t<\/div>\n\t\t\t\t<div class=\"elementor-element elementor-element-ff3e0fb elementor-align-center elementor-widget elementor-widget-button\" data-id=\"ff3e0fb\" data-element_type=\"widget\" data-widget_type=\"button.default\">\n\t\t\t\t<div class=\"elementor-widget-container\">\n\t\t\t\t\t\t\t\t\t<div class=\"elementor-button-wrapper\">\n\t\t\t\t\t<a class=\"elementor-button elementor-button-link elementor-size-sm\" href=\"https:\/\/karta.pmalmo.se\/\" target=\"_blank\" rel=\"noopener\">\n\t\t\t\t\t\t<span class=\"elementor-button-content-wrapper\">\n\t\t\t\t\t\t\t\t\t<span class=\"elementor-button-text\">PARKERINGSKORT P-MALM\u00d6<\/span>\n\t\t\t\t\t<\/span>\n\t\t\t\t\t<\/a>\n\t\t\t\t<\/div>\n\t\t\t\t\t\t\t\t<\/div>\n\t\t\t\t<\/div>\n\t\t\t\t<div class=\"elementor-element elementor-element-76b7dfe elementor-align-center elementor-widget elementor-widget-button\" data-id=\"76b7dfe\" data-element_type=\"widget\" data-widget_type=\"button.default\">\n\t\t\t\t<div class=\"elementor-widget-container\">\n\t\t\t\t\t\t\t\t\t<div class=\"elementor-button-wrapper\">\n\t\t\t\t\t<a class=\"elementor-button elementor-button-link elementor-size-sm\" href=\"https:\/\/www.pmalmo.se\/Parkera\/parkering-med-laddplatser\/\" target=\"_blank\" rel=\"noopener\">\n\t\t\t\t\t\t<span class=\"elementor-button-content-wrapper\">\n\t\t\t\t\t\t\t\t\t<span class=\"elementor-button-text\">PARKERING MED EN ELBIL<\/span>\n\t\t\t\t\t<\/span>\n\t\t\t\t\t<\/a>\n\t\t\t\t<\/div>\n\t\t\t\t\t\t\t\t<\/div>\n\t\t\t\t<\/div>\n\t\t\t\t\t<\/div>\n\t\t\t\t<\/div>\n\t\t<div class=\"elementor-element elementor-element-5425aa0 elementor-hidden-desktop elementor-hidden-tablet e-flex e-con-boxed e-con e-parent\" data-id=\"5425aa0\" data-element_type=\"container\" data-settings=\"{&quot;background_background&quot;:&quot;classic&quot;}\">\n\t\t\t\t\t<div class=\"e-con-inner\">\n\t\t\t\t<div class=\"elementor-element elementor-element-619bebc elementor-widget elementor-widget-heading\" data-id=\"619bebc\" data-element_type=\"widget\" data-widget_type=\"heading.default\">\n\t\t\t\t<div class=\"elementor-widget-container\">\n\t\t\t\t\t<h2 class=\"elementor-heading-title elementor-size-default\">Oplev Malm\u00f8 by<\/h2>\t\t\t\t<\/div>\n\t\t\t\t<\/div>\n\t\t\t\t<div class=\"elementor-element elementor-element-dc1451d elementor-mobile-align-center elementor-widget elementor-widget-button\" data-id=\"dc1451d\" data-element_type=\"widget\" data-widget_type=\"button.default\">\n\t\t\t\t<div class=\"elementor-widget-container\">\n\t\t\t\t\t\t\t\t\t<div class=\"elementor-button-wrapper\">\n\t\t\t\t\t<a class=\"elementor-button elementor-button-link elementor-size-sm\" href=\"https:\/\/malmocity.se\/da\/upplev-city\/\">\n\t\t\t\t\t\t<span class=\"elementor-button-content-wrapper\">\n\t\t\t\t\t\t\t\t\t<span class=\"elementor-button-text\">L\u00e6s mere om det<\/span>\n\t\t\t\t\t<\/span>\n\t\t\t\t\t<\/a>\n\t\t\t\t<\/div>\n\t\t\t\t\t\t\t\t<\/div>\n\t\t\t\t<\/div>\n\t\t\t\t\t<\/div>\n\t\t\t\t<\/div>\n\t\t<div class=\"elementor-element elementor-element-854252e e-grid elementor-hidden-mobile e-con-boxed e-con e-parent\" data-id=\"854252e\" data-element_type=\"container\" data-settings=\"{&quot;background_background&quot;:&quot;classic&quot;}\">\n\t\t\t\t\t<div class=\"e-con-inner\">\n\t\t\t\t<div class=\"elementor-element elementor-element-bf3e963 elementor-widget elementor-widget-heading\" data-id=\"bf3e963\" data-element_type=\"widget\" data-widget_type=\"heading.default\">\n\t\t\t\t<div class=\"elementor-widget-container\">\n\t\t\t\t\t<h2 class=\"elementor-heading-title elementor-size-default\">Oplev Malm\u00f8 centrum<\/h2>\t\t\t\t<\/div>\n\t\t\t\t<\/div>\n\t\t\t\t<div class=\"elementor-element elementor-element-794af60 elementor-align-center elementor-widget elementor-widget-button\" data-id=\"794af60\" data-element_type=\"widget\" data-widget_type=\"button.default\">\n\t\t\t\t<div class=\"elementor-widget-container\">\n\t\t\t\t\t\t\t\t\t<div class=\"elementor-button-wrapper\">\n\t\t\t\t\t<a class=\"elementor-button elementor-button-link elementor-size-sm\" href=\"https:\/\/malmocity.se\/da\/upplev-city\/\">\n\t\t\t\t\t\t<span class=\"elementor-button-content-wrapper\">\n\t\t\t\t\t\t\t\t\t<span class=\"elementor-button-text\">L\u00e6s mere om det<\/span>\n\t\t\t\t\t<\/span>\n\t\t\t\t\t<\/a>\n\t\t\t\t<\/div>\n\t\t\t\t\t\t\t\t<\/div>\n\t\t\t\t<\/div>\n\t\t\t\t\t<\/div>\n\t\t\t\t<\/div>\n\t\t\t\t<\/div>","protected":false},"excerpt":{"rendered":"<p>Parkering i Malm\u00f6 City For at g\u00f8re det lettere for dem, der bes\u00f8ger, arbejder eller bor i Malm\u00f6 City, har vi samlet alle st\u00f8rre parkeringshuse og parkeringspladser. Via kortet i knappen nedenfor kan du nemt f\u00e5 et overblik over de forskellige parkeringsmuligheder i n\u00e6rheden af dig. Find parkering Parkering i Malm\u00f6 City For at g\u00f8re det nemmere for dig, der bes\u00f8ger, [...]<\/p>","protected":false},"author":1,"featured_media":0,"parent":2629,"menu_order":0,"comment_status":"closed","ping_status":"closed","template":"","meta":{"_acf_changed":false,"footnotes":""},"class_list":["post-2667","page","type-page","status-publish","hentry"],"acf":[],"_links":{"self":[{"href":"https:\/\/malmocity.se\/da\/wp-json\/wp\/v2\/pages\/2667","targetHints":{"allow":["GET"]}}],"collection":[{"href":"https:\/\/malmocity.se\/da\/wp-json\/wp\/v2\/pages"}],"about":[{"href":"https:\/\/malmocity.se\/da\/wp-json\/wp\/v2\/types\/page"}],"author":[{"embeddable":true,"href":"https:\/\/malmocity.se\/da\/wp-json\/wp\/v2\/users\/1"}],"replies":[{"embeddable":true,"href":"https:\/\/malmocity.se\/da\/wp-json\/wp\/v2\/comments?post=2667"}],"version-history":[{"count":76,"href":"https:\/\/malmocity.se\/da\/wp-json\/wp\/v2\/pages\/2667\/revisions"}],"predecessor-version":[{"id":8489,"href":"https:\/\/malmocity.se\/da\/wp-json\/wp\/v2\/pages\/2667\/revisions\/8489"}],"up":[{"embeddable":true,"href":"https:\/\/malmocity.se\/da\/wp-json\/wp\/v2\/pages\/2629"}],"wp:attachment":[{"href":"https:\/\/malmocity.se\/da\/wp-json\/wp\/v2\/media?parent=2667"}],"curies":[{"name":"wp","href":"https:\/\/api.w.org\/{rel}","templated":true}]}}