{"id":2692,"date":"2025-02-12T15:18:48","date_gmt":"2025-02-12T14:18:48","guid":{"rendered":"https:\/\/malmocity.se\/?page_id=2692"},"modified":"2025-03-20T10:38:31","modified_gmt":"2025-03-20T09:38:31","slug":"hyrcyklar","status":"publish","type":"page","link":"https:\/\/malmocity.se\/da\/hitta-hit\/hyrcyklar\/","title":{"rendered":"Cykler til udlejning"},"content":{"rendered":"<div data-elementor-type=\"wp-page\" data-elementor-id=\"2692\" class=\"elementor elementor-2692\" data-elementor-post-type=\"page\">\n\t\t\t\t<div class=\"elementor-element elementor-element-53f852f2 e-flex e-con-boxed e-con e-parent\" data-id=\"53f852f2\" data-element_type=\"container\" data-settings=\"{&quot;background_background&quot;:&quot;classic&quot;}\">\n\t\t\t\t\t<div class=\"e-con-inner\">\n\t\t<div class=\"elementor-element elementor-element-798fe137 e-flex e-con-boxed e-con e-child\" data-id=\"798fe137\" data-element_type=\"container\">\n\t\t\t\t\t<div class=\"e-con-inner\">\n\t\t\t\t\t<\/div>\n\t\t\t\t<\/div>\n\t\t\t\t\t<\/div>\n\t\t\t\t<\/div>\n\t\t<div class=\"elementor-element elementor-element-7367cf91 e-flex e-con-boxed e-con e-parent\" data-id=\"7367cf91\" data-element_type=\"container\">\n\t\t\t\t\t<div class=\"e-con-inner\">\n\t\t<div class=\"elementor-element elementor-element-48568256 e-con-full e-flex e-con e-child\" data-id=\"48568256\" data-element_type=\"container\">\n\t\t<div class=\"elementor-element elementor-element-13ec093a e-con-full e-flex e-con e-child\" data-id=\"13ec093a\" data-element_type=\"container\">\n\t\t\t\t<div class=\"elementor-element elementor-element-30e4d310 elementor-widget elementor-widget-heading\" data-id=\"30e4d310\" data-element_type=\"widget\" data-widget_type=\"heading.default\">\n\t\t\t\t<div class=\"elementor-widget-container\">\n\t\t\t\t\t<h1 class=\"elementor-heading-title elementor-size-default\">Cykler til udlejning<\/h1>\t\t\t\t<\/div>\n\t\t\t\t<\/div>\n\t\t\t\t<\/div>\n\t\t\t\t<\/div>\n\t\t\t\t\t<\/div>\n\t\t\t\t<\/div>\n\t\t<div class=\"elementor-element elementor-element-eda0b01 e-flex e-con-boxed e-con e-parent\" data-id=\"eda0b01\" data-element_type=\"container\">\n\t\t\t\t\t<div class=\"e-con-inner\">\n\t\t<div class=\"elementor-element elementor-element-3c562c6 e-con-full e-flex e-con e-child\" data-id=\"3c562c6\" data-element_type=\"container\">\n\t\t\t\t<div class=\"elementor-element elementor-element-c74b162 elementor-widget elementor-widget-heading\" data-id=\"c74b162\" data-element_type=\"widget\" data-widget_type=\"heading.default\">\n\t\t\t\t<div class=\"elementor-widget-container\">\n\t\t\t\t\t<h2 class=\"elementor-heading-title elementor-size-default\">Malm\u00f8 p\u00e5 cykel<\/h2>\t\t\t\t<\/div>\n\t\t\t\t<\/div>\n\t\t\t\t<div class=\"elementor-element elementor-element-a84498a elementor-widget elementor-widget-text-editor\" data-id=\"a84498a\" data-element_type=\"widget\" data-widget_type=\"text-editor.default\">\n\t\t\t\t<div class=\"elementor-widget-container\">\n\t\t\t\t\t\t\t\t\t<p>Med en lejecykel fra Malm\u00f6 By Bike kan du nemt cykle gennem Malm\u00f8 hele \u00e5ret rundt, d\u00f8gnet rundt. Uanset om du er bes\u00f8gende, eller om du bor eller arbejder i byen, kan du hurtigt og nemt komme rundt i byen. Der er omkring tyve forskellige stationer rundt om i centrum, hvor du kan hente og aflevere din cykel. Abonnementer f\u00e5s fra 24 timer og op til \u00e5rsabonnementer. Find ud af mere p\u00e5\u00a0<a href=\"https:\/\/www.malmobybike.se\/sv\" target=\"_blank\" rel=\"noopener\">malmobybike.se<\/a><\/p>\t\t\t\t\t\t\t\t<\/div>\n\t\t\t\t<\/div>\n\t\t\t\t<div class=\"elementor-element elementor-element-44575c9 elementor-widget elementor-widget-heading\" data-id=\"44575c9\" data-element_type=\"widget\" data-widget_type=\"heading.default\">\n\t\t\t\t<div class=\"elementor-widget-container\">\n\t\t\t\t\t<h2 class=\"elementor-heading-title elementor-size-default\">Lej cykler hos Travelshop<\/h2>\t\t\t\t<\/div>\n\t\t\t\t<\/div>\n\t\t\t\t<div class=\"elementor-element elementor-element-6b6e115 elementor-widget elementor-widget-text-editor\" data-id=\"6b6e115\" data-element_type=\"widget\" data-widget_type=\"text-editor.default\">\n\t\t\t\t<div class=\"elementor-widget-container\">\n\t\t\t\t\t\t\t\t\t<p>Hos Travelshop finder du et bredt udvalg af cykler, herunder kassecykler, tandemcykler, elcykler og mange andre muligheder. Travelshop er fleksibel og tilbyder b\u00e5de aflevering og afhentning. L\u00e6s mere p\u00e5:\u00a0<a href=\"https:\/\/travelshop.se\/hyrcyklar\/\" target=\"_blank\" rel=\"noopener\">travelshop.se\/leje-cykler<\/a><\/p>\t\t\t\t\t\t\t\t<\/div>\n\t\t\t\t<\/div>\n\t\t\t\t<div class=\"elementor-element elementor-element-78e3503 elementor-widget elementor-widget-heading\" data-id=\"78e3503\" data-element_type=\"widget\" data-widget_type=\"heading.default\">\n\t\t\t\t<div class=\"elementor-widget-container\">\n\t\t\t\t\t<h2 class=\"elementor-heading-title elementor-size-default\">Voi<\/h2>\t\t\t\t<\/div>\n\t\t\t\t<\/div>\n\t\t\t\t<div class=\"elementor-element elementor-element-d3b32ae elementor-widget elementor-widget-text-editor\" data-id=\"d3b32ae\" data-element_type=\"widget\" data-widget_type=\"text-editor.default\">\n\t\t\t\t<div class=\"elementor-widget-container\">\n\t\t\t\t\t\t\t\t\t<p>Voi var blandt de f\u00f8rste til at lancere elektriske l\u00f8behjul i Malm\u00f8 og er dermed blevet synonym med f\u00e6nomenet. Du kan nemt genkende en Voi p\u00e5 den karakteristiske r\u00f8de farve, som de bruger p\u00e5 alle deres l\u00f8behjul. L\u00e6s mere p\u00e5: <a href=\"http:\/\/voiscooters.com\/\" target=\"_blank\" rel=\"noopener\">voiscooters.com<\/a><\/p>\t\t\t\t\t\t\t\t<\/div>\n\t\t\t\t<\/div>\n\t\t\t\t<div class=\"elementor-element elementor-element-1d091a0 elementor-widget elementor-widget-heading\" data-id=\"1d091a0\" data-element_type=\"widget\" data-widget_type=\"heading.default\">\n\t\t\t\t<div class=\"elementor-widget-container\">\n\t\t\t\t\t<h2 class=\"elementor-heading-title elementor-size-default\">Kalk<\/h2>\t\t\t\t<\/div>\n\t\t\t\t<\/div>\n\t\t\t\t<div class=\"elementor-element elementor-element-90aefd6 elementor-widget elementor-widget-text-editor\" data-id=\"90aefd6\" data-element_type=\"widget\" data-widget_type=\"text-editor.default\">\n\t\t\t\t<div class=\"elementor-widget-container\">\n\t\t\t\t\t\t\t\t\t<p>Lime (ligesom Voi) var tidligt ude med tjenesten i Malm\u00f8 og er en af de mere kendte udbydere af elektriske l\u00f8behjul til hurtig og nem udlejning. Med deres gr\u00f8nne elektriske l\u00f8behjul har de sat et stort aftryk p\u00e5 markedet, og du kan med garanti finde dem, uanset hvor du g\u00e5r i byen. Find ud af mere p\u00e5: <a href=\"http:\/\/li.me\/\" target=\"_blank\" rel=\"noopener\">li.me<\/a><\/p>\t\t\t\t\t\t\t\t<\/div>\n\t\t\t\t<\/div>\n\t\t\t\t<div class=\"elementor-element elementor-element-61c363f elementor-widget elementor-widget-heading\" data-id=\"61c363f\" data-element_type=\"widget\" data-widget_type=\"heading.default\">\n\t\t\t\t<div class=\"elementor-widget-container\">\n\t\t\t\t\t<h2 class=\"elementor-heading-title elementor-size-default\">Ryde<\/h2>\t\t\t\t<\/div>\n\t\t\t\t<\/div>\n\t\t\t\t<div class=\"elementor-element elementor-element-974ab64 elementor-widget elementor-widget-text-editor\" data-id=\"974ab64\" data-element_type=\"widget\" data-widget_type=\"text-editor.default\">\n\t\t\t\t<div class=\"elementor-widget-container\">\n\t\t\t\t\t\t\t\t\t<p>Det norske firma Ryde tilbyder udlejning af elektriske l\u00f8behjul i svenske byer med fokus p\u00e5 smidig og milj\u00f8venlig transport. Lej nemt via deres app. <br \/>Find ud af mere p\u00e5: <a href=\"https:\/\/www.ryde-technology.com\/\" target=\"_blank\" rel=\"noopener\">ryde-technology.com<\/a><\/p>\t\t\t\t\t\t\t\t<\/div>\n\t\t\t\t<\/div>\n\t\t\t\t<div class=\"elementor-element elementor-element-33a2b00 elementor-widget elementor-widget-heading\" data-id=\"33a2b00\" data-element_type=\"widget\" data-widget_type=\"heading.default\">\n\t\t\t\t<div class=\"elementor-widget-container\">\n\t\t\t\t\t<h2 class=\"elementor-heading-title elementor-size-default\">Bolt<\/h2>\t\t\t\t<\/div>\n\t\t\t\t<\/div>\n\t\t\t\t<div class=\"elementor-element elementor-element-49d33e0 elementor-widget elementor-widget-text-editor\" data-id=\"49d33e0\" data-element_type=\"widget\" data-widget_type=\"text-editor.default\">\n\t\t\t\t<div class=\"elementor-widget-container\">\n\t\t\t\t\t\t\t\t\t<p>Bolt tilbyder udlejning af elektriske l\u00f8behjul i flere byer og er engageret i b\u00e6redygtig, sikker og \u00f8konomisk overkommelig mikromobilitet. Via Bolt-appen kan brugerne nemt finde, l\u00e5se op for og k\u00f8re p\u00e5 et elektrisk l\u00f8behjul. L\u00e6s mere p\u00e5: <a href=\"https:\/\/bolt.eu\/sv-se\/\" target=\"_blank\" rel=\"noopener\">bolt.eu<\/a><\/p>\t\t\t\t\t\t\t\t<\/div>\n\t\t\t\t<\/div>\n\t\t\t\t<\/div>\n\t\t<div class=\"elementor-element elementor-element-a21d808 e-con-full e-flex e-con e-child\" data-id=\"a21d808\" data-element_type=\"container\" data-settings=\"{&quot;background_background&quot;:&quot;classic&quot;,&quot;sticky&quot;:&quot;top&quot;,&quot;sticky_on&quot;:[&quot;desktop&quot;],&quot;sticky_offset&quot;:10,&quot;sticky_parent&quot;:&quot;yes&quot;,&quot;sticky_effects_offset&quot;:0,&quot;sticky_anchor_link_offset&quot;:0}\">\n\t\t\t\t<div class=\"elementor-element elementor-element-d1ecc27 elementor-widget elementor-widget-image\" data-id=\"d1ecc27\" data-element_type=\"widget\" data-widget_type=\"image.default\">\n\t\t\t\t<div class=\"elementor-widget-container\">\n\t\t\t\t\t\t\t\t\t\t\t\t\t\t\t<img fetchpriority=\"high\" decoding=\"async\" width=\"800\" height=\"534\" src=\"https:\/\/malmocity.se\/wp-content\/uploads\/2025\/02\/160629_bb_cykel_0199_malmo_by_bike_hires-1024x683.jpeg\" class=\"attachment-large size-large wp-image-2696\" alt=\"\" srcset=\"https:\/\/malmocity.se\/wp-content\/uploads\/2025\/02\/160629_bb_cykel_0199_malmo_by_bike_hires-1024x683.jpeg 1024w, https:\/\/malmocity.se\/wp-content\/uploads\/2025\/02\/160629_bb_cykel_0199_malmo_by_bike_hires-300x200.jpeg 300w, https:\/\/malmocity.se\/wp-content\/uploads\/2025\/02\/160629_bb_cykel_0199_malmo_by_bike_hires-768x512.jpeg 768w, https:\/\/malmocity.se\/wp-content\/uploads\/2025\/02\/160629_bb_cykel_0199_malmo_by_bike_hires-1536x1024.jpeg 1536w, https:\/\/malmocity.se\/wp-content\/uploads\/2025\/02\/160629_bb_cykel_0199_malmo_by_bike_hires-2048x1365.jpeg 2048w\" sizes=\"(max-width: 800px) 100vw, 800px\" \/>\t\t\t\t\t\t\t\t\t\t\t\t\t\t\t<\/div>\n\t\t\t\t<\/div>\n\t\t\t\t<div class=\"elementor-element elementor-element-6a17c3c elementor-widget elementor-widget-image\" data-id=\"6a17c3c\" data-element_type=\"widget\" data-widget_type=\"image.default\">\n\t\t\t\t<div class=\"elementor-widget-container\">\n\t\t\t\t\t\t\t\t\t\t\t\t\t\t\t<img decoding=\"async\" width=\"800\" height=\"534\" src=\"https:\/\/malmocity.se\/wp-content\/uploads\/2025\/03\/211026_0213_malmo_elsparkcykel_hires-1024x683.jpeg\" class=\"attachment-large size-large wp-image-4482\" alt=\"\" srcset=\"https:\/\/malmocity.se\/wp-content\/uploads\/2025\/03\/211026_0213_malmo_elsparkcykel_hires-1024x683.jpeg 1024w, https:\/\/malmocity.se\/wp-content\/uploads\/2025\/03\/211026_0213_malmo_elsparkcykel_hires-300x200.jpeg 300w, https:\/\/malmocity.se\/wp-content\/uploads\/2025\/03\/211026_0213_malmo_elsparkcykel_hires-768x512.jpeg 768w, https:\/\/malmocity.se\/wp-content\/uploads\/2025\/03\/211026_0213_malmo_elsparkcykel_hires-1536x1024.jpeg 1536w, https:\/\/malmocity.se\/wp-content\/uploads\/2025\/03\/211026_0213_malmo_elsparkcykel_hires-2048x1365.jpeg 2048w, https:\/\/malmocity.se\/wp-content\/uploads\/2025\/03\/211026_0213_malmo_elsparkcykel_hires-18x12.jpeg 18w\" sizes=\"(max-width: 800px) 100vw, 800px\" \/>\t\t\t\t\t\t\t\t\t\t\t\t\t\t\t<\/div>\n\t\t\t\t<\/div>\n\t\t\t\t<\/div>\n\t\t\t\t\t<\/div>\n\t\t\t\t<\/div>\n\t\t\t\t<\/div>","protected":false},"excerpt":{"rendered":"<p>Forside - Find os - Lejecykler Lejecykler Malm\u00f6 By Bike Med en lejecykel fra Malm\u00f6 By Bike kan du nemt cykle rundt i Malm\u00f8 hele \u00e5ret rundt, d\u00f8gnet rundt. Uanset om du er bes\u00f8gende, eller om du bor eller arbejder i byen, kan du hurtigt og nemt komme rundt i byen. Det [...]<\/p>","protected":false},"author":1,"featured_media":0,"parent":2629,"menu_order":0,"comment_status":"closed","ping_status":"closed","template":"","meta":{"_acf_changed":false,"footnotes":""},"class_list":["post-2692","page","type-page","status-publish","hentry"],"acf":[],"_links":{"self":[{"href":"https:\/\/malmocity.se\/da\/wp-json\/wp\/v2\/pages\/2692","targetHints":{"allow":["GET"]}}],"collection":[{"href":"https:\/\/malmocity.se\/da\/wp-json\/wp\/v2\/pages"}],"about":[{"href":"https:\/\/malmocity.se\/da\/wp-json\/wp\/v2\/types\/page"}],"author":[{"embeddable":true,"href":"https:\/\/malmocity.se\/da\/wp-json\/wp\/v2\/users\/1"}],"replies":[{"embeddable":true,"href":"https:\/\/malmocity.se\/da\/wp-json\/wp\/v2\/comments?post=2692"}],"version-history":[{"count":9,"href":"https:\/\/malmocity.se\/da\/wp-json\/wp\/v2\/pages\/2692\/revisions"}],"predecessor-version":[{"id":4486,"href":"https:\/\/malmocity.se\/da\/wp-json\/wp\/v2\/pages\/2692\/revisions\/4486"}],"up":[{"embeddable":true,"href":"https:\/\/malmocity.se\/da\/wp-json\/wp\/v2\/pages\/2629"}],"wp:attachment":[{"href":"https:\/\/malmocity.se\/da\/wp-json\/wp\/v2\/media?parent=2692"}],"curies":[{"name":"wp","href":"https:\/\/api.w.org\/{rel}","templated":true}]}}