{"id":2722,"date":"2025-02-13T08:40:33","date_gmt":"2025-02-13T07:40:33","guid":{"rendered":"https:\/\/malmocity.se\/?page_id=2722"},"modified":"2025-03-20T10:48:56","modified_gmt":"2025-03-20T09:48:56","slug":"om-oss","status":"publish","type":"page","link":"https:\/\/malmocity.se\/da\/om-oss\/","title":{"rendered":"Om os"},"content":{"rendered":"<div data-elementor-type=\"wp-page\" data-elementor-id=\"2722\" class=\"elementor elementor-2722\" data-elementor-post-type=\"page\">\n\t\t\t\t<div class=\"elementor-element elementor-element-11370f2d e-flex e-con-boxed e-con e-parent\" data-id=\"11370f2d\" data-element_type=\"container\" data-settings=\"{&quot;background_background&quot;:&quot;classic&quot;}\">\n\t\t\t\t\t<div class=\"e-con-inner\">\n\t\t<div class=\"elementor-element elementor-element-6a74ebe5 e-flex e-con-boxed e-con e-child\" data-id=\"6a74ebe5\" data-element_type=\"container\">\n\t\t\t\t\t<div class=\"e-con-inner\">\n\t\t\t\t\t<\/div>\n\t\t\t\t<\/div>\n\t\t\t\t\t<\/div>\n\t\t\t\t<\/div>\n\t\t<div class=\"elementor-element elementor-element-599c661e e-flex e-con-boxed e-con e-parent\" data-id=\"599c661e\" data-element_type=\"container\">\n\t\t\t\t\t<div class=\"e-con-inner\">\n\t\t<div class=\"elementor-element elementor-element-17033909 e-con-full e-flex e-con e-child\" data-id=\"17033909\" data-element_type=\"container\">\n\t\t<div class=\"elementor-element elementor-element-71c89359 e-con-full e-flex e-con e-child\" data-id=\"71c89359\" data-element_type=\"container\">\n\t\t\t\t<div class=\"elementor-element elementor-element-3f0ebc58 elementor-widget elementor-widget-heading\" data-id=\"3f0ebc58\" data-element_type=\"widget\" data-widget_type=\"heading.default\">\n\t\t\t\t<div class=\"elementor-widget-container\">\n\t\t\t\t\t<h1 class=\"elementor-heading-title elementor-size-default\">Om os<\/h1>\t\t\t\t<\/div>\n\t\t\t\t<\/div>\n\t\t\t\t<div class=\"elementor-element elementor-element-230fe87a elementor-widget elementor-widget-text-editor\" data-id=\"230fe87a\" data-element_type=\"widget\" data-widget_type=\"text-editor.default\">\n\t\t\t\t<div class=\"elementor-widget-container\">\n\t\t\t\t\t\t\t\t\t<p>Malm\u00f6 Citysamverkan blev etableret i 1995 og er et non-profit kooperativ. <br \/>Vi ejes i tre lige store dele af detailhandlere og andre virksomheder, ejendomsejerne i bymidten og Malm\u00f8 Kommune, <br \/>Vores overordnede mission er at videreudvikle bymidten til gavn for vores medlemmer, <br \/>beboere og bes\u00f8gende.<\/p>\t\t\t\t\t\t\t\t<\/div>\n\t\t\t\t<\/div>\n\t\t\t\t<\/div>\n\t\t\t\t<\/div>\n\t\t\t\t\t<\/div>\n\t\t\t\t<\/div>\n\t\t<div class=\"elementor-element elementor-element-7a1aef8d e-flex e-con-boxed e-con e-parent\" data-id=\"7a1aef8d\" data-element_type=\"container\">\n\t\t\t\t\t<div class=\"e-con-inner\">\n\t\t<div class=\"elementor-element elementor-element-76266728 e-con-full e-flex e-con e-child\" data-id=\"76266728\" data-element_type=\"container\">\n\t\t\t\t<div class=\"elementor-element elementor-element-140acb0a elementor-widget elementor-widget-heading\" data-id=\"140acb0a\" data-element_type=\"widget\" data-widget_type=\"heading.default\">\n\t\t\t\t<div class=\"elementor-widget-container\">\n\t\t\t\t\t<h2 class=\"elementor-heading-title elementor-size-default\">Vores baggrund<\/h2>\t\t\t\t<\/div>\n\t\t\t\t<\/div>\n\t\t\t\t<div class=\"elementor-element elementor-element-38fee803 elementor-widget elementor-widget-text-editor\" data-id=\"38fee803\" data-element_type=\"widget\" data-widget_type=\"text-editor.default\">\n\t\t\t\t<div class=\"elementor-widget-container\">\n\t\t\t\t\t\t\t\t\t<p>Malm\u00f6 Citysamverkan blev dannet for at v\u00e6re en platform mellem private og offentlige akt\u00f8rer og for at fremme samarbejde om udvikling af det f\u00e6lles sted.<\/p><p>Derudover var der brug for en organisation, der kunne skabe et brand for <br \/>Malm\u00f6 City, promovere den og skabe indhold sammen med andre partnere, <br \/>b\u00e5de i projektform og mere permanente tiltag.<\/p>\t\t\t\t\t\t\t\t<\/div>\n\t\t\t\t<\/div>\n\t\t\t\t<div class=\"elementor-element elementor-element-f47d690 elementor-widget elementor-widget-heading\" data-id=\"f47d690\" data-element_type=\"widget\" data-widget_type=\"heading.default\">\n\t\t\t\t<div class=\"elementor-widget-container\">\n\t\t\t\t\t<h2 class=\"elementor-heading-title elementor-size-default\">Vores baggrund<\/h2>\t\t\t\t<\/div>\n\t\t\t\t<\/div>\n\t\t\t\t<div class=\"elementor-element elementor-element-f4acbb9 elementor-widget elementor-widget-text-editor\" data-id=\"f4acbb9\" data-element_type=\"widget\" data-widget_type=\"text-editor.default\">\n\t\t\t\t<div class=\"elementor-widget-container\">\n\t\t\t\t\t\t\t\t\t<p>Aktiviteterne finansieres gennem det \u00e5rlige servicegebyr og en tredjedel hver fra partnerne. Dertil kommer projektmidler og sponsorater samt frivillige bidrag fra forskellige foreninger og organisationer, som vi v\u00e6lger at samarbejde med.<\/p><p>Finansiering gennem EU-projekter eller tilskud kan ogs\u00e5 v\u00e6re en del af projekt\u00f8konomien. Hver brugt krone er en investering, som kommer mange gange igen i form af aktiviteter, events, julelys osv.<\/p>\t\t\t\t\t\t\t\t<\/div>\n\t\t\t\t<\/div>\n\t\t\t\t<\/div>\n\t\t<div class=\"elementor-element elementor-element-5bb4bab1 e-con-full e-flex e-con e-child\" data-id=\"5bb4bab1\" data-element_type=\"container\" data-settings=\"{&quot;background_background&quot;:&quot;classic&quot;}\">\n\t\t\t\t<div class=\"elementor-element elementor-element-59fe2e16 elementor-widget elementor-widget-image\" data-id=\"59fe2e16\" data-element_type=\"widget\" data-widget_type=\"image.default\">\n\t\t\t\t<div class=\"elementor-widget-container\">\n\t\t\t\t\t\t\t\t\t\t\t\t\t\t\t<img fetchpriority=\"high\" decoding=\"async\" width=\"800\" height=\"563\" src=\"https:\/\/malmocity.se\/wp-content\/uploads\/2025\/03\/rundan_rundan_sightseeing_lores-1-1024x720.jpeg\" class=\"attachment-large size-large wp-image-4487\" alt=\"vy \u00f6ver Malm\u00f6 kanal\" srcset=\"https:\/\/malmocity.se\/wp-content\/uploads\/2025\/03\/rundan_rundan_sightseeing_lores-1-1024x720.jpeg 1024w, https:\/\/malmocity.se\/wp-content\/uploads\/2025\/03\/rundan_rundan_sightseeing_lores-1-300x211.jpeg 300w, https:\/\/malmocity.se\/wp-content\/uploads\/2025\/03\/rundan_rundan_sightseeing_lores-1-768x540.jpeg 768w, https:\/\/malmocity.se\/wp-content\/uploads\/2025\/03\/rundan_rundan_sightseeing_lores-1-1536x1080.jpeg 1536w, https:\/\/malmocity.se\/wp-content\/uploads\/2025\/03\/rundan_rundan_sightseeing_lores-1-18x12.jpeg 18w, https:\/\/malmocity.se\/wp-content\/uploads\/2025\/03\/rundan_rundan_sightseeing_lores-1.jpeg 1600w\" sizes=\"(max-width: 800px) 100vw, 800px\" \/>\t\t\t\t\t\t\t\t\t\t\t\t\t\t\t<\/div>\n\t\t\t\t<\/div>\n\t\t\t\t<\/div>\n\t\t\t\t\t<\/div>\n\t\t\t\t<\/div>\n\t\t<div class=\"elementor-element elementor-element-fae6584 e-flex e-con-boxed e-con e-parent\" data-id=\"fae6584\" data-element_type=\"container\">\n\t\t\t\t\t<div class=\"e-con-inner\">\n\t\t<div class=\"elementor-element elementor-element-e522b5d e-con-full e-flex e-con e-child\" data-id=\"e522b5d\" data-element_type=\"container\">\n\t\t\t\t<div class=\"elementor-element elementor-element-05fd283 elementor-widget elementor-widget-heading\" data-id=\"05fd283\" data-element_type=\"widget\" data-widget_type=\"heading.default\">\n\t\t\t\t<div class=\"elementor-widget-container\">\n\t\t\t\t\t<h2 class=\"elementor-heading-title elementor-size-default\">Aktivitetsomr\u00e5de<\/h2>\t\t\t\t<\/div>\n\t\t\t\t<\/div>\n\t\t\t\t<div class=\"elementor-element elementor-element-e8db421 elementor-widget elementor-widget-text-editor\" data-id=\"e8db421\" data-element_type=\"widget\" data-widget_type=\"text-editor.default\">\n\t\t\t\t<div class=\"elementor-widget-container\">\n\t\t\t\t\t\t\t\t\t<p>Vores geografiske arbejdsomr\u00e5de str\u00e6kker sig fra Hovedbaneg\u00e5rden i nord til Trekantsomr\u00e5det i syd og fra Drottningtorget i \u00f8st til Davidshallstorg i vest. Vi arbejder p\u00e5 at fort\u00e6tte inden for vores omr\u00e5de, men omdefinerer j\u00e6vnligt gr\u00e6nserne i takt med, at bymidten vokser og udvikler sig.<\/p>\t\t\t\t\t\t\t\t<\/div>\n\t\t\t\t<\/div>\n\t\t\t\t<div class=\"elementor-element elementor-element-d0cf727 elementor-widget elementor-widget-heading\" data-id=\"d0cf727\" data-element_type=\"widget\" data-widget_type=\"heading.default\">\n\t\t\t\t<div class=\"elementor-widget-container\">\n\t\t\t\t\t<h2 class=\"elementor-heading-title elementor-size-default\">Det er det, vi g\u00f8r for byen!<\/h2>\t\t\t\t<\/div>\n\t\t\t\t<\/div>\n\t\t\t\t<div class=\"elementor-element elementor-element-3d9bd60 elementor-widget elementor-widget-text-editor\" data-id=\"3d9bd60\" data-element_type=\"widget\" data-widget_type=\"text-editor.default\">\n\t\t\t\t<div class=\"elementor-widget-container\">\n\t\t\t\t\t\t\t\t\t<p>Vi arbejder sammen med partnere b\u00e5de for at g\u00f8re bymidten smuk og funktionel og for at fremme vores f\u00e6lles sted og dets fantastiske tilbud. Det kan v\u00e6re alt fra julebelysning, kvarterudvikling og reng\u00f8ringsprojekter til sm\u00e5 og store fysiske events og forskellige digitale kommunikationstiltag.<\/p><p>Med Malm\u00f6 City Gift Card tilbyder vi privatpersoner og virksomheder en v\u00e6rdsat og praktisk gave, som samtidig gavner det lokale erhvervsliv. I \"\u00c5ret der gik\" kan du l\u00e6se mere om, hvad vi har arbejdet med i det forgangne \u00e5r. L\u00e6s det her\u00a0<a href=\"https:\/\/malmo.chainelscms.com\/media\/sites\/106\/2021\/10\/Arsredovisning-2020-Annual-report.pdf\" target=\"_blank\" rel=\"noopener\">her.<\/a><\/p>\t\t\t\t\t\t\t\t<\/div>\n\t\t\t\t<\/div>\n\t\t\t\t<\/div>\n\t\t<div class=\"elementor-element elementor-element-0b6a09c e-con-full e-flex e-con e-child\" data-id=\"0b6a09c\" data-element_type=\"container\" data-settings=\"{&quot;background_background&quot;:&quot;classic&quot;}\">\n\t\t\t\t<div class=\"elementor-element elementor-element-fc67cb9 elementor-widget elementor-widget-image\" data-id=\"fc67cb9\" data-element_type=\"widget\" data-widget_type=\"image.default\">\n\t\t\t\t<div class=\"elementor-widget-container\">\n\t\t\t\t\t\t\t\t\t\t\t\t\t\t\t<img decoding=\"async\" width=\"800\" height=\"534\" src=\"https:\/\/malmocity.se\/wp-content\/uploads\/2025\/02\/190731_0633_malmo-1_malmo_kanal_malmo_canal_hires-1024x683.jpeg\" class=\"attachment-large size-large wp-image-2728\" alt=\"Sightseeing i Malm\u00f6 city\" srcset=\"https:\/\/malmocity.se\/wp-content\/uploads\/2025\/02\/190731_0633_malmo-1_malmo_kanal_malmo_canal_hires-1024x683.jpeg 1024w, https:\/\/malmocity.se\/wp-content\/uploads\/2025\/02\/190731_0633_malmo-1_malmo_kanal_malmo_canal_hires-300x200.jpeg 300w, https:\/\/malmocity.se\/wp-content\/uploads\/2025\/02\/190731_0633_malmo-1_malmo_kanal_malmo_canal_hires-768x512.jpeg 768w, https:\/\/malmocity.se\/wp-content\/uploads\/2025\/02\/190731_0633_malmo-1_malmo_kanal_malmo_canal_hires-1536x1024.jpeg 1536w, https:\/\/malmocity.se\/wp-content\/uploads\/2025\/02\/190731_0633_malmo-1_malmo_kanal_malmo_canal_hires-2048x1365.jpeg 2048w\" sizes=\"(max-width: 800px) 100vw, 800px\" \/>\t\t\t\t\t\t\t\t\t\t\t\t\t\t\t<\/div>\n\t\t\t\t<\/div>\n\t\t\t\t<\/div>\n\t\t\t\t\t<\/div>\n\t\t\t\t<\/div>\n\t\t<div class=\"elementor-element elementor-element-a97fdbf e-flex e-con-boxed e-con e-parent\" data-id=\"a97fdbf\" data-element_type=\"container\" data-settings=\"{&quot;background_background&quot;:&quot;classic&quot;}\">\n\t\t\t\t\t<div class=\"e-con-inner\">\n\t\t\t\t<div class=\"elementor-element elementor-element-fc51718 elementor-widget elementor-widget-heading\" data-id=\"fc51718\" data-element_type=\"widget\" data-widget_type=\"heading.default\">\n\t\t\t\t<div class=\"elementor-widget-container\">\n\t\t\t\t\t<h2 class=\"elementor-heading-title elementor-size-default\">Udm\u00e6rkelser og priser<\/h2>\t\t\t\t<\/div>\n\t\t\t\t<\/div>\n\t\t\t\t<div class=\"elementor-element elementor-element-3598668 elementor-widget elementor-widget-text-editor\" data-id=\"3598668\" data-element_type=\"widget\" data-widget_type=\"text-editor.default\">\n\t\t\t\t<div class=\"elementor-widget-container\">\n\t\t\t\t\t\t\t\t\t<p class=\"oneComWebmail-MsoNormal\">Malm\u00f6 City har vundet konkurrencen \"\u00c5rets bymidte\" fire gange, i 2010, 2005, 2000 og 2023! I 2000, 2005 og 2023 blev det til guld, og i 2010 blev det til s\u00f8lv.<\/p><p>Juryens begrundelse for 2023-prisen var som f\u00f8lger:<\/p>\t\t\t\t\t\t\t\t<\/div>\n\t\t\t\t<\/div>\n\t\t\t\t<div class=\"elementor-element elementor-element-e282cfe elementor-blockquote--skin-boxed elementor-widget elementor-widget-blockquote\" data-id=\"e282cfe\" data-element_type=\"widget\" data-widget_type=\"blockquote.default\">\n\t\t\t\t<div class=\"elementor-widget-container\">\n\t\t\t\t\t\t\t<blockquote class=\"elementor-blockquote\">\n\t\t\t<p class=\"elementor-blockquote__content\">\n\t\t\t\t\"Gennem en bred indsats, professionel indstilling og stor ekspertise har byens interessenter planlagt og gennemf\u00f8rt vigtige f\u00e6lles udviklingsprojekter. <br><br>\n\nKultur spiller en stor rolle, sikkerhedssp\u00f8rgsm\u00e5l h\u00e5ndteres p\u00e5 en struktureret m\u00e5de, og nye udviklingsmodeller har gjort det muligt at samarbejde over en bred front. Der er skabt innovative transportl\u00f8sninger, bykorridorer, attraktive steder og sp\u00e6ndende koncepter. Desuden er der en klar strategi for markedsf\u00f8ring, kommunikation og opbygning af byens brand. <br><br>Alle vil gerne v\u00e6re med og bidrage til bymidtens udvikling og tiltr\u00e6kningskraft. Tillykke med et fantastisk stykke arbejde med jeres bymidte! Malm\u00f8, I er en rollemodel!\"\t\t\t<\/p>\n\t\t\t\t\t<\/blockquote>\n\t\t\t\t\t\t<\/div>\n\t\t\t\t<\/div>\n\t\t\t\t<div class=\"elementor-element elementor-element-fd452a3 elementor-widget elementor-widget-text-editor\" data-id=\"fd452a3\" data-element_type=\"widget\" data-widget_type=\"text-editor.default\">\n\t\t\t\t<div class=\"elementor-widget-container\">\n\t\t\t\t\t\t\t\t\t<p class=\"oneComWebmail-MsoNormal\">Malm\u00f6 Citysamverkan blev i 2010 anerkendt som \"<strong>\u00c5rets partnerskab<\/strong>\" p\u00e5 industriens verdenskongres i London med motivationen:<\/p>\t\t\t\t\t\t\t\t<\/div>\n\t\t\t\t<\/div>\n\t\t\t\t<div class=\"elementor-element elementor-element-525fb77 elementor-blockquote--skin-boxed elementor-widget elementor-widget-blockquote\" data-id=\"525fb77\" data-element_type=\"widget\" data-widget_type=\"blockquote.default\">\n\t\t\t\t<div class=\"elementor-widget-container\">\n\t\t\t\t\t\t\t<blockquote class=\"elementor-blockquote\">\n\t\t\t<p class=\"elementor-blockquote__content\">\n\t\t\t\t\"Malm\u00f6 Citysamverkan er et fantastisk eksempel p\u00e5 best practice inden for bymidteudvikling. Det har et st\u00e6rkt engagement fra b\u00e5de den private og den offentlige sektor og kan prale af en bred vifte af resultater. <br><br>Effekten af arbejdet viser, at det er en virkelig v\u00e6rdifuld investering for alle partnere, og det har resulteret i en bymidte i verdensklasse.\"\t\t\t<\/p>\n\t\t\t\t\t<\/blockquote>\n\t\t\t\t\t\t<\/div>\n\t\t\t\t<\/div>\n\t\t\t\t\t<\/div>\n\t\t\t\t<\/div>\n\t\t\t\t<\/div>","protected":false},"excerpt":{"rendered":"<p>Hjem - Om os Malm\u00f6 Citysamverkan blev grundlagt i 1995 og er et non-profit samarbejde. Vi ejes i tre lige store dele af detailhandlere og andre virksomheder, ejendomsejerne i bymidten og Malm\u00f8 Kommune, og vores overordnede opgave er at videreudvikle bymidten til gavn for vores medlemmer, beboere og bes\u00f8gende. Vores baggrund Malm\u00f6 Citysamverkan blev dannet for at v\u00e6re [...]<\/p>","protected":false},"author":1,"featured_media":0,"parent":0,"menu_order":0,"comment_status":"closed","ping_status":"closed","template":"","meta":{"_acf_changed":false,"footnotes":""},"class_list":["post-2722","page","type-page","status-publish","hentry"],"acf":[],"_links":{"self":[{"href":"https:\/\/malmocity.se\/da\/wp-json\/wp\/v2\/pages\/2722","targetHints":{"allow":["GET"]}}],"collection":[{"href":"https:\/\/malmocity.se\/da\/wp-json\/wp\/v2\/pages"}],"about":[{"href":"https:\/\/malmocity.se\/da\/wp-json\/wp\/v2\/types\/page"}],"author":[{"embeddable":true,"href":"https:\/\/malmocity.se\/da\/wp-json\/wp\/v2\/users\/1"}],"replies":[{"embeddable":true,"href":"https:\/\/malmocity.se\/da\/wp-json\/wp\/v2\/comments?post=2722"}],"version-history":[{"count":3,"href":"https:\/\/malmocity.se\/da\/wp-json\/wp\/v2\/pages\/2722\/revisions"}],"predecessor-version":[{"id":4491,"href":"https:\/\/malmocity.se\/da\/wp-json\/wp\/v2\/pages\/2722\/revisions\/4491"}],"wp:attachment":[{"href":"https:\/\/malmocity.se\/da\/wp-json\/wp\/v2\/media?parent=2722"}],"curies":[{"name":"wp","href":"https:\/\/api.w.org\/{rel}","templated":true}]}}