{"id":2783,"date":"2025-02-13T10:21:32","date_gmt":"2025-02-13T09:21:32","guid":{"rendered":"https:\/\/malmocity.se\/?page_id=2783"},"modified":"2025-03-20T11:02:29","modified_gmt":"2025-03-20T10:02:29","slug":"vision-affarside","status":"publish","type":"page","link":"https:\/\/malmocity.se\/da\/om-oss\/vision-affarside\/","title":{"rendered":"Forretningskoncept og vision"},"content":{"rendered":"<div data-elementor-type=\"wp-page\" data-elementor-id=\"2783\" class=\"elementor elementor-2783\" data-elementor-post-type=\"page\">\n\t\t\t\t<div class=\"elementor-element elementor-element-2bb8e630 e-flex e-con-boxed e-con e-parent\" data-id=\"2bb8e630\" data-element_type=\"container\" data-settings=\"{&quot;background_background&quot;:&quot;classic&quot;}\">\n\t\t\t\t\t<div class=\"e-con-inner\">\n\t\t<div class=\"elementor-element elementor-element-615e1287 e-flex e-con-boxed e-con e-child\" data-id=\"615e1287\" data-element_type=\"container\">\n\t\t\t\t\t<div class=\"e-con-inner\">\n\t\t\t\t\t<\/div>\n\t\t\t\t<\/div>\n\t\t\t\t\t<\/div>\n\t\t\t\t<\/div>\n\t\t<div class=\"elementor-element elementor-element-6f31d849 e-flex e-con-boxed e-con e-parent\" data-id=\"6f31d849\" data-element_type=\"container\">\n\t\t\t\t\t<div class=\"e-con-inner\">\n\t\t<div class=\"elementor-element elementor-element-15f13503 e-con-full e-flex e-con e-child\" data-id=\"15f13503\" data-element_type=\"container\">\n\t\t<div class=\"elementor-element elementor-element-7abf9e8d e-con-full e-flex e-con e-child\" data-id=\"7abf9e8d\" data-element_type=\"container\">\n\t\t\t\t<div class=\"elementor-element elementor-element-49bfac79 elementor-widget elementor-widget-heading\" data-id=\"49bfac79\" data-element_type=\"widget\" data-widget_type=\"heading.default\">\n\t\t\t\t<div class=\"elementor-widget-container\">\n\t\t\t\t\t<h1 class=\"elementor-heading-title elementor-size-default\">Forretningskoncept og vision<\/h1>\t\t\t\t<\/div>\n\t\t\t\t<\/div>\n\t\t\t\t<div class=\"elementor-element elementor-element-3cd1b036 elementor-widget elementor-widget-text-editor\" data-id=\"3cd1b036\" data-element_type=\"widget\" data-widget_type=\"text-editor.default\">\n\t\t\t\t<div class=\"elementor-widget-container\">\n\t\t\t\t\t\t\t\t\t<p>Malm\u00f6 Citysamverkan vil videreudvikle den unikke Malm\u00f6 City gennem samskabelse.<br \/>Det skaber merv\u00e6rdi for Malm\u00f8s beboere, bes\u00f8gende og vores ejere.\u00a0<\/p>\t\t\t\t\t\t\t\t<\/div>\n\t\t\t\t<\/div>\n\t\t\t\t<\/div>\n\t\t\t\t<\/div>\n\t\t\t\t\t<\/div>\n\t\t\t\t<\/div>\n\t\t<div class=\"elementor-element elementor-element-c4be55d e-flex e-con-boxed e-con e-parent\" data-id=\"c4be55d\" data-element_type=\"container\">\n\t\t\t\t\t<div class=\"e-con-inner\">\n\t\t\t\t<div class=\"elementor-element elementor-element-789e255f elementor-widget elementor-widget-heading\" data-id=\"789e255f\" data-element_type=\"widget\" data-widget_type=\"heading.default\">\n\t\t\t\t<div class=\"elementor-widget-container\">\n\t\t\t\t\t<h2 class=\"elementor-heading-title elementor-size-default\">Kernev\u00e6rdier<\/h2>\t\t\t\t<\/div>\n\t\t\t\t<\/div>\n\t\t\t\t\t<\/div>\n\t\t\t\t<\/div>\n\t\t<div class=\"elementor-element elementor-element-4248591 e-flex e-con-boxed e-con e-parent\" data-id=\"4248591\" data-element_type=\"container\">\n\t\t\t\t\t<div class=\"e-con-inner\">\n\t\t<div class=\"elementor-element elementor-element-1965b9ae e-con-full e-flex e-con e-child\" data-id=\"1965b9ae\" data-element_type=\"container\">\n\t\t<div class=\"elementor-element elementor-element-c95a874 e-con-full e-flex e-con e-child\" data-id=\"c95a874\" data-element_type=\"container\">\n\t\t\t\t<div class=\"elementor-element elementor-element-a918637 elementor-widget elementor-widget-heading\" data-id=\"a918637\" data-element_type=\"widget\" data-widget_type=\"heading.default\">\n\t\t\t\t<div class=\"elementor-widget-container\">\n\t\t\t\t\t<h4 class=\"elementor-heading-title elementor-size-default\">Mangfoldighed<\/h4>\t\t\t\t<\/div>\n\t\t\t\t<\/div>\n\t\t\t\t<div class=\"elementor-element elementor-element-b60accd elementor-widget elementor-widget-text-editor\" data-id=\"b60accd\" data-element_type=\"widget\" data-widget_type=\"text-editor.default\">\n\t\t\t\t<div class=\"elementor-widget-container\">\n\t\t\t\t\t\t\t\t\t<p>Malm\u00f6 Citys tilbud er som det bedste fra en slikpose, en behagelig blanding, der har noget for enhver smag. Der er butikker, torve, restauranter, g\u00e5gader, parker og kultur. Der er sm\u00e5, unikke butikker s\u00e5vel som store bycentre. Der er antikviteter og second hand, og der er sp\u00e6ndende nyt design. Vi holder fast i traditionerne, men er ogs\u00e5 innovative. Malm\u00f6 City overrasker med sit udvalg; hvem ved, hvad der venter rundt om hj\u00f8rnet?<\/p>\t\t\t\t\t\t\t\t<\/div>\n\t\t\t\t<\/div>\n\t\t\t\t<\/div>\n\t\t<div class=\"elementor-element elementor-element-b48206a e-con-full e-flex e-con e-child\" data-id=\"b48206a\" data-element_type=\"container\">\n\t\t\t\t<div class=\"elementor-element elementor-element-53c9dd7 elementor-widget elementor-widget-heading\" data-id=\"53c9dd7\" data-element_type=\"widget\" data-widget_type=\"heading.default\">\n\t\t\t\t<div class=\"elementor-widget-container\">\n\t\t\t\t\t<h4 class=\"elementor-heading-title elementor-size-default\">Atmosf\u00e6re<\/h4>\t\t\t\t<\/div>\n\t\t\t\t<\/div>\n\t\t\t\t<div class=\"elementor-element elementor-element-77e4329 elementor-widget elementor-widget-text-editor\" data-id=\"77e4329\" data-element_type=\"widget\" data-widget_type=\"text-editor.default\">\n\t\t\t\t<div class=\"elementor-widget-container\">\n\t\t\t\t\t\t\t\t\t<p>Atmosf\u00e6ren i Malm\u00f6 City er unik, den er \u00e6gte, tryg, levende og nysgerrig. Du kan tilbringe et par timer eller en hel dag her. Man kan bare v\u00e6re her. Samtidig er der et drive og en \u00e5nd af fremskridt. Det er et sted, hvor man kan blive inspireret, finde perler og nyde hverdagens luksus. Atmosf\u00e6ren er selve sj\u00e6len i Malm\u00f6 City - det er altid hyggeligt at g\u00e5 rundt i byen!<\/p>\t\t\t\t\t\t\t\t<\/div>\n\t\t\t\t<\/div>\n\t\t\t\t<\/div>\n\t\t<div class=\"elementor-element elementor-element-092e1f6 e-con-full e-flex e-con e-child\" data-id=\"092e1f6\" data-element_type=\"container\">\n\t\t\t\t<div class=\"elementor-element elementor-element-0dd47a5 elementor-widget elementor-widget-heading\" data-id=\"0dd47a5\" data-element_type=\"widget\" data-widget_type=\"heading.default\">\n\t\t\t\t<div class=\"elementor-widget-container\">\n\t\t\t\t\t<h4 class=\"elementor-heading-title elementor-size-default\">Hosting<\/h4>\t\t\t\t<\/div>\n\t\t\t\t<\/div>\n\t\t\t\t<div class=\"elementor-element elementor-element-166118a2 elementor-widget elementor-widget-text-editor\" data-id=\"166118a2\" data-element_type=\"widget\" data-widget_type=\"text-editor.default\">\n\t\t\t\t<div class=\"elementor-widget-container\">\n\t\t\t\t\t\t\t\t\t<p>Malm\u00f6 City kan meget og vil mere. Vi vil v\u00e6re de bedste til alt det, der ligger os p\u00e5 sinde: service, komfort, b\u00e6redygtighed og kvalitet. Vores bymidte er en sydende gryde af begivenheder, og der foreg\u00e5r hele tiden forskellige m\u00f8der: mennesker m\u00f8der mennesker, rejsende m\u00f8der buschauff\u00f8rer. Kaffe m\u00f8der kage, k\u00f8bere m\u00f8der s\u00e6lgere. I alle disse m\u00f8der skal Malm\u00f6 City v\u00e6re engageret og give en bid af sig selv. Det g\u00f8r det til et sted, man har lyst til at v\u00e6re en del af og vende tilbage til. Vi ses i byen!<\/p>\t\t\t\t\t\t\t\t<\/div>\n\t\t\t\t<\/div>\n\t\t\t\t<\/div>\n\t\t\t\t<\/div>\n\t\t<div class=\"elementor-element elementor-element-34971d8 e-con-full e-flex e-con e-child\" data-id=\"34971d8\" data-element_type=\"container\" data-settings=\"{&quot;background_background&quot;:&quot;classic&quot;}\">\n\t\t\t\t<\/div>\n\t\t\t\t\t<\/div>\n\t\t\t\t<\/div>\n\t\t\t\t<\/div>","protected":false},"excerpt":{"rendered":"<p>Forside - Om os - Forretningskoncept og vision Forretningskoncept og vision Malm\u00f6 Citysamverkan vil videreudvikle den unikke Malm\u00f8 City gennem samskabelse og skabe merv\u00e6rdi for Malm\u00f8boerne, de bes\u00f8gende og vores ejere.  Kernev\u00e6rdier Variety Malm\u00f6 Citys tilbud er som det bedste fra en slikpose, en behagelig blanding, der har noget for enhver smag. Der er butikker, pladser, restauranter, g\u00e5gader, parker [...]<\/p>","protected":false},"author":1,"featured_media":0,"parent":2722,"menu_order":0,"comment_status":"closed","ping_status":"closed","template":"","meta":{"_acf_changed":false,"footnotes":""},"class_list":["post-2783","page","type-page","status-publish","hentry"],"acf":[],"_links":{"self":[{"href":"https:\/\/malmocity.se\/da\/wp-json\/wp\/v2\/pages\/2783","targetHints":{"allow":["GET"]}}],"collection":[{"href":"https:\/\/malmocity.se\/da\/wp-json\/wp\/v2\/pages"}],"about":[{"href":"https:\/\/malmocity.se\/da\/wp-json\/wp\/v2\/types\/page"}],"author":[{"embeddable":true,"href":"https:\/\/malmocity.se\/da\/wp-json\/wp\/v2\/users\/1"}],"replies":[{"embeddable":true,"href":"https:\/\/malmocity.se\/da\/wp-json\/wp\/v2\/comments?post=2783"}],"version-history":[{"count":3,"href":"https:\/\/malmocity.se\/da\/wp-json\/wp\/v2\/pages\/2783\/revisions"}],"predecessor-version":[{"id":4500,"href":"https:\/\/malmocity.se\/da\/wp-json\/wp\/v2\/pages\/2783\/revisions\/4500"}],"up":[{"embeddable":true,"href":"https:\/\/malmocity.se\/da\/wp-json\/wp\/v2\/pages\/2722"}],"wp:attachment":[{"href":"https:\/\/malmocity.se\/da\/wp-json\/wp\/v2\/media?parent=2783"}],"curies":[{"name":"wp","href":"https:\/\/api.w.org\/{rel}","templated":true}]}}