{"id":2818,"date":"2025-02-13T11:05:59","date_gmt":"2025-02-13T10:05:59","guid":{"rendered":"https:\/\/malmocity.se\/?page_id=2818"},"modified":"2025-02-17T12:07:54","modified_gmt":"2025-02-17T11:07:54","slug":"samarbetspartners","status":"publish","type":"page","link":"https:\/\/malmocity.se\/da\/om-oss\/samarbetspartners\/","title":{"rendered":"Samarbejdspartnere"},"content":{"rendered":"<div data-elementor-type=\"wp-page\" data-elementor-id=\"2818\" class=\"elementor elementor-2818\" data-elementor-post-type=\"page\">\n\t\t\t\t<div class=\"elementor-element elementor-element-3dfd22a e-flex e-con-boxed e-con e-parent\" data-id=\"3dfd22a\" data-element_type=\"container\" data-settings=\"{&quot;background_background&quot;:&quot;classic&quot;}\">\n\t\t\t\t\t<div class=\"e-con-inner\">\n\t\t<div class=\"elementor-element elementor-element-10080382 e-flex e-con-boxed e-con e-child\" data-id=\"10080382\" data-element_type=\"container\">\n\t\t\t\t\t<div class=\"e-con-inner\">\n\t\t\t\t\t<\/div>\n\t\t\t\t<\/div>\n\t\t\t\t\t<\/div>\n\t\t\t\t<\/div>\n\t\t<div class=\"elementor-element elementor-element-50b9e7ec e-flex e-con-boxed e-con e-parent\" data-id=\"50b9e7ec\" data-element_type=\"container\">\n\t\t\t\t\t<div class=\"e-con-inner\">\n\t\t<div class=\"elementor-element elementor-element-5b022b0a e-con-full e-flex e-con e-child\" data-id=\"5b022b0a\" data-element_type=\"container\">\n\t\t<div class=\"elementor-element elementor-element-4d578e87 e-con-full e-flex e-con e-child\" data-id=\"4d578e87\" data-element_type=\"container\">\n\t\t\t\t<div class=\"elementor-element elementor-element-14dce066 elementor-widget elementor-widget-heading\" data-id=\"14dce066\" data-element_type=\"widget\" data-widget_type=\"heading.default\">\n\t\t\t\t<div class=\"elementor-widget-container\">\n\t\t\t\t\t<h1 class=\"elementor-heading-title elementor-size-default\">Samarbejdspartnere<\/h1>\t\t\t\t<\/div>\n\t\t\t\t<\/div>\n\t\t\t\t<div class=\"elementor-element elementor-element-450204b0 elementor-widget elementor-widget-text-editor\" data-id=\"450204b0\" data-element_type=\"widget\" data-widget_type=\"text-editor.default\">\n\t\t\t\t<div class=\"elementor-widget-container\">\n\t\t\t\t\t\t\t\t\t<p>Samarbejde er det, vi er bedst til, og vi er meget taknemmelige for det st\u00e6rke engagement, vi f\u00e5r fra vores partnere. Vi er stolte af at kunne pr\u00e6sentere dem her:<\/p>\t\t\t\t\t\t\t\t<\/div>\n\t\t\t\t<\/div>\n\t\t\t\t<\/div>\n\t\t\t\t<\/div>\n\t\t\t\t\t<\/div>\n\t\t\t\t<\/div>\n\t\t<div class=\"elementor-element elementor-element-2f33de1b e-flex e-con-boxed e-con e-parent\" data-id=\"2f33de1b\" data-element_type=\"container\">\n\t\t\t\t\t<div class=\"e-con-inner\">\n\t\t<div class=\"elementor-element elementor-element-41baf00 e-con-full e-flex e-con e-child\" data-id=\"41baf00\" data-element_type=\"container\">\n\t\t\t\t<div class=\"elementor-element elementor-element-8b22417 elementor-grid-4 elementor-grid-tablet-2 elementor-grid-mobile-1 elementor-widget elementor-widget-loop-grid\" data-id=\"8b22417\" data-element_type=\"widget\" data-settings=\"{&quot;template_id&quot;:&quot;2995&quot;,&quot;columns&quot;:4,&quot;pagination_type&quot;:&quot;load_more_infinite_scroll&quot;,&quot;_skin&quot;:&quot;post&quot;,&quot;columns_tablet&quot;:&quot;2&quot;,&quot;columns_mobile&quot;:&quot;1&quot;,&quot;edit_handle_selector&quot;:&quot;[data-elementor-type=\\&quot;loop-item\\&quot;]&quot;,&quot;load_more_spinner&quot;:{&quot;value&quot;:&quot;fas fa-spinner&quot;,&quot;library&quot;:&quot;fa-solid&quot;},&quot;row_gap&quot;:{&quot;unit&quot;:&quot;px&quot;,&quot;size&quot;:&quot;&quot;,&quot;sizes&quot;:[]},&quot;row_gap_tablet&quot;:{&quot;unit&quot;:&quot;px&quot;,&quot;size&quot;:&quot;&quot;,&quot;sizes&quot;:[]},&quot;row_gap_mobile&quot;:{&quot;unit&quot;:&quot;px&quot;,&quot;size&quot;:&quot;&quot;,&quot;sizes&quot;:[]}}\" data-widget_type=\"loop-grid.post\">\n\t\t\t\t<div class=\"elementor-widget-container\">\n\t\t\t\t\t\t\t<div class=\"elementor-loop-container elementor-grid\" role=\"list\">\n\t\t<style id=\"loop-2995\">.elementor-2995 .elementor-element.elementor-element-6b9a5bb{--display:flex;--flex-direction:column;--container-widget-width:100%;--container-widget-height:initial;--container-widget-flex-grow:0;--container-widget-align-self:initial;--flex-wrap-mobile:wrap;--gap:0px 0px;--row-gap:0px;--column-gap:0px;}.elementor-2995 .elementor-element.elementor-element-55e7199{--display:flex;--gap:6px 6px;--row-gap:6px;--column-gap:6px;--border-radius:5px 5px 5px 5px;box-shadow:0px 0px 49px 0px rgba(0, 0, 0, 0.17);--padding-top:10px;--padding-bottom:25px;--padding-left:10px;--padding-right:10px;}.elementor-2995 .elementor-element.elementor-element-55e7199:hover{box-shadow:0px 0px 14px 9px rgba(0, 0, 0, 0.14);}.elementor-2995 .elementor-element.elementor-element-3f58900 > .elementor-widget-container{margin:0px 0px -7px 0px;border-radius:5px 5px 0px 0px;}.elementor-2995 .elementor-element.elementor-element-3f58900.elementor-element{--align-self:stretch;}.elementor-widget-theme-post-title .elementor-heading-title{font-family:var( --e-global-typography-primary-font-family ), Sans-serif;font-weight:var( --e-global-typography-primary-font-weight );color:var( --e-global-color-primary );}.elementor-2995 .elementor-element.elementor-element-2a9e3a8 > .elementor-widget-container{margin:10px 0px 0px 0px;}.elementor-2995 .elementor-element.elementor-element-2a9e3a8{text-align:center;}.elementor-2995 .elementor-element.elementor-element-2a9e3a8 .elementor-heading-title{font-family:\"Figtree\", Sans-serif;font-weight:700;color:var( --e-global-color-secondary );}@media(min-width:768px){.elementor-2995 .elementor-element.elementor-element-6b9a5bb{--content-width:100%;}}<\/style>\t\t<div data-elementor-type=\"loop-item\" data-elementor-id=\"2995\" class=\"elementor elementor-2995 e-loop-item e-loop-item-7161 post-7161 company type-company status-publish hentry category-all category-hansa category-samarbetspartners category-show-on-map\" data-elementor-post-type=\"elementor_library\" data-custom-edit-handle=\"1\">\n\t\t\t<a class=\"elementor-element elementor-element-6b9a5bb e-flex e-con-boxed e-con e-parent\" data-id=\"6b9a5bb\" data-element_type=\"container\" href=\"https:\/\/malmocity.se\/da\/company\/hansa\/\">\n\t\t\t\t\t<div class=\"e-con-inner\">\n\t\t<div class=\"elementor-element elementor-element-55e7199 e-con-full e-flex e-con e-child\" data-id=\"55e7199\" data-element_type=\"container\">\n\t\t\t\t<div class=\"elementor-element elementor-element-3f58900 elementor-widget elementor-widget-shortcode\" data-id=\"3f58900\" data-element_type=\"widget\" data-widget_type=\"shortcode.default\">\n\t\t\t\t<div class=\"elementor-widget-container\">\n\t\t\t\t\t\t\t<div class=\"elementor-shortcode\"><div class=\"covers-gallery\"><div class=\"intermail-item\"><img decoding=\"async\" src=\"https:\/\/www.chainels.com\/file\/178dd9f2-37cd-40bc-a373-9b326b8acf51\/original\" alt=\"\" \/><\/div><\/div><\/div>\n\t\t\t\t\t\t<\/div>\n\t\t\t\t<\/div>\n\t\t\t\t<div class=\"elementor-element elementor-element-2a9e3a8 elementor-widget elementor-widget-theme-post-title elementor-page-title elementor-widget-heading\" data-id=\"2a9e3a8\" data-element_type=\"widget\" data-widget_type=\"theme-post-title.default\">\n\t\t\t\t<div class=\"elementor-widget-container\">\n\t\t\t\t\t<h5 class=\"elementor-heading-title elementor-size-default\">Hansa<\/h5>\t\t\t\t<\/div>\n\t\t\t\t<\/div>\n\t\t\t\t<\/div>\n\t\t\t\t\t<\/div>\n\t\t\t\t<\/a>\n\t\t\t\t<\/div>\n\t\t\t\t<div data-elementor-type=\"loop-item\" data-elementor-id=\"2995\" class=\"elementor elementor-2995 e-loop-item e-loop-item-7176 post-7176 company type-company status-publish hentry category-accepts-the-gift-card category-access-for-disabled category-all category-cafe category-cf category-livsmedel category-malmo-saluhall category-restaurang category-samarbetspartners category-show-on-map category-sondagsoppet category-zon-4\" data-elementor-post-type=\"elementor_library\" data-custom-edit-handle=\"1\">\n\t\t\t<a class=\"elementor-element elementor-element-6b9a5bb e-flex e-con-boxed e-con e-parent\" data-id=\"6b9a5bb\" data-element_type=\"container\" href=\"https:\/\/malmocity.se\/da\/company\/malmo-saluhall\/\">\n\t\t\t\t\t<div class=\"e-con-inner\">\n\t\t<div class=\"elementor-element elementor-element-55e7199 e-con-full e-flex e-con e-child\" data-id=\"55e7199\" data-element_type=\"container\">\n\t\t\t\t<div class=\"elementor-element elementor-element-3f58900 elementor-widget elementor-widget-shortcode\" data-id=\"3f58900\" data-element_type=\"widget\" data-widget_type=\"shortcode.default\">\n\t\t\t\t<div class=\"elementor-widget-container\">\n\t\t\t\t\t\t\t<div class=\"elementor-shortcode\"><div class=\"covers-gallery\"><div class=\"intermail-item\"><img decoding=\"async\" src=\"https:\/\/www.chainels.com\/file\/39941531-369f-4cbb-9714-1373d187b330\/original\" alt=\"\" \/><\/div><\/div><\/div>\n\t\t\t\t\t\t<\/div>\n\t\t\t\t<\/div>\n\t\t\t\t<div class=\"elementor-element elementor-element-2a9e3a8 elementor-widget elementor-widget-theme-post-title elementor-page-title elementor-widget-heading\" data-id=\"2a9e3a8\" data-element_type=\"widget\" data-widget_type=\"theme-post-title.default\">\n\t\t\t\t<div class=\"elementor-widget-container\">\n\t\t\t\t\t<h5 class=\"elementor-heading-title elementor-size-default\">Markedshallen i Malm\u00f8<\/h5>\t\t\t\t<\/div>\n\t\t\t\t<\/div>\n\t\t\t\t<\/div>\n\t\t\t\t\t<\/div>\n\t\t\t\t<\/a>\n\t\t\t\t<\/div>\n\t\t\t\t<div data-elementor-type=\"loop-item\" data-elementor-id=\"2995\" class=\"elementor elementor-2995 e-loop-item e-loop-item-7159 post-7159 company type-company status-publish hentry category-accepts-the-gift-card category-all category-cf category-samarbetspartners category-triangeln\" data-elementor-post-type=\"elementor_library\" data-custom-edit-handle=\"1\">\n\t\t\t<a class=\"elementor-element elementor-element-6b9a5bb e-flex e-con-boxed e-con e-parent\" data-id=\"6b9a5bb\" data-element_type=\"container\" href=\"https:\/\/malmocity.se\/da\/company\/triangeln\/\">\n\t\t\t\t\t<div class=\"e-con-inner\">\n\t\t<div class=\"elementor-element elementor-element-55e7199 e-con-full e-flex e-con e-child\" data-id=\"55e7199\" data-element_type=\"container\">\n\t\t\t\t<div class=\"elementor-element elementor-element-3f58900 elementor-widget elementor-widget-shortcode\" data-id=\"3f58900\" data-element_type=\"widget\" data-widget_type=\"shortcode.default\">\n\t\t\t\t<div class=\"elementor-widget-container\">\n\t\t\t\t\t\t\t<div class=\"elementor-shortcode\"><div class=\"covers-gallery\"><div class=\"intermail-item\"><img decoding=\"async\" src=\"https:\/\/www.chainels.com\/file\/068fc593-18dc-4c51-a78c-96a7c3027463\/original\" alt=\"\" \/><\/div><\/div><\/div>\n\t\t\t\t\t\t<\/div>\n\t\t\t\t<\/div>\n\t\t\t\t<div class=\"elementor-element elementor-element-2a9e3a8 elementor-widget elementor-widget-theme-post-title elementor-page-title elementor-widget-heading\" data-id=\"2a9e3a8\" data-element_type=\"widget\" data-widget_type=\"theme-post-title.default\">\n\t\t\t\t<div class=\"elementor-widget-container\">\n\t\t\t\t\t<h5 class=\"elementor-heading-title elementor-size-default\">trekanter<\/h5>\t\t\t\t<\/div>\n\t\t\t\t<\/div>\n\t\t\t\t<\/div>\n\t\t\t\t\t<\/div>\n\t\t\t\t<\/a>\n\t\t\t\t<\/div>\n\t\t\t\t<div data-elementor-type=\"loop-item\" data-elementor-id=\"2995\" class=\"elementor elementor-2995 e-loop-item e-loop-item-7158 post-7158 company type-company status-publish hentry category-all category-samarbetspartners\" data-elementor-post-type=\"elementor_library\" data-custom-edit-handle=\"1\">\n\t\t\t<a class=\"elementor-element elementor-element-6b9a5bb e-flex e-con-boxed e-con e-parent\" data-id=\"6b9a5bb\" data-element_type=\"container\" href=\"https:\/\/malmocity.se\/da\/company\/oresundsbron\/\">\n\t\t\t\t\t<div class=\"e-con-inner\">\n\t\t<div class=\"elementor-element elementor-element-55e7199 e-con-full e-flex e-con e-child\" data-id=\"55e7199\" data-element_type=\"container\">\n\t\t\t\t<div class=\"elementor-element elementor-element-3f58900 elementor-widget elementor-widget-shortcode\" data-id=\"3f58900\" data-element_type=\"widget\" data-widget_type=\"shortcode.default\">\n\t\t\t\t<div class=\"elementor-widget-container\">\n\t\t\t\t\t\t\t<div class=\"elementor-shortcode\"><div class=\"covers-gallery\"><div class=\"intermail-item\"><img decoding=\"async\" src=\"https:\/\/www.chainels.com\/file\/ecddd1dc-ea89-4c64-ae83-b351b31f5433\/original\" alt=\"\" \/><\/div><\/div><\/div>\n\t\t\t\t\t\t<\/div>\n\t\t\t\t<\/div>\n\t\t\t\t<div class=\"elementor-element elementor-element-2a9e3a8 elementor-widget elementor-widget-theme-post-title elementor-page-title elementor-widget-heading\" data-id=\"2a9e3a8\" data-element_type=\"widget\" data-widget_type=\"theme-post-title.default\">\n\t\t\t\t<div class=\"elementor-widget-container\">\n\t\t\t\t\t<h5 class=\"elementor-heading-title elementor-size-default\">\u00d8resundsbroen<\/h5>\t\t\t\t<\/div>\n\t\t\t\t<\/div>\n\t\t\t\t<\/div>\n\t\t\t\t\t<\/div>\n\t\t\t\t<\/a>\n\t\t\t\t<\/div>\n\t\t\t\t<div data-elementor-type=\"loop-item\" data-elementor-id=\"2995\" class=\"elementor elementor-2995 e-loop-item e-loop-item-7170 post-7170 company type-company status-publish hentry category-all category-im category-other category-samarbetspartners category-zon-2\" data-elementor-post-type=\"elementor_library\" data-custom-edit-handle=\"1\">\n\t\t\t<a class=\"elementor-element elementor-element-6b9a5bb e-flex e-con-boxed e-con e-parent\" data-id=\"6b9a5bb\" data-element_type=\"container\" href=\"https:\/\/malmocity.se\/da\/company\/almi-foretagspartner-skane\/\">\n\t\t\t\t\t<div class=\"e-con-inner\">\n\t\t<div class=\"elementor-element elementor-element-55e7199 e-con-full e-flex e-con e-child\" data-id=\"55e7199\" data-element_type=\"container\">\n\t\t\t\t<div class=\"elementor-element elementor-element-3f58900 elementor-widget elementor-widget-shortcode\" data-id=\"3f58900\" data-element_type=\"widget\" data-widget_type=\"shortcode.default\">\n\t\t\t\t<div class=\"elementor-widget-container\">\n\t\t\t\t\t\t\t<div class=\"elementor-shortcode\"><div class=\"covers-gallery\"><div class=\"intermail-item\"><img decoding=\"async\" src=\"https:\/\/www.chainels.com\/file\/f4acc0bd-2832-4d3b-96a5-fdf4e73af554\/original\" alt=\"\" \/><\/div><\/div><\/div>\n\t\t\t\t\t\t<\/div>\n\t\t\t\t<\/div>\n\t\t\t\t<div class=\"elementor-element elementor-element-2a9e3a8 elementor-widget elementor-widget-theme-post-title elementor-page-title elementor-widget-heading\" data-id=\"2a9e3a8\" data-element_type=\"widget\" data-widget_type=\"theme-post-title.default\">\n\t\t\t\t<div class=\"elementor-widget-container\">\n\t\t\t\t\t<h5 class=\"elementor-heading-title elementor-size-default\">Almi Virksomhedspartner Sk\u00e5ne<\/h5>\t\t\t\t<\/div>\n\t\t\t\t<\/div>\n\t\t\t\t<\/div>\n\t\t\t\t\t<\/div>\n\t\t\t\t<\/a>\n\t\t\t\t<\/div>\n\t\t\t\t<\/div>\n\t\t\t\t\t<span class=\"e-load-more-spinner\">\n\t\t\t\t<svg aria-hidden=\"true\" class=\"e-font-icon-svg e-fas-spinner\" viewbox=\"0 0 512 512\" xmlns=\"http:\/\/www.w3.org\/2000\/svg\"><path d=\"M304 48c0 26.51-21.49 48-48 48s-48-21.49-48-48 21.49-48 48-48 48 21.49 48 48zm-48 368c-26.51 0-48 21.49-48 48s21.49 48 48 48 48-21.49 48-48-21.49-48-48-48zm208-208c-26.51 0-48 21.49-48 48s21.49 48 48 48 48-21.49 48-48-21.49-48-48-48zM96 256c0-26.51-21.49-48-48-48S0 229.49 0 256s21.49 48 48 48 48-21.49 48-48zm12.922 99.078c-26.51 0-48 21.49-48 48s21.49 48 48 48 48-21.49 48-48c0-26.509-21.491-48-48-48zm294.156 0c-26.51 0-48 21.49-48 48s21.49 48 48 48 48-21.49 48-48c0-26.509-21.49-48-48-48zM108.922 60.922c-26.51 0-48 21.49-48 48s21.49 48 48 48 48-21.49 48-48-21.491-48-48-48z\"><\/path><\/svg>\t\t\t<\/span>\n\t\t\n\t\t\t\t\t\t<\/div>\n\t\t\t\t<\/div>\n\t\t\t\t<\/div>\n\t\t\t\t\t<\/div>\n\t\t\t\t<\/div>\n\t\t\t\t<\/div>","protected":false},"excerpt":{"rendered":"<p>Forside - Om os - Partnere Partnere Samarbejde er det, vi er bedst til, og vi er meget taknemmelige for det st\u00e6rke engagement, vi f\u00e5r fra vores partnere. Vi er stolte af at kunne pr\u00e6sentere dem her:<\/p>","protected":false},"author":1,"featured_media":0,"parent":2722,"menu_order":0,"comment_status":"closed","ping_status":"closed","template":"","meta":{"_acf_changed":false,"footnotes":""},"class_list":["post-2818","page","type-page","status-publish","hentry"],"acf":[],"_links":{"self":[{"href":"https:\/\/malmocity.se\/da\/wp-json\/wp\/v2\/pages\/2818","targetHints":{"allow":["GET"]}}],"collection":[{"href":"https:\/\/malmocity.se\/da\/wp-json\/wp\/v2\/pages"}],"about":[{"href":"https:\/\/malmocity.se\/da\/wp-json\/wp\/v2\/types\/page"}],"author":[{"embeddable":true,"href":"https:\/\/malmocity.se\/da\/wp-json\/wp\/v2\/users\/1"}],"replies":[{"embeddable":true,"href":"https:\/\/malmocity.se\/da\/wp-json\/wp\/v2\/comments?post=2818"}],"version-history":[{"count":0,"href":"https:\/\/malmocity.se\/da\/wp-json\/wp\/v2\/pages\/2818\/revisions"}],"up":[{"embeddable":true,"href":"https:\/\/malmocity.se\/da\/wp-json\/wp\/v2\/pages\/2722"}],"wp:attachment":[{"href":"https:\/\/malmocity.se\/da\/wp-json\/wp\/v2\/media?parent=2818"}],"curies":[{"name":"wp","href":"https:\/\/api.w.org\/{rel}","templated":true}]}}