{"id":4521,"date":"2025-03-20T13:51:51","date_gmt":"2025-03-20T12:51:51","guid":{"rendered":"https:\/\/malmocity.se\/?page_id=4521"},"modified":"2025-04-16T08:03:32","modified_gmt":"2025-04-16T07:03:32","slug":"parker","status":"publish","type":"page","link":"https:\/\/malmocity.se\/da\/parker\/","title":{"rendered":"Parker"},"content":{"rendered":"<div data-elementor-type=\"wp-page\" data-elementor-id=\"4521\" class=\"elementor elementor-4521\" data-elementor-post-type=\"page\">\n\t\t\t\t<div class=\"elementor-element elementor-element-571a1cd e-flex e-con-boxed e-con e-parent\" data-id=\"571a1cd\" data-element_type=\"container\" data-settings=\"{&quot;background_background&quot;:&quot;classic&quot;}\">\n\t\t\t\t\t<div class=\"e-con-inner\">\n\t\t<div class=\"elementor-element elementor-element-a43fa34 e-con-full e-flex e-con e-child\" data-id=\"a43fa34\" data-element_type=\"container\">\n\t\t\t\t<\/div>\n\t\t\t\t\t<\/div>\n\t\t\t\t<\/div>\n\t\t<div class=\"elementor-element elementor-element-c9b0c5c e-flex e-con-boxed e-con e-parent\" data-id=\"c9b0c5c\" data-element_type=\"container\">\n\t\t\t\t\t<div class=\"e-con-inner\">\n\t\t<div class=\"elementor-element elementor-element-37c0ad1 e-con-full e-flex e-con e-child\" data-id=\"37c0ad1\" data-element_type=\"container\">\n\t\t<div class=\"elementor-element elementor-element-b236b09 e-con-full e-flex e-con e-child\" data-id=\"b236b09\" data-element_type=\"container\">\n\t\t\t\t<div class=\"elementor-element elementor-element-edf53ed elementor-widget elementor-widget-heading\" data-id=\"edf53ed\" data-element_type=\"widget\" data-widget_type=\"heading.default\">\n\t\t\t\t<div class=\"elementor-widget-container\">\n\t\t\t\t\t<h1 class=\"elementor-heading-title elementor-size-default\">Parker i Malm\u00f8 centrum<\/h1>\t\t\t\t<\/div>\n\t\t\t\t<\/div>\n\t\t\t\t<div class=\"elementor-element elementor-element-43b9e43 elementor-widget elementor-widget-text-editor\" data-id=\"43b9e43\" data-element_type=\"widget\" data-widget_type=\"text-editor.default\">\n\t\t\t\t<div class=\"elementor-widget-container\">\n\t\t\t\t\t\t\t\t\t<p><strong>Oplev den gr\u00f8nneste side af byen!<\/strong><\/p>\n<p>Malm\u00f8 omtales ofte som parkernes by, og der er et v\u00e6ld af smukke gr\u00f8nne omr\u00e5der at udforske i byens centrum. Der er en bred vifte af gr\u00f8nne omr\u00e5der, fra livlige m\u00f8desteder til <br>stille oaser, hvor man kan slappe af, g\u00e5 en tur eller deltage i forskellige aktiviteter. <br>Hver park har sin egen charme og atmosf\u00e6re, uanset om du leder efter et sted at slappe af eller...&nbsp;<br><span style=\"color: var( --e-global-color-text );\">og&nbsp;<\/span><span style=\"color: var( --e-global-color-text );\">sjov aktivitet, der er noget for alle.&nbsp;<\/span><\/p>\t\t\t\t\t\t\t\t<\/div>\n\t\t\t\t<\/div>\n\t\t\t\t<\/div>\n\t\t\t\t<\/div>\n\t\t\t\t\t<\/div>\n\t\t\t\t<\/div>\n\t\t<div class=\"elementor-element elementor-element-e2435ed e-grid e-con-boxed e-con e-parent\" data-id=\"e2435ed\" data-element_type=\"container\">\n\t\t\t\t\t<div class=\"e-con-inner\">\n\t\t<div class=\"elementor-element elementor-element-f63b4ba e-con-full e-flex e-con e-child\" data-id=\"f63b4ba\" data-element_type=\"container\">\n\t\t<div class=\"elementor-element elementor-element-6cfa37c e-con-full e-flex e-con e-child\" data-id=\"6cfa37c\" data-element_type=\"container\" data-settings=\"{&quot;background_background&quot;:&quot;classic&quot;}\">\n\t\t\t\t<\/div>\n\t\t<div class=\"elementor-element elementor-element-598a9da e-con-full e-flex e-con e-child\" data-id=\"598a9da\" data-element_type=\"container\" data-settings=\"{&quot;background_background&quot;:&quot;classic&quot;}\">\n\t\t\t\t<div class=\"elementor-element elementor-element-ac709f2 elementor-widget elementor-widget-heading\" data-id=\"ac709f2\" data-element_type=\"widget\" data-widget_type=\"heading.default\">\n\t\t\t\t<div class=\"elementor-widget-container\">\n\t\t\t\t\t<h2 class=\"elementor-heading-title elementor-size-default\">Slotsparken<\/h2>\t\t\t\t<\/div>\n\t\t\t\t<\/div>\n\t\t\t\t<div class=\"elementor-element elementor-element-5bbbab5 elementor-widget elementor-widget-text-editor\" data-id=\"5bbbab5\" data-element_type=\"widget\" data-widget_type=\"text-editor.default\">\n\t\t\t\t<div class=\"elementor-widget-container\">\n\t\t\t\t\t\t\t\t\t<p class=\"translation-block\">Slottsparken er en historisk park med popul\u00e6re vandrestier. <p>Parken har store gr\u00f8nne omr\u00e5der, en temalegeplads og en \"l\u00f8rdagsplads\", som bruges til arrangementer.<\/p>\t\t\t\t\t\t\t\t<\/div>\n\t\t\t\t<\/div>\n\t\t\t\t<div class=\"elementor-element elementor-element-8d1052f elementor-align-right elementor-widget elementor-widget-button\" data-id=\"8d1052f\" data-element_type=\"widget\" data-widget_type=\"button.default\">\n\t\t\t\t<div class=\"elementor-widget-container\">\n\t\t\t\t\t\t\t\t\t<div class=\"elementor-button-wrapper\">\n\t\t\t\t\t<a class=\"elementor-button elementor-button-link elementor-size-sm\" href=\"https:\/\/malmo.se\/Uppleva-och-gora\/Natur-och-parker\/Parker-i-Malmo\/Slottsparken.html\" target=\"_blank\" rel=\"noopener\">\n\t\t\t\t\t\t<span class=\"elementor-button-content-wrapper\">\n\t\t\t\t\t\t<span class=\"elementor-button-icon\">\n\t\t\t\t<i aria-hidden=\"true\" class=\"far fa-long-arrow-right\"><\/i>\t\t\t<\/span>\n\t\t\t\t\t\t\t\t\t<span class=\"elementor-button-text\">L\u00e6s mere om det<\/span>\n\t\t\t\t\t<\/span>\n\t\t\t\t\t<\/a>\n\t\t\t\t<\/div>\n\t\t\t\t\t\t\t\t<\/div>\n\t\t\t\t<\/div>\n\t\t\t\t<\/div>\n\t\t\t\t<\/div>\n\t\t<div class=\"elementor-element elementor-element-2f04791 e-con-full e-flex e-con e-child\" data-id=\"2f04791\" data-element_type=\"container\">\n\t\t<div class=\"elementor-element elementor-element-7333d63 e-con-full e-flex e-con e-child\" data-id=\"7333d63\" data-element_type=\"container\" data-settings=\"{&quot;background_background&quot;:&quot;classic&quot;}\">\n\t\t\t\t<\/div>\n\t\t<div class=\"elementor-element elementor-element-29f5f6e e-con-full e-flex e-con e-child\" data-id=\"29f5f6e\" data-element_type=\"container\" data-settings=\"{&quot;background_background&quot;:&quot;classic&quot;}\">\n\t\t\t\t<div class=\"elementor-element elementor-element-82e933b elementor-widget elementor-widget-heading\" data-id=\"82e933b\" data-element_type=\"widget\" data-widget_type=\"heading.default\">\n\t\t\t\t<div class=\"elementor-widget-container\">\n\t\t\t\t\t<h2 class=\"elementor-heading-title elementor-size-default\">Pildamm Park<\/h2>\t\t\t\t<\/div>\n\t\t\t\t<\/div>\n\t\t\t\t<div class=\"elementor-element elementor-element-a9f4820 elementor-widget elementor-widget-text-editor\" data-id=\"a9f4820\" data-element_type=\"widget\" data-widget_type=\"text-editor.default\">\n\t\t\t\t<div class=\"elementor-widget-container\">\n\t\t\t\t\t\t\t\t\t<p class=\"translation-block\">Pildammsparken er en smuk park med store gr\u00e6sarealer, springvand og en imponerende dam. Parken byder ogs\u00e5 p\u00e5 flere temalegepladser, et udend\u00f8rs fitnesscenter og et popul\u00e6rt picnicomr\u00e5de.<\/p>\t\t\t\t\t\t\t\t<\/div>\n\t\t\t\t<\/div>\n\t\t\t\t<div class=\"elementor-element elementor-element-59cf9ce elementor-align-right elementor-widget elementor-widget-button\" data-id=\"59cf9ce\" data-element_type=\"widget\" data-widget_type=\"button.default\">\n\t\t\t\t<div class=\"elementor-widget-container\">\n\t\t\t\t\t\t\t\t\t<div class=\"elementor-button-wrapper\">\n\t\t\t\t\t<a class=\"elementor-button elementor-button-link elementor-size-sm\" href=\"https:\/\/malmo.se\/Uppleva-och-gora\/Natur-och-parker\/Parker-i-Malmo\/Pildammsparken.html\" target=\"_blank\" rel=\"noopener\">\n\t\t\t\t\t\t<span class=\"elementor-button-content-wrapper\">\n\t\t\t\t\t\t<span class=\"elementor-button-icon\">\n\t\t\t\t<i aria-hidden=\"true\" class=\"far fa-long-arrow-right\"><\/i>\t\t\t<\/span>\n\t\t\t\t\t\t\t\t\t<span class=\"elementor-button-text\">L\u00e6s mere om det<\/span>\n\t\t\t\t\t<\/span>\n\t\t\t\t\t<\/a>\n\t\t\t\t<\/div>\n\t\t\t\t\t\t\t\t<\/div>\n\t\t\t\t<\/div>\n\t\t\t\t<\/div>\n\t\t\t\t<\/div>\n\t\t<div class=\"elementor-element elementor-element-6976541 e-con-full e-flex e-con e-child\" data-id=\"6976541\" data-element_type=\"container\">\n\t\t<div class=\"elementor-element elementor-element-9ca5487 e-con-full e-flex e-con e-child\" data-id=\"9ca5487\" data-element_type=\"container\" data-settings=\"{&quot;background_background&quot;:&quot;classic&quot;}\">\n\t\t\t\t<\/div>\n\t\t<div class=\"elementor-element elementor-element-9ec43ed e-con-full e-flex e-con e-child\" data-id=\"9ec43ed\" data-element_type=\"container\" data-settings=\"{&quot;background_background&quot;:&quot;classic&quot;}\">\n\t\t\t\t<div class=\"elementor-element elementor-element-1ff49a3 elementor-widget elementor-widget-heading\" data-id=\"1ff49a3\" data-element_type=\"widget\" data-widget_type=\"heading.default\">\n\t\t\t\t<div class=\"elementor-widget-container\">\n\t\t\t\t\t<h2 class=\"elementor-heading-title elementor-size-default\">Kongens Park<\/h2>\t\t\t\t<\/div>\n\t\t\t\t<\/div>\n\t\t\t\t<div class=\"elementor-element elementor-element-b65b9e6 elementor-widget elementor-widget-text-editor\" data-id=\"b65b9e6\" data-element_type=\"widget\" data-widget_type=\"text-editor.default\">\n\t\t\t\t<div class=\"elementor-widget-container\">\n\t\t\t\t\t\t\t\t\t<p>Kungsparken er en gr\u00f8n oase i n\u00e6rheden af Malm\u00f6hus Slot. Parken er Malm\u00f8s \u00e6ldste og er kendt for sine smukke all\u00e9er og springvand. Parken er ogs\u00e5 hjemsted for mange eksotiske tr\u00e6er og planter.\u00a0<\/p>\t\t\t\t\t\t\t\t<\/div>\n\t\t\t\t<\/div>\n\t\t\t\t<div class=\"elementor-element elementor-element-2e30df0 elementor-align-right elementor-widget elementor-widget-button\" data-id=\"2e30df0\" data-element_type=\"widget\" data-widget_type=\"button.default\">\n\t\t\t\t<div class=\"elementor-widget-container\">\n\t\t\t\t\t\t\t\t\t<div class=\"elementor-button-wrapper\">\n\t\t\t\t\t<a class=\"elementor-button elementor-button-link elementor-size-sm\" href=\"https:\/\/malmo.se\/Uppleva-och-gora\/Natur-och-parker\/Parker-i-Malmo\/Kungsparken.html\" target=\"_blank\" rel=\"noopener\">\n\t\t\t\t\t\t<span class=\"elementor-button-content-wrapper\">\n\t\t\t\t\t\t<span class=\"elementor-button-icon\">\n\t\t\t\t<i aria-hidden=\"true\" class=\"far fa-long-arrow-right\"><\/i>\t\t\t<\/span>\n\t\t\t\t\t\t\t\t\t<span class=\"elementor-button-text\">L\u00e6s mere om det<\/span>\n\t\t\t\t\t<\/span>\n\t\t\t\t\t<\/a>\n\t\t\t\t<\/div>\n\t\t\t\t\t\t\t\t<\/div>\n\t\t\t\t<\/div>\n\t\t\t\t<\/div>\n\t\t\t\t<\/div>\n\t\t<div class=\"elementor-element elementor-element-c165774 e-con-full e-flex e-con e-child\" data-id=\"c165774\" data-element_type=\"container\">\n\t\t<div class=\"elementor-element elementor-element-601541f e-con-full e-flex e-con e-child\" data-id=\"601541f\" data-element_type=\"container\" data-settings=\"{&quot;background_background&quot;:&quot;classic&quot;}\">\n\t\t\t\t<\/div>\n\t\t<div class=\"elementor-element elementor-element-cc9972d e-con-full e-flex e-con e-child\" data-id=\"cc9972d\" data-element_type=\"container\" data-settings=\"{&quot;background_background&quot;:&quot;classic&quot;}\">\n\t\t\t\t<div class=\"elementor-element elementor-element-e9a56c8 elementor-widget elementor-widget-heading\" data-id=\"e9a56c8\" data-element_type=\"widget\" data-widget_type=\"heading.default\">\n\t\t\t\t<div class=\"elementor-widget-container\">\n\t\t\t\t\t<h2 class=\"elementor-heading-title elementor-size-default\">Raoul Wallenberg Park<\/h2>\t\t\t\t<\/div>\n\t\t\t\t<\/div>\n\t\t\t\t<div class=\"elementor-element elementor-element-a125410 elementor-widget elementor-widget-text-editor\" data-id=\"a125410\" data-element_type=\"widget\" data-widget_type=\"text-editor.default\">\n\t\t\t\t<div class=\"elementor-widget-container\">\n\t\t\t\t\t\t\t\t\t<p>Raoul Wallenberg Park ligger mellem Lilla Nygatan og kanalen. Her kan du slappe af og beundre G\u00f6ta-statuen og den rislende dam.&nbsp;<\/p>\t\t\t\t\t\t\t\t<\/div>\n\t\t\t\t<\/div>\n\t\t\t\t<div class=\"elementor-element elementor-element-ff0c1f6 elementor-align-right elementor-widget elementor-widget-button\" data-id=\"ff0c1f6\" data-element_type=\"widget\" data-widget_type=\"button.default\">\n\t\t\t\t<div class=\"elementor-widget-container\">\n\t\t\t\t\t\t\t\t\t<div class=\"elementor-button-wrapper\">\n\t\t\t\t\t<a class=\"elementor-button elementor-button-link elementor-size-sm\" href=\"https:\/\/malmo.se\/Stadsutveckling\/Det-har-ar-pa-gang-i-Malmo\/Lilla-Nygatan.html\" target=\"_blank\" rel=\"noopener\">\n\t\t\t\t\t\t<span class=\"elementor-button-content-wrapper\">\n\t\t\t\t\t\t<span class=\"elementor-button-icon\">\n\t\t\t\t<i aria-hidden=\"true\" class=\"far fa-long-arrow-right\"><\/i>\t\t\t<\/span>\n\t\t\t\t\t\t\t\t\t<span class=\"elementor-button-text\">L\u00e6s mere om det<\/span>\n\t\t\t\t\t<\/span>\n\t\t\t\t\t<\/a>\n\t\t\t\t<\/div>\n\t\t\t\t\t\t\t\t<\/div>\n\t\t\t\t<\/div>\n\t\t\t\t<\/div>\n\t\t\t\t<\/div>\n\t\t\t\t\t<\/div>\n\t\t\t\t<\/div>\n\t\t<div class=\"elementor-element elementor-element-e0e27f3 e-flex e-con-boxed e-con e-parent\" data-id=\"e0e27f3\" data-element_type=\"container\">\n\t\t\t\t\t<div class=\"e-con-inner\">\n\t\t\t\t\t<\/div>\n\t\t\t\t<\/div>\n\t\t\t\t<\/div>","protected":false},"excerpt":{"rendered":"<p>Parker i Malm\u00f6 City Oplev byens gr\u00f8nneste side! Malm\u00f8 omtales ofte som parkernes by, og der er masser af smukke gr\u00f8nne omr\u00e5der at udforske i byens centrum. Fra livlige m\u00f8desteder til stille oaser er der et varieret udvalg af gr\u00f8nne omr\u00e5der, hvor du kan slappe af, g\u00e5 en tur eller deltage i forskellige aktiviteter. Hver park [...]<\/p>","protected":false},"author":2,"featured_media":0,"parent":0,"menu_order":0,"comment_status":"closed","ping_status":"closed","template":"","meta":{"_acf_changed":false,"footnotes":""},"class_list":["post-4521","page","type-page","status-publish","hentry"],"acf":[],"_links":{"self":[{"href":"https:\/\/malmocity.se\/da\/wp-json\/wp\/v2\/pages\/4521","targetHints":{"allow":["GET"]}}],"collection":[{"href":"https:\/\/malmocity.se\/da\/wp-json\/wp\/v2\/pages"}],"about":[{"href":"https:\/\/malmocity.se\/da\/wp-json\/wp\/v2\/types\/page"}],"author":[{"embeddable":true,"href":"https:\/\/malmocity.se\/da\/wp-json\/wp\/v2\/users\/2"}],"replies":[{"embeddable":true,"href":"https:\/\/malmocity.se\/da\/wp-json\/wp\/v2\/comments?post=4521"}],"version-history":[{"count":81,"href":"https:\/\/malmocity.se\/da\/wp-json\/wp\/v2\/pages\/4521\/revisions"}],"predecessor-version":[{"id":5299,"href":"https:\/\/malmocity.se\/da\/wp-json\/wp\/v2\/pages\/4521\/revisions\/5299"}],"wp:attachment":[{"href":"https:\/\/malmocity.se\/da\/wp-json\/wp\/v2\/media?parent=4521"}],"curies":[{"name":"wp","href":"https:\/\/api.w.org\/{rel}","templated":true}]}}