{"id":4601,"date":"2025-04-03T15:12:41","date_gmt":"2025-04-03T14:12:41","guid":{"rendered":"https:\/\/malmocity.se\/?page_id=4601"},"modified":"2025-04-16T08:07:37","modified_gmt":"2025-04-16T07:07:37","slug":"museum","status":"publish","type":"page","link":"https:\/\/malmocity.se\/da\/museum\/","title":{"rendered":"Museum"},"content":{"rendered":"<div data-elementor-type=\"wp-page\" data-elementor-id=\"4601\" class=\"elementor elementor-4601\" data-elementor-post-type=\"page\">\n\t\t\t\t<div class=\"elementor-element elementor-element-3101a622 e-flex e-con-boxed e-con e-parent\" data-id=\"3101a622\" data-element_type=\"container\" data-settings=\"{&quot;background_background&quot;:&quot;classic&quot;}\">\n\t\t\t\t\t<div class=\"e-con-inner\">\n\t\t<div class=\"elementor-element elementor-element-23773dfe e-con-full e-flex e-con e-child\" data-id=\"23773dfe\" data-element_type=\"container\">\n\t\t\t\t<\/div>\n\t\t\t\t\t<\/div>\n\t\t\t\t<\/div>\n\t\t<div class=\"elementor-element elementor-element-71d39f3b e-flex e-con-boxed e-con e-parent\" data-id=\"71d39f3b\" data-element_type=\"container\">\n\t\t\t\t\t<div class=\"e-con-inner\">\n\t\t<div class=\"elementor-element elementor-element-ffa3d02 e-con-full e-flex e-con e-child\" data-id=\"ffa3d02\" data-element_type=\"container\">\n\t\t<div class=\"elementor-element elementor-element-3e326306 e-con-full e-flex e-con e-child\" data-id=\"3e326306\" data-element_type=\"container\">\n\t\t\t\t<div class=\"elementor-element elementor-element-50de20db elementor-widget elementor-widget-heading\" data-id=\"50de20db\" data-element_type=\"widget\" data-widget_type=\"heading.default\">\n\t\t\t\t<div class=\"elementor-widget-container\">\n\t\t\t\t\t<h1 class=\"elementor-heading-title elementor-size-default\">Museum i Malm\u00f8 by<\/h1>\t\t\t\t<\/div>\n\t\t\t\t<\/div>\n\t\t\t\t<div class=\"elementor-element elementor-element-f2fea9e elementor-widget elementor-widget-text-editor\" data-id=\"f2fea9e\" data-element_type=\"widget\" data-widget_type=\"text-editor.default\">\n\t\t\t\t<div class=\"elementor-widget-container\">\n\t\t\t\t\t\t\t\t\t<p><strong>Oplev byens historie og kunst!<\/strong><\/p>\n<p>Uanset om du er kunstelsker, historieentusiast eller bare nysgerrig efter at udforske byens kulturskatte, byder Malm\u00f8 p\u00e5 et v\u00e6ld af unikke museer for enhver smag. Fra moderne kunstgallerier og historiske slotte til interaktive oplevelser og fascinerende samlinger finder du noget for hele familien. Udforsk Malm\u00f8 gennem dens museer, og opdag en verden af kunst, kultur og innovation!<\/p>\t\t\t\t\t\t\t\t<\/div>\n\t\t\t\t<\/div>\n\t\t\t\t<\/div>\n\t\t\t\t<\/div>\n\t\t\t\t\t<\/div>\n\t\t\t\t<\/div>\n\t\t<div class=\"elementor-element elementor-element-61eb6b41 e-grid e-con-boxed e-con e-parent\" data-id=\"61eb6b41\" data-element_type=\"container\">\n\t\t\t\t\t<div class=\"e-con-inner\">\n\t\t<div class=\"elementor-element elementor-element-4b5e65e1 e-con-full e-flex e-con e-child\" data-id=\"4b5e65e1\" data-element_type=\"container\">\n\t\t<div class=\"elementor-element elementor-element-4cc0263c e-con-full e-flex e-con e-child\" data-id=\"4cc0263c\" data-element_type=\"container\" data-settings=\"{&quot;background_background&quot;:&quot;classic&quot;}\">\n\t\t\t\t<\/div>\n\t\t<div class=\"elementor-element elementor-element-3194e998 e-con-full e-flex e-con e-child\" data-id=\"3194e998\" data-element_type=\"container\" data-settings=\"{&quot;background_background&quot;:&quot;classic&quot;}\">\n\t\t\t\t<div class=\"elementor-element elementor-element-5cdfc3e8 elementor-widget elementor-widget-heading\" data-id=\"5cdfc3e8\" data-element_type=\"widget\" data-widget_type=\"heading.default\">\n\t\t\t\t<div class=\"elementor-widget-container\">\n\t\t\t\t\t<h2 class=\"elementor-heading-title elementor-size-default\">Malm\u00f6hus Slot<\/h2>\t\t\t\t<\/div>\n\t\t\t\t<\/div>\n\t\t\t\t<div class=\"elementor-element elementor-element-33c25c37 elementor-widget elementor-widget-text-editor\" data-id=\"33c25c37\" data-element_type=\"widget\" data-widget_type=\"text-editor.default\">\n\t\t\t\t<div class=\"elementor-widget-container\">\n\t\t\t\t\t\t\t\t\t<p class=\"translation-block\">Malm\u00f6hus Slot, det \u00e6ldste bevarede ren\u00e6ssanceslot i Norden, giver et unikt indblik i Malm\u00f8s og Sk\u00e5nes historie. Her kan du udforske alt fra slottets kongelige gulv til akvariet, som huser et sp\u00e6ndende undervandsliv med forskellige fiskearter og marine \u00f8kosystemer.<\/p>\t\t\t\t\t\t\t\t<\/div>\n\t\t\t\t<\/div>\n\t\t\t\t<div class=\"elementor-element elementor-element-366c82c0 elementor-align-right elementor-widget elementor-widget-button\" data-id=\"366c82c0\" data-element_type=\"widget\" data-widget_type=\"button.default\">\n\t\t\t\t<div class=\"elementor-widget-container\">\n\t\t\t\t\t\t\t\t\t<div class=\"elementor-button-wrapper\">\n\t\t\t\t\t<a class=\"elementor-button elementor-button-link elementor-size-sm\" href=\"https:\/\/malmo.se\/Uppleva-och-gora\/Konst-och-museer\/Malmo-museum.html\" target=\"_blank\" rel=\"noopener\">\n\t\t\t\t\t\t<span class=\"elementor-button-content-wrapper\">\n\t\t\t\t\t\t<span class=\"elementor-button-icon\">\n\t\t\t\t<i aria-hidden=\"true\" class=\"far fa-long-arrow-right\"><\/i>\t\t\t<\/span>\n\t\t\t\t\t\t\t\t\t<span class=\"elementor-button-text\">L\u00e6s mere om det<\/span>\n\t\t\t\t\t<\/span>\n\t\t\t\t\t<\/a>\n\t\t\t\t<\/div>\n\t\t\t\t\t\t\t\t<\/div>\n\t\t\t\t<\/div>\n\t\t\t\t<\/div>\n\t\t\t\t<\/div>\n\t\t<div class=\"elementor-element elementor-element-5550c7c4 e-con-full e-flex e-con e-child\" data-id=\"5550c7c4\" data-element_type=\"container\">\n\t\t<div class=\"elementor-element elementor-element-19651a33 e-con-full e-flex e-con e-child\" data-id=\"19651a33\" data-element_type=\"container\" data-settings=\"{&quot;background_background&quot;:&quot;classic&quot;}\">\n\t\t\t\t<\/div>\n\t\t<div class=\"elementor-element elementor-element-d1fe3c3 e-con-full e-flex e-con e-child\" data-id=\"d1fe3c3\" data-element_type=\"container\" data-settings=\"{&quot;background_background&quot;:&quot;classic&quot;}\">\n\t\t\t\t<div class=\"elementor-element elementor-element-4206830b elementor-widget elementor-widget-heading\" data-id=\"4206830b\" data-element_type=\"widget\" data-widget_type=\"heading.default\">\n\t\t\t\t<div class=\"elementor-widget-container\">\n\t\t\t\t\t<h2 class=\"elementor-heading-title elementor-size-default\">Malm\u00f8 Kunstcenter<\/h2>\t\t\t\t<\/div>\n\t\t\t\t<\/div>\n\t\t\t\t<div class=\"elementor-element elementor-element-67248cf1 elementor-widget elementor-widget-text-editor\" data-id=\"67248cf1\" data-element_type=\"widget\" data-widget_type=\"text-editor.default\">\n\t\t\t\t<div class=\"elementor-widget-container\">\n\t\t\t\t\t\t\t\t\t<p>Malm\u00f6 Konsthall er et af Nordens st\u00f8rste udstillingscentre for svensk og international samtidskunst. <br \/>Med gratis adgang og et varieret program er Kunsthalle et inspirerende m\u00f8dested for kunstelskere.<\/p>\t\t\t\t\t\t\t\t<\/div>\n\t\t\t\t<\/div>\n\t\t\t\t<div class=\"elementor-element elementor-element-6d012c6b elementor-align-right elementor-widget elementor-widget-button\" data-id=\"6d012c6b\" data-element_type=\"widget\" data-widget_type=\"button.default\">\n\t\t\t\t<div class=\"elementor-widget-container\">\n\t\t\t\t\t\t\t\t\t<div class=\"elementor-button-wrapper\">\n\t\t\t\t\t<a class=\"elementor-button elementor-button-link elementor-size-sm\" href=\"https:\/\/malmokonsthall.se\/\" target=\"_blank\" rel=\"noopener\">\n\t\t\t\t\t\t<span class=\"elementor-button-content-wrapper\">\n\t\t\t\t\t\t<span class=\"elementor-button-icon\">\n\t\t\t\t<i aria-hidden=\"true\" class=\"far fa-long-arrow-right\"><\/i>\t\t\t<\/span>\n\t\t\t\t\t\t\t\t\t<span class=\"elementor-button-text\">L\u00e6s mere om det<\/span>\n\t\t\t\t\t<\/span>\n\t\t\t\t\t<\/a>\n\t\t\t\t<\/div>\n\t\t\t\t\t\t\t\t<\/div>\n\t\t\t\t<\/div>\n\t\t\t\t<\/div>\n\t\t\t\t<\/div>\n\t\t<div class=\"elementor-element elementor-element-7d5a68de e-con-full e-flex e-con e-child\" data-id=\"7d5a68de\" data-element_type=\"container\">\n\t\t<div class=\"elementor-element elementor-element-3b3e3397 e-con-full e-flex e-con e-child\" data-id=\"3b3e3397\" data-element_type=\"container\" data-settings=\"{&quot;background_background&quot;:&quot;classic&quot;}\">\n\t\t\t\t<\/div>\n\t\t<div class=\"elementor-element elementor-element-5f22acd0 e-con-full e-flex e-con e-child\" data-id=\"5f22acd0\" data-element_type=\"container\" data-settings=\"{&quot;background_background&quot;:&quot;classic&quot;}\">\n\t\t\t\t<div class=\"elementor-element elementor-element-71c4b1ae elementor-widget elementor-widget-heading\" data-id=\"71c4b1ae\" data-element_type=\"widget\" data-widget_type=\"heading.default\">\n\t\t\t\t<div class=\"elementor-widget-container\">\n\t\t\t\t\t<h2 class=\"elementor-heading-title elementor-size-default\">Ul\u00e6kkert madmuseum<\/h2>\t\t\t\t<\/div>\n\t\t\t\t<\/div>\n\t\t\t\t<div class=\"elementor-element elementor-element-805091d elementor-widget elementor-widget-text-editor\" data-id=\"805091d\" data-element_type=\"widget\" data-widget_type=\"text-editor.default\">\n\t\t\t\t<div class=\"elementor-widget-container\">\n\t\t\t\t\t\t\t\t\t<p>The Disgusting Food Museum i Malm\u00f8 er en unik oplevelse, hvor bes\u00f8gende kan udforske verdens mest 'ul\u00e6kre' f\u00f8devarer som sure sild, marsvin og ost med levende larver. <br \/>Et sted, hvor mad og afsky m\u00f8des p\u00e5 en udfordrende og sjov m\u00e5de.<\/p>\t\t\t\t\t\t\t\t<\/div>\n\t\t\t\t<\/div>\n\t\t\t\t<div class=\"elementor-element elementor-element-38ac0364 elementor-align-right elementor-widget elementor-widget-button\" data-id=\"38ac0364\" data-element_type=\"widget\" data-widget_type=\"button.default\">\n\t\t\t\t<div class=\"elementor-widget-container\">\n\t\t\t\t\t\t\t\t\t<div class=\"elementor-button-wrapper\">\n\t\t\t\t\t<a class=\"elementor-button elementor-button-link elementor-size-sm\" href=\"https:\/\/disgustingfoodmuseum.com\/malmo_se21\/\" target=\"_blank\" rel=\"noopener\">\n\t\t\t\t\t\t<span class=\"elementor-button-content-wrapper\">\n\t\t\t\t\t\t<span class=\"elementor-button-icon\">\n\t\t\t\t<i aria-hidden=\"true\" class=\"far fa-long-arrow-right\"><\/i>\t\t\t<\/span>\n\t\t\t\t\t\t\t\t\t<span class=\"elementor-button-text\">L\u00e6s mere om det<\/span>\n\t\t\t\t\t<\/span>\n\t\t\t\t\t<\/a>\n\t\t\t\t<\/div>\n\t\t\t\t\t\t\t\t<\/div>\n\t\t\t\t<\/div>\n\t\t\t\t<\/div>\n\t\t\t\t<\/div>\n\t\t<div class=\"elementor-element elementor-element-26c9562 e-con-full e-flex e-con e-child\" data-id=\"26c9562\" data-element_type=\"container\">\n\t\t<div class=\"elementor-element elementor-element-7c27ac80 e-con-full e-flex e-con e-child\" data-id=\"7c27ac80\" data-element_type=\"container\" data-settings=\"{&quot;background_background&quot;:&quot;classic&quot;}\">\n\t\t\t\t<\/div>\n\t\t<div class=\"elementor-element elementor-element-79cf23b9 e-con-full e-flex e-con e-child\" data-id=\"79cf23b9\" data-element_type=\"container\" data-settings=\"{&quot;background_background&quot;:&quot;classic&quot;}\">\n\t\t\t\t<div class=\"elementor-element elementor-element-7fe95570 elementor-widget elementor-widget-heading\" data-id=\"7fe95570\" data-element_type=\"widget\" data-widget_type=\"heading.default\">\n\t\t\t\t<div class=\"elementor-widget-container\">\n\t\t\t\t\t<h2 class=\"elementor-heading-title elementor-size-default\">Det moderne museum<\/h2>\t\t\t\t<\/div>\n\t\t\t\t<\/div>\n\t\t\t\t<div class=\"elementor-element elementor-element-2652aec0 elementor-widget elementor-widget-text-editor\" data-id=\"2652aec0\" data-element_type=\"widget\" data-widget_type=\"text-editor.default\">\n\t\t\t\t<div class=\"elementor-widget-container\">\n\t\t\t\t\t\t\t\t\t<p>Moderna Museet er et m\u00f8dested for moderne kunst og samtidskunst. <br \/>Museet har til huse i en ombygget industribygning og byder p\u00e5 et varieret program med udstillinger af internationale og svenske kunstnere.<\/p>\t\t\t\t\t\t\t\t<\/div>\n\t\t\t\t<\/div>\n\t\t\t\t<div class=\"elementor-element elementor-element-46abca7d elementor-align-right elementor-widget elementor-widget-button\" data-id=\"46abca7d\" data-element_type=\"widget\" data-widget_type=\"button.default\">\n\t\t\t\t<div class=\"elementor-widget-container\">\n\t\t\t\t\t\t\t\t\t<div class=\"elementor-button-wrapper\">\n\t\t\t\t\t<a class=\"elementor-button elementor-button-link elementor-size-sm\" href=\"https:\/\/www.modernamuseet.se\/malmo\/sv\/\" target=\"_blank\" rel=\"noopener\">\n\t\t\t\t\t\t<span class=\"elementor-button-content-wrapper\">\n\t\t\t\t\t\t<span class=\"elementor-button-icon\">\n\t\t\t\t<i aria-hidden=\"true\" class=\"far fa-long-arrow-right\"><\/i>\t\t\t<\/span>\n\t\t\t\t\t\t\t\t\t<span class=\"elementor-button-text\">L\u00e6s mere om det<\/span>\n\t\t\t\t\t<\/span>\n\t\t\t\t\t<\/a>\n\t\t\t\t<\/div>\n\t\t\t\t\t\t\t\t<\/div>\n\t\t\t\t<\/div>\n\t\t\t\t<\/div>\n\t\t\t\t<\/div>\n\t\t<div class=\"elementor-element elementor-element-baffbc2 e-con-full e-flex e-con e-child\" data-id=\"baffbc2\" data-element_type=\"container\">\n\t\t<div class=\"elementor-element elementor-element-3764bc6 e-con-full e-flex e-con e-child\" data-id=\"3764bc6\" data-element_type=\"container\" data-settings=\"{&quot;background_background&quot;:&quot;classic&quot;}\">\n\t\t\t\t<\/div>\n\t\t<div class=\"elementor-element elementor-element-c807048 e-con-full e-flex e-con e-child\" data-id=\"c807048\" data-element_type=\"container\" data-settings=\"{&quot;background_background&quot;:&quot;classic&quot;}\">\n\t\t\t\t<div class=\"elementor-element elementor-element-ee83962 elementor-widget elementor-widget-heading\" data-id=\"ee83962\" data-element_type=\"widget\" data-widget_type=\"heading.default\">\n\t\t\t\t<div class=\"elementor-widget-container\">\n\t\t\t\t\t<h2 class=\"elementor-heading-title elementor-size-default\">Teknologi og s\u00f8mandshuse<\/h2>\t\t\t\t<\/div>\n\t\t\t\t<\/div>\n\t\t\t\t<div class=\"elementor-element elementor-element-2fb7d41 elementor-widget elementor-widget-text-editor\" data-id=\"2fb7d41\" data-element_type=\"widget\" data-widget_type=\"text-editor.default\">\n\t\t\t\t<div class=\"elementor-widget-container\">\n\t\t\t\t\t\t\t\t\t<p class=\"translation-block\">House of Technology and Shipping er et fascinerende museum, hvor teknologi, skibsfart og videnskab m\u00f8des. Ud over udstillinger rummer bygningen ogs\u00e5 en rigtig ub\u00e5d, Dombiografen <br>Wisdome og sp\u00e6ndende interaktive oplevelser.<\/p>\t\t\t\t\t\t\t\t<\/div>\n\t\t\t\t<\/div>\n\t\t\t\t<div class=\"elementor-element elementor-element-9c8f74b elementor-align-right elementor-widget elementor-widget-button\" data-id=\"9c8f74b\" data-element_type=\"widget\" data-widget_type=\"button.default\">\n\t\t\t\t<div class=\"elementor-widget-container\">\n\t\t\t\t\t\t\t\t\t<div class=\"elementor-button-wrapper\">\n\t\t\t\t\t<a class=\"elementor-button elementor-button-link elementor-size-sm\" href=\"https:\/\/malmo.se\/Uppleva-och-gora\/Konst-och-museer\/Malmo-museum\/Besok-Malmo-museum\/Vara-byggnader\/Teknikens-och-sjofartens-hus.html\" target=\"_blank\" rel=\"noopener\">\n\t\t\t\t\t\t<span class=\"elementor-button-content-wrapper\">\n\t\t\t\t\t\t<span class=\"elementor-button-icon\">\n\t\t\t\t<i aria-hidden=\"true\" class=\"far fa-long-arrow-right\"><\/i>\t\t\t<\/span>\n\t\t\t\t\t\t\t\t\t<span class=\"elementor-button-text\">L\u00e6s mere om det<\/span>\n\t\t\t\t\t<\/span>\n\t\t\t\t\t<\/a>\n\t\t\t\t<\/div>\n\t\t\t\t\t\t\t\t<\/div>\n\t\t\t\t<\/div>\n\t\t\t\t<\/div>\n\t\t\t\t<\/div>\n\t\t<div class=\"elementor-element elementor-element-1b0af3e e-con-full e-flex e-con e-child\" data-id=\"1b0af3e\" data-element_type=\"container\">\n\t\t<div class=\"elementor-element elementor-element-2f02264 e-con-full e-flex e-con e-child\" data-id=\"2f02264\" data-element_type=\"container\" data-settings=\"{&quot;background_background&quot;:&quot;classic&quot;}\">\n\t\t\t\t<\/div>\n\t\t<div class=\"elementor-element elementor-element-9bd6395 e-con-full e-flex e-con e-child\" data-id=\"9bd6395\" data-element_type=\"container\" data-settings=\"{&quot;background_background&quot;:&quot;classic&quot;}\">\n\t\t\t\t<div class=\"elementor-element elementor-element-6c811fb elementor-widget elementor-widget-heading\" data-id=\"6c811fb\" data-element_type=\"widget\" data-widget_type=\"heading.default\">\n\t\t\t\t<div class=\"elementor-widget-container\">\n\t\t\t\t\t<h2 class=\"elementor-heading-title elementor-size-default\">Malm\u00f8 Kunstmuseum<\/h2>\t\t\t\t<\/div>\n\t\t\t\t<\/div>\n\t\t\t\t<div class=\"elementor-element elementor-element-58a8455 elementor-widget elementor-widget-text-editor\" data-id=\"58a8455\" data-element_type=\"widget\" data-widget_type=\"text-editor.default\">\n\t\t\t\t<div class=\"elementor-widget-container\">\n\t\t\t\t\t\t\t\t\t<p>Malm\u00f6 Konstmuseum, der ligger i Malm\u00f6hus Slot, er hjemsted for en af Sveriges st\u00f8rste kunstsamlinger. Her kan du opleve over 40.000 kunstv\u00e6rker lige fra ren\u00e6ssance til samtidskunst.\u00a0<\/p>\t\t\t\t\t\t\t\t<\/div>\n\t\t\t\t<\/div>\n\t\t\t\t<div class=\"elementor-element elementor-element-d96671d elementor-align-right elementor-widget elementor-widget-button\" data-id=\"d96671d\" data-element_type=\"widget\" data-widget_type=\"button.default\">\n\t\t\t\t<div class=\"elementor-widget-container\">\n\t\t\t\t\t\t\t\t\t<div class=\"elementor-button-wrapper\">\n\t\t\t\t\t<a class=\"elementor-button elementor-button-link elementor-size-sm\" href=\"https:\/\/malmo.se\/Uppleva-och-gora\/Konst-och-museer\/Malmo-Konstmuseum.html\" target=\"_blank\" rel=\"noopener\">\n\t\t\t\t\t\t<span class=\"elementor-button-content-wrapper\">\n\t\t\t\t\t\t<span class=\"elementor-button-icon\">\n\t\t\t\t<i aria-hidden=\"true\" class=\"far fa-long-arrow-right\"><\/i>\t\t\t<\/span>\n\t\t\t\t\t\t\t\t\t<span class=\"elementor-button-text\">L\u00e6s mere om det<\/span>\n\t\t\t\t\t<\/span>\n\t\t\t\t\t<\/a>\n\t\t\t\t<\/div>\n\t\t\t\t\t\t\t\t<\/div>\n\t\t\t\t<\/div>\n\t\t\t\t<\/div>\n\t\t\t\t<\/div>\n\t\t<div class=\"elementor-element elementor-element-52345f2f e-con-full e-flex e-con e-child\" data-id=\"52345f2f\" data-element_type=\"container\">\n\t\t\t\t<\/div>\n\t\t\t\t\t<\/div>\n\t\t\t\t<\/div>\n\t\t\t\t<\/div>","protected":false},"excerpt":{"rendered":"<p>Museer i Malm\u00f8 By Oplev byens historie og kunst! Uanset om du er kunstelsker, historieentusiast eller bare nysgerrig efter at udforske byens kulturskatte, byder Malm\u00f8 p\u00e5 en r\u00e6kke unikke museer for enhver smag. Fra moderne kunstgallerier og historiske slotte til interaktive oplevelser og fascinerende samlinger finder du noget for hele familien. Udforsk Malm\u00f8 [...]<\/p>","protected":false},"author":2,"featured_media":0,"parent":0,"menu_order":0,"comment_status":"closed","ping_status":"closed","template":"","meta":{"_acf_changed":false,"footnotes":""},"class_list":["post-4601","page","type-page","status-publish","hentry"],"acf":[],"_links":{"self":[{"href":"https:\/\/malmocity.se\/da\/wp-json\/wp\/v2\/pages\/4601","targetHints":{"allow":["GET"]}}],"collection":[{"href":"https:\/\/malmocity.se\/da\/wp-json\/wp\/v2\/pages"}],"about":[{"href":"https:\/\/malmocity.se\/da\/wp-json\/wp\/v2\/types\/page"}],"author":[{"embeddable":true,"href":"https:\/\/malmocity.se\/da\/wp-json\/wp\/v2\/users\/2"}],"replies":[{"embeddable":true,"href":"https:\/\/malmocity.se\/da\/wp-json\/wp\/v2\/comments?post=4601"}],"version-history":[{"count":104,"href":"https:\/\/malmocity.se\/da\/wp-json\/wp\/v2\/pages\/4601\/revisions"}],"predecessor-version":[{"id":5302,"href":"https:\/\/malmocity.se\/da\/wp-json\/wp\/v2\/pages\/4601\/revisions\/5302"}],"wp:attachment":[{"href":"https:\/\/malmocity.se\/da\/wp-json\/wp\/v2\/media?parent=4601"}],"curies":[{"name":"wp","href":"https:\/\/api.w.org\/{rel}","templated":true}]}}