{"id":6865,"date":"2025-09-04T09:00:03","date_gmt":"2025-09-04T08:00:03","guid":{"rendered":"https:\/\/malmocity.se\/?page_id=6865"},"modified":"2025-09-22T14:14:31","modified_gmt":"2025-09-22T13:14:31","slug":"modevisning","status":"publish","type":"page","link":"https:\/\/malmocity.se\/da\/modevisning\/","title":{"rendered":"Modeshow"},"content":{"rendered":"<div data-elementor-type=\"wp-page\" data-elementor-id=\"6865\" class=\"elementor elementor-6865\" data-elementor-post-type=\"page\">\n\t\t\t\t<div class=\"elementor-element elementor-element-15d5dd1 e-flex e-con-boxed e-con e-parent\" data-id=\"15d5dd1\" data-element_type=\"container\" data-settings=\"{&quot;background_background&quot;:&quot;classic&quot;}\">\n\t\t\t\t\t<div class=\"e-con-inner\">\n\t\t<div class=\"elementor-element elementor-element-282effc e-flex e-con-boxed e-con e-child\" data-id=\"282effc\" data-element_type=\"container\">\n\t\t\t\t\t<div class=\"e-con-inner\">\n\t\t\t\t\t<\/div>\n\t\t\t\t<\/div>\n\t\t\t\t\t<\/div>\n\t\t\t\t<\/div>\n\t\t<div class=\"elementor-element elementor-element-e02f0a9 e-con-full e-flex e-con e-parent\" data-id=\"e02f0a9\" data-element_type=\"container\">\n\t\t\t\t<div class=\"elementor-element elementor-element-ed1e09b elementor-widget elementor-widget-spacer\" data-id=\"ed1e09b\" data-element_type=\"widget\" data-widget_type=\"spacer.default\">\n\t\t\t\t<div class=\"elementor-widget-container\">\n\t\t\t\t\t\t\t<div class=\"elementor-spacer\">\n\t\t\t<div class=\"elementor-spacer-inner\"><\/div>\n\t\t<\/div>\n\t\t\t\t\t\t<\/div>\n\t\t\t\t<\/div>\n\t\t\t\t<div class=\"elementor-element elementor-element-494a82b elementor-widget elementor-widget-heading\" data-id=\"494a82b\" data-element_type=\"widget\" data-widget_type=\"heading.default\">\n\t\t\t\t<div class=\"elementor-widget-container\">\n\t\t\t\t\t<h1 class=\"elementor-heading-title elementor-size-default\">Modeshow<\/h1>\t\t\t\t<\/div>\n\t\t\t\t<\/div>\n\t\t\t\t<div class=\"elementor-element elementor-element-dc26727 elementor-widget elementor-widget-heading\" data-id=\"dc26727\" data-element_type=\"widget\" data-widget_type=\"heading.default\">\n\t\t\t\t<div class=\"elementor-widget-container\">\n\t\t\t\t\t<h2 class=\"elementor-heading-title elementor-size-default\">27. september<\/h2>\t\t\t\t<\/div>\n\t\t\t\t<\/div>\n\t\t\t\t<div class=\"elementor-element elementor-element-5700ad8 elementor-widget elementor-widget-text-editor\" data-id=\"5700ad8\" data-element_type=\"widget\" data-widget_type=\"text-editor.default\">\n\t\t\t\t<div class=\"elementor-widget-container\">\n\t\t\t\t\t\t\t\t\t<p><span style=\"font-weight: 400;\">Vi ruller den r\u00f8de l\u00f8ber ud, og virksomhederne tr\u00e6der ud af butikkerne og ud p\u00e5 gaden for at vise deres produkter frem.\u00a0<\/span><\/p><p><span style=\"font-weight: 400;\">Hver catwalk varer ca. 30 minutter og ledsages af Mademoiselle Carousel. <\/span><span style=\"font-weight: 400;\">Vores fantastiske DJ vil b\u00e5de introducere deltagerne p\u00e5 den r\u00f8de l\u00f8ber og fungere som v\u00e6rt for Malm\u00f6 Citys konkurrencer, der finder sted i l\u00f8bet af dagen. Mere information om konkurrencerne vil v\u00e6re tilg\u00e6ngelig p\u00e5 stedet. Men der er en chance for at vinde flotte pr\u00e6mier fra flere virksomheder fra hele byen. <\/span><\/p>\t\t\t\t\t\t\t\t<\/div>\n\t\t\t\t<\/div>\n\t\t\t\t<div class=\"elementor-element elementor-element-90dfe98 elementor-widget elementor-widget-text-editor\" data-id=\"90dfe98\" data-element_type=\"widget\" data-widget_type=\"text-editor.default\">\n\t\t\t\t<div class=\"elementor-widget-container\">\n\t\t\t\t\t\t\t\t\t<p>Modeshowet vil have to indgange i l\u00f8bet af dagen.\u00a0<br \/><strong>Kl. 12.00 &amp; kl. 14.00<\/strong><\/p><p>Hvor foreg\u00e5r modeshowet?\u00a0<br \/><strong>I krydset mellem Baltzarsgatan og S\u00f6dergatan.\u00a0<\/strong><\/p>\t\t\t\t\t\t\t\t<\/div>\n\t\t\t\t<\/div>\n\t\t\t\t<div class=\"elementor-element elementor-element-007b323 elementor-widget elementor-widget-spacer\" data-id=\"007b323\" data-element_type=\"widget\" data-widget_type=\"spacer.default\">\n\t\t\t\t<div class=\"elementor-widget-container\">\n\t\t\t\t\t\t\t<div class=\"elementor-spacer\">\n\t\t\t<div class=\"elementor-spacer-inner\"><\/div>\n\t\t<\/div>\n\t\t\t\t\t\t<\/div>\n\t\t\t\t<\/div>\n\t\t\t\t<\/div>\n\t\t<div class=\"elementor-element elementor-element-21172cf e-flex e-con-boxed e-con e-parent\" data-id=\"21172cf\" data-element_type=\"container\" data-settings=\"{&quot;background_background&quot;:&quot;classic&quot;}\">\n\t\t\t\t\t<div class=\"e-con-inner\">\n\t\t\t\t<div class=\"elementor-element elementor-element-6cd9294 elementor-widget elementor-widget-spacer\" data-id=\"6cd9294\" data-element_type=\"widget\" data-widget_type=\"spacer.default\">\n\t\t\t\t<div class=\"elementor-widget-container\">\n\t\t\t\t\t\t\t<div class=\"elementor-spacer\">\n\t\t\t<div class=\"elementor-spacer-inner\"><\/div>\n\t\t<\/div>\n\t\t\t\t\t\t<\/div>\n\t\t\t\t<\/div>\n\t\t\t\t<div class=\"elementor-element elementor-element-eb3d36f elementor-widget elementor-widget-heading\" data-id=\"eb3d36f\" data-element_type=\"widget\" data-widget_type=\"heading.default\">\n\t\t\t\t<div class=\"elementor-widget-container\">\n\t\t\t\t\t<h2 class=\"elementor-heading-title elementor-size-default\">Deltagende butikker p\u00e5 catwalken<\/h2>\t\t\t\t<\/div>\n\t\t\t\t<\/div>\n\t\t\t\t<div class=\"elementor-element elementor-element-1339aa2 elementor-hidden-mobile elementor-widget-divider--view-line elementor-widget elementor-widget-divider\" data-id=\"1339aa2\" data-element_type=\"widget\" data-widget_type=\"divider.default\">\n\t\t\t\t<div class=\"elementor-widget-container\">\n\t\t\t\t\t\t\t<div class=\"elementor-divider\">\n\t\t\t<span class=\"elementor-divider-separator\">\n\t\t\t\t\t\t<\/span>\n\t\t<\/div>\n\t\t\t\t\t\t<\/div>\n\t\t\t\t<\/div>\n\t\t<div class=\"elementor-element elementor-element-fce9779 e-con-full e-flex e-con e-child\" data-id=\"fce9779\" data-element_type=\"container\">\n\t\t<div class=\"elementor-element elementor-element-94ccfc2 e-grid e-con-full e-con e-child\" data-id=\"94ccfc2\" data-element_type=\"container\">\n\t\t\t\t<div class=\"elementor-element elementor-element-7d7f3d4 elementor-widget elementor-widget-text-editor\" data-id=\"7d7f3d4\" data-element_type=\"widget\" data-widget_type=\"text-editor.default\">\n\t\t\t\t<div class=\"elementor-widget-container\">\n\t\t\t\t\t\t\t\t\t<p><a href=\"https:\/\/www.bittekairand.com\/se\/\" target=\"_blank\" rel=\"noopener\">Kai Rand, tak.<\/a><\/p><p><a href=\"https:\/\/garderobendesign.se\/\" target=\"_blank\" rel=\"noopener\">Garderobeskabe<\/a><\/p><p><a href=\"https:\/\/malmochokladfabrik.se\/\" target=\"_blank\" rel=\"noopener\">Malm\u00f8 Chokoladefabrik<\/a><\/p><p><a href=\"https:\/\/www.loplabbet.se\/vara-butiker\/loplabbet-malmo\" target=\"_blank\" rel=\"noopener\">L\u00f8belaboratoriet<\/a><\/p><p><a href=\"https:\/\/www.instagram.com\/lyxsecondhand_outlet\/\" target=\"_blank\" rel=\"noopener\">Smuk i byen\u00a0<\/a><\/p>\t\t\t\t\t\t\t\t<\/div>\n\t\t\t\t<\/div>\n\t\t\t\t<div class=\"elementor-element elementor-element-3268850 elementor-widget elementor-widget-text-editor\" data-id=\"3268850\" data-element_type=\"widget\" data-widget_type=\"text-editor.default\">\n\t\t\t\t<div class=\"elementor-widget-container\">\n\t\t\t\t\t\t\t\t\t<p><a href=\"https:\/\/www.granit.com\/se\/\" target=\"_blank\" rel=\"noopener\">granit<\/a><\/p><p><a href=\"https:\/\/onska.se\/\" target=\"_blank\" rel=\"noopener\">Beg\u00e6rets trekant<\/a><\/p><p><a href=\"https:\/\/www.hattbutikwesterblads.se\/\" target=\"_blank\" rel=\"noopener\">Hattebutik Westerblads<\/a><\/p><p><a href=\"https:\/\/www.instagram.com\/carlottaoutfit\/\" target=\"_blank\" rel=\"noopener\">Carlotta<\/a><\/p>\t\t\t\t\t\t\t\t<\/div>\n\t\t\t\t<\/div>\n\t\t\t\t<div class=\"elementor-element elementor-element-2f1dd66 elementor-widget elementor-widget-text-editor\" data-id=\"2f1dd66\" data-element_type=\"widget\" data-widget_type=\"text-editor.default\">\n\t\t\t\t<div class=\"elementor-widget-container\">\n\t\t\t\t\t\t\t\t\t<p><a href=\"https:\/\/savoymalmo.se\/\" target=\"_blank\" rel=\"noopener\">Savoy<\/a><\/p><p><a href=\"https:\/\/www.lindex.com\/se\" target=\"_blank\" rel=\"noopener\">Lindex<\/a><\/p><p><a href=\"https:\/\/smartform.se\/\" target=\"_blank\" rel=\"noopener\">Studio Smartform<\/a><\/p><p><a href=\"https:\/\/www.tigerofsweden.com\/se\/sv\/home\/\" target=\"_blank\" rel=\"noopener\">Tiger of Sweden<\/a><\/p>\t\t\t\t\t\t\t\t<\/div>\n\t\t\t\t<\/div>\n\t\t\t\t<div class=\"elementor-element elementor-element-14c23d7 elementor-widget elementor-widget-text-editor\" data-id=\"14c23d7\" data-element_type=\"widget\" data-widget_type=\"text-editor.default\">\n\t\t\t\t<div class=\"elementor-widget-container\">\n\t\t\t\t\t\t\t\t\t<p><a href=\"https:\/\/www.cinnamonskor.se\/\" target=\"_blank\" rel=\"noopener\">Kanel-sko<\/a><\/p><p><a href=\"https:\/\/swopshop.se\/\" target=\"_blank\" rel=\"noopener\">SwopShop<\/a><\/p><p><a href=\"https:\/\/www.scorett.se\/\" target=\"_blank\" rel=\"noopener\">Scorett<\/a><\/p><p><a href=\"https:\/\/www.buttericks.se\/pages\/malmo\" target=\"_blank\" rel=\"noopener\">Buttericks<\/a><\/p><p><a href=\"https:\/\/www.busfro.se\/\" target=\"_blank\" rel=\"noopener\">Busfr\u00f8<\/a><\/p>\t\t\t\t\t\t\t\t<\/div>\n\t\t\t\t<\/div>\n\t\t\t\t<\/div>\n\t\t\t\t<div class=\"elementor-element elementor-element-c2c592c elementor-widget elementor-widget-spacer\" data-id=\"c2c592c\" data-element_type=\"widget\" data-widget_type=\"spacer.default\">\n\t\t\t\t<div class=\"elementor-widget-container\">\n\t\t\t\t\t\t\t<div class=\"elementor-spacer\">\n\t\t\t<div class=\"elementor-spacer-inner\"><\/div>\n\t\t<\/div>\n\t\t\t\t\t\t<\/div>\n\t\t\t\t<\/div>\n\t\t\t\t<\/div>\n\t\t\t\t\t<\/div>\n\t\t\t\t<\/div>\n\t\t<div class=\"elementor-element elementor-element-d13e9af e-grid e-con-full e-con e-parent\" data-id=\"d13e9af\" data-element_type=\"container\">\n\t\t\t\t<div class=\"elementor-element elementor-element-f52cc13 elementor-widget elementor-widget-image\" data-id=\"f52cc13\" data-element_type=\"widget\" data-widget_type=\"image.default\">\n\t\t\t\t<div class=\"elementor-widget-container\">\n\t\t\t\t\t\t\t\t\t\t\t\t\t\t\t<img fetchpriority=\"high\" decoding=\"async\" width=\"640\" height=\"640\" src=\"https:\/\/malmocity.se\/wp-content\/uploads\/2025\/09\/2.png\" class=\"attachment-large size-large wp-image-6871\" alt=\"modevisning\" srcset=\"https:\/\/malmocity.se\/wp-content\/uploads\/2025\/09\/2.png 640w, https:\/\/malmocity.se\/wp-content\/uploads\/2025\/09\/2-300x300.png 300w, https:\/\/malmocity.se\/wp-content\/uploads\/2025\/09\/2-150x150.png 150w, https:\/\/malmocity.se\/wp-content\/uploads\/2025\/09\/2-12x12.png 12w\" sizes=\"(max-width: 640px) 100vw, 640px\" \/>\t\t\t\t\t\t\t\t\t\t\t\t\t\t\t<\/div>\n\t\t\t\t<\/div>\n\t\t\t\t<div class=\"elementor-element elementor-element-379cb11 elementor-widget elementor-widget-image\" data-id=\"379cb11\" data-element_type=\"widget\" data-widget_type=\"image.default\">\n\t\t\t\t<div class=\"elementor-widget-container\">\n\t\t\t\t\t\t\t\t\t\t\t\t\t\t\t<img decoding=\"async\" width=\"640\" height=\"640\" src=\"https:\/\/malmocity.se\/wp-content\/uploads\/2025\/09\/3.png\" class=\"attachment-large size-large wp-image-6872\" alt=\"modevisning\" srcset=\"https:\/\/malmocity.se\/wp-content\/uploads\/2025\/09\/3.png 640w, https:\/\/malmocity.se\/wp-content\/uploads\/2025\/09\/3-300x300.png 300w, https:\/\/malmocity.se\/wp-content\/uploads\/2025\/09\/3-150x150.png 150w, https:\/\/malmocity.se\/wp-content\/uploads\/2025\/09\/3-12x12.png 12w\" sizes=\"(max-width: 640px) 100vw, 640px\" \/>\t\t\t\t\t\t\t\t\t\t\t\t\t\t\t<\/div>\n\t\t\t\t<\/div>\n\t\t\t\t<div class=\"elementor-element elementor-element-34dbb93 elementor-widget elementor-widget-image\" data-id=\"34dbb93\" data-element_type=\"widget\" data-widget_type=\"image.default\">\n\t\t\t\t<div class=\"elementor-widget-container\">\n\t\t\t\t\t\t\t\t\t\t\t\t\t\t\t<img decoding=\"async\" width=\"640\" height=\"640\" src=\"https:\/\/malmocity.se\/wp-content\/uploads\/2025\/09\/1.png\" class=\"attachment-large size-large wp-image-6870\" alt=\"modevisning\" srcset=\"https:\/\/malmocity.se\/wp-content\/uploads\/2025\/09\/1.png 640w, https:\/\/malmocity.se\/wp-content\/uploads\/2025\/09\/1-300x300.png 300w, https:\/\/malmocity.se\/wp-content\/uploads\/2025\/09\/1-150x150.png 150w, https:\/\/malmocity.se\/wp-content\/uploads\/2025\/09\/1-12x12.png 12w\" sizes=\"(max-width: 640px) 100vw, 640px\" \/>\t\t\t\t\t\t\t\t\t\t\t\t\t\t\t<\/div>\n\t\t\t\t<\/div>\n\t\t\t\t<\/div>\n\t\t\t\t<\/div>","protected":false},"excerpt":{"rendered":"<p>Modeshow 27. september Vi ruller den r\u00f8de l\u00f8ber ud, og virksomhederne tr\u00e6der ud af butikkerne og ud p\u00e5 gaden for at vise deres produkter frem.  Hver catwalk varer ca. 30 minutter og ledsages af Mademoiselle Carousel. Vores fantastiske DJ vil ikke kun introducere deltagerne p\u00e5 den r\u00f8de l\u00f8ber, men ogs\u00e5 fungere som v\u00e6rt for [...].<\/p>","protected":false},"author":5,"featured_media":6867,"parent":0,"menu_order":0,"comment_status":"closed","ping_status":"closed","template":"","meta":{"_acf_changed":false,"footnotes":""},"class_list":["post-6865","page","type-page","status-publish","has-post-thumbnail","hentry"],"acf":[],"_links":{"self":[{"href":"https:\/\/malmocity.se\/da\/wp-json\/wp\/v2\/pages\/6865","targetHints":{"allow":["GET"]}}],"collection":[{"href":"https:\/\/malmocity.se\/da\/wp-json\/wp\/v2\/pages"}],"about":[{"href":"https:\/\/malmocity.se\/da\/wp-json\/wp\/v2\/types\/page"}],"author":[{"embeddable":true,"href":"https:\/\/malmocity.se\/da\/wp-json\/wp\/v2\/users\/5"}],"replies":[{"embeddable":true,"href":"https:\/\/malmocity.se\/da\/wp-json\/wp\/v2\/comments?post=6865"}],"version-history":[{"count":16,"href":"https:\/\/malmocity.se\/da\/wp-json\/wp\/v2\/pages\/6865\/revisions"}],"predecessor-version":[{"id":7868,"href":"https:\/\/malmocity.se\/da\/wp-json\/wp\/v2\/pages\/6865\/revisions\/7868"}],"wp:featuredmedia":[{"embeddable":true,"href":"https:\/\/malmocity.se\/da\/wp-json\/wp\/v2\/media\/6867"}],"wp:attachment":[{"href":"https:\/\/malmocity.se\/da\/wp-json\/wp\/v2\/media?parent=6865"}],"curies":[{"name":"wp","href":"https:\/\/api.w.org\/{rel}","templated":true}]}}