{"id":2214,"date":"2025-02-11T13:40:32","date_gmt":"2025-02-11T12:40:32","guid":{"rendered":"https:\/\/malmocity.se\/?page_id=2214"},"modified":"2025-11-17T08:18:53","modified_gmt":"2025-11-17T07:18:53","slug":"presentkort","status":"publish","type":"page","link":"https:\/\/malmocity.se\/de\/presentkort\/","title":{"rendered":"Geschenkgutscheine"},"content":{"rendered":"<div data-elementor-type=\"wp-page\" data-elementor-id=\"2214\" class=\"elementor elementor-2214\" data-elementor-post-type=\"page\">\n\t\t\t\t<div class=\"elementor-element elementor-element-230da70 e-flex e-con-boxed e-con e-parent\" data-id=\"230da70\" data-element_type=\"container\" data-settings=\"{&quot;background_background&quot;:&quot;classic&quot;}\">\n\t\t\t\t\t<div class=\"e-con-inner\">\n\t\t<div class=\"elementor-element elementor-element-e76d248 e-flex e-con-boxed e-con e-child\" data-id=\"e76d248\" data-element_type=\"container\">\n\t\t\t\t\t<div class=\"e-con-inner\">\n\t\t\t\t\t<\/div>\n\t\t\t\t<\/div>\n\t\t\t\t\t<\/div>\n\t\t\t\t<\/div>\n\t\t<div class=\"elementor-element elementor-element-666fb63 e-flex e-con-boxed e-con e-parent\" data-id=\"666fb63\" data-element_type=\"container\">\n\t\t\t\t\t<div class=\"e-con-inner\">\n\t\t<div class=\"elementor-element elementor-element-2f8f065 e-con-full e-flex e-con e-child\" data-id=\"2f8f065\" data-element_type=\"container\">\n\t\t<div class=\"elementor-element elementor-element-e91b8f5 e-con-full e-flex e-con e-child\" data-id=\"e91b8f5\" data-element_type=\"container\">\n\t\t\t\t<div class=\"elementor-element elementor-element-02ee698 elementor-widget elementor-widget-heading\" data-id=\"02ee698\" data-element_type=\"widget\" data-widget_type=\"heading.default\">\n\t\t\t\t<div class=\"elementor-widget-container\">\n\t\t\t\t\t<h1 class=\"elementor-heading-title elementor-size-default\">Malm\u00f6 Stadt Geschenkgutschein<\/h1>\t\t\t\t<\/div>\n\t\t\t\t<\/div>\n\t\t\t\t<div class=\"elementor-element elementor-element-5412657 elementor-widget elementor-widget-text-editor\" data-id=\"5412657\" data-element_type=\"widget\" data-widget_type=\"text-editor.default\">\n\t\t\t\t<div class=\"elementor-widget-container\">\n\t\t\t\t\t\t\t\t\t<p>Malm\u00f6 City Gift Cards sind in \u00fcber 400 Gesch\u00e4ften in Malm\u00f6 City g\u00fcltig!<\/p><p>Sie k\u00f6nnen mit der Karte Lebensmittel kaufen, sich einen neuen Haarschnitt verpassen lassen oder in einem Hotel \u00fcbernachten, <br \/>nimm deine Freunde mit auf ein unvergessliches Erlebnis und vieles mehr!<\/p><p>Haben Sie noch Fragen?\u00a0<br \/><span style=\"color: var( --e-global-color-text );\">E-Mail: presentkort@malmocity.se<\/span><\/p>\t\t\t\t\t\t\t\t<\/div>\n\t\t\t\t<\/div>\n\t\t\t\t<\/div>\n\t\t\t\t<\/div>\n\t\t\t\t\t<\/div>\n\t\t\t\t<\/div>\n\t\t<div class=\"elementor-element elementor-element-9c6df99 e-flex e-con-boxed e-con e-parent\" data-id=\"9c6df99\" data-element_type=\"container\">\n\t\t\t\t\t<div class=\"e-con-inner\">\n\t\t<div class=\"elementor-element elementor-element-42d9d31 e-con-full e-flex e-con e-child\" data-id=\"42d9d31\" data-element_type=\"container\">\n\t\t<div class=\"elementor-element elementor-element-2be0e40 e-con-full e-flex e-con e-child\" data-id=\"2be0e40\" data-element_type=\"container\" data-settings=\"{&quot;background_background&quot;:&quot;classic&quot;}\">\n\t\t\t\t<\/div>\n\t\t\t\t<div class=\"elementor-element elementor-element-bb657ec elementor-widget elementor-widget-heading\" data-id=\"bb657ec\" data-element_type=\"widget\" data-widget_type=\"heading.default\">\n\t\t\t\t<div class=\"elementor-widget-container\">\n\t\t\t\t\t<h2 class=\"elementor-heading-title elementor-size-default\">Online bestellen<\/h2>\t\t\t\t<\/div>\n\t\t\t\t<\/div>\n\t\t\t\t<div class=\"elementor-element elementor-element-2d19274 elementor-widget elementor-widget-text-editor\" data-id=\"2d19274\" data-element_type=\"widget\" data-widget_type=\"text-editor.default\">\n\t\t\t\t<div class=\"elementor-widget-container\">\n\t\t\t\t\t\t\t\t\t<p>Bestellen Sie Ihren Geschenkgutschein einfach und bequem online<\/p>\t\t\t\t\t\t\t\t<\/div>\n\t\t\t\t<\/div>\n\t\t\t\t<div class=\"elementor-element elementor-element-95dd876 elementor-align-left elementor-widget elementor-widget-button\" data-id=\"95dd876\" data-element_type=\"widget\" data-widget_type=\"button.default\">\n\t\t\t\t<div class=\"elementor-widget-container\">\n\t\t\t\t\t\t\t\t\t<div class=\"elementor-button-wrapper\">\n\t\t\t\t\t<a class=\"elementor-button elementor-button-link elementor-size-sm\" href=\"https:\/\/presentkort.malmocity.se\/#presentkort\" target=\"_blank\">\n\t\t\t\t\t\t<span class=\"elementor-button-content-wrapper\">\n\t\t\t\t\t\t\t\t\t<span class=\"elementor-button-text\">ONLINE BESTELLEN<\/span>\n\t\t\t\t\t<\/span>\n\t\t\t\t\t<\/a>\n\t\t\t\t<\/div>\n\t\t\t\t\t\t\t\t<\/div>\n\t\t\t\t<\/div>\n\t\t\t\t<\/div>\n\t\t<div class=\"elementor-element elementor-element-62d4990 e-con-full e-flex e-con e-child\" data-id=\"62d4990\" data-element_type=\"container\">\n\t\t<div class=\"elementor-element elementor-element-d87f99a e-con-full e-flex e-con e-child\" data-id=\"d87f99a\" data-element_type=\"container\" data-settings=\"{&quot;background_background&quot;:&quot;classic&quot;}\">\n\t\t\t\t<\/div>\n\t\t\t\t<div class=\"elementor-element elementor-element-1c6ced4 elementor-widget elementor-widget-heading\" data-id=\"1c6ced4\" data-element_type=\"widget\" data-widget_type=\"heading.default\">\n\t\t\t\t<div class=\"elementor-widget-container\">\n\t\t\t\t\t<h2 class=\"elementor-heading-title elementor-size-default\">Kaufen bei Pressbyr\u00e5n<\/h2>\t\t\t\t<\/div>\n\t\t\t\t<\/div>\n\t\t\t\t<div class=\"elementor-element elementor-element-8b38ac9 elementor-widget elementor-widget-text-editor\" data-id=\"8b38ac9\" data-element_type=\"widget\" data-widget_type=\"text-editor.default\">\n\t\t\t\t<div class=\"elementor-widget-container\">\n\t\t\t\t\t\t\t\t\t<p>M\u00f6chten Sie die Karte vor Ort kaufen? Kaufen Sie die Karte direkt bei\u00a0<strong>alle<\/strong>\u00a0Pressbyr\u00e5n in Malm\u00f6.<\/p>\t\t\t\t\t\t\t\t<\/div>\n\t\t\t\t<\/div>\n\t\t\t\t<div class=\"elementor-element elementor-element-6deb83f elementor-align-left elementor-widget elementor-widget-button\" data-id=\"6deb83f\" data-element_type=\"widget\" data-widget_type=\"button.default\">\n\t\t\t\t<div class=\"elementor-widget-container\">\n\t\t\t\t\t\t\t\t\t<div class=\"elementor-button-wrapper\">\n\t\t\t\t\t<a class=\"elementor-button elementor-button-link elementor-size-sm\" href=\"\/de\/presentkort\/forsaljningsstallen\/\">\n\t\t\t\t\t\t<span class=\"elementor-button-content-wrapper\">\n\t\t\t\t\t\t\t\t\t<span class=\"elementor-button-text\">AN ORT UND STELLE KAUFEN<\/span>\n\t\t\t\t\t<\/span>\n\t\t\t\t\t<\/a>\n\t\t\t\t<\/div>\n\t\t\t\t\t\t\t\t<\/div>\n\t\t\t\t<\/div>\n\t\t\t\t<\/div>\n\t\t\t\t\t<\/div>\n\t\t\t\t<\/div>\n\t\t<div class=\"elementor-element elementor-element-ca42638 e-flex e-con-boxed e-con e-parent\" data-id=\"ca42638\" data-element_type=\"container\">\n\t\t\t\t\t<div class=\"e-con-inner\">\n\t\t<div class=\"elementor-element elementor-element-ec7c9ba e-con-full e-flex e-con e-child\" data-id=\"ec7c9ba\" data-element_type=\"container\">\n\t\t<div class=\"elementor-element elementor-element-631aa80 e-con-full e-flex e-con e-child\" data-id=\"631aa80\" data-element_type=\"container\" data-settings=\"{&quot;background_background&quot;:&quot;classic&quot;}\">\n\t\t\t\t<\/div>\n\t\t\t\t<div class=\"elementor-element elementor-element-4ad24b8 elementor-widget elementor-widget-heading\" data-id=\"4ad24b8\" data-element_type=\"widget\" data-widget_type=\"heading.default\">\n\t\t\t\t<div class=\"elementor-widget-container\">\n\t\t\t\t\t<h2 class=\"elementor-heading-title elementor-size-default\">Die Karte ist hier g\u00fcltig<\/h2>\t\t\t\t<\/div>\n\t\t\t\t<\/div>\n\t\t\t\t<div class=\"elementor-element elementor-element-bb4b672 elementor-widget elementor-widget-text-editor\" data-id=\"bb4b672\" data-element_type=\"widget\" data-widget_type=\"text-editor.default\">\n\t\t\t\t<div class=\"elementor-widget-container\">\n\t\t\t\t\t\t\t\t\t<p>Sie haben bereits eine Karte und m\u00f6chten wissen, wo Sie sie einsetzen k\u00f6nnen?<\/p>\t\t\t\t\t\t\t\t<\/div>\n\t\t\t\t<\/div>\n\t\t\t\t<div class=\"elementor-element elementor-element-cc0dc47 elementor-align-left toGiftCards elementor-widget elementor-widget-button\" data-id=\"cc0dc47\" data-element_type=\"widget\" data-widget_type=\"button.default\">\n\t\t\t\t<div class=\"elementor-widget-container\">\n\t\t\t\t\t\t\t\t\t<div class=\"elementor-button-wrapper\">\n\t\t\t\t\t<a class=\"elementor-button elementor-button-link elementor-size-sm\" href=\"https:\/\/malmocity.se\/de\/upplev-city\/shoppa\/\">\n\t\t\t\t\t\t<span class=\"elementor-button-content-wrapper\">\n\t\t\t\t\t\t\t\t\t<span class=\"elementor-button-text\">AKTIVIT\u00c4TEN SEHEN<\/span>\n\t\t\t\t\t<\/span>\n\t\t\t\t\t<\/a>\n\t\t\t\t<\/div>\n\t\t\t\t\t\t\t\t<\/div>\n\t\t\t\t<\/div>\n\t\t\t\t<div class=\"elementor-element elementor-element-9cedb3d elementor-absolute elementor-widget elementor-widget-html\" data-id=\"9cedb3d\" data-element_type=\"widget\" data-settings=\"{&quot;_position&quot;:&quot;absolute&quot;}\" data-widget_type=\"html.default\">\n\t\t\t\t<div class=\"elementor-widget-container\">\n\t\t\t\t\t<script>\r\n  const toGiftCards = document.querySelector('.toGiftCards');\r\n\r\n  toGiftCards.addEventListener('click', () => sessionStorage.setItem('autoFilterGiftCard', 'true'));\r\n<\/script>\r\n\t\t\t\t<\/div>\n\t\t\t\t<\/div>\n\t\t\t\t<\/div>\n\t\t<div class=\"elementor-element elementor-element-aefd53b e-con-full e-flex e-con e-child\" data-id=\"aefd53b\" data-element_type=\"container\">\n\t\t<div class=\"elementor-element elementor-element-c75f714 e-con-full e-flex e-con e-child\" data-id=\"c75f714\" data-element_type=\"container\" data-settings=\"{&quot;background_background&quot;:&quot;classic&quot;}\">\n\t\t\t\t<\/div>\n\t\t\t\t<div class=\"elementor-element elementor-element-390d62a elementor-widget elementor-widget-heading\" data-id=\"390d62a\" data-element_type=\"widget\" data-widget_type=\"heading.default\">\n\t\t\t\t<div class=\"elementor-widget-container\">\n\t\t\t\t\t<h2 class=\"elementor-heading-title elementor-size-default\">Ihr Guthaben einsehen<\/h2>\t\t\t\t<\/div>\n\t\t\t\t<\/div>\n\t\t\t\t<div class=\"elementor-element elementor-element-a8d110a elementor-widget elementor-widget-text-editor\" data-id=\"a8d110a\" data-element_type=\"widget\" data-widget_type=\"text-editor.default\">\n\t\t\t\t<div class=\"elementor-widget-container\">\n\t\t\t\t\t\t\t\t\t<p>M\u00f6chten Sie sehen, wie viel Geld Sie noch auf Ihrem Geschenkgutschein haben?<\/p>\t\t\t\t\t\t\t\t<\/div>\n\t\t\t\t<\/div>\n\t\t\t\t<div class=\"elementor-element elementor-element-9dfea21 elementor-align-left elementor-widget elementor-widget-button\" data-id=\"9dfea21\" data-element_type=\"widget\" data-widget_type=\"button.default\">\n\t\t\t\t<div class=\"elementor-widget-container\">\n\t\t\t\t\t\t\t\t\t<div class=\"elementor-button-wrapper\">\n\t\t\t\t\t<a class=\"elementor-button elementor-button-link elementor-size-sm\" href=\"https:\/\/www.getmybalance.com\/\" target=\"_blank\" rel=\"noopener\">\n\t\t\t\t\t\t<span class=\"elementor-button-content-wrapper\">\n\t\t\t\t\t\t<span class=\"elementor-button-icon\">\n\t\t\t\t<i aria-hidden=\"true\" class=\"far fa-external-link-square-alt\"><\/i>\t\t\t<\/span>\n\t\t\t\t\t\t\t\t\t<span class=\"elementor-button-text\">KOLLA SALDO<\/span>\n\t\t\t\t\t<\/span>\n\t\t\t\t\t<\/a>\n\t\t\t\t<\/div>\n\t\t\t\t\t\t\t\t<\/div>\n\t\t\t\t<\/div>\n\t\t\t\t<\/div>\n\t\t\t\t\t<\/div>\n\t\t\t\t<\/div>\n\t\t<div class=\"elementor-element elementor-element-692a959 e-flex e-con-boxed e-con e-parent\" data-id=\"692a959\" data-element_type=\"container\">\n\t\t\t\t\t<div class=\"e-con-inner\">\n\t\t<div class=\"elementor-element elementor-element-6fbb9b4 e-con-full e-flex e-con e-child\" data-id=\"6fbb9b4\" data-element_type=\"container\">\n\t\t<div class=\"elementor-element elementor-element-3d71067 e-con-full e-flex e-con e-child\" data-id=\"3d71067\" data-element_type=\"container\" data-settings=\"{&quot;background_background&quot;:&quot;classic&quot;}\">\n\t\t\t\t<\/div>\n\t\t\t\t<div class=\"elementor-element elementor-element-bde88fd elementor-widget elementor-widget-heading\" data-id=\"bde88fd\" data-element_type=\"widget\" data-widget_type=\"heading.default\">\n\t\t\t\t<div class=\"elementor-widget-container\">\n\t\t\t\t\t<h2 class=\"elementor-heading-title elementor-size-default\">Fragen und Antworten<\/h2>\t\t\t\t<\/div>\n\t\t\t\t<\/div>\n\t\t\t\t<div class=\"elementor-element elementor-element-e1309ac elementor-widget elementor-widget-text-editor\" data-id=\"e1309ac\" data-element_type=\"widget\" data-widget_type=\"text-editor.default\">\n\t\t\t\t<div class=\"elementor-widget-container\">\n\t\t\t\t\t\t\t\t\t<p>Finden Sie die Antwort auf Ihre Frage zu unserem Geschenkgutschein<\/p>\t\t\t\t\t\t\t\t<\/div>\n\t\t\t\t<\/div>\n\t\t\t\t<div class=\"elementor-element elementor-element-3fb452c elementor-align-left elementor-widget elementor-widget-button\" data-id=\"3fb452c\" data-element_type=\"widget\" data-widget_type=\"button.default\">\n\t\t\t\t<div class=\"elementor-widget-container\">\n\t\t\t\t\t\t\t\t\t<div class=\"elementor-button-wrapper\">\n\t\t\t\t\t<a class=\"elementor-button elementor-button-link elementor-size-sm\" href=\"https:\/\/malmocity.se\/de\/presentkort\/fragor-och-svar\/\">\n\t\t\t\t\t\t<span class=\"elementor-button-content-wrapper\">\n\t\t\t\t\t\t\t\t\t<span class=\"elementor-button-text\">SIEHE FRAGEN UND ANTWORTEN<\/span>\n\t\t\t\t\t<\/span>\n\t\t\t\t\t<\/a>\n\t\t\t\t<\/div>\n\t\t\t\t\t\t\t\t<\/div>\n\t\t\t\t<\/div>\n\t\t\t\t<\/div>\n\t\t<div class=\"elementor-element elementor-element-1300059 e-con-full e-flex e-con e-child\" data-id=\"1300059\" data-element_type=\"container\">\n\t\t\t\t<\/div>\n\t\t\t\t\t<\/div>\n\t\t\t\t<\/div>\n\t\t\t\t<\/div>","protected":false},"excerpt":{"rendered":"<p>Malm\u00f6 City Gift Card Die Malm\u00f6 City Gift Card ist in \u00fcber 400 Gesch\u00e4ften in Malm\u00f6 City g\u00fcltig! Mit der Karte k\u00f6nnen Sie Lebensmittel kaufen, einen neuen Haarschnitt bekommen, in einem Hotel \u00fcbernachten, Ihre Freunde auf ein unvergessliches Erlebnis mitnehmen und vieles mehr! Haben Sie noch Fragen? E-Mail: presentkort@malmocity.se Online bestellen Bestellen Sie Ihre Geschenkkarte einfach und bequem online ONLINE BESTELLEN Kaufen Sie bei Pressbyr\u00e5n [...]<\/p>","protected":false},"author":1,"featured_media":0,"parent":0,"menu_order":0,"comment_status":"closed","ping_status":"closed","template":"","meta":{"_acf_changed":false,"footnotes":""},"class_list":["post-2214","page","type-page","status-publish","hentry"],"acf":[],"_links":{"self":[{"href":"https:\/\/malmocity.se\/de\/wp-json\/wp\/v2\/pages\/2214","targetHints":{"allow":["GET"]}}],"collection":[{"href":"https:\/\/malmocity.se\/de\/wp-json\/wp\/v2\/pages"}],"about":[{"href":"https:\/\/malmocity.se\/de\/wp-json\/wp\/v2\/types\/page"}],"author":[{"embeddable":true,"href":"https:\/\/malmocity.se\/de\/wp-json\/wp\/v2\/users\/1"}],"replies":[{"embeddable":true,"href":"https:\/\/malmocity.se\/de\/wp-json\/wp\/v2\/comments?post=2214"}],"version-history":[{"count":24,"href":"https:\/\/malmocity.se\/de\/wp-json\/wp\/v2\/pages\/2214\/revisions"}],"predecessor-version":[{"id":8331,"href":"https:\/\/malmocity.se\/de\/wp-json\/wp\/v2\/pages\/2214\/revisions\/8331"}],"wp:attachment":[{"href":"https:\/\/malmocity.se\/de\/wp-json\/wp\/v2\/media?parent=2214"}],"curies":[{"name":"wp","href":"https:\/\/api.w.org\/{rel}","templated":true}]}}