{"id":2350,"date":"2025-02-12T08:23:21","date_gmt":"2025-02-12T07:23:21","guid":{"rendered":"https:\/\/malmocity.se\/?page_id=2350"},"modified":"2025-03-05T14:24:45","modified_gmt":"2025-03-05T13:24:45","slug":"forsaljningsstallen","status":"publish","type":"page","link":"https:\/\/malmocity.se\/de\/presentkort\/forsaljningsstallen\/","title":{"rendered":"Verkaufsstellen"},"content":{"rendered":"<div data-elementor-type=\"wp-page\" data-elementor-id=\"2350\" class=\"elementor elementor-2350\" data-elementor-post-type=\"page\">\n\t\t\t\t<div class=\"elementor-element elementor-element-d732f07 e-flex e-con-boxed e-con e-parent\" data-id=\"d732f07\" data-element_type=\"container\" data-settings=\"{&quot;background_background&quot;:&quot;classic&quot;}\">\n\t\t\t\t\t<div class=\"e-con-inner\">\n\t\t<div class=\"elementor-element elementor-element-ca4c8fb e-flex e-con-boxed e-con e-child\" data-id=\"ca4c8fb\" data-element_type=\"container\">\n\t\t\t\t\t<div class=\"e-con-inner\">\n\t\t\t\t\t<\/div>\n\t\t\t\t<\/div>\n\t\t\t\t\t<\/div>\n\t\t\t\t<\/div>\n\t\t<div class=\"elementor-element elementor-element-d8013e9 e-flex e-con-boxed e-con e-parent\" data-id=\"d8013e9\" data-element_type=\"container\">\n\t\t\t\t\t<div class=\"e-con-inner\">\n\t\t<div class=\"elementor-element elementor-element-670488a e-con-full e-flex e-con e-child\" data-id=\"670488a\" data-element_type=\"container\">\n\t\t<div class=\"elementor-element elementor-element-d9281ac e-con-full e-flex e-con e-child\" data-id=\"d9281ac\" data-element_type=\"container\">\n\t\t\t\t<div class=\"elementor-element elementor-element-e284e0b elementor-widget elementor-widget-heading\" data-id=\"e284e0b\" data-element_type=\"widget\" data-widget_type=\"heading.default\">\n\t\t\t\t<div class=\"elementor-widget-container\">\n\t\t\t\t\t<h1 class=\"elementor-heading-title elementor-size-default\">Kauf an Ort und Stelle<\/h1>\t\t\t\t<\/div>\n\t\t\t\t<\/div>\n\t\t\t\t<div class=\"elementor-element elementor-element-cb0003e elementor-widget elementor-widget-text-editor\" data-id=\"cb0003e\" data-element_type=\"widget\" data-widget_type=\"text-editor.default\">\n\t\t\t\t<div class=\"elementor-widget-container\">\n\t\t\t\t\t\t\t\t\t<p>Sie k\u00f6nnen Malm\u00f6 City Gift Cards an unseren beiden Geschenkkartenautomaten kaufen <a href=\"https:\/\/malmocity.se\/de\/company\/triangeln\/\">Dreiecke<\/a>. Diese finden Sie bei Clas Ohlson und bei Kappahl.<\/p><p>In der Malm\u00f6 Saluhall finden Sie unseren Geschenkkartenautomaten gleich am Eingang neben P\u00e5Ris.<\/p>\t\t\t\t\t\t\t\t<\/div>\n\t\t\t\t<\/div>\n\t\t\t\t<\/div>\n\t\t\t\t<\/div>\n\t\t\t\t\t<\/div>\n\t\t\t\t<\/div>\n\t\t<div class=\"elementor-element elementor-element-377a3fe e-flex e-con-boxed e-con e-parent\" data-id=\"377a3fe\" data-element_type=\"container\" data-settings=\"{&quot;background_background&quot;:&quot;classic&quot;}\">\n\t\t\t\t\t<div class=\"e-con-inner\">\n\t\t<div class=\"elementor-element elementor-element-28accc7 e-con-full e-flex e-con e-child\" data-id=\"28accc7\" data-element_type=\"container\">\n\t\t\t\t<div class=\"elementor-element elementor-element-ed1a178 elementor-widget elementor-widget-heading\" data-id=\"ed1a178\" data-element_type=\"widget\" data-widget_type=\"heading.default\">\n\t\t\t\t<div class=\"elementor-widget-container\">\n\t\t\t\t\t<h3 class=\"elementor-heading-title elementor-size-default\">Auch in allen <a>Pressestelle<\/a> in Malm\u00f6:<\/h3>\t\t\t\t<\/div>\n\t\t\t\t<\/div>\n\t\t\t\t<div class=\"elementor-element elementor-element-c525d08 elementor-icon-list--layout-traditional elementor-list-item-link-full_width elementor-widget elementor-widget-icon-list\" data-id=\"c525d08\" data-element_type=\"widget\" data-widget_type=\"icon-list.default\">\n\t\t\t\t<div class=\"elementor-widget-container\">\n\t\t\t\t\t\t\t<ul class=\"elementor-icon-list-items\">\n\t\t\t\t\t\t\t<li class=\"elementor-icon-list-item\">\n\t\t\t\t\t\t\t\t\t\t\t<span class=\"elementor-icon-list-icon\">\n\t\t\t\t\t\t\t<i aria-hidden=\"true\" class=\"fad fa-external-link-square-alt\"><\/i>\t\t\t\t\t\t<\/span>\n\t\t\t\t\t\t\t\t\t\t<span class=\"elementor-icon-list-text\"><a href=\"https:\/\/www.google.se\/maps\/place\/Pressbyr%C3%A5n+Extra\/@55.6093636,12.9995075,18z\/data=!3m1!5s0x4653a3fbe3ba0af1:0x6c1168e3c247644b!4m12!1m6!3m5!1s0x4653a3f09555558b:0x9b7a394652f9f360!2sPressbyr%C3%A5n!8m2!3d55.6093627!4d13.0001397!3m4!1s0x0:0x1aef77d5aac00ea7!8m2!3d55.6092121!4d13.0000334\" target=\"_blank\" rel=\"noopener\">Hauptbahnhof Malm\u00f6, Glashalle <\/a><\/span>\n\t\t\t\t\t\t\t\t\t<\/li>\n\t\t\t\t\t\t\t\t<li class=\"elementor-icon-list-item\">\n\t\t\t\t\t\t\t\t\t\t\t<span class=\"elementor-icon-list-icon\">\n\t\t\t\t\t\t\t<i aria-hidden=\"true\" class=\"fad fa-external-link-square-alt\"><\/i>\t\t\t\t\t\t<\/span>\n\t\t\t\t\t\t\t\t\t\t<span class=\"elementor-icon-list-text\"><a href=\"https:\/\/www.google.se\/maps\/place\/Pressbyr%C3%A5n\/@55.6044744,12.9984963,17z\/data=!3m1!4b1!4m6!3m5!1s0x4653a3fbe1702bb9:0xfa561b118e6f354f!8m2!3d55.6044714!4d13.0010712!16s%2Fg%2F1hc15fg32?entry=ttu&amp;g_ep=EgoyMDI1MDMwMi4wIKXMDSoASAFQAw%3D%3D\" target=\"_blank\" rel=\"noopener\">S\u00f6dergatan 11<\/a><\/span>\n\t\t\t\t\t\t\t\t\t<\/li>\n\t\t\t\t\t\t\t\t<li class=\"elementor-icon-list-item\">\n\t\t\t\t\t\t\t\t\t\t\t<span class=\"elementor-icon-list-icon\">\n\t\t\t\t\t\t\t<i aria-hidden=\"true\" class=\"fad fa-external-link-square-alt\"><\/i>\t\t\t\t\t\t<\/span>\n\t\t\t\t\t\t\t\t\t\t<span class=\"elementor-icon-list-text\"><a href=\"https:\/\/www.google.se\/maps\/place\/Pressbyr%C3%A5n+Gustav+Adolfs+torg\/@55.602976,12.9980395,17z\/data=!3m1!4b1!4m6!3m5!1s0x4653a36e44c9c011:0xf6d85adca69eae1!8m2!3d55.602973!4d13.0006144!16s%2Fg%2F11s3xsllph?entry=ttu&amp;g_ep=EgoyMDI1MDMwMi4wIKXMDSoASAFQAw%3D%3D\" target=\"_blank\" rel=\"noopener\">Gustav Adolfs torg 1<\/a><\/span>\n\t\t\t\t\t\t\t\t\t<\/li>\n\t\t\t\t\t\t\t\t<li class=\"elementor-icon-list-item\">\n\t\t\t\t\t\t\t\t\t\t\t<span class=\"elementor-icon-list-icon\">\n\t\t\t\t\t\t\t<i aria-hidden=\"true\" class=\"fad fa-external-link-square-alt\"><\/i>\t\t\t\t\t\t<\/span>\n\t\t\t\t\t\t\t\t\t\t<span class=\"elementor-icon-list-text\"><a href=\"https:\/\/www.google.se\/maps\/place\/Pressbyr%C3%A5n\/@55.5998373,12.998979,17z\/data=!4m12!1m6!3m5!1s0x4653a157081a2a3b:0x3e29040925614992!2sPressbyr%C3%A5n!8m2!3d55.5998343!4d13.0011677!3m4!1s0x4653a157081a2a3b:0x3e29040925614992!8m2!3d55.5998343!4d13.0011677\" target=\"_blank\" rel=\"noopener\">S\u00f6dra F\u00f6rstadsgatan 12<\/a><\/span>\n\t\t\t\t\t\t\t\t\t<\/li>\n\t\t\t\t\t\t\t\t<li class=\"elementor-icon-list-item\">\n\t\t\t\t\t\t\t\t\t\t\t<span class=\"elementor-icon-list-icon\">\n\t\t\t\t\t\t\t<i aria-hidden=\"true\" class=\"fad fa-external-link-square-alt\"><\/i>\t\t\t\t\t\t<\/span>\n\t\t\t\t\t\t\t\t\t\t<span class=\"elementor-icon-list-text\"><a href=\"https:\/\/www.google.se\/maps\/place\/Pressbyr%C3%A5n\/@55.5887383,13.0041404,17z\/data=!3m1!4b1!4m5!3m4!1s0x4653a1437005e4af:0x88d4be02c025a230!8m2!3d55.5887353!4d13.0063291\" target=\"_blank\" rel=\"noopener\">S\u00f6derv\u00e4rn Busbahnhof, Sp\u00e5rv\u00e4gsgatan 7<\/a><\/span>\n\t\t\t\t\t\t\t\t\t<\/li>\n\t\t\t\t\t\t\t\t<li class=\"elementor-icon-list-item\">\n\t\t\t\t\t\t\t\t\t\t\t<span class=\"elementor-icon-list-icon\">\n\t\t\t\t\t\t\t<i aria-hidden=\"true\" class=\"fad fa-external-link-square-alt\"><\/i>\t\t\t\t\t\t<\/span>\n\t\t\t\t\t\t\t\t\t\t<span class=\"elementor-icon-list-text\"><a href=\"https:\/\/www.google.se\/maps\/place\/Pressbyr%C3%A5n\/@55.5893116,12.9993107,17z\/data=!3m1!4b1!4m5!3m4!1s0x4653a71be17bc10f:0x864494e52adc3768!8m2!3d55.5893086!4d13.0014994\" target=\"_blank\" rel=\"noopener\">MAS Kirurgen, Inga Marie Nilssons gata 47<\/a><\/span>\n\t\t\t\t\t\t\t\t\t<\/li>\n\t\t\t\t\t\t\t\t<li class=\"elementor-icon-list-item\">\n\t\t\t\t\t\t\t\t\t\t\t<span class=\"elementor-icon-list-icon\">\n\t\t\t\t\t\t\t<i aria-hidden=\"true\" class=\"fad fa-external-link-square-alt\"><\/i>\t\t\t\t\t\t<\/span>\n\t\t\t\t\t\t\t\t\t\t<span class=\"elementor-icon-list-text\"><a href=\"https:\/\/www.google.se\/maps\/place\/Pressbyr%C3%A5n\/@55.5876366,12.998468,17z\/data=!3m2!4b1!5s0x4653a145b07f20d5:0xd2113d5e8e8ed72f!4m6!3m5!1s0x4653a10598bc7231:0x5ba57ded28189501!8m2!3d55.5876336!4d13.0010429!16s%2Fg%2F11kn8x5cg6?entry=ttu&amp;g_ep=EgoyMDI1MDMwMi4wIKXMDSoASAFQAw%3D%3D\" target=\"_blank\" rel=\"noopener\">MAS L\u00e5nga raden, Jan Waldenstr\u00f6ms gata 18<\/a><\/span>\n\t\t\t\t\t\t\t\t\t<\/li>\n\t\t\t\t\t\t\t\t<li class=\"elementor-icon-list-item\">\n\t\t\t\t\t\t\t\t\t\t\t<span class=\"elementor-icon-list-icon\">\n\t\t\t\t\t\t\t<i aria-hidden=\"true\" class=\"fad fa-external-link-square-alt\"><\/i>\t\t\t\t\t\t<\/span>\n\t\t\t\t\t\t\t\t\t\t<span class=\"elementor-icon-list-text\"><a href=\"https:\/\/www.google.se\/maps\/place\/Pressbyr%C3%A5n\/@55.5628769,12.9741501,17z\/data=!3m1!4b1!4m5!3m4!1s0x4653a12bce84da5d:0xed226962ec6def9!8m2!3d55.5628739!4d12.9763388\" target=\"_blank\" rel=\"noopener\">Hyllie, Hyllie Stationstorg 15<\/a><\/span>\n\t\t\t\t\t\t\t\t\t<\/li>\n\t\t\t\t\t\t\t\t<li class=\"elementor-icon-list-item\">\n\t\t\t\t\t\t\t\t\t\t\t<span class=\"elementor-icon-list-icon\">\n\t\t\t\t\t\t\t<i aria-hidden=\"true\" class=\"fad fa-external-link-square-alt\"><\/i>\t\t\t\t\t\t<\/span>\n\t\t\t\t\t\t\t\t\t\t<span class=\"elementor-icon-list-text\"><a href=\"https:\/\/www.google.se\/maps\/place\/Pressbyr%C3%A5n\/@55.594978,13.0015431,17z\/data=!4m14!1m7!3m6!1s0x4653a1a18c006abf:0xf25928dc86513b48!2sPressbyr%C3%A5n!8m2!3d55.594975!4d13.004118!16s%2Fg%2F11vwv3y26q!3m5!1s0x4653a1a18c006abf:0xf25928dc86513b48!8m2!3d55.594975!4d13.004118!16s%2Fg%2F11vwv3y26q?entry=ttu&amp;g_ep=EgoyMDI1MDMwMi4wIKXMDSoASAFQAw%3D%3D\" target=\"_blank\" rel=\"noopener\">Friisgatan 4<\/a><\/span>\n\t\t\t\t\t\t\t\t\t<\/li>\n\t\t\t\t\t\t\t\t<li class=\"elementor-icon-list-item\">\n\t\t\t\t\t\t\t\t\t\t\t<span class=\"elementor-icon-list-icon\">\n\t\t\t\t\t\t\t<i aria-hidden=\"true\" class=\"fad fa-external-link-square-alt\"><\/i>\t\t\t\t\t\t<\/span>\n\t\t\t\t\t\t\t\t\t\t<span class=\"elementor-icon-list-text\"><a href=\"https:\/\/www.google.se\/maps\/place\/Pressbyr%C3%A5n\/@55.5986682,12.9817884,17z\/data=!3m1!4b1!4m6!3m5!1s0x4653a7512a97e0a3:0x809259552f70bd4a!8m2!3d55.5986652!4d12.9843633!16s%2Fg%2F11w8m1ctlj?entry=ttu&amp;g_ep=EgoyMDI1MDMwMi4wIKXMDSoASAFQAw%3D%3D\" target=\"_blank\" rel=\"noopener\">Kronprinsen, Regementsgatan 52 <\/a><\/span>\n\t\t\t\t\t\t\t\t\t<\/li>\n\t\t\t\t\t\t\t\t<li class=\"elementor-icon-list-item\">\n\t\t\t\t\t\t\t\t\t\t\t<span class=\"elementor-icon-list-icon\">\n\t\t\t\t\t\t\t<i aria-hidden=\"true\" class=\"fad fa-external-link-square-alt\"><\/i>\t\t\t\t\t\t<\/span>\n\t\t\t\t\t\t\t\t\t\t<span class=\"elementor-icon-list-text\"><a href=\"https:\/\/www.google.se\/maps\/place\/Pressbyr%C3%A5n\/@55.6058529,13.0182291,17z\/data=!3m1!4b1!4m6!3m5!1s0x4653a3e0b2ec3765:0xcd41645a190e761a!8m2!3d55.60585!4d13.0231!16s%2Fg%2F1ptzj85sc?entry=ttu&amp;g_ep=EgoyMDI1MDMwMi4wIKXMDSoASAFQAw%3D%3D\" target=\"_blank\" rel=\"noopener\">V\u00e4rnhemstorget, V\u00e4rnhemsgatan <\/a><\/span>\n\t\t\t\t\t\t\t\t\t<\/li>\n\t\t\t\t\t\t<\/ul>\n\t\t\t\t\t\t<\/div>\n\t\t\t\t<\/div>\n\t\t\t\t<div class=\"elementor-element elementor-element-6ae9dee elementor-widget elementor-widget-heading\" data-id=\"6ae9dee\" data-element_type=\"widget\" data-widget_type=\"heading.default\">\n\t\t\t\t<div class=\"elementor-widget-container\">\n\t\t\t\t\t<h4 class=\"elementor-heading-title elementor-size-default\">Das bekommen Sie, wenn Sie die Malm\u00f6 City Gift Card kaufen:<\/h4>\t\t\t\t<\/div>\n\t\t\t\t<\/div>\n\t\t\t\t<div class=\"elementor-element elementor-element-79e2c6a elementor-icon-list--layout-traditional elementor-list-item-link-full_width elementor-widget elementor-widget-icon-list\" data-id=\"79e2c6a\" data-element_type=\"widget\" data-widget_type=\"icon-list.default\">\n\t\t\t\t<div class=\"elementor-widget-container\">\n\t\t\t\t\t\t\t<ul class=\"elementor-icon-list-items\">\n\t\t\t\t\t\t\t<li class=\"elementor-icon-list-item\">\n\t\t\t\t\t\t\t\t\t\t\t<span class=\"elementor-icon-list-icon\">\n\t\t\t\t\t\t\t<i aria-hidden=\"true\" class=\"fad fa-chevron-square-right\"><\/i>\t\t\t\t\t\t<\/span>\n\t\t\t\t\t\t\t\t\t\t<span class=\"elementor-icon-list-text\">Die Karte(n) mit dem Betrag, den Sie gew\u00e4hlt haben.<\/span>\n\t\t\t\t\t\t\t\t\t<\/li>\n\t\t\t\t\t\t\t\t<li class=\"elementor-icon-list-item\">\n\t\t\t\t\t\t\t\t\t\t\t<span class=\"elementor-icon-list-icon\">\n\t\t\t\t\t\t\t<i aria-hidden=\"true\" class=\"fad fa-chevron-square-right\"><\/i>\t\t\t\t\t\t<\/span>\n\t\t\t\t\t\t\t\t\t\t<span class=\"elementor-icon-list-text\">Tr\u00e4ger\/Deckel. Auf der Innenseite k\u00f6nnen Sie \"an\" und \"von\" sowie die G\u00fcltigkeitsdauer der Karte angeben, damit der Empf\u00e4nger sie kennt (ein Jahr ab dem Kaufdatum).<\/span>\n\t\t\t\t\t\t\t\t\t<\/li>\n\t\t\t\t\t\t\t\t<li class=\"elementor-icon-list-item\">\n\t\t\t\t\t\t\t\t\t\t\t<span class=\"elementor-icon-list-icon\">\n\t\t\t\t\t\t\t<i aria-hidden=\"true\" class=\"fad fa-chevron-square-right\"><\/i>\t\t\t\t\t\t<\/span>\n\t\t\t\t\t\t\t\t\t\t<span class=\"elementor-icon-list-text\">Briefumschl\u00e4ge (nicht in Automaten g\u00fcltig).<\/span>\n\t\t\t\t\t\t\t\t\t<\/li>\n\t\t\t\t\t\t<\/ul>\n\t\t\t\t\t\t<\/div>\n\t\t\t\t<\/div>\n\t\t\t\t<\/div>\n\t\t<div class=\"elementor-element elementor-element-f05b362 e-con-full e-flex e-con e-child\" data-id=\"f05b362\" data-element_type=\"container\" data-settings=\"{&quot;background_background&quot;:&quot;classic&quot;}\">\n\t\t\t\t<\/div>\n\t\t\t\t\t<\/div>\n\t\t\t\t<\/div>\n\t\t\t\t<\/div>","protected":false},"excerpt":{"rendered":"<p>Vor Ort kaufen Sie k\u00f6nnen Malm\u00f6 City Gift Cards an unseren beiden Geschenkkartenautomaten in Triangeln kaufen. Sie finden diese bei Clas Ohlson und bei Kappahl. In der Malm\u00f6 Saluhall finden Sie unseren Geschenkautomaten gleich am Eingang neben P\u00e5Ris. Au\u00dferdem in allen Pressbyr\u00e5n in Malm\u00f6: Malm\u00f6 Central Station, Glashallen S\u00f6dergatan 11 Gustav Adolfs torg 1 S\u00f6dra F\u00f6rstadsgatan 12 S\u00f6derv\u00e4rn [...]<\/p>","protected":false},"author":1,"featured_media":0,"parent":2214,"menu_order":0,"comment_status":"closed","ping_status":"closed","template":"","meta":{"_acf_changed":false,"footnotes":""},"class_list":["post-2350","page","type-page","status-publish","hentry"],"acf":[],"_links":{"self":[{"href":"https:\/\/malmocity.se\/de\/wp-json\/wp\/v2\/pages\/2350","targetHints":{"allow":["GET"]}}],"collection":[{"href":"https:\/\/malmocity.se\/de\/wp-json\/wp\/v2\/pages"}],"about":[{"href":"https:\/\/malmocity.se\/de\/wp-json\/wp\/v2\/types\/page"}],"author":[{"embeddable":true,"href":"https:\/\/malmocity.se\/de\/wp-json\/wp\/v2\/users\/1"}],"replies":[{"embeddable":true,"href":"https:\/\/malmocity.se\/de\/wp-json\/wp\/v2\/comments?post=2350"}],"version-history":[{"count":5,"href":"https:\/\/malmocity.se\/de\/wp-json\/wp\/v2\/pages\/2350\/revisions"}],"predecessor-version":[{"id":4110,"href":"https:\/\/malmocity.se\/de\/wp-json\/wp\/v2\/pages\/2350\/revisions\/4110"}],"up":[{"embeddable":true,"href":"https:\/\/malmocity.se\/de\/wp-json\/wp\/v2\/pages\/2214"}],"wp:attachment":[{"href":"https:\/\/malmocity.se\/de\/wp-json\/wp\/v2\/media?parent=2350"}],"curies":[{"name":"wp","href":"https:\/\/api.w.org\/{rel}","templated":true}]}}