{"id":2389,"date":"2025-02-12T09:20:37","date_gmt":"2025-02-12T08:20:37","guid":{"rendered":"https:\/\/malmocity.se\/?page_id=2389"},"modified":"2025-06-09T20:36:38","modified_gmt":"2025-06-09T19:36:38","slug":"upplev-city","status":"publish","type":"page","link":"https:\/\/malmocity.se\/de\/upplev-city\/","title":{"rendered":"Die Stadt erleben"},"content":{"rendered":"<div data-elementor-type=\"wp-page\" data-elementor-id=\"2389\" class=\"elementor elementor-2389\" data-elementor-post-type=\"page\">\n\t\t\t\t<div class=\"elementor-element elementor-element-db283b9 e-flex e-con-boxed e-con e-parent\" data-id=\"db283b9\" data-element_type=\"container\" data-settings=\"{&quot;background_background&quot;:&quot;classic&quot;}\">\n\t\t\t\t\t<div class=\"e-con-inner\">\n\t\t<div class=\"elementor-element elementor-element-4422657 e-flex e-con-boxed e-con e-child\" data-id=\"4422657\" data-element_type=\"container\">\n\t\t\t\t\t<div class=\"e-con-inner\">\n\t\t\t\t\t<\/div>\n\t\t\t\t<\/div>\n\t\t\t\t\t<\/div>\n\t\t\t\t<\/div>\n\t\t<div class=\"elementor-element elementor-element-18a724c e-flex e-con-boxed e-con e-parent\" data-id=\"18a724c\" data-element_type=\"container\">\n\t\t\t\t\t<div class=\"e-con-inner\">\n\t\t<div class=\"elementor-element elementor-element-4ddc576 e-con-full e-flex e-con e-child\" data-id=\"4ddc576\" data-element_type=\"container\">\n\t\t<div class=\"elementor-element elementor-element-a88eaff e-con-full e-flex e-con e-child\" data-id=\"a88eaff\" data-element_type=\"container\">\n\t\t\t\t<div class=\"elementor-element elementor-element-ff6f6a3 elementor-widget elementor-widget-heading\" data-id=\"ff6f6a3\" data-element_type=\"widget\" data-widget_type=\"heading.default\">\n\t\t\t\t<div class=\"elementor-widget-container\">\n\t\t\t\t\t<h1 class=\"elementor-heading-title elementor-size-default\">Die Stadt erleben<\/h1>\t\t\t\t<\/div>\n\t\t\t\t<\/div>\n\t\t\t\t<div class=\"elementor-element elementor-element-8ea495b elementor-widget elementor-widget-text-editor\" data-id=\"8ea495b\" data-element_type=\"widget\" data-widget_type=\"text-editor.default\">\n\t\t\t\t<div class=\"elementor-widget-container\">\n\t\t\t\t\t\t\t\t\t<p><span class=\"JsGRdQ\">Das Angebot der Stadt Malm\u00f6 ist das beste\u00a0<\/span><span class=\"JsGRdQ\">von T\u00fcten mit S\u00fc\u00dfigkeiten, ein vergn\u00fcgliches\u00a0<\/span><span class=\"JsGRdQ\">Mischung, die f\u00fcr jeden etwas bietet.\u00a0<\/span>Hier finden Sie die gesamte Palette der Gesch\u00e4fte im Stadtzentrum mit \u00d6ffnungszeiten, Informationen und Adressen. <span style=\"color: var( --e-global-color-text );\">Wonach suchen Sie heute?<\/span><\/p>\t\t\t\t\t\t\t\t<\/div>\n\t\t\t\t<\/div>\n\t\t<div class=\"elementor-element elementor-element-18b41e0 e-con-full e-flex e-con e-child\" data-id=\"18b41e0\" data-element_type=\"container\">\n\t\t<div class=\"elementor-element elementor-element-066da19 e-con-full animated-fast e-flex elementor-invisible e-con e-child\" data-id=\"066da19\" data-element_type=\"container\" data-settings=\"{&quot;background_background&quot;:&quot;classic&quot;,&quot;animation&quot;:&quot;fadeIn&quot;}\">\n\t\t<div class=\"elementor-element elementor-element-be3bdcd e-con-full e-flex e-con e-child\" data-id=\"be3bdcd\" data-element_type=\"container\">\n\t\t\t\t<div class=\"elementor-element elementor-element-272fc53 elementor-widget elementor-widget-heading\" data-id=\"272fc53\" data-element_type=\"widget\" data-widget_type=\"heading.default\">\n\t\t\t\t<div class=\"elementor-widget-container\">\n\t\t\t\t\t<h4 class=\"elementor-heading-title elementor-size-default\">Shoppa<\/h4>\t\t\t\t<\/div>\n\t\t\t\t<\/div>\n\t\t\t\t<div class=\"elementor-element elementor-element-1bae850 elementor-align-left elementor-widget elementor-widget-button\" data-id=\"1bae850\" data-element_type=\"widget\" data-widget_type=\"button.default\">\n\t\t\t\t<div class=\"elementor-widget-container\">\n\t\t\t\t\t\t\t\t\t<div class=\"elementor-button-wrapper\">\n\t\t\t\t\t<a class=\"elementor-button elementor-button-link elementor-size-sm\" href=\"\/de\/upplev-city\/shoppa\/\">\n\t\t\t\t\t\t<span class=\"elementor-button-content-wrapper\">\n\t\t\t\t\t\t\t\t\t<span class=\"elementor-button-text\">Siehe Aktivit\u00e4ten<\/span>\n\t\t\t\t\t<\/span>\n\t\t\t\t\t<\/a>\n\t\t\t\t<\/div>\n\t\t\t\t\t\t\t\t<\/div>\n\t\t\t\t<\/div>\n\t\t\t\t<\/div>\n\t\t\t\t<\/div>\n\t\t<div class=\"elementor-element elementor-element-cd8afc6 e-con-full animated-fast e-flex elementor-invisible e-con e-child\" data-id=\"cd8afc6\" data-element_type=\"container\" data-settings=\"{&quot;background_background&quot;:&quot;classic&quot;,&quot;animation&quot;:&quot;fadeIn&quot;}\">\n\t\t<div class=\"elementor-element elementor-element-12daa07 e-con-full e-flex e-con e-child\" data-id=\"12daa07\" data-element_type=\"container\">\n\t\t\t\t<div class=\"elementor-element elementor-element-ff2c064 elementor-widget elementor-widget-heading\" data-id=\"ff2c064\" data-element_type=\"widget\" data-widget_type=\"heading.default\">\n\t\t\t\t<div class=\"elementor-widget-container\">\n\t\t\t\t\t<h4 class=\"elementor-heading-title elementor-size-default\">Essen<\/h4>\t\t\t\t<\/div>\n\t\t\t\t<\/div>\n\t\t\t\t<div class=\"elementor-element elementor-element-6e9f3e2 elementor-align-left elementor-widget elementor-widget-button\" data-id=\"6e9f3e2\" data-element_type=\"widget\" data-widget_type=\"button.default\">\n\t\t\t\t<div class=\"elementor-widget-container\">\n\t\t\t\t\t\t\t\t\t<div class=\"elementor-button-wrapper\">\n\t\t\t\t\t<a class=\"elementor-button elementor-button-link elementor-size-sm\" href=\"\/de\/upplev-city\/ata\/\">\n\t\t\t\t\t\t<span class=\"elementor-button-content-wrapper\">\n\t\t\t\t\t\t\t\t\t<span class=\"elementor-button-text\">Siehe Aktivit\u00e4ten<\/span>\n\t\t\t\t\t<\/span>\n\t\t\t\t\t<\/a>\n\t\t\t\t<\/div>\n\t\t\t\t\t\t\t\t<\/div>\n\t\t\t\t<\/div>\n\t\t\t\t<\/div>\n\t\t\t\t<\/div>\n\t\t\t\t<\/div>\n\t\t<div class=\"elementor-element elementor-element-5bcc799 e-con-full e-flex e-con e-child\" data-id=\"5bcc799\" data-element_type=\"container\">\n\t\t<div class=\"elementor-element elementor-element-a916bcb e-con-full animated-fast e-flex elementor-invisible e-con e-child\" data-id=\"a916bcb\" data-element_type=\"container\" data-settings=\"{&quot;background_background&quot;:&quot;classic&quot;,&quot;animation&quot;:&quot;fadeIn&quot;}\">\n\t\t<div class=\"elementor-element elementor-element-78a5631 e-con-full e-flex e-con e-child\" data-id=\"78a5631\" data-element_type=\"container\">\n\t\t\t\t<div class=\"elementor-element elementor-element-3c58bfd elementor-widget elementor-widget-heading\" data-id=\"3c58bfd\" data-element_type=\"widget\" data-widget_type=\"heading.default\">\n\t\t\t\t<div class=\"elementor-widget-container\">\n\t\t\t\t\t<h4 class=\"elementor-heading-title elementor-size-default\">Dienstleistungen und Einrichtungen <\/h4>\t\t\t\t<\/div>\n\t\t\t\t<\/div>\n\t\t\t\t<div class=\"elementor-element elementor-element-1a044e0 elementor-align-left elementor-widget elementor-widget-button\" data-id=\"1a044e0\" data-element_type=\"widget\" data-widget_type=\"button.default\">\n\t\t\t\t<div class=\"elementor-widget-container\">\n\t\t\t\t\t\t\t\t\t<div class=\"elementor-button-wrapper\">\n\t\t\t\t\t<a class=\"elementor-button elementor-button-link elementor-size-sm\" href=\"\/de\/upplev-city\/service-tjanster\/\">\n\t\t\t\t\t\t<span class=\"elementor-button-content-wrapper\">\n\t\t\t\t\t\t\t\t\t<span class=\"elementor-button-text\">Siehe Aktivit\u00e4ten<\/span>\n\t\t\t\t\t<\/span>\n\t\t\t\t\t<\/a>\n\t\t\t\t<\/div>\n\t\t\t\t\t\t\t\t<\/div>\n\t\t\t\t<\/div>\n\t\t\t\t<\/div>\n\t\t\t\t<\/div>\n\t\t<div class=\"elementor-element elementor-element-2fd6ab9 e-con-full animated-fast e-flex elementor-invisible e-con e-child\" data-id=\"2fd6ab9\" data-element_type=\"container\" data-settings=\"{&quot;background_background&quot;:&quot;classic&quot;,&quot;animation&quot;:&quot;fadeIn&quot;}\">\n\t\t<div class=\"elementor-element elementor-element-67ea9b2 e-con-full e-flex e-con e-child\" data-id=\"67ea9b2\" data-element_type=\"container\">\n\t\t\t\t<div class=\"elementor-element elementor-element-306cc6f elementor-widget elementor-widget-heading\" data-id=\"306cc6f\" data-element_type=\"widget\" data-widget_type=\"heading.default\">\n\t\t\t\t<div class=\"elementor-widget-container\">\n\t\t\t\t\t<h4 class=\"elementor-heading-title elementor-size-default\">Unterkunft<\/h4>\t\t\t\t<\/div>\n\t\t\t\t<\/div>\n\t\t\t\t<div class=\"elementor-element elementor-element-c592bfb elementor-align-left elementor-widget elementor-widget-button\" data-id=\"c592bfb\" data-element_type=\"widget\" data-widget_type=\"button.default\">\n\t\t\t\t<div class=\"elementor-widget-container\">\n\t\t\t\t\t\t\t\t\t<div class=\"elementor-button-wrapper\">\n\t\t\t\t\t<a class=\"elementor-button elementor-button-link elementor-size-sm\" href=\"\/de\/upplev-city\/boende\/\">\n\t\t\t\t\t\t<span class=\"elementor-button-content-wrapper\">\n\t\t\t\t\t\t\t\t\t<span class=\"elementor-button-text\">Siehe Aktivit\u00e4ten<\/span>\n\t\t\t\t\t<\/span>\n\t\t\t\t\t<\/a>\n\t\t\t\t<\/div>\n\t\t\t\t\t\t\t\t<\/div>\n\t\t\t\t<\/div>\n\t\t\t\t<\/div>\n\t\t\t\t<\/div>\n\t\t\t\t<\/div>\n\t\t\t\t<\/div>\n\t\t\t\t<\/div>\n\t\t\t\t\t<\/div>\n\t\t\t\t<\/div>\n\t\t<div class=\"elementor-element elementor-element-08fefb9 e-flex e-con-boxed e-con e-parent\" data-id=\"08fefb9\" data-element_type=\"container\">\n\t\t\t\t\t<div class=\"e-con-inner\">\n\t\t\t\t<div class=\"elementor-element elementor-element-e193c35 elementor-widget elementor-widget-text-editor\" data-id=\"e193c35\" data-element_type=\"widget\" data-widget_type=\"text-editor.default\">\n\t\t\t\t<div class=\"elementor-widget-container\">\n\t\t\t\t\t\t\t\t\t<p>Bitte beachten Sie, dass die Geschenkkarte nicht von allen Organisationen akzeptiert wird.<br \/>Eine Liste der Stellen, die die Karte akzeptieren, finden Sie hier:<\/p>\t\t\t\t\t\t\t\t<\/div>\n\t\t\t\t<\/div>\n\t\t\t\t<div class=\"elementor-element elementor-element-73e90b5 elementor-align-center toGiftCards elementor-widget elementor-widget-button\" data-id=\"73e90b5\" data-element_type=\"widget\" data-widget_type=\"button.default\">\n\t\t\t\t<div class=\"elementor-widget-container\">\n\t\t\t\t\t\t\t\t\t<div class=\"elementor-button-wrapper\">\n\t\t\t\t\t<a class=\"elementor-button elementor-button-link elementor-size-sm\" href=\"https:\/\/malmocity.se\/de\/upplev-city\/shoppa\/\">\n\t\t\t\t\t\t<span class=\"elementor-button-content-wrapper\">\n\t\t\t\t\t\t\t\t\t<span class=\"elementor-button-text\">HIER GILT DER GESCHENKGUTSCHEIN<\/span>\n\t\t\t\t\t<\/span>\n\t\t\t\t\t<\/a>\n\t\t\t\t<\/div>\n\t\t\t\t\t\t\t\t<\/div>\n\t\t\t\t<\/div>\n\t\t\t\t<div class=\"elementor-element elementor-element-72da31b elementor-widget elementor-widget-html\" data-id=\"72da31b\" data-element_type=\"widget\" data-widget_type=\"html.default\">\n\t\t\t\t<div class=\"elementor-widget-container\">\n\t\t\t\t\t<script>\r\n  const toGiftCards = document.querySelector('.toGiftCards');\r\n\r\n  toGiftCards.addEventListener('click', () => sessionStorage.setItem('autoFilterGiftCard', 'true'));\r\n<\/script>\r\n\t\t\t\t<\/div>\n\t\t\t\t<\/div>\n\t\t\t\t\t<\/div>\n\t\t\t\t<\/div>\n\t\t\t\t<\/div>","protected":false},"excerpt":{"rendered":"<p>Home - Erlebnisstadt Erlebnisstadt Das Angebot von Malm\u00f6 City ist wie die besten Bonbont\u00fcten, eine angenehme Mischung, die f\u00fcr jeden etwas bietet. Hier finden Sie die gesamte Palette der Gesch\u00e4fte in der Innenstadt mit \u00d6ffnungszeiten, Informationen und Adressen. Wonach suchen Sie heute? Einkaufen Siehe Gesch\u00e4fte Essen Siehe Gesch\u00e4fte Dienstleistungen &amp; Annehmlichkeiten Siehe Gesch\u00e4fte Unterkunft Siehe Gesch\u00e4fte Bitte beachten Sie, dass es [...]<\/p>","protected":false},"author":1,"featured_media":0,"parent":0,"menu_order":0,"comment_status":"closed","ping_status":"closed","template":"","meta":{"_acf_changed":false,"footnotes":""},"class_list":["post-2389","page","type-page","status-publish","hentry"],"acf":[],"_links":{"self":[{"href":"https:\/\/malmocity.se\/de\/wp-json\/wp\/v2\/pages\/2389","targetHints":{"allow":["GET"]}}],"collection":[{"href":"https:\/\/malmocity.se\/de\/wp-json\/wp\/v2\/pages"}],"about":[{"href":"https:\/\/malmocity.se\/de\/wp-json\/wp\/v2\/types\/page"}],"author":[{"embeddable":true,"href":"https:\/\/malmocity.se\/de\/wp-json\/wp\/v2\/users\/1"}],"replies":[{"embeddable":true,"href":"https:\/\/malmocity.se\/de\/wp-json\/wp\/v2\/comments?post=2389"}],"version-history":[{"count":31,"href":"https:\/\/malmocity.se\/de\/wp-json\/wp\/v2\/pages\/2389\/revisions"}],"predecessor-version":[{"id":6591,"href":"https:\/\/malmocity.se\/de\/wp-json\/wp\/v2\/pages\/2389\/revisions\/6591"}],"wp:attachment":[{"href":"https:\/\/malmocity.se\/de\/wp-json\/wp\/v2\/media?parent=2389"}],"curies":[{"name":"wp","href":"https:\/\/api.w.org\/{rel}","templated":true}]}}