{"id":2629,"date":"2025-02-12T14:13:00","date_gmt":"2025-02-12T13:13:00","guid":{"rendered":"https:\/\/malmocity.se\/?page_id=2629"},"modified":"2026-04-01T08:05:06","modified_gmt":"2026-04-01T07:05:06","slug":"hitta-hit","status":"publish","type":"page","link":"https:\/\/malmocity.se\/de\/hitta-hit\/","title":{"rendered":"Hier finden Sie"},"content":{"rendered":"<div data-elementor-type=\"wp-page\" data-elementor-id=\"2629\" class=\"elementor elementor-2629\" data-elementor-post-type=\"page\">\n\t\t\t\t<div class=\"elementor-element elementor-element-45d15710 e-flex e-con-boxed e-con e-parent\" data-id=\"45d15710\" data-element_type=\"container\" data-settings=\"{&quot;background_background&quot;:&quot;classic&quot;}\">\n\t\t\t\t\t<div class=\"e-con-inner\">\n\t\t<div class=\"elementor-element elementor-element-5ed8c9cb e-flex e-con-boxed e-con e-child\" data-id=\"5ed8c9cb\" data-element_type=\"container\">\n\t\t\t\t\t<div class=\"e-con-inner\">\n\t\t\t\t\t<\/div>\n\t\t\t\t<\/div>\n\t\t\t\t\t<\/div>\n\t\t\t\t<\/div>\n\t\t<div class=\"elementor-element elementor-element-66e0c9eb e-flex e-con-boxed e-con e-parent\" data-id=\"66e0c9eb\" data-element_type=\"container\">\n\t\t\t\t\t<div class=\"e-con-inner\">\n\t\t<div class=\"elementor-element elementor-element-5012d3d3 e-con-full e-flex e-con e-child\" data-id=\"5012d3d3\" data-element_type=\"container\">\n\t\t<div class=\"elementor-element elementor-element-426d3069 e-con-full e-flex e-con e-child\" data-id=\"426d3069\" data-element_type=\"container\">\n\t\t\t\t<div class=\"elementor-element elementor-element-67751b71 elementor-widget elementor-widget-heading\" data-id=\"67751b71\" data-element_type=\"widget\" data-widget_type=\"heading.default\">\n\t\t\t\t<div class=\"elementor-widget-container\">\n\t\t\t\t\t<h1 class=\"elementor-heading-title elementor-size-default\">Hier finden Sie<\/h1>\t\t\t\t<\/div>\n\t\t\t\t<\/div>\n\t\t\t\t<div class=\"elementor-element elementor-element-e411ab4 elementor-widget elementor-widget-heading\" data-id=\"e411ab4\" data-element_type=\"widget\" data-widget_type=\"heading.default\">\n\t\t\t\t<div class=\"elementor-widget-container\">\n\t\t\t\t\t<h4 class=\"elementor-heading-title elementor-size-default\">Anreise zum Stadtzentrum von Malm\u00f6<\/h4>\t\t\t\t<\/div>\n\t\t\t\t<\/div>\n\t\t\t\t<div class=\"elementor-element elementor-element-68a6fa15 elementor-widget elementor-widget-text-editor\" data-id=\"68a6fa15\" data-element_type=\"widget\" data-widget_type=\"text-editor.default\">\n\t\t\t\t<div class=\"elementor-widget-container\">\n\t\t\t\t\t\t\t\t\t<p>Nicht alle Wege f\u00fchren in die Stadt Malm\u00f6, aber viele schon! <br \/>In der Stadt gibt es drei Knotenpunkte, die Sie vielleicht kennen sollten:<\/p>\t\t\t\t\t\t\t\t<\/div>\n\t\t\t\t<\/div>\n\t\t\t\t<div class=\"elementor-element elementor-element-e72d4b9 elementor-icon-list--layout-inline elementor-mobile-align-center elementor-list-item-link-full_width elementor-widget elementor-widget-icon-list\" data-id=\"e72d4b9\" data-element_type=\"widget\" data-widget_type=\"icon-list.default\">\n\t\t\t\t<div class=\"elementor-widget-container\">\n\t\t\t\t\t\t\t<ul class=\"elementor-icon-list-items elementor-inline-items\">\n\t\t\t\t\t\t\t<li class=\"elementor-icon-list-item elementor-inline-item\">\n\t\t\t\t\t\t\t\t\t\t\t<span class=\"elementor-icon-list-icon\">\n\t\t\t\t\t\t\t<svg aria-hidden=\"true\" class=\"e-font-icon-svg e-fas-arrow-alt-circle-right\" viewbox=\"0 0 512 512\" xmlns=\"http:\/\/www.w3.org\/2000\/svg\"><path d=\"M256 8c137 0 248 111 248 248S393 504 256 504 8 393 8 256 119 8 256 8zM140 300h116v70.9c0 10.7 13 16.1 20.5 8.5l114.3-114.9c4.7-4.7 4.7-12.2 0-16.9l-114.3-115c-7.6-7.6-20.5-2.2-20.5 8.5V212H140c-6.6 0-12 5.4-12 12v64c0 6.6 5.4 12 12 12z\"><\/path><\/svg>\t\t\t\t\t\t<\/span>\n\t\t\t\t\t\t\t\t\t\t<span class=\"elementor-icon-list-text\">Hauptbahnhof Malm\u00f6<\/span>\n\t\t\t\t\t\t\t\t\t<\/li>\n\t\t\t\t\t\t\t\t<li class=\"elementor-icon-list-item elementor-inline-item\">\n\t\t\t\t\t\t\t\t\t\t\t<span class=\"elementor-icon-list-icon\">\n\t\t\t\t\t\t\t<svg aria-hidden=\"true\" class=\"e-font-icon-svg e-fas-arrow-alt-circle-right\" viewbox=\"0 0 512 512\" xmlns=\"http:\/\/www.w3.org\/2000\/svg\"><path d=\"M256 8c137 0 248 111 248 248S393 504 256 504 8 393 8 256 119 8 256 8zM140 300h116v70.9c0 10.7 13 16.1 20.5 8.5l114.3-114.9c4.7-4.7 4.7-12.2 0-16.9l-114.3-115c-7.6-7.6-20.5-2.2-20.5 8.5V212H140c-6.6 0-12 5.4-12 12v64c0 6.6 5.4 12 12 12z\"><\/path><\/svg>\t\t\t\t\t\t<\/span>\n\t\t\t\t\t\t\t\t\t\t<span class=\"elementor-icon-list-text\">Gustav Adolfs Torg<\/span>\n\t\t\t\t\t\t\t\t\t<\/li>\n\t\t\t\t\t\t\t\t<li class=\"elementor-icon-list-item elementor-inline-item\">\n\t\t\t\t\t\t\t\t\t\t\t<span class=\"elementor-icon-list-icon\">\n\t\t\t\t\t\t\t<svg aria-hidden=\"true\" class=\"e-font-icon-svg e-fas-arrow-alt-circle-right\" viewbox=\"0 0 512 512\" xmlns=\"http:\/\/www.w3.org\/2000\/svg\"><path d=\"M256 8c137 0 248 111 248 248S393 504 256 504 8 393 8 256 119 8 256 8zM140 300h116v70.9c0 10.7 13 16.1 20.5 8.5l114.3-114.9c4.7-4.7 4.7-12.2 0-16.9l-114.3-115c-7.6-7.6-20.5-2.2-20.5 8.5V212H140c-6.6 0-12 5.4-12 12v64c0 6.6 5.4 12 12 12z\"><\/path><\/svg>\t\t\t\t\t\t<\/span>\n\t\t\t\t\t\t\t\t\t\t<span class=\"elementor-icon-list-text\">Dreiecke<\/span>\n\t\t\t\t\t\t\t\t\t<\/li>\n\t\t\t\t\t\t<\/ul>\n\t\t\t\t\t\t<\/div>\n\t\t\t\t<\/div>\n\t\t\t\t<\/div>\n\t\t\t\t<\/div>\n\t\t\t\t\t<\/div>\n\t\t\t\t<\/div>\n\t\t<div class=\"elementor-element elementor-element-a16be3d e-flex e-con-boxed e-con e-parent\" data-id=\"a16be3d\" data-element_type=\"container\">\n\t\t\t\t\t<div class=\"e-con-inner\">\n\t\t<div class=\"elementor-element elementor-element-0ff71c4 e-con-full e-flex e-con e-child\" data-id=\"0ff71c4\" data-element_type=\"container\">\n\t\t<div class=\"elementor-element elementor-element-3c90bf2 e-con-full e-flex e-con e-child\" data-id=\"3c90bf2\" data-element_type=\"container\">\n\t\t<div class=\"elementor-element elementor-element-d6f085c e-con-full e-flex e-con e-child\" data-id=\"d6f085c\" data-element_type=\"container\" data-settings=\"{&quot;background_background&quot;:&quot;classic&quot;}\">\n\t\t\t\t<div class=\"elementor-element elementor-element-632c0d1 elementor-widget elementor-widget-heading\" data-id=\"632c0d1\" data-element_type=\"widget\" data-widget_type=\"heading.default\">\n\t\t\t\t<div class=\"elementor-widget-container\">\n\t\t\t\t\t<h2 class=\"elementor-heading-title elementor-size-default\">Zug, Bus, Fahrrad oder Auto<\/h2>\t\t\t\t<\/div>\n\t\t\t\t<\/div>\n\t\t\t\t<div class=\"elementor-element elementor-element-65c3e5a elementor-widget elementor-widget-text-editor\" data-id=\"65c3e5a\" data-element_type=\"widget\" data-widget_type=\"text-editor.default\">\n\t\t\t\t<div class=\"elementor-widget-container\">\n\t\t\t\t\t\t\t\t\t<p>Der Vorteil des Stadtzentrums von Malm\u00f6 ist, dass es zusammenh\u00e4ngend ist und angenehme Erlebnisse bietet, egal ob Sie auf der Suche nach Einkaufsm\u00f6glichkeiten oder Restaurants sind oder einfach nur einen sch\u00f6nen Spaziergang machen wollen.<\/p>\t\t\t\t\t\t\t\t<\/div>\n\t\t\t\t<\/div>\n\t\t<div class=\"elementor-element elementor-element-8d0d951 e-con-full e-flex e-con e-child\" data-id=\"8d0d951\" data-element_type=\"container\">\n\t\t\t\t<div class=\"elementor-element elementor-element-57e55fe elementor-widget elementor-widget-heading\" data-id=\"57e55fe\" data-element_type=\"widget\" data-widget_type=\"heading.default\">\n\t\t\t\t<div class=\"elementor-widget-container\">\n\t\t\t\t\t<h4 class=\"elementor-heading-title elementor-size-default\">Mit dem Zug<\/h4>\t\t\t\t<\/div>\n\t\t\t\t<\/div>\n\t\t\t\t<div class=\"elementor-element elementor-element-9057993 elementor-widget elementor-widget-text-editor\" data-id=\"9057993\" data-element_type=\"widget\" data-widget_type=\"text-editor.default\">\n\t\t\t\t<div class=\"elementor-widget-container\">\n\t\t\t\t\t\t\t\t\t<p class=\"translation-block\">Wenn Sie von au\u00dferhalb Malm\u00f6s kommen und mit dem Zug in die Stadt fahren, k\u00f6nnen Sie an den Bahnh\u00f6fen Malm\u00f6 Central oder Malm\u00f6 Triangeln aussteigen. <br \/>Malm\u00f6 Central befindet sich im n\u00f6rdlichen Teil der Stadt und Triangeln im s\u00fcdlichen Teil. Egal, wof\u00fcr Sie sich entscheiden, Sie haben unmittelbaren Zugang zu Einkaufsstra\u00dfen, Restaurants und Dienstleistungen. Wussten Sie, dass Malm\u00f6 nur etwa 20 Minuten mit dem Zug von Kastrup entfernt ist?<\/p>\t\t\t\t\t\t\t\t<\/div>\n\t\t\t\t<\/div>\n\t\t\t\t<div class=\"elementor-element elementor-element-2e2498d elementor-widget elementor-widget-heading\" data-id=\"2e2498d\" data-element_type=\"widget\" data-widget_type=\"heading.default\">\n\t\t\t\t<div class=\"elementor-widget-container\">\n\t\t\t\t\t<h4 class=\"elementor-heading-title elementor-size-default\">Mit dem Bus<\/h4>\t\t\t\t<\/div>\n\t\t\t\t<\/div>\n\t\t\t\t<div class=\"elementor-element elementor-element-6c7c866 elementor-widget elementor-widget-text-editor\" data-id=\"6c7c866\" data-element_type=\"widget\" data-widget_type=\"text-editor.default\">\n\t\t\t\t<div class=\"elementor-widget-container\">\n\t\t\t\t\t\t\t\t\t<p class=\"translation-block\">Mit <a href=\"https:\/\/www.skanetrafiken.se\/\" target=\"_blank\" rel=\"noopener\">Sk\u00e5netrafiken<\/a> k\u00f6nnen Sie bequem nach und in Malm\u00f6 reisen. Steigen Sie an der Haltestelle Malm\u00f6 Central aus, um die \u00e4ltesten Teile des Stadtzentrums von Malm\u00f6, wie Stortorget, Lilla Torg und Gamla V\u00e4ster, zu erreichen. Wenn Sie es vorziehen, n\u00e4her an das Stadtzentrum zu gelangen, k\u00f6nnen Sie die Haltestelle Studentgatan w\u00e4hlen, die ein Knotenpunkt f\u00fcr Stadt- und Regionalbusse ist.<\/p>\t\t\t\t\t\t\t\t<\/div>\n\t\t\t\t<\/div>\n\t\t\t\t<div class=\"elementor-element elementor-element-0c87b9e elementor-widget elementor-widget-heading\" data-id=\"0c87b9e\" data-element_type=\"widget\" data-widget_type=\"heading.default\">\n\t\t\t\t<div class=\"elementor-widget-container\">\n\t\t\t\t\t<h4 class=\"elementor-heading-title elementor-size-default\">Mit dem Fahrrad<\/h4>\t\t\t\t<\/div>\n\t\t\t\t<\/div>\n\t\t\t\t<div class=\"elementor-element elementor-element-1dace38 elementor-widget elementor-widget-text-editor\" data-id=\"1dace38\" data-element_type=\"widget\" data-widget_type=\"text-editor.default\">\n\t\t\t\t<div class=\"elementor-widget-container\">\n\t\t\t\t\t\t\t\t\t<p>Malm\u00f6 l\u00e4sst sich gut mit dem Fahrrad erkunden, denn es gibt mehrere Radwege, die ins Stadtzentrum f\u00fchren. Sie k\u00f6nnen w\u00e4hrend Ihres Aufenthalts auch problemlos ein Fahrrad oder einen Elektroroller mieten. Lesen Sie mehr unter <a href=\"https:\/\/malmocity.se\/de\/hitta-hit\/hyrcyklar\/\">Leihfahrr\u00e4der<\/a>.<\/p>\t\t\t\t\t\t\t\t<\/div>\n\t\t\t\t<\/div>\n\t\t\t\t<div class=\"elementor-element elementor-element-b28f127 elementor-widget elementor-widget-heading\" data-id=\"b28f127\" data-element_type=\"widget\" data-widget_type=\"heading.default\">\n\t\t\t\t<div class=\"elementor-widget-container\">\n\t\t\t\t\t<h4 class=\"elementor-heading-title elementor-size-default\">Mit dem Auto<\/h4>\t\t\t\t<\/div>\n\t\t\t\t<\/div>\n\t\t\t\t<div class=\"elementor-element elementor-element-134c2da elementor-widget elementor-widget-text-editor\" data-id=\"134c2da\" data-element_type=\"widget\" data-widget_type=\"text-editor.default\">\n\t\t\t\t<div class=\"elementor-widget-container\">\n\t\t\t\t\t\t\t\t\t<p>Folgen Sie den Schildern in Richtung Stadtzentrum und parken Sie Ihr Auto in einer der vielen Garagen in der Stadt, weitere Informationen finden Sie unter <a href=\"\/de\/hitta-hit\/parkering\/\">Parken<\/a>.<\/p>\t\t\t\t\t\t\t\t<\/div>\n\t\t\t\t<\/div>\n\t\t\t\t<div class=\"elementor-element elementor-element-2f7d71b elementor-widget elementor-widget-heading\" data-id=\"2f7d71b\" data-element_type=\"widget\" data-widget_type=\"heading.default\">\n\t\t\t\t<div class=\"elementor-widget-container\">\n\t\t\t\t\t<h4 class=\"elementor-heading-title elementor-size-default\">Mobilit\u00e4tsknotenpunkte<\/h4>\t\t\t\t<\/div>\n\t\t\t\t<\/div>\n\t\t\t\t<div class=\"elementor-element elementor-element-1211ff6 elementor-widget elementor-widget-text-editor\" data-id=\"1211ff6\" data-element_type=\"widget\" data-widget_type=\"text-editor.default\">\n\t\t\t\t<div class=\"elementor-widget-container\">\n\t\t\t\t\t\t\t\t\t<p><a href=\"https:\/\/malmo.se\/Stadsutveckling\/Sa-utvecklar-vi-staden\/Resande-och-infrastruktur\/Pil\/Mobilitetshubbar.html\" target=\"_blank\" rel=\"noopener\"><img decoding=\"async\" class=\"alignright wp-image-4855\" src=\"https:\/\/malmocity.se\/wp-content\/uploads\/2025\/03\/Piltrad_enkel_1-e1743424709546-150x150.png\" alt=\"Symbol f\u00f6r mobilitetshubb\" width=\"100\" height=\"105\" srcset=\"https:\/\/malmocity.se\/wp-content\/uploads\/2025\/03\/Piltrad_enkel_1-e1743424709546-286x300.png 286w, https:\/\/malmocity.se\/wp-content\/uploads\/2025\/03\/Piltrad_enkel_1-e1743424709546-977x1024.png 977w, https:\/\/malmocity.se\/wp-content\/uploads\/2025\/03\/Piltrad_enkel_1-e1743424709546-768x805.png 768w, https:\/\/malmocity.se\/wp-content\/uploads\/2025\/03\/Piltrad_enkel_1-e1743424709546-1466x1536.png 1466w, https:\/\/malmocity.se\/wp-content\/uploads\/2025\/03\/Piltrad_enkel_1-e1743424709546-1955x2048.png 1955w, https:\/\/malmocity.se\/wp-content\/uploads\/2025\/03\/Piltrad_enkel_1-e1743424709546-11x12.png 11w\" sizes=\"(max-width: 100px) 100vw, 100px\" \/><\/a>Eine Mobilit\u00e4tsdrehscheibe ist ein Treffpunkt f\u00fcr gemeinsam genutzte Fahrzeuge - wie Leihfahrr\u00e4der, Elektroroller und Poolfahrzeuge. In der Stadt Malm\u00f6 gibt es zwei Mobilit\u00e4tszentren: eines am Davidshallstorg und eines am Anna Mobility Centre. Achten Sie auf dieses Symbol, um einen Knotenpunkt zu finden. Lesen Sie mehr \u00fcber die Knotenpunkte <a href=\"https:\/\/malmo.se\/Stadsutveckling\/Sa-utvecklar-vi-staden\/Resande-och-infrastruktur\/Mobilitetshubbar.html\" target=\"_blank\" rel=\"noopener\">hier<\/a>.\u00a0<\/p>\t\t\t\t\t\t\t\t<\/div>\n\t\t\t\t<\/div>\n\t\t\t\t<\/div>\n\t\t\t\t<\/div>\n\t\t\t\t<\/div>\n\t\t<div class=\"elementor-element elementor-element-a7bbb1e e-flex e-con-boxed e-con e-child\" data-id=\"a7bbb1e\" data-element_type=\"container\" data-settings=\"{&quot;background_background&quot;:&quot;classic&quot;}\">\n\t\t\t\t\t<div class=\"e-con-inner\">\n\t\t<div class=\"elementor-element elementor-element-21920d8 e-con-full e-flex e-con e-child\" data-id=\"21920d8\" data-element_type=\"container\">\n\t\t\t\t<div class=\"elementor-element elementor-element-de8af4b elementor-widget elementor-widget-image\" data-id=\"de8af4b\" data-element_type=\"widget\" data-widget_type=\"image.default\">\n\t\t\t\t<div class=\"elementor-widget-container\">\n\t\t\t\t\t\t\t\t\t\t\t\t\t\t\t<img fetchpriority=\"high\" decoding=\"async\" width=\"368\" height=\"307\" src=\"https:\/\/malmocity.se\/wp-content\/uploads\/2025\/01\/malmo-city-hjarta.png\" class=\"attachment-large size-large wp-image-1101\" alt=\"Malm\u00f6 City\" srcset=\"https:\/\/malmocity.se\/wp-content\/uploads\/2025\/01\/malmo-city-hjarta.png 368w, https:\/\/malmocity.se\/wp-content\/uploads\/2025\/01\/malmo-city-hjarta-300x250.png 300w\" sizes=\"(max-width: 368px) 100vw, 368px\" \/>\t\t\t\t\t\t\t\t\t\t\t\t\t\t\t<\/div>\n\t\t\t\t<\/div>\n\t\t\t\t<\/div>\n\t\t\t\t\t<\/div>\n\t\t\t\t<\/div>\n\t\t\t\t<\/div>\n\t\t\t\t\t<\/div>\n\t\t\t\t<\/div>\n\t\t<div class=\"elementor-element elementor-element-2fda5fc e-flex e-con-boxed e-con e-parent\" data-id=\"2fda5fc\" data-element_type=\"container\">\n\t\t\t\t\t<div class=\"e-con-inner\">\n\t\t<div class=\"elementor-element elementor-element-857e350 e-con-full e-flex e-con e-child\" data-id=\"857e350\" data-element_type=\"container\">\n\t\t\t\t<div class=\"elementor-element elementor-element-f4da578 elementor-widget elementor-widget-heading\" data-id=\"f4da578\" data-element_type=\"widget\" data-widget_type=\"heading.default\">\n\t\t\t\t<div class=\"elementor-widget-container\">\n\t\t\t\t\t<h2 class=\"elementor-heading-title elementor-size-default\">Karten f\u00fcr Besucher<\/h2>\t\t\t\t<\/div>\n\t\t\t\t<\/div>\n\t\t\t\t<div class=\"elementor-element elementor-element-0ebb69a elementor-widget elementor-widget-text-editor\" data-id=\"0ebb69a\" data-element_type=\"widget\" data-widget_type=\"text-editor.default\">\n\t\t\t\t<div class=\"elementor-widget-container\">\n\t\t\t\t\t\t\t\t\t<p>Erkunden Sie Malm\u00f6 mit Leichtigkeit, indem Sie eine Karte herunterladen. Sie f\u00fchrt Sie zu allem, von charmanten Caf\u00e9s und Museen bis hin zu malerischen Spazierg\u00e4ngen am Meer. Auf der Karte sind auch Radwege, Buslinien, Bahnh\u00f6fe und die wichtigsten Sehensw\u00fcrdigkeiten verzeichnet. Klicken Sie auf die Karte <a href=\"https:\/\/malmo.se\/Welcome-to-Malmo\/Visit-Malmo\/Visitor-maps.html\" target=\"_blank\" rel=\"noopener\">hier<\/a> f\u00fcr den Zugang zu den Karten auf der Website der Stadt Malm\u00f6.<\/p>\t\t\t\t\t\t\t\t<\/div>\n\t\t\t\t<\/div>\n\t\t\t\t<\/div>\n\t\t<div class=\"elementor-element elementor-element-e8541e8 e-con-full e-flex e-con e-child\" data-id=\"e8541e8\" data-element_type=\"container\" data-settings=\"{&quot;background_background&quot;:&quot;classic&quot;}\">\n\t\t\t\t<div class=\"elementor-element elementor-element-979991f elementor-widget elementor-widget-image\" data-id=\"979991f\" data-element_type=\"widget\" data-widget_type=\"image.default\">\n\t\t\t\t<div class=\"elementor-widget-container\">\n\t\t\t\t\t\t\t\t\t\t\t\t\t\t\t<img decoding=\"async\" width=\"800\" height=\"534\" src=\"https:\/\/malmocity.se\/wp-content\/uploads\/2025\/02\/220919_centralen_carlsgatan_0011-1_malmo_central_och_glasvasen_hires-scaled.jpeg\" class=\"attachment-large size-large wp-image-2651\" alt=\"Malm\u00f6 centralstation\" \/>\t\t\t\t\t\t\t\t\t\t\t\t\t\t\t<\/div>\n\t\t\t\t<\/div>\n\t\t\t\t<\/div>\n\t\t\t\t\t<\/div>\n\t\t\t\t<\/div>\n\t\t<div class=\"elementor-element elementor-element-2acc2ce e-flex e-con-boxed e-con e-parent\" data-id=\"2acc2ce\" data-element_type=\"container\">\n\t\t\t\t\t<div class=\"e-con-inner\">\n\t\t\t\t\t<\/div>\n\t\t\t\t<\/div>\n\t\t\t\t<\/div>","protected":false},"excerpt":{"rendered":"<p>Anreise Nach Malm\u00f6 City f\u00fchren nicht alle Wege nach Malm\u00f6 City, aber viele! Es gibt drei Knotenpunkte im Stadtzentrum, die Sie vielleicht kennen sollten: Malm\u00f6 Hauptbahnhof Gustav Adolfs Torg Triangeln Zug, Bus, Fahrrad oder Auto Der Vorteil von Malm\u00f6s Stadtzentrum ist, dass es zusammenh\u00e4ngend ist und angenehme Erlebnisse bietet [...]<\/p>","protected":false},"author":1,"featured_media":0,"parent":0,"menu_order":0,"comment_status":"closed","ping_status":"closed","template":"","meta":{"_acf_changed":false,"footnotes":""},"class_list":["post-2629","page","type-page","status-publish","hentry"],"acf":[],"_links":{"self":[{"href":"https:\/\/malmocity.se\/de\/wp-json\/wp\/v2\/pages\/2629","targetHints":{"allow":["GET"]}}],"collection":[{"href":"https:\/\/malmocity.se\/de\/wp-json\/wp\/v2\/pages"}],"about":[{"href":"https:\/\/malmocity.se\/de\/wp-json\/wp\/v2\/types\/page"}],"author":[{"embeddable":true,"href":"https:\/\/malmocity.se\/de\/wp-json\/wp\/v2\/users\/1"}],"replies":[{"embeddable":true,"href":"https:\/\/malmocity.se\/de\/wp-json\/wp\/v2\/comments?post=2629"}],"version-history":[{"count":19,"href":"https:\/\/malmocity.se\/de\/wp-json\/wp\/v2\/pages\/2629\/revisions"}],"predecessor-version":[{"id":9335,"href":"https:\/\/malmocity.se\/de\/wp-json\/wp\/v2\/pages\/2629\/revisions\/9335"}],"wp:attachment":[{"href":"https:\/\/malmocity.se\/de\/wp-json\/wp\/v2\/media?parent=2629"}],"curies":[{"name":"wp","href":"https:\/\/api.w.org\/{rel}","templated":true}]}}