{"id":2667,"date":"2025-02-12T14:49:06","date_gmt":"2025-02-12T13:49:06","guid":{"rendered":"https:\/\/malmocity.se\/?page_id=2667"},"modified":"2025-11-24T16:45:33","modified_gmt":"2025-11-24T15:45:33","slug":"parkering","status":"publish","type":"page","link":"https:\/\/malmocity.se\/de\/hitta-hit\/parkering\/","title":{"rendered":"Parken"},"content":{"rendered":"<div data-elementor-type=\"wp-page\" data-elementor-id=\"2667\" class=\"elementor elementor-2667\" data-elementor-post-type=\"page\">\n\t\t\t\t<div class=\"elementor-element elementor-element-3e93addd elementor-hidden-mobile e-flex e-con-boxed e-con e-parent\" data-id=\"3e93addd\" data-element_type=\"container\" data-settings=\"{&quot;background_background&quot;:&quot;classic&quot;}\">\n\t\t\t\t\t<div class=\"e-con-inner\">\n\t\t\t\t\t<\/div>\n\t\t\t\t<\/div>\n\t\t<div class=\"elementor-element elementor-element-11e4e3b elementor-hidden-desktop elementor-hidden-tablet e-flex e-con-boxed e-con e-parent\" data-id=\"11e4e3b\" data-element_type=\"container\" data-settings=\"{&quot;background_background&quot;:&quot;classic&quot;}\">\n\t\t\t\t\t<div class=\"e-con-inner\">\n\t\t\t\t\t<\/div>\n\t\t\t\t<\/div>\n\t\t<div class=\"elementor-element elementor-element-5a603512 e-flex e-con-boxed e-con e-parent\" data-id=\"5a603512\" data-element_type=\"container\">\n\t\t\t\t\t<div class=\"e-con-inner\">\n\t\t<div class=\"elementor-element elementor-element-436d57b7 e-con-full e-flex e-con e-child\" data-id=\"436d57b7\" data-element_type=\"container\">\n\t\t<div class=\"elementor-element elementor-element-32901ac1 e-con-full e-flex e-con e-child\" data-id=\"32901ac1\" data-element_type=\"container\">\n\t\t\t\t<\/div>\n\t\t\t\t<\/div>\n\t\t\t\t\t<\/div>\n\t\t\t\t<\/div>\n\t\t<div class=\"elementor-element elementor-element-a77defc elementor-hidden-desktop elementor-hidden-tablet e-flex e-con-boxed e-con e-parent\" data-id=\"a77defc\" data-element_type=\"container\">\n\t\t\t\t\t<div class=\"e-con-inner\">\n\t\t<div class=\"elementor-element elementor-element-af52ca7 e-con-full e-flex e-con e-child\" data-id=\"af52ca7\" data-element_type=\"container\">\n\t\t<div class=\"elementor-element elementor-element-f010238 e-grid e-con-full e-con e-child\" data-id=\"f010238\" data-element_type=\"container\">\n\t\t\t\t<div class=\"elementor-element elementor-element-9aff49c elementor-widget elementor-widget-heading\" data-id=\"9aff49c\" data-element_type=\"widget\" data-widget_type=\"heading.default\">\n\t\t\t\t<div class=\"elementor-widget-container\">\n\t\t\t\t\t<h1 class=\"elementor-heading-title elementor-size-default\">Parken im Stadtzentrum von Malm\u00f6 <\/h1>\t\t\t\t<\/div>\n\t\t\t\t<\/div>\n\t\t\t\t<div class=\"elementor-element elementor-element-e2677cc elementor-widget elementor-widget-text-editor\" data-id=\"e2677cc\" data-element_type=\"widget\" data-widget_type=\"text-editor.default\">\n\t\t\t\t<div class=\"elementor-widget-container\">\n\t\t\t\t\t\t\t\t\tUm denjenigen, die die Stadt Malm\u00f6 besuchen, dort arbeiten oder wohnen, die Arbeit zu erleichtern, haben wir alle wichtigen Parkh\u00e4user und Parkpl\u00e4tze zusammengestellt. \u00dcber die Karte in der Schaltfl\u00e4che unten k\u00f6nnen Sie sich leicht einen \u00dcberblick \u00fcber die verschiedenen Parkm\u00f6glichkeiten in Ihrer N\u00e4he verschaffen.\t\t\t\t\t\t\t\t<\/div>\n\t\t\t\t<\/div>\n\t\t\t\t<div class=\"elementor-element elementor-element-bee9aed elementor-mobile-align-center elementor-hidden-desktop elementor-hidden-tablet elementor-widget elementor-widget-button\" data-id=\"bee9aed\" data-element_type=\"widget\" data-widget_type=\"button.default\">\n\t\t\t\t<div class=\"elementor-widget-container\">\n\t\t\t\t\t\t\t\t\t<div class=\"elementor-button-wrapper\">\n\t\t\t\t\t<a class=\"elementor-button elementor-button-link elementor-size-sm\" href=\"https:\/\/www.google.com\/maps\/@55.599998,12.9863176,15z\/data=!4m2!11m1!2swz3t64E2SIi2nBegmc9H8g?entry=ttu&#038;g_ep=EgoyMDI1MDgxNy4wIKXMDSoASAFQAw%3D%3D\" target=\"_blank\" rel=\"noopener\">\n\t\t\t\t\t\t<span class=\"elementor-button-content-wrapper\">\n\t\t\t\t\t\t\t\t\t<span class=\"elementor-button-text\">Finden Sie ein Parkhaus<\/span>\n\t\t\t\t\t<\/span>\n\t\t\t\t\t<\/a>\n\t\t\t\t<\/div>\n\t\t\t\t\t\t\t\t<\/div>\n\t\t\t\t<\/div>\n\t\t\t\t<\/div>\n\t\t\t\t<\/div>\n\t\t<div class=\"elementor-element elementor-element-75d9f4f e-con-full e-flex e-con e-child\" data-id=\"75d9f4f\" data-element_type=\"container\">\n\t\t<div class=\"elementor-element elementor-element-5ac1821 e-con-full e-flex e-con e-child\" data-id=\"5ac1821\" data-element_type=\"container\">\n\t\t\t\t<\/div>\n\t\t\t\t<\/div>\n\t\t\t\t\t<\/div>\n\t\t\t\t<\/div>\n\t\t<div class=\"elementor-element elementor-element-cb07b90 elementor-hidden-mobile e-flex e-con-boxed e-con e-parent\" data-id=\"cb07b90\" data-element_type=\"container\">\n\t\t\t\t\t<div class=\"e-con-inner\">\n\t\t<div class=\"elementor-element elementor-element-870b823 e-con-full e-flex e-con e-child\" data-id=\"870b823\" data-element_type=\"container\">\n\t\t<div class=\"elementor-element elementor-element-c639411 e-grid e-con-full e-con e-child\" data-id=\"c639411\" data-element_type=\"container\">\n\t\t\t\t<div class=\"elementor-element elementor-element-ccef151 elementor-widget elementor-widget-heading\" data-id=\"ccef151\" data-element_type=\"widget\" data-widget_type=\"heading.default\">\n\t\t\t\t<div class=\"elementor-widget-container\">\n\t\t\t\t\t<h1 class=\"elementor-heading-title elementor-size-default\">Parken im Stadtzentrum von Malm\u00f6 <\/h1>\t\t\t\t<\/div>\n\t\t\t\t<\/div>\n\t\t\t\t<div class=\"elementor-element elementor-element-42d2cc9 elementor-widget elementor-widget-text-editor\" data-id=\"42d2cc9\" data-element_type=\"widget\" data-widget_type=\"text-editor.default\">\n\t\t\t\t<div class=\"elementor-widget-container\">\n\t\t\t\t\t\t\t\t\tUm denjenigen, die die Stadt Malm\u00f6 besuchen, dort arbeiten oder wohnen, die Arbeit zu erleichtern, haben wir alle wichtigen Parkh\u00e4user und Parkpl\u00e4tze zusammengestellt. \u00dcber die Karte in der Schaltfl\u00e4che unten k\u00f6nnen Sie sich leicht einen \u00dcberblick \u00fcber die verschiedenen Parkm\u00f6glichkeiten in Ihrer N\u00e4he verschaffen.\t\t\t\t\t\t\t\t<\/div>\n\t\t\t\t<\/div>\n\t\t\t\t<div class=\"elementor-element elementor-element-f78796b elementor-mobile-align-center elementor-widget elementor-widget-button\" data-id=\"f78796b\" data-element_type=\"widget\" data-widget_type=\"button.default\">\n\t\t\t\t<div class=\"elementor-widget-container\">\n\t\t\t\t\t\t\t\t\t<div class=\"elementor-button-wrapper\">\n\t\t\t\t\t<a class=\"elementor-button elementor-button-link elementor-size-sm\" href=\"https:\/\/www.google.com\/maps\/@55.599998,12.9863176,15z\/data=!4m2!11m1!2swz3t64E2SIi2nBegmc9H8g?entry=ttu&#038;g_ep=EgoyMDI1MDgxNy4wIKXMDSoASAFQAw%3D%3D\" target=\"_blank\" rel=\"noopener\">\n\t\t\t\t\t\t<span class=\"elementor-button-content-wrapper\">\n\t\t\t\t\t\t\t\t\t<span class=\"elementor-button-text\">Finden Sie ein Parkhaus<\/span>\n\t\t\t\t\t<\/span>\n\t\t\t\t\t<\/a>\n\t\t\t\t<\/div>\n\t\t\t\t\t\t\t\t<\/div>\n\t\t\t\t<\/div>\n\t\t\t\t<\/div>\n\t\t\t\t<\/div>\n\t\t<div class=\"elementor-element elementor-element-ed12d4a e-con-full e-flex e-con e-child\" data-id=\"ed12d4a\" data-element_type=\"container\">\n\t\t<div class=\"elementor-element elementor-element-57d30c2 e-con-full e-flex e-con e-child\" data-id=\"57d30c2\" data-element_type=\"container\">\n\t\t\t\t<div class=\"elementor-element elementor-element-1574655 elementor-hidden-mobile elementor-widget elementor-widget-image\" data-id=\"1574655\" data-element_type=\"widget\" data-widget_type=\"image.default\">\n\t\t\t\t<div class=\"elementor-widget-container\">\n\t\t\t\t\t\t\t\t\t\t\t\t\t\t\t<img fetchpriority=\"high\" decoding=\"async\" width=\"800\" height=\"534\" src=\"https:\/\/malmocity.se\/wp-content\/uploads\/2025\/02\/160602_0923_bb_togo-1_jpg-1024x683.webp\" class=\"attachment-large size-large wp-image-2895\" alt=\"\" srcset=\"https:\/\/malmocity.se\/wp-content\/uploads\/2025\/02\/160602_0923_bb_togo-1_jpg-1024x683.webp 1024w, https:\/\/malmocity.se\/wp-content\/uploads\/2025\/02\/160602_0923_bb_togo-1_jpg-300x200.webp 300w, https:\/\/malmocity.se\/wp-content\/uploads\/2025\/02\/160602_0923_bb_togo-1_jpg-768x512.webp 768w, https:\/\/malmocity.se\/wp-content\/uploads\/2025\/02\/160602_0923_bb_togo-1_jpg.webp 1200w\" sizes=\"(max-width: 800px) 100vw, 800px\" \/>\t\t\t\t\t\t\t\t\t\t\t\t\t\t\t<\/div>\n\t\t\t\t<\/div>\n\t\t\t\t<\/div>\n\t\t\t\t<\/div>\n\t\t\t\t\t<\/div>\n\t\t\t\t<\/div>\n\t\t<div class=\"elementor-element elementor-element-2f330aa e-grid elementor-hidden-desktop e-con-boxed e-con e-parent\" data-id=\"2f330aa\" data-element_type=\"container\" data-settings=\"{&quot;background_background&quot;:&quot;classic&quot;}\">\n\t\t\t\t\t<div class=\"e-con-inner\">\n\t\t\t\t<div class=\"elementor-element elementor-element-fd919fa elementor-widget elementor-widget-heading\" data-id=\"fd919fa\" data-element_type=\"widget\" data-widget_type=\"heading.default\">\n\t\t\t\t<div class=\"elementor-widget-container\">\n\t\t\t\t\t<h2 class=\"elementor-heading-title elementor-size-default\">Parken mit Aimo Park<\/h2>\t\t\t\t<\/div>\n\t\t\t\t<\/div>\n\t\t\t\t<div class=\"elementor-element elementor-element-4319878 elementor-widget elementor-widget-text-editor\" data-id=\"4319878\" data-element_type=\"widget\" data-widget_type=\"text-editor.default\">\n\t\t\t\t<div class=\"elementor-widget-container\">\n\t\t\t\t\t\t\t\t\t<p>Mit vielen Parkpl\u00e4tzen bietet Aimo Park Abonnements sowohl f\u00fcr diejenigen, die in der Stadt arbeiten und nur w\u00e4hrend der B\u00fcrozeiten parken m\u00f6chten, als auch f\u00fcr 24\/7- und Nacht-\/Wochenendparken. Sie k\u00f6nnen Aimo Park Karte von Parkpl\u00e4tzen in Malm\u00f6 auf der Schaltfl\u00e4che unten finden.<\/p>\t\t\t\t\t\t\t\t<\/div>\n\t\t\t\t<\/div>\n\t\t\t\t<div class=\"elementor-element elementor-element-71cb651 elementor-align-center elementor-widget elementor-widget-button\" data-id=\"71cb651\" data-element_type=\"widget\" data-widget_type=\"button.default\">\n\t\t\t\t<div class=\"elementor-widget-container\">\n\t\t\t\t\t\t\t\t\t<div class=\"elementor-button-wrapper\">\n\t\t\t\t\t<a class=\"elementor-button elementor-button-link elementor-size-sm\" href=\"https:\/\/www.aimopark.se\/hitta-parkering\/?f=LTP&#038;name=Malm%C3%B6&#038;address=Malm%C3%B6&#038;lat=55.60498&#038;lng=13.00382\" target=\"_blank\" rel=\"noopener\">\n\t\t\t\t\t\t<span class=\"elementor-button-content-wrapper\">\n\t\t\t\t\t\t\t\t\t<span class=\"elementor-button-text\">PARKPLAN AIMO PARK<\/span>\n\t\t\t\t\t<\/span>\n\t\t\t\t\t<\/a>\n\t\t\t\t<\/div>\n\t\t\t\t\t\t\t\t<\/div>\n\t\t\t\t<\/div>\n\t\t\t\t<div class=\"elementor-element elementor-element-6e8c5f0 elementor-widget elementor-widget-heading\" data-id=\"6e8c5f0\" data-element_type=\"widget\" data-widget_type=\"heading.default\">\n\t\t\t\t<div class=\"elementor-widget-container\">\n\t\t\t\t\t<h2 class=\"elementor-heading-title elementor-size-default\">Parken mit P-Malm\u00f6<\/h2>\t\t\t\t<\/div>\n\t\t\t\t<\/div>\n\t\t\t\t<div class=\"elementor-element elementor-element-bdeefcd elementor-widget elementor-widget-text-editor\" data-id=\"bdeefcd\" data-element_type=\"widget\" data-widget_type=\"text-editor.default\">\n\t\t\t\t<div class=\"elementor-widget-container\">\n\t\t\t\t\t\t\t\t\t<p><span style=\"font-weight: 400;\">Parkering Malm\u00f6 verwaltet rund 35.000 Parkpl\u00e4tze in Malm\u00f6, sowohl in eigenen Parkh\u00e4usern\/Mobilit\u00e4tszentren als auch bei externen Immobilienbesitzern. Es gibt verschiedene M\u00f6glichkeiten, f\u00fcr k\u00fcrzere oder l\u00e4ngere Zeit zu parken oder einen Parkplatz rund um die Uhr zu mieten. Neben dem Parken bieten die Mobilit\u00e4tszentren auch Zugang zu verschiedenen Mobilit\u00e4tsdienstleistungen wie Ladestationen, Auto- und Fahrradpools, und in ihrer N\u00e4he gibt es auch Platz f\u00fcr die sogenannte Mikromobilit\u00e4t, wie Leihfahrr\u00e4der und Elektroroller.<\/span><\/p>\t\t\t\t\t\t\t\t<\/div>\n\t\t\t\t<\/div>\n\t\t\t\t<div class=\"elementor-element elementor-element-5a6be60 elementor-align-center elementor-widget elementor-widget-button\" data-id=\"5a6be60\" data-element_type=\"widget\" data-widget_type=\"button.default\">\n\t\t\t\t<div class=\"elementor-widget-container\">\n\t\t\t\t\t\t\t\t\t<div class=\"elementor-button-wrapper\">\n\t\t\t\t\t<a class=\"elementor-button elementor-button-link elementor-size-sm\" href=\"https:\/\/karta.pmalmo.se\/\" target=\"_blank\" rel=\"noopener\">\n\t\t\t\t\t\t<span class=\"elementor-button-content-wrapper\">\n\t\t\t\t\t\t\t\t\t<span class=\"elementor-button-text\">PARKKARTE P-MALM\u00d6<\/span>\n\t\t\t\t\t<\/span>\n\t\t\t\t\t<\/a>\n\t\t\t\t<\/div>\n\t\t\t\t\t\t\t\t<\/div>\n\t\t\t\t<\/div>\n\t\t\t\t<div class=\"elementor-element elementor-element-b88a297 elementor-widget elementor-widget-heading\" data-id=\"b88a297\" data-element_type=\"widget\" data-widget_type=\"heading.default\">\n\t\t\t\t<div class=\"elementor-widget-container\">\n\t\t\t\t\t<h2 class=\"elementor-heading-title elementor-size-default\">Parken mit einem Elektroauto<\/h2>\t\t\t\t<\/div>\n\t\t\t\t<\/div>\n\t\t\t\t<div class=\"elementor-element elementor-element-9bcdddc elementor-widget elementor-widget-text-editor\" data-id=\"9bcdddc\" data-element_type=\"widget\" data-widget_type=\"text-editor.default\">\n\t\t\t\t<div class=\"elementor-widget-container\">\n\t\t\t\t\t\t\t\t\t<p>M\u00fcssen Sie die Batterie Ihres Elektroautos aufladen? Parkering Malm\u00f6 schafft Platz f\u00fcr aufladbare Autos und arbeitet schrittweise daran, die Anzahl der Ladepunkte in Malm\u00f6 zu erh\u00f6hen. Wenn Sie Ihr Auto kurzzeitig aufladen m\u00fcssen, k\u00f6nnen Sie dies auf mehreren Parkpl\u00e4tzen tun. In der Storgatan 15A, im Stadtzentrum, finden Sie die Schnellladestationen von Wihlborgs.<\/p>\t\t\t\t\t\t\t\t<\/div>\n\t\t\t\t<\/div>\n\t\t\t\t<div class=\"elementor-element elementor-element-3c442bb elementor-align-center elementor-widget elementor-widget-button\" data-id=\"3c442bb\" data-element_type=\"widget\" data-widget_type=\"button.default\">\n\t\t\t\t<div class=\"elementor-widget-container\">\n\t\t\t\t\t\t\t\t\t<div class=\"elementor-button-wrapper\">\n\t\t\t\t\t<a class=\"elementor-button elementor-button-link elementor-size-sm\" href=\"https:\/\/www.pmalmo.se\/Parkera\/parkering-med-laddplatser\/\" target=\"_blank\" rel=\"noopener\">\n\t\t\t\t\t\t<span class=\"elementor-button-content-wrapper\">\n\t\t\t\t\t\t\t\t\t<span class=\"elementor-button-text\">PARKEN MIT EINEM ELEKTROAUTO<\/span>\n\t\t\t\t\t<\/span>\n\t\t\t\t\t<\/a>\n\t\t\t\t<\/div>\n\t\t\t\t\t\t\t\t<\/div>\n\t\t\t\t<\/div>\n\t\t\t\t\t<\/div>\n\t\t\t\t<\/div>\n\t\t<div class=\"elementor-element elementor-element-0128f45 e-grid elementor-hidden-mobile elementor-hidden-tablet e-con-boxed e-con e-parent\" data-id=\"0128f45\" data-element_type=\"container\" data-settings=\"{&quot;background_background&quot;:&quot;classic&quot;}\">\n\t\t\t\t\t<div class=\"e-con-inner\">\n\t\t\t\t<div class=\"elementor-element elementor-element-4f0e592 elementor-widget elementor-widget-heading\" data-id=\"4f0e592\" data-element_type=\"widget\" data-widget_type=\"heading.default\">\n\t\t\t\t<div class=\"elementor-widget-container\">\n\t\t\t\t\t<h2 class=\"elementor-heading-title elementor-size-default\">Parken mit Aimo Park<\/h2>\t\t\t\t<\/div>\n\t\t\t\t<\/div>\n\t\t\t\t<div class=\"elementor-element elementor-element-7bc52ba elementor-widget elementor-widget-heading\" data-id=\"7bc52ba\" data-element_type=\"widget\" data-widget_type=\"heading.default\">\n\t\t\t\t<div class=\"elementor-widget-container\">\n\t\t\t\t\t<h2 class=\"elementor-heading-title elementor-size-default\">Parken mit P-Malm\u00f6<\/h2>\t\t\t\t<\/div>\n\t\t\t\t<\/div>\n\t\t\t\t<div class=\"elementor-element elementor-element-16599f7 elementor-widget elementor-widget-heading\" data-id=\"16599f7\" data-element_type=\"widget\" data-widget_type=\"heading.default\">\n\t\t\t\t<div class=\"elementor-widget-container\">\n\t\t\t\t\t<h2 class=\"elementor-heading-title elementor-size-default\">Parken mit einem Elektroauto<\/h2>\t\t\t\t<\/div>\n\t\t\t\t<\/div>\n\t\t\t\t<div class=\"elementor-element elementor-element-7b1c9e6 elementor-widget elementor-widget-text-editor\" data-id=\"7b1c9e6\" data-element_type=\"widget\" data-widget_type=\"text-editor.default\">\n\t\t\t\t<div class=\"elementor-widget-container\">\n\t\t\t\t\t\t\t\t\t<p>Mit vielen Parkpl\u00e4tzen bietet Aimo Park Abonnements sowohl f\u00fcr diejenigen, die in der Stadt arbeiten und nur w\u00e4hrend der B\u00fcrozeiten parken m\u00f6chten, als auch f\u00fcr 24\/7- und Nacht-\/Wochenendparken. Sie k\u00f6nnen Aimo Park Karte von Parkpl\u00e4tzen in Malm\u00f6 auf der Schaltfl\u00e4che unten finden.<\/p>\t\t\t\t\t\t\t\t<\/div>\n\t\t\t\t<\/div>\n\t\t\t\t<div class=\"elementor-element elementor-element-04a28d1 elementor-widget elementor-widget-text-editor\" data-id=\"04a28d1\" data-element_type=\"widget\" data-widget_type=\"text-editor.default\">\n\t\t\t\t<div class=\"elementor-widget-container\">\n\t\t\t\t\t\t\t\t\t<p><span style=\"font-weight: 400;\">Parkering Malm\u00f6 verwaltet rund 35.000 Parkpl\u00e4tze in Malm\u00f6, sowohl in eigenen Parkh\u00e4usern\/Mobilit\u00e4tszentren als auch bei externen Immobilienbesitzern. Es gibt verschiedene M\u00f6glichkeiten, f\u00fcr k\u00fcrzere oder l\u00e4ngere Zeit zu parken oder einen Parkplatz rund um die Uhr zu mieten. Neben dem Parken bieten die Mobilit\u00e4tszentren auch Zugang zu verschiedenen Mobilit\u00e4tsdienstleistungen wie Ladestationen, Auto- und Fahrradpools, und in ihrer N\u00e4he gibt es auch Platz f\u00fcr die sogenannte Mikromobilit\u00e4t, wie Leihfahrr\u00e4der und Elektroroller.<\/span><\/p>\t\t\t\t\t\t\t\t<\/div>\n\t\t\t\t<\/div>\n\t\t\t\t<div class=\"elementor-element elementor-element-0e3f475 elementor-widget elementor-widget-text-editor\" data-id=\"0e3f475\" data-element_type=\"widget\" data-widget_type=\"text-editor.default\">\n\t\t\t\t<div class=\"elementor-widget-container\">\n\t\t\t\t\t\t\t\t\t<p>M\u00fcssen Sie die Batterie Ihres Elektroautos aufladen? Parkering Malm\u00f6 schafft Platz f\u00fcr aufladbare Autos und arbeitet schrittweise daran, die Anzahl der Ladepunkte in Malm\u00f6 zu erh\u00f6hen. Wenn Sie Ihr Auto kurzzeitig aufladen m\u00fcssen, k\u00f6nnen Sie dies auf mehreren Parkpl\u00e4tzen tun. In der Storgatan 15A, im Stadtzentrum, finden Sie die Schnellladestationen von Wihlborgs.<\/p>\t\t\t\t\t\t\t\t<\/div>\n\t\t\t\t<\/div>\n\t\t\t\t<div class=\"elementor-element elementor-element-167b79c elementor-align-center elementor-widget elementor-widget-button\" data-id=\"167b79c\" data-element_type=\"widget\" data-widget_type=\"button.default\">\n\t\t\t\t<div class=\"elementor-widget-container\">\n\t\t\t\t\t\t\t\t\t<div class=\"elementor-button-wrapper\">\n\t\t\t\t\t<a class=\"elementor-button elementor-button-link elementor-size-sm\" href=\"https:\/\/www.aimopark.se\/hitta-parkering\/?f=LTP&#038;name=Malm%C3%B6&#038;address=Malm%C3%B6&#038;lat=55.60498&#038;lng=13.00382\" target=\"_blank\" rel=\"noopener\">\n\t\t\t\t\t\t<span class=\"elementor-button-content-wrapper\">\n\t\t\t\t\t\t\t\t\t<span class=\"elementor-button-text\">PARKPLAN AIMO PARK<\/span>\n\t\t\t\t\t<\/span>\n\t\t\t\t\t<\/a>\n\t\t\t\t<\/div>\n\t\t\t\t\t\t\t\t<\/div>\n\t\t\t\t<\/div>\n\t\t\t\t<div class=\"elementor-element elementor-element-ff3e0fb elementor-align-center elementor-widget elementor-widget-button\" data-id=\"ff3e0fb\" data-element_type=\"widget\" data-widget_type=\"button.default\">\n\t\t\t\t<div class=\"elementor-widget-container\">\n\t\t\t\t\t\t\t\t\t<div class=\"elementor-button-wrapper\">\n\t\t\t\t\t<a class=\"elementor-button elementor-button-link elementor-size-sm\" href=\"https:\/\/karta.pmalmo.se\/\" target=\"_blank\" rel=\"noopener\">\n\t\t\t\t\t\t<span class=\"elementor-button-content-wrapper\">\n\t\t\t\t\t\t\t\t\t<span class=\"elementor-button-text\">PARKKARTE P-MALM\u00d6<\/span>\n\t\t\t\t\t<\/span>\n\t\t\t\t\t<\/a>\n\t\t\t\t<\/div>\n\t\t\t\t\t\t\t\t<\/div>\n\t\t\t\t<\/div>\n\t\t\t\t<div class=\"elementor-element elementor-element-76b7dfe elementor-align-center elementor-widget elementor-widget-button\" data-id=\"76b7dfe\" data-element_type=\"widget\" data-widget_type=\"button.default\">\n\t\t\t\t<div class=\"elementor-widget-container\">\n\t\t\t\t\t\t\t\t\t<div class=\"elementor-button-wrapper\">\n\t\t\t\t\t<a class=\"elementor-button elementor-button-link elementor-size-sm\" href=\"https:\/\/www.pmalmo.se\/Parkera\/parkering-med-laddplatser\/\" target=\"_blank\" rel=\"noopener\">\n\t\t\t\t\t\t<span class=\"elementor-button-content-wrapper\">\n\t\t\t\t\t\t\t\t\t<span class=\"elementor-button-text\">PARKEN MIT EINEM ELEKTROAUTO<\/span>\n\t\t\t\t\t<\/span>\n\t\t\t\t\t<\/a>\n\t\t\t\t<\/div>\n\t\t\t\t\t\t\t\t<\/div>\n\t\t\t\t<\/div>\n\t\t\t\t\t<\/div>\n\t\t\t\t<\/div>\n\t\t<div class=\"elementor-element elementor-element-5425aa0 elementor-hidden-desktop elementor-hidden-tablet e-flex e-con-boxed e-con e-parent\" data-id=\"5425aa0\" data-element_type=\"container\" data-settings=\"{&quot;background_background&quot;:&quot;classic&quot;}\">\n\t\t\t\t\t<div class=\"e-con-inner\">\n\t\t\t\t<div class=\"elementor-element elementor-element-619bebc elementor-widget elementor-widget-heading\" data-id=\"619bebc\" data-element_type=\"widget\" data-widget_type=\"heading.default\">\n\t\t\t\t<div class=\"elementor-widget-container\">\n\t\t\t\t\t<h2 class=\"elementor-heading-title elementor-size-default\">Die Stadt Malm\u00f6 erleben<\/h2>\t\t\t\t<\/div>\n\t\t\t\t<\/div>\n\t\t\t\t<div class=\"elementor-element elementor-element-dc1451d elementor-mobile-align-center elementor-widget elementor-widget-button\" data-id=\"dc1451d\" data-element_type=\"widget\" data-widget_type=\"button.default\">\n\t\t\t\t<div class=\"elementor-widget-container\">\n\t\t\t\t\t\t\t\t\t<div class=\"elementor-button-wrapper\">\n\t\t\t\t\t<a class=\"elementor-button elementor-button-link elementor-size-sm\" href=\"https:\/\/malmocity.se\/de\/upplev-city\/\">\n\t\t\t\t\t\t<span class=\"elementor-button-content-wrapper\">\n\t\t\t\t\t\t\t\t\t<span class=\"elementor-button-text\">Mehr lesen<\/span>\n\t\t\t\t\t<\/span>\n\t\t\t\t\t<\/a>\n\t\t\t\t<\/div>\n\t\t\t\t\t\t\t\t<\/div>\n\t\t\t\t<\/div>\n\t\t\t\t\t<\/div>\n\t\t\t\t<\/div>\n\t\t<div class=\"elementor-element elementor-element-854252e e-grid elementor-hidden-mobile e-con-boxed e-con e-parent\" data-id=\"854252e\" data-element_type=\"container\" data-settings=\"{&quot;background_background&quot;:&quot;classic&quot;}\">\n\t\t\t\t\t<div class=\"e-con-inner\">\n\t\t\t\t<div class=\"elementor-element elementor-element-bf3e963 elementor-widget elementor-widget-heading\" data-id=\"bf3e963\" data-element_type=\"widget\" data-widget_type=\"heading.default\">\n\t\t\t\t<div class=\"elementor-widget-container\">\n\t\t\t\t\t<h2 class=\"elementor-heading-title elementor-size-default\">Erleben Sie das Stadtzentrum von Malm\u00f6<\/h2>\t\t\t\t<\/div>\n\t\t\t\t<\/div>\n\t\t\t\t<div class=\"elementor-element elementor-element-794af60 elementor-align-center elementor-widget elementor-widget-button\" data-id=\"794af60\" data-element_type=\"widget\" data-widget_type=\"button.default\">\n\t\t\t\t<div class=\"elementor-widget-container\">\n\t\t\t\t\t\t\t\t\t<div class=\"elementor-button-wrapper\">\n\t\t\t\t\t<a class=\"elementor-button elementor-button-link elementor-size-sm\" href=\"https:\/\/malmocity.se\/de\/upplev-city\/\">\n\t\t\t\t\t\t<span class=\"elementor-button-content-wrapper\">\n\t\t\t\t\t\t\t\t\t<span class=\"elementor-button-text\">Mehr lesen<\/span>\n\t\t\t\t\t<\/span>\n\t\t\t\t\t<\/a>\n\t\t\t\t<\/div>\n\t\t\t\t\t\t\t\t<\/div>\n\t\t\t\t<\/div>\n\t\t\t\t\t<\/div>\n\t\t\t\t<\/div>\n\t\t\t\t<\/div>","protected":false},"excerpt":{"rendered":"<p>Parken in Malm\u00f6 City Um denjenigen, die die Stadt Malm\u00f6 besuchen, dort arbeiten oder wohnen, die Arbeit zu erleichtern, haben wir alle wichtigen Parkpl\u00e4tze und Parkh\u00e4user zusammengestellt. \u00dcber die Karte in der Schaltfl\u00e4che unten k\u00f6nnen Sie sich leicht einen \u00dcberblick \u00fcber die verschiedenen Parkm\u00f6glichkeiten in Ihrer N\u00e4he verschaffen. Finden Sie Parkpl\u00e4tze in Malm\u00f6 City Um es f\u00fcr Sie einfacher zu machen, die Sie besuchen, [...]<\/p>","protected":false},"author":1,"featured_media":0,"parent":2629,"menu_order":0,"comment_status":"closed","ping_status":"closed","template":"","meta":{"_acf_changed":false,"footnotes":""},"class_list":["post-2667","page","type-page","status-publish","hentry"],"acf":[],"_links":{"self":[{"href":"https:\/\/malmocity.se\/de\/wp-json\/wp\/v2\/pages\/2667","targetHints":{"allow":["GET"]}}],"collection":[{"href":"https:\/\/malmocity.se\/de\/wp-json\/wp\/v2\/pages"}],"about":[{"href":"https:\/\/malmocity.se\/de\/wp-json\/wp\/v2\/types\/page"}],"author":[{"embeddable":true,"href":"https:\/\/malmocity.se\/de\/wp-json\/wp\/v2\/users\/1"}],"replies":[{"embeddable":true,"href":"https:\/\/malmocity.se\/de\/wp-json\/wp\/v2\/comments?post=2667"}],"version-history":[{"count":76,"href":"https:\/\/malmocity.se\/de\/wp-json\/wp\/v2\/pages\/2667\/revisions"}],"predecessor-version":[{"id":8489,"href":"https:\/\/malmocity.se\/de\/wp-json\/wp\/v2\/pages\/2667\/revisions\/8489"}],"up":[{"embeddable":true,"href":"https:\/\/malmocity.se\/de\/wp-json\/wp\/v2\/pages\/2629"}],"wp:attachment":[{"href":"https:\/\/malmocity.se\/de\/wp-json\/wp\/v2\/media?parent=2667"}],"curies":[{"name":"wp","href":"https:\/\/api.w.org\/{rel}","templated":true}]}}