{"id":2692,"date":"2025-02-12T15:18:48","date_gmt":"2025-02-12T14:18:48","guid":{"rendered":"https:\/\/malmocity.se\/?page_id=2692"},"modified":"2025-03-20T10:38:31","modified_gmt":"2025-03-20T09:38:31","slug":"hyrcyklar","status":"publish","type":"page","link":"https:\/\/malmocity.se\/de\/hitta-hit\/hyrcyklar\/","title":{"rendered":"Fahrr\u00e4der zu mieten"},"content":{"rendered":"<div data-elementor-type=\"wp-page\" data-elementor-id=\"2692\" class=\"elementor elementor-2692\" data-elementor-post-type=\"page\">\n\t\t\t\t<div class=\"elementor-element elementor-element-53f852f2 e-flex e-con-boxed e-con e-parent\" data-id=\"53f852f2\" data-element_type=\"container\" data-settings=\"{&quot;background_background&quot;:&quot;classic&quot;}\">\n\t\t\t\t\t<div class=\"e-con-inner\">\n\t\t<div class=\"elementor-element elementor-element-798fe137 e-flex e-con-boxed e-con e-child\" data-id=\"798fe137\" data-element_type=\"container\">\n\t\t\t\t\t<div class=\"e-con-inner\">\n\t\t\t\t\t<\/div>\n\t\t\t\t<\/div>\n\t\t\t\t\t<\/div>\n\t\t\t\t<\/div>\n\t\t<div class=\"elementor-element elementor-element-7367cf91 e-flex e-con-boxed e-con e-parent\" data-id=\"7367cf91\" data-element_type=\"container\">\n\t\t\t\t\t<div class=\"e-con-inner\">\n\t\t<div class=\"elementor-element elementor-element-48568256 e-con-full e-flex e-con e-child\" data-id=\"48568256\" data-element_type=\"container\">\n\t\t<div class=\"elementor-element elementor-element-13ec093a e-con-full e-flex e-con e-child\" data-id=\"13ec093a\" data-element_type=\"container\">\n\t\t\t\t<div class=\"elementor-element elementor-element-30e4d310 elementor-widget elementor-widget-heading\" data-id=\"30e4d310\" data-element_type=\"widget\" data-widget_type=\"heading.default\">\n\t\t\t\t<div class=\"elementor-widget-container\">\n\t\t\t\t\t<h1 class=\"elementor-heading-title elementor-size-default\">Fahrr\u00e4der zu mieten<\/h1>\t\t\t\t<\/div>\n\t\t\t\t<\/div>\n\t\t\t\t<\/div>\n\t\t\t\t<\/div>\n\t\t\t\t\t<\/div>\n\t\t\t\t<\/div>\n\t\t<div class=\"elementor-element elementor-element-eda0b01 e-flex e-con-boxed e-con e-parent\" data-id=\"eda0b01\" data-element_type=\"container\">\n\t\t\t\t\t<div class=\"e-con-inner\">\n\t\t<div class=\"elementor-element elementor-element-3c562c6 e-con-full e-flex e-con e-child\" data-id=\"3c562c6\" data-element_type=\"container\">\n\t\t\t\t<div class=\"elementor-element elementor-element-c74b162 elementor-widget elementor-widget-heading\" data-id=\"c74b162\" data-element_type=\"widget\" data-widget_type=\"heading.default\">\n\t\t\t\t<div class=\"elementor-widget-container\">\n\t\t\t\t\t<h2 class=\"elementor-heading-title elementor-size-default\">Malm\u00f6 mit dem Fahrrad<\/h2>\t\t\t\t<\/div>\n\t\t\t\t<\/div>\n\t\t\t\t<div class=\"elementor-element elementor-element-a84498a elementor-widget elementor-widget-text-editor\" data-id=\"a84498a\" data-element_type=\"widget\" data-widget_type=\"text-editor.default\">\n\t\t\t\t<div class=\"elementor-widget-container\">\n\t\t\t\t\t\t\t\t\t<p>Mit einem Mietfahrrad von Malm\u00f6 By Bike k\u00f6nnen Sie das ganze Jahr \u00fcber rund um die Uhr durch Malm\u00f6 radeln. Egal, ob Sie ein Besucher sind oder in der Stadt leben oder arbeiten, Sie k\u00f6nnen sich schnell und einfach in der Stadt bewegen. Es gibt rund zwanzig verschiedene Stationen im Stadtzentrum, an denen Sie Ihr Fahrrad abholen und zur\u00fcckgeben k\u00f6nnen. Es gibt Abonnements von 24 Stunden bis hin zu Jahresabonnements. Mehr Informationen finden Sie unter\u00a0<a href=\"https:\/\/www.malmobybike.se\/sv\" target=\"_blank\" rel=\"noopener\">malmobybike.se<\/a><\/p>\t\t\t\t\t\t\t\t<\/div>\n\t\t\t\t<\/div>\n\t\t\t\t<div class=\"elementor-element elementor-element-44575c9 elementor-widget elementor-widget-heading\" data-id=\"44575c9\" data-element_type=\"widget\" data-widget_type=\"heading.default\">\n\t\t\t\t<div class=\"elementor-widget-container\">\n\t\t\t\t\t<h2 class=\"elementor-heading-title elementor-size-default\">Fahrr\u00e4der mieten bei Travelshop<\/h2>\t\t\t\t<\/div>\n\t\t\t\t<\/div>\n\t\t\t\t<div class=\"elementor-element elementor-element-6b6e115 elementor-widget elementor-widget-text-editor\" data-id=\"6b6e115\" data-element_type=\"widget\" data-widget_type=\"text-editor.default\">\n\t\t\t\t<div class=\"elementor-widget-container\">\n\t\t\t\t\t\t\t\t\t<p>Bei Travelshop finden Sie eine gro\u00dfe Auswahl an Fahrr\u00e4dern, darunter Kastenr\u00e4der, Tandems, Elektrofahrr\u00e4der und viele andere Optionen. Travelshop ist flexibel und bietet sowohl Bring- als auch Abholservice an. Lesen Sie mehr unter:\u00a0<a href=\"https:\/\/travelshop.se\/hyrcyklar\/\" target=\"_blank\" rel=\"noopener\">travelshop.se\/mietfahrraeder<\/a><\/p>\t\t\t\t\t\t\t\t<\/div>\n\t\t\t\t<\/div>\n\t\t\t\t<div class=\"elementor-element elementor-element-78e3503 elementor-widget elementor-widget-heading\" data-id=\"78e3503\" data-element_type=\"widget\" data-widget_type=\"heading.default\">\n\t\t\t\t<div class=\"elementor-widget-container\">\n\t\t\t\t\t<h2 class=\"elementor-heading-title elementor-size-default\">Voi<\/h2>\t\t\t\t<\/div>\n\t\t\t\t<\/div>\n\t\t\t\t<div class=\"elementor-element elementor-element-d3b32ae elementor-widget elementor-widget-text-editor\" data-id=\"d3b32ae\" data-element_type=\"widget\" data-widget_type=\"text-editor.default\">\n\t\t\t\t<div class=\"elementor-widget-container\">\n\t\t\t\t\t\t\t\t\t<p>Voi war eines der ersten Unternehmen, das in Malm\u00f6 Elektroroller auf den Markt gebracht hat, und ist damit zum Synonym f\u00fcr dieses Ph\u00e4nomen geworden. Einen Voi erkennt man leicht an der markanten roten Farbe, die alle Roller haben. Lesen Sie mehr unter: <a href=\"http:\/\/voiscooters.com\/\" target=\"_blank\" rel=\"noopener\">voiscooters.de<\/a><\/p>\t\t\t\t\t\t\t\t<\/div>\n\t\t\t\t<\/div>\n\t\t\t\t<div class=\"elementor-element elementor-element-1d091a0 elementor-widget elementor-widget-heading\" data-id=\"1d091a0\" data-element_type=\"widget\" data-widget_type=\"heading.default\">\n\t\t\t\t<div class=\"elementor-widget-container\">\n\t\t\t\t\t<h2 class=\"elementor-heading-title elementor-size-default\">Limette<\/h2>\t\t\t\t<\/div>\n\t\t\t\t<\/div>\n\t\t\t\t<div class=\"elementor-element elementor-element-90aefd6 elementor-widget elementor-widget-text-editor\" data-id=\"90aefd6\" data-element_type=\"widget\" data-widget_type=\"text-editor.default\">\n\t\t\t\t<div class=\"elementor-widget-container\">\n\t\t\t\t\t\t\t\t\t<p>Lime (wie Voi) hat den Service in Malm\u00f6 schon fr\u00fch eingef\u00fchrt und ist einer der bekannteren Anbieter von Elektrorollern, die man schnell und einfach mieten kann. Mit ihren gr\u00fcnen Elektrorollern haben sie sich auf dem Markt einen Namen gemacht, und Sie werden sie garantiert \u00fcberall in der Stadt finden. Mehr Informationen finden Sie unter: <a href=\"http:\/\/li.me\/\" target=\"_blank\" rel=\"noopener\">li.me<\/a><\/p>\t\t\t\t\t\t\t\t<\/div>\n\t\t\t\t<\/div>\n\t\t\t\t<div class=\"elementor-element elementor-element-61c363f elementor-widget elementor-widget-heading\" data-id=\"61c363f\" data-element_type=\"widget\" data-widget_type=\"heading.default\">\n\t\t\t\t<div class=\"elementor-widget-container\">\n\t\t\t\t\t<h2 class=\"elementor-heading-title elementor-size-default\">Ryde<\/h2>\t\t\t\t<\/div>\n\t\t\t\t<\/div>\n\t\t\t\t<div class=\"elementor-element elementor-element-974ab64 elementor-widget elementor-widget-text-editor\" data-id=\"974ab64\" data-element_type=\"widget\" data-widget_type=\"text-editor.default\">\n\t\t\t\t<div class=\"elementor-widget-container\">\n\t\t\t\t\t\t\t\t\t<p>Das norwegische Unternehmen Ryde bietet Elektroroller in schwedischen St\u00e4dten an, wobei der Schwerpunkt auf einem reibungslosen und umweltfreundlichen Transport liegt. Mieten Sie ganz einfach \u00fcber ihre App. <br \/>Weitere Informationen finden Sie unter: <a href=\"https:\/\/www.ryde-technology.com\/\" target=\"_blank\" rel=\"noopener\">ryde-technologie.de<\/a><\/p>\t\t\t\t\t\t\t\t<\/div>\n\t\t\t\t<\/div>\n\t\t\t\t<div class=\"elementor-element elementor-element-33a2b00 elementor-widget elementor-widget-heading\" data-id=\"33a2b00\" data-element_type=\"widget\" data-widget_type=\"heading.default\">\n\t\t\t\t<div class=\"elementor-widget-container\">\n\t\t\t\t\t<h2 class=\"elementor-heading-title elementor-size-default\">Schraube<\/h2>\t\t\t\t<\/div>\n\t\t\t\t<\/div>\n\t\t\t\t<div class=\"elementor-element elementor-element-49d33e0 elementor-widget elementor-widget-text-editor\" data-id=\"49d33e0\" data-element_type=\"widget\" data-widget_type=\"text-editor.default\">\n\t\t\t\t<div class=\"elementor-widget-container\">\n\t\t\t\t\t\t\t\t\t<p>Bolt bietet in mehreren St\u00e4dten Elektroroller zur Miete an und setzt sich f\u00fcr nachhaltige, sichere und erschwingliche Mikromobilit\u00e4t ein. \u00dcber die Bolt-App k\u00f6nnen Nutzer ganz einfach einen Elektroroller finden, entsperren und fahren. Lesen Sie mehr unter: <a href=\"https:\/\/bolt.eu\/sv-se\/\" target=\"_blank\" rel=\"noopener\">Bolzen.eu<\/a><\/p>\t\t\t\t\t\t\t\t<\/div>\n\t\t\t\t<\/div>\n\t\t\t\t<\/div>\n\t\t<div class=\"elementor-element elementor-element-a21d808 e-con-full e-flex e-con e-child\" data-id=\"a21d808\" data-element_type=\"container\" data-settings=\"{&quot;background_background&quot;:&quot;classic&quot;,&quot;sticky&quot;:&quot;top&quot;,&quot;sticky_on&quot;:[&quot;desktop&quot;],&quot;sticky_offset&quot;:10,&quot;sticky_parent&quot;:&quot;yes&quot;,&quot;sticky_effects_offset&quot;:0,&quot;sticky_anchor_link_offset&quot;:0}\">\n\t\t\t\t<div class=\"elementor-element elementor-element-d1ecc27 elementor-widget elementor-widget-image\" data-id=\"d1ecc27\" data-element_type=\"widget\" data-widget_type=\"image.default\">\n\t\t\t\t<div class=\"elementor-widget-container\">\n\t\t\t\t\t\t\t\t\t\t\t\t\t\t\t<img fetchpriority=\"high\" decoding=\"async\" width=\"800\" height=\"534\" src=\"https:\/\/malmocity.se\/wp-content\/uploads\/2025\/02\/160629_bb_cykel_0199_malmo_by_bike_hires-1024x683.jpeg\" class=\"attachment-large size-large wp-image-2696\" alt=\"\" srcset=\"https:\/\/malmocity.se\/wp-content\/uploads\/2025\/02\/160629_bb_cykel_0199_malmo_by_bike_hires-1024x683.jpeg 1024w, https:\/\/malmocity.se\/wp-content\/uploads\/2025\/02\/160629_bb_cykel_0199_malmo_by_bike_hires-300x200.jpeg 300w, https:\/\/malmocity.se\/wp-content\/uploads\/2025\/02\/160629_bb_cykel_0199_malmo_by_bike_hires-768x512.jpeg 768w, https:\/\/malmocity.se\/wp-content\/uploads\/2025\/02\/160629_bb_cykel_0199_malmo_by_bike_hires-1536x1024.jpeg 1536w, https:\/\/malmocity.se\/wp-content\/uploads\/2025\/02\/160629_bb_cykel_0199_malmo_by_bike_hires-2048x1365.jpeg 2048w\" sizes=\"(max-width: 800px) 100vw, 800px\" \/>\t\t\t\t\t\t\t\t\t\t\t\t\t\t\t<\/div>\n\t\t\t\t<\/div>\n\t\t\t\t<div class=\"elementor-element elementor-element-6a17c3c elementor-widget elementor-widget-image\" data-id=\"6a17c3c\" data-element_type=\"widget\" data-widget_type=\"image.default\">\n\t\t\t\t<div class=\"elementor-widget-container\">\n\t\t\t\t\t\t\t\t\t\t\t\t\t\t\t<img decoding=\"async\" width=\"800\" height=\"534\" src=\"https:\/\/malmocity.se\/wp-content\/uploads\/2025\/03\/211026_0213_malmo_elsparkcykel_hires-1024x683.jpeg\" class=\"attachment-large size-large wp-image-4482\" alt=\"\" srcset=\"https:\/\/malmocity.se\/wp-content\/uploads\/2025\/03\/211026_0213_malmo_elsparkcykel_hires-1024x683.jpeg 1024w, https:\/\/malmocity.se\/wp-content\/uploads\/2025\/03\/211026_0213_malmo_elsparkcykel_hires-300x200.jpeg 300w, https:\/\/malmocity.se\/wp-content\/uploads\/2025\/03\/211026_0213_malmo_elsparkcykel_hires-768x512.jpeg 768w, https:\/\/malmocity.se\/wp-content\/uploads\/2025\/03\/211026_0213_malmo_elsparkcykel_hires-1536x1024.jpeg 1536w, https:\/\/malmocity.se\/wp-content\/uploads\/2025\/03\/211026_0213_malmo_elsparkcykel_hires-2048x1365.jpeg 2048w, https:\/\/malmocity.se\/wp-content\/uploads\/2025\/03\/211026_0213_malmo_elsparkcykel_hires-18x12.jpeg 18w\" sizes=\"(max-width: 800px) 100vw, 800px\" \/>\t\t\t\t\t\t\t\t\t\t\t\t\t\t\t<\/div>\n\t\t\t\t<\/div>\n\t\t\t\t<\/div>\n\t\t\t\t\t<\/div>\n\t\t\t\t<\/div>\n\t\t\t\t<\/div>","protected":false},"excerpt":{"rendered":"<p>Home - Finden Sie uns - Leihfahrr\u00e4der Leihfahrr\u00e4der Malm\u00f6 By Bike Mit einem Leihfahrrad von Malm\u00f6 By Bike k\u00f6nnen Sie das ganze Jahr \u00fcber rund um die Uhr bequem durch Malm\u00f6 radeln. Ob Sie Besucher sind oder in der Stadt wohnen oder arbeiten, Sie k\u00f6nnen sich schnell und einfach in der Stadt bewegen. Es [...]<\/p>","protected":false},"author":1,"featured_media":0,"parent":2629,"menu_order":0,"comment_status":"closed","ping_status":"closed","template":"","meta":{"_acf_changed":false,"footnotes":""},"class_list":["post-2692","page","type-page","status-publish","hentry"],"acf":[],"_links":{"self":[{"href":"https:\/\/malmocity.se\/de\/wp-json\/wp\/v2\/pages\/2692","targetHints":{"allow":["GET"]}}],"collection":[{"href":"https:\/\/malmocity.se\/de\/wp-json\/wp\/v2\/pages"}],"about":[{"href":"https:\/\/malmocity.se\/de\/wp-json\/wp\/v2\/types\/page"}],"author":[{"embeddable":true,"href":"https:\/\/malmocity.se\/de\/wp-json\/wp\/v2\/users\/1"}],"replies":[{"embeddable":true,"href":"https:\/\/malmocity.se\/de\/wp-json\/wp\/v2\/comments?post=2692"}],"version-history":[{"count":9,"href":"https:\/\/malmocity.se\/de\/wp-json\/wp\/v2\/pages\/2692\/revisions"}],"predecessor-version":[{"id":4486,"href":"https:\/\/malmocity.se\/de\/wp-json\/wp\/v2\/pages\/2692\/revisions\/4486"}],"up":[{"embeddable":true,"href":"https:\/\/malmocity.se\/de\/wp-json\/wp\/v2\/pages\/2629"}],"wp:attachment":[{"href":"https:\/\/malmocity.se\/de\/wp-json\/wp\/v2\/media?parent=2692"}],"curies":[{"name":"wp","href":"https:\/\/api.w.org\/{rel}","templated":true}]}}