{"id":2722,"date":"2025-02-13T08:40:33","date_gmt":"2025-02-13T07:40:33","guid":{"rendered":"https:\/\/malmocity.se\/?page_id=2722"},"modified":"2025-03-20T10:48:56","modified_gmt":"2025-03-20T09:48:56","slug":"om-oss","status":"publish","type":"page","link":"https:\/\/malmocity.se\/de\/om-oss\/","title":{"rendered":"\u00dcber uns"},"content":{"rendered":"<div data-elementor-type=\"wp-page\" data-elementor-id=\"2722\" class=\"elementor elementor-2722\" data-elementor-post-type=\"page\">\n\t\t\t\t<div class=\"elementor-element elementor-element-11370f2d e-flex e-con-boxed e-con e-parent\" data-id=\"11370f2d\" data-element_type=\"container\" data-settings=\"{&quot;background_background&quot;:&quot;classic&quot;}\">\n\t\t\t\t\t<div class=\"e-con-inner\">\n\t\t<div class=\"elementor-element elementor-element-6a74ebe5 e-flex e-con-boxed e-con e-child\" data-id=\"6a74ebe5\" data-element_type=\"container\">\n\t\t\t\t\t<div class=\"e-con-inner\">\n\t\t\t\t\t<\/div>\n\t\t\t\t<\/div>\n\t\t\t\t\t<\/div>\n\t\t\t\t<\/div>\n\t\t<div class=\"elementor-element elementor-element-599c661e e-flex e-con-boxed e-con e-parent\" data-id=\"599c661e\" data-element_type=\"container\">\n\t\t\t\t\t<div class=\"e-con-inner\">\n\t\t<div class=\"elementor-element elementor-element-17033909 e-con-full e-flex e-con e-child\" data-id=\"17033909\" data-element_type=\"container\">\n\t\t<div class=\"elementor-element elementor-element-71c89359 e-con-full e-flex e-con e-child\" data-id=\"71c89359\" data-element_type=\"container\">\n\t\t\t\t<div class=\"elementor-element elementor-element-3f0ebc58 elementor-widget elementor-widget-heading\" data-id=\"3f0ebc58\" data-element_type=\"widget\" data-widget_type=\"heading.default\">\n\t\t\t\t<div class=\"elementor-widget-container\">\n\t\t\t\t\t<h1 class=\"elementor-heading-title elementor-size-default\">\u00dcber uns<\/h1>\t\t\t\t<\/div>\n\t\t\t\t<\/div>\n\t\t\t\t<div class=\"elementor-element elementor-element-230fe87a elementor-widget elementor-widget-text-editor\" data-id=\"230fe87a\" data-element_type=\"widget\" data-widget_type=\"text-editor.default\">\n\t\t\t\t<div class=\"elementor-widget-container\">\n\t\t\t\t\t\t\t\t\t<p>Malm\u00f6 Citysamverkan wurde 1995 gegr\u00fcndet und ist eine gemeinn\u00fctzige Genossenschaft. <br \/>Wir sind zu drei gleichen Teilen im Besitz von Einzelh\u00e4ndlern und anderen Unternehmen, den Immobilieneigent\u00fcmern im Stadtzentrum und der Stadt Malm\u00f6, <br \/>Unser \u00fcbergeordnetes Ziel ist es, das Stadtzentrum zum Nutzen unserer Mitglieder weiterzuentwickeln, <br \/>Einwohner und Besucher.<\/p>\t\t\t\t\t\t\t\t<\/div>\n\t\t\t\t<\/div>\n\t\t\t\t<\/div>\n\t\t\t\t<\/div>\n\t\t\t\t\t<\/div>\n\t\t\t\t<\/div>\n\t\t<div class=\"elementor-element elementor-element-7a1aef8d e-flex e-con-boxed e-con e-parent\" data-id=\"7a1aef8d\" data-element_type=\"container\">\n\t\t\t\t\t<div class=\"e-con-inner\">\n\t\t<div class=\"elementor-element elementor-element-76266728 e-con-full e-flex e-con e-child\" data-id=\"76266728\" data-element_type=\"container\">\n\t\t\t\t<div class=\"elementor-element elementor-element-140acb0a elementor-widget elementor-widget-heading\" data-id=\"140acb0a\" data-element_type=\"widget\" data-widget_type=\"heading.default\">\n\t\t\t\t<div class=\"elementor-widget-container\">\n\t\t\t\t\t<h2 class=\"elementor-heading-title elementor-size-default\">Unser Hintergrund<\/h2>\t\t\t\t<\/div>\n\t\t\t\t<\/div>\n\t\t\t\t<div class=\"elementor-element elementor-element-38fee803 elementor-widget elementor-widget-text-editor\" data-id=\"38fee803\" data-element_type=\"widget\" data-widget_type=\"text-editor.default\">\n\t\t\t\t<div class=\"elementor-widget-container\">\n\t\t\t\t\t\t\t\t\t<p>Malm\u00f6 Citysamverkan wurde gegr\u00fcndet, um eine Plattform zwischen privaten und \u00f6ffentlichen Akteuren zu schaffen und die Zusammenarbeit bei der Entwicklung des gemeinsamen Ortes zu f\u00f6rdern.<\/p><p>Dar\u00fcber hinaus wurde eine Organisation ben\u00f6tigt, die eine Marke f\u00fcr <br \/>Malm\u00f6 City, f\u00f6rdern sie und erstellen Inhalte mit anderen Partnern, <br \/>sowohl in Form von Projekten als auch von dauerhaften Ma\u00dfnahmen.<\/p>\t\t\t\t\t\t\t\t<\/div>\n\t\t\t\t<\/div>\n\t\t\t\t<div class=\"elementor-element elementor-element-f47d690 elementor-widget elementor-widget-heading\" data-id=\"f47d690\" data-element_type=\"widget\" data-widget_type=\"heading.default\">\n\t\t\t\t<div class=\"elementor-widget-container\">\n\t\t\t\t\t<h2 class=\"elementor-heading-title elementor-size-default\">Unser Hintergrund<\/h2>\t\t\t\t<\/div>\n\t\t\t\t<\/div>\n\t\t\t\t<div class=\"elementor-element elementor-element-f4acbb9 elementor-widget elementor-widget-text-editor\" data-id=\"f4acbb9\" data-element_type=\"widget\" data-widget_type=\"text-editor.default\">\n\t\t\t\t<div class=\"elementor-widget-container\">\n\t\t\t\t\t\t\t\t\t<p>Die Aktivit\u00e4ten werden durch die j\u00e4hrliche Servicegeb\u00fchr finanziert, die zu je einem Drittel von den Partnern getragen wird. Hinzu kommen die Projektfinanzierung und das Sponsoring sowie freiwillige Beitr\u00e4ge verschiedener Verb\u00e4nde und Organisationen, mit denen wir zusammenarbeiten.<\/p><p>Auch die Finanzierung durch EU-Projekte oder Zusch\u00fcsse kann Teil der Projektwirtschaft sein. Jeder ausgegebene Cent ist eine Investition, die sich um ein Vielfaches in Form von Aktivit\u00e4ten, Veranstaltungen, Weihnachtsbeleuchtung usw. auszahlt.<\/p>\t\t\t\t\t\t\t\t<\/div>\n\t\t\t\t<\/div>\n\t\t\t\t<\/div>\n\t\t<div class=\"elementor-element elementor-element-5bb4bab1 e-con-full e-flex e-con e-child\" data-id=\"5bb4bab1\" data-element_type=\"container\" data-settings=\"{&quot;background_background&quot;:&quot;classic&quot;}\">\n\t\t\t\t<div class=\"elementor-element elementor-element-59fe2e16 elementor-widget elementor-widget-image\" data-id=\"59fe2e16\" data-element_type=\"widget\" data-widget_type=\"image.default\">\n\t\t\t\t<div class=\"elementor-widget-container\">\n\t\t\t\t\t\t\t\t\t\t\t\t\t\t\t<img fetchpriority=\"high\" decoding=\"async\" width=\"800\" height=\"563\" src=\"https:\/\/malmocity.se\/wp-content\/uploads\/2025\/03\/rundan_rundan_sightseeing_lores-1-1024x720.jpeg\" class=\"attachment-large size-large wp-image-4487\" alt=\"vy \u00f6ver Malm\u00f6 kanal\" srcset=\"https:\/\/malmocity.se\/wp-content\/uploads\/2025\/03\/rundan_rundan_sightseeing_lores-1-1024x720.jpeg 1024w, https:\/\/malmocity.se\/wp-content\/uploads\/2025\/03\/rundan_rundan_sightseeing_lores-1-300x211.jpeg 300w, https:\/\/malmocity.se\/wp-content\/uploads\/2025\/03\/rundan_rundan_sightseeing_lores-1-768x540.jpeg 768w, https:\/\/malmocity.se\/wp-content\/uploads\/2025\/03\/rundan_rundan_sightseeing_lores-1-1536x1080.jpeg 1536w, https:\/\/malmocity.se\/wp-content\/uploads\/2025\/03\/rundan_rundan_sightseeing_lores-1-18x12.jpeg 18w, https:\/\/malmocity.se\/wp-content\/uploads\/2025\/03\/rundan_rundan_sightseeing_lores-1.jpeg 1600w\" sizes=\"(max-width: 800px) 100vw, 800px\" \/>\t\t\t\t\t\t\t\t\t\t\t\t\t\t\t<\/div>\n\t\t\t\t<\/div>\n\t\t\t\t<\/div>\n\t\t\t\t\t<\/div>\n\t\t\t\t<\/div>\n\t\t<div class=\"elementor-element elementor-element-fae6584 e-flex e-con-boxed e-con e-parent\" data-id=\"fae6584\" data-element_type=\"container\">\n\t\t\t\t\t<div class=\"e-con-inner\">\n\t\t<div class=\"elementor-element elementor-element-e522b5d e-con-full e-flex e-con e-child\" data-id=\"e522b5d\" data-element_type=\"container\">\n\t\t\t\t<div class=\"elementor-element elementor-element-05fd283 elementor-widget elementor-widget-heading\" data-id=\"05fd283\" data-element_type=\"widget\" data-widget_type=\"heading.default\">\n\t\t\t\t<div class=\"elementor-widget-container\">\n\t\t\t\t\t<h2 class=\"elementor-heading-title elementor-size-default\">T\u00e4tigkeitsbereich<\/h2>\t\t\t\t<\/div>\n\t\t\t\t<\/div>\n\t\t\t\t<div class=\"elementor-element elementor-element-e8db421 elementor-widget elementor-widget-text-editor\" data-id=\"e8db421\" data-element_type=\"widget\" data-widget_type=\"text-editor.default\">\n\t\t\t\t<div class=\"elementor-widget-container\">\n\t\t\t\t\t\t\t\t\t<p>Unser geografischer Wirkungsbereich erstreckt sich vom Hauptbahnhof im Norden bis zum Dreieck im S\u00fcden und vom Drottningtorget im Osten bis zum Davidshallstorg im Westen. Wir arbeiten an der Verdichtung innerhalb unseres Gebiets, definieren die Grenzen jedoch regelm\u00e4\u00dfig neu, da das Stadtzentrum weiter w\u00e4chst und sich entwickelt.<\/p>\t\t\t\t\t\t\t\t<\/div>\n\t\t\t\t<\/div>\n\t\t\t\t<div class=\"elementor-element elementor-element-d0cf727 elementor-widget elementor-widget-heading\" data-id=\"d0cf727\" data-element_type=\"widget\" data-widget_type=\"heading.default\">\n\t\t\t\t<div class=\"elementor-widget-container\">\n\t\t\t\t\t<h2 class=\"elementor-heading-title elementor-size-default\">Das ist es, was wir f\u00fcr die Stadt tun!<\/h2>\t\t\t\t<\/div>\n\t\t\t\t<\/div>\n\t\t\t\t<div class=\"elementor-element elementor-element-3d9bd60 elementor-widget elementor-widget-text-editor\" data-id=\"3d9bd60\" data-element_type=\"widget\" data-widget_type=\"text-editor.default\">\n\t\t\t\t<div class=\"elementor-widget-container\">\n\t\t\t\t\t\t\t\t\t<p>Wir arbeiten mit Partnern zusammen, um das Stadtzentrum sch\u00f6n und funktionell zu gestalten und um f\u00fcr unseren gemeinsamen Ort und sein fantastisches Angebot zu werben. Das kann alles bedeuten, von der Weihnachtsbeleuchtung, der Entwicklung der Nachbarschaft und Reinigungsprojekten bis hin zu kleinen und gro\u00dfen physischen Veranstaltungen und verschiedenen digitalen Kommunikationsinitiativen.<\/p><p>Mit der Malm\u00f6 City Gift Card bieten wir Privatpersonen und Unternehmen ein gesch\u00e4tztes und praktisches Geschenk, das gleichzeitig der lokalen Wirtschaft zugute kommt. Unter \"Das vergangene Jahr\" k\u00f6nnen Sie mehr dar\u00fcber lesen, woran wir im vergangenen Jahr gearbeitet haben. Lesen Sie\u00a0<a href=\"https:\/\/malmo.chainelscms.com\/media\/sites\/106\/2021\/10\/Arsredovisning-2020-Annual-report.pdf\" target=\"_blank\" rel=\"noopener\">hier.<\/a><\/p>\t\t\t\t\t\t\t\t<\/div>\n\t\t\t\t<\/div>\n\t\t\t\t<\/div>\n\t\t<div class=\"elementor-element elementor-element-0b6a09c e-con-full e-flex e-con e-child\" data-id=\"0b6a09c\" data-element_type=\"container\" data-settings=\"{&quot;background_background&quot;:&quot;classic&quot;}\">\n\t\t\t\t<div class=\"elementor-element elementor-element-fc67cb9 elementor-widget elementor-widget-image\" data-id=\"fc67cb9\" data-element_type=\"widget\" data-widget_type=\"image.default\">\n\t\t\t\t<div class=\"elementor-widget-container\">\n\t\t\t\t\t\t\t\t\t\t\t\t\t\t\t<img decoding=\"async\" width=\"800\" height=\"534\" src=\"https:\/\/malmocity.se\/wp-content\/uploads\/2025\/02\/190731_0633_malmo-1_malmo_kanal_malmo_canal_hires-1024x683.jpeg\" class=\"attachment-large size-large wp-image-2728\" alt=\"Sightseeing i Malm\u00f6 city\" srcset=\"https:\/\/malmocity.se\/wp-content\/uploads\/2025\/02\/190731_0633_malmo-1_malmo_kanal_malmo_canal_hires-1024x683.jpeg 1024w, https:\/\/malmocity.se\/wp-content\/uploads\/2025\/02\/190731_0633_malmo-1_malmo_kanal_malmo_canal_hires-300x200.jpeg 300w, https:\/\/malmocity.se\/wp-content\/uploads\/2025\/02\/190731_0633_malmo-1_malmo_kanal_malmo_canal_hires-768x512.jpeg 768w, https:\/\/malmocity.se\/wp-content\/uploads\/2025\/02\/190731_0633_malmo-1_malmo_kanal_malmo_canal_hires-1536x1024.jpeg 1536w, https:\/\/malmocity.se\/wp-content\/uploads\/2025\/02\/190731_0633_malmo-1_malmo_kanal_malmo_canal_hires-2048x1365.jpeg 2048w\" sizes=\"(max-width: 800px) 100vw, 800px\" \/>\t\t\t\t\t\t\t\t\t\t\t\t\t\t\t<\/div>\n\t\t\t\t<\/div>\n\t\t\t\t<\/div>\n\t\t\t\t\t<\/div>\n\t\t\t\t<\/div>\n\t\t<div class=\"elementor-element elementor-element-a97fdbf e-flex e-con-boxed e-con e-parent\" data-id=\"a97fdbf\" data-element_type=\"container\" data-settings=\"{&quot;background_background&quot;:&quot;classic&quot;}\">\n\t\t\t\t\t<div class=\"e-con-inner\">\n\t\t\t\t<div class=\"elementor-element elementor-element-fc51718 elementor-widget elementor-widget-heading\" data-id=\"fc51718\" data-element_type=\"widget\" data-widget_type=\"heading.default\">\n\t\t\t\t<div class=\"elementor-widget-container\">\n\t\t\t\t\t<h2 class=\"elementor-heading-title elementor-size-default\">Ehrungen und Auszeichnungen<\/h2>\t\t\t\t<\/div>\n\t\t\t\t<\/div>\n\t\t\t\t<div class=\"elementor-element elementor-element-3598668 elementor-widget elementor-widget-text-editor\" data-id=\"3598668\" data-element_type=\"widget\" data-widget_type=\"text-editor.default\">\n\t\t\t\t<div class=\"elementor-widget-container\">\n\t\t\t\t\t\t\t\t\t<p class=\"oneComWebmail-MsoNormal\">Die Stadt Malm\u00f6 hat den Wettbewerb \"Stadtzentrum des Jahres\" bereits viermal gewonnen: 2010, 2005, 2000 und 2023! In den Jahren 2000, 2005 und 2023 gewann sie Gold und 2010 Silber.<\/p><p>Die Jury begr\u00fcndete den Zuschlag f\u00fcr das Jahr 2023 wie folgt:<\/p>\t\t\t\t\t\t\t\t<\/div>\n\t\t\t\t<\/div>\n\t\t\t\t<div class=\"elementor-element elementor-element-e282cfe elementor-blockquote--skin-boxed elementor-widget elementor-widget-blockquote\" data-id=\"e282cfe\" data-element_type=\"widget\" data-widget_type=\"blockquote.default\">\n\t\t\t\t<div class=\"elementor-widget-container\">\n\t\t\t\t\t\t\t<blockquote class=\"elementor-blockquote\">\n\t\t\t<p class=\"elementor-blockquote__content\">\n\t\t\t\t\"Mit gro\u00dfem Engagement, professioneller Einstellung und gro\u00dfem Sachverstand haben die Akteure der Stadt wichtige gemeinsame Entwicklungsprojekte geplant und umgesetzt. <br><br>\n\nDie Kultur spielt eine gro\u00dfe Rolle, Sicherheitsfragen werden strukturiert angegangen und neue Entwicklungsmodelle wurden auf breiter Front umgesetzt. Es wurden innovative Verkehrsl\u00f6sungen, st\u00e4dtische Korridore, attraktive Orte und spannende Konzepte geschaffen. Dar\u00fcber hinaus gibt es eine klare Strategie f\u00fcr Marketing, Kommunikation und den Aufbau der Stadtmarke. <br><br>Jeder m\u00f6chte sich einbringen und zur Entwicklung und Attraktivit\u00e4t des Stadtzentrums beitragen. Ich gratuliere Ihnen zu Ihrer fantastischen Arbeit f\u00fcr Ihr Stadtzentrum! Malm\u00f6, du bist ein Vorbild!\"\t\t\t<\/p>\n\t\t\t\t\t<\/blockquote>\n\t\t\t\t\t\t<\/div>\n\t\t\t\t<\/div>\n\t\t\t\t<div class=\"elementor-element elementor-element-fd452a3 elementor-widget elementor-widget-text-editor\" data-id=\"fd452a3\" data-element_type=\"widget\" data-widget_type=\"text-editor.default\">\n\t\t\t\t<div class=\"elementor-widget-container\">\n\t\t\t\t\t\t\t\t\t<p class=\"oneComWebmail-MsoNormal\">Malm\u00f6 Citysamverkan wurde im Jahr 2010 als \"<strong>Partnerschaft des Jahres<\/strong>\" auf dem Weltkongress der Industrie in London mit der Begr\u00fcndung:<\/p>\t\t\t\t\t\t\t\t<\/div>\n\t\t\t\t<\/div>\n\t\t\t\t<div class=\"elementor-element elementor-element-525fb77 elementor-blockquote--skin-boxed elementor-widget elementor-widget-blockquote\" data-id=\"525fb77\" data-element_type=\"widget\" data-widget_type=\"blockquote.default\">\n\t\t\t\t<div class=\"elementor-widget-container\">\n\t\t\t\t\t\t\t<blockquote class=\"elementor-blockquote\">\n\t\t\t<p class=\"elementor-blockquote__content\">\n\t\t\t\t\"Malm\u00f6 Citysamverkan ist ein fantastisches Best-Practice-Beispiel f\u00fcr die Entwicklung des Stadtzentrums, an dem sich sowohl der private als auch der \u00f6ffentliche Sektor in hohem Ma\u00dfe beteiligen und das eine Vielzahl von Errungenschaften vorzuweisen hat. <br><br>Die Wirkung der Arbeiten beweist, dass es sich um eine wirklich lohnende Investition f\u00fcr alle Partner handelt und ein Stadtzentrum von Weltklasse entstanden ist\".\t\t\t<\/p>\n\t\t\t\t\t<\/blockquote>\n\t\t\t\t\t\t<\/div>\n\t\t\t\t<\/div>\n\t\t\t\t\t<\/div>\n\t\t\t\t<\/div>\n\t\t\t\t<\/div>","protected":false},"excerpt":{"rendered":"<p>Home - \u00dcber uns Malm\u00f6 Citysamverkan wurde 1995 gegr\u00fcndet und ist eine gemeinn\u00fctzige Kooperation. Wir sind zu drei gleichen Teilen im Besitz von Einzelh\u00e4ndlern und anderen Unternehmen, den Immobilieneigent\u00fcmern im Stadtzentrum und der Stadt Malm\u00f6. Unsere Hauptaufgabe besteht darin, das Stadtzentrum zum Nutzen unserer Mitglieder, Bewohner und Besucher weiterzuentwickeln. Unser Hintergrund Malm\u00f6 Citysamverkan wurde gegr\u00fcndet, um [...]<\/p>","protected":false},"author":1,"featured_media":0,"parent":0,"menu_order":0,"comment_status":"closed","ping_status":"closed","template":"","meta":{"_acf_changed":false,"footnotes":""},"class_list":["post-2722","page","type-page","status-publish","hentry"],"acf":[],"_links":{"self":[{"href":"https:\/\/malmocity.se\/de\/wp-json\/wp\/v2\/pages\/2722","targetHints":{"allow":["GET"]}}],"collection":[{"href":"https:\/\/malmocity.se\/de\/wp-json\/wp\/v2\/pages"}],"about":[{"href":"https:\/\/malmocity.se\/de\/wp-json\/wp\/v2\/types\/page"}],"author":[{"embeddable":true,"href":"https:\/\/malmocity.se\/de\/wp-json\/wp\/v2\/users\/1"}],"replies":[{"embeddable":true,"href":"https:\/\/malmocity.se\/de\/wp-json\/wp\/v2\/comments?post=2722"}],"version-history":[{"count":3,"href":"https:\/\/malmocity.se\/de\/wp-json\/wp\/v2\/pages\/2722\/revisions"}],"predecessor-version":[{"id":4491,"href":"https:\/\/malmocity.se\/de\/wp-json\/wp\/v2\/pages\/2722\/revisions\/4491"}],"wp:attachment":[{"href":"https:\/\/malmocity.se\/de\/wp-json\/wp\/v2\/media?parent=2722"}],"curies":[{"name":"wp","href":"https:\/\/api.w.org\/{rel}","templated":true}]}}