{"id":2748,"date":"2025-02-13T09:37:27","date_gmt":"2025-02-13T08:37:27","guid":{"rendered":"https:\/\/malmocity.se\/?page_id=2748"},"modified":"2026-04-01T07:29:43","modified_gmt":"2026-04-01T06:29:43","slug":"styrelse","status":"publish","type":"page","link":"https:\/\/malmocity.se\/de\/om-oss\/styrelse\/","title":{"rendered":"Direktorium"},"content":{"rendered":"<div data-elementor-type=\"wp-page\" data-elementor-id=\"2748\" class=\"elementor elementor-2748\" data-elementor-post-type=\"page\">\n\t\t\t\t<div class=\"elementor-element elementor-element-532c3036 e-flex e-con-boxed e-con e-parent\" data-id=\"532c3036\" data-element_type=\"container\" data-settings=\"{&quot;background_background&quot;:&quot;classic&quot;}\">\n\t\t\t\t\t<div class=\"e-con-inner\">\n\t\t<div class=\"elementor-element elementor-element-3df57c21 e-flex e-con-boxed e-con e-child\" data-id=\"3df57c21\" data-element_type=\"container\">\n\t\t\t\t\t<div class=\"e-con-inner\">\n\t\t\t\t\t<\/div>\n\t\t\t\t<\/div>\n\t\t\t\t\t<\/div>\n\t\t\t\t<\/div>\n\t\t<div class=\"elementor-element elementor-element-7be3aa66 e-flex e-con-boxed e-con e-parent\" data-id=\"7be3aa66\" data-element_type=\"container\">\n\t\t\t\t\t<div class=\"e-con-inner\">\n\t\t<div class=\"elementor-element elementor-element-7204bff7 e-con-full e-flex e-con e-child\" data-id=\"7204bff7\" data-element_type=\"container\">\n\t\t<div class=\"elementor-element elementor-element-2f8cd978 e-con-full e-flex e-con e-child\" data-id=\"2f8cd978\" data-element_type=\"container\">\n\t\t\t\t<div class=\"elementor-element elementor-element-3c5d2a82 elementor-widget elementor-widget-heading\" data-id=\"3c5d2a82\" data-element_type=\"widget\" data-widget_type=\"heading.default\">\n\t\t\t\t<div class=\"elementor-widget-container\">\n\t\t\t\t\t<h1 class=\"elementor-heading-title elementor-size-default\">Direktorium<\/h1>\t\t\t\t<\/div>\n\t\t\t\t<\/div>\n\t\t\t\t<div class=\"elementor-element elementor-element-a25a45d elementor-widget elementor-widget-text-editor\" data-id=\"a25a45d\" data-element_type=\"widget\" data-widget_type=\"text-editor.default\">\n\t\t\t\t<div class=\"elementor-widget-container\">\n\t\t\t\t\t\t\t\t\t<p>Der Verwaltungsrat besteht aus f\u00fcnf Mitgliedern und sechs Stellvertretern,<br \/>zwischen den drei Aktion\u00e4ren aufgeteilt.<\/p>\t\t\t\t\t\t\t\t<\/div>\n\t\t\t\t<\/div>\n\t\t\t\t<\/div>\n\t\t\t\t<\/div>\n\t\t\t\t\t<\/div>\n\t\t\t\t<\/div>\n\t\t<div class=\"elementor-element elementor-element-6b44ff84 e-flex e-con-boxed e-con e-parent\" data-id=\"6b44ff84\" data-element_type=\"container\">\n\t\t\t\t\t<div class=\"e-con-inner\">\n\t\t<div class=\"elementor-element elementor-element-cbf2033 e-con-full e-flex e-con e-child\" data-id=\"cbf2033\" data-element_type=\"container\">\n\t\t\t\t<div class=\"elementor-element elementor-element-c8c6f82 elementor-widget elementor-widget-heading\" data-id=\"c8c6f82\" data-element_type=\"widget\" data-widget_type=\"heading.default\">\n\t\t\t\t<div class=\"elementor-widget-container\">\n\t\t\t\t\t<h2 class=\"elementor-heading-title elementor-size-default\">Ordentliche Mitglieder<\/h2>\t\t\t\t<\/div>\n\t\t\t\t<\/div>\n\t\t\t\t<\/div>\n\t\t\t\t\t<\/div>\n\t\t\t\t<\/div>\n\t\t<div class=\"elementor-element elementor-element-bd0125e e-flex e-con-boxed e-con e-parent\" data-id=\"bd0125e\" data-element_type=\"container\">\n\t\t\t\t\t<div class=\"e-con-inner\">\n\t\t<div class=\"elementor-element elementor-element-358d057 e-con-full e-flex e-con e-child\" data-id=\"358d057\" data-element_type=\"container\">\n\t\t\t\t<div class=\"elementor-element elementor-element-02a92b1 elementor-widget elementor-widget-image\" data-id=\"02a92b1\" data-element_type=\"widget\" data-widget_type=\"image.default\">\n\t\t\t\t<div class=\"elementor-widget-container\">\n\t\t\t\t\t\t\t\t\t\t\t\t\t\t\t<img fetchpriority=\"high\" decoding=\"async\" width=\"236\" height=\"300\" src=\"https:\/\/malmocity.se\/wp-content\/uploads\/2025\/02\/Eric-Sjostedt-scaled-e1637054061574-236x300-1.jpg\" class=\"attachment-large size-large wp-image-2763\" alt=\"Eric Sj\u00f6stedt bild\" \/>\t\t\t\t\t\t\t\t\t\t\t\t\t\t\t<\/div>\n\t\t\t\t<\/div>\n\t\t\t\t<div class=\"elementor-element elementor-element-fb23ae0 elementor-widget elementor-widget-heading\" data-id=\"fb23ae0\" data-element_type=\"widget\" data-widget_type=\"heading.default\">\n\t\t\t\t<div class=\"elementor-widget-container\">\n\t\t\t\t\t<h4 class=\"elementor-heading-title elementor-size-default\">Eric Sj\u00f6stedt<\/h4>\t\t\t\t<\/div>\n\t\t\t\t<\/div>\n\t\t\t\t<div class=\"elementor-element elementor-element-9880c5d elementor-widget elementor-widget-text-editor\" data-id=\"9880c5d\" data-element_type=\"widget\" data-widget_type=\"text-editor.default\">\n\t\t\t\t<div class=\"elementor-widget-container\">\n\t\t\t\t\t\t\t\t\t<p>Gesch\u00e4ftsbereichsleiter Vasakronan AB (Vorsitzender)<\/p>\t\t\t\t\t\t\t\t<\/div>\n\t\t\t\t<\/div>\n\t\t\t\t<\/div>\n\t\t<div class=\"elementor-element elementor-element-70af628 e-con-full e-flex e-con e-child\" data-id=\"70af628\" data-element_type=\"container\">\n\t\t\t\t<div class=\"elementor-element elementor-element-c802a57 elementor-widget elementor-widget-image\" data-id=\"c802a57\" data-element_type=\"widget\" data-widget_type=\"image.default\">\n\t\t\t\t<div class=\"elementor-widget-container\">\n\t\t\t\t\t\t\t\t\t\t\t\t\t\t\t<img decoding=\"async\" width=\"200\" height=\"300\" src=\"https:\/\/malmocity.se\/wp-content\/uploads\/2025\/02\/Nina-Gilljam-200x300-1.jpg\" class=\"attachment-large size-large wp-image-2762\" alt=\"Nina Wallenberg bild\" \/>\t\t\t\t\t\t\t\t\t\t\t\t\t\t\t<\/div>\n\t\t\t\t<\/div>\n\t\t\t\t<div class=\"elementor-element elementor-element-f22c249 elementor-widget elementor-widget-heading\" data-id=\"f22c249\" data-element_type=\"widget\" data-widget_type=\"heading.default\">\n\t\t\t\t<div class=\"elementor-widget-container\">\n\t\t\t\t\t<h4 class=\"elementor-heading-title elementor-size-default\">Nina Wallenberg<\/h4>\t\t\t\t<\/div>\n\t\t\t\t<\/div>\n\t\t\t\t<div class=\"elementor-element elementor-element-f6c752b elementor-widget elementor-widget-text-editor\" data-id=\"f6c752b\" data-element_type=\"widget\" data-widget_type=\"text-editor.default\">\n\t\t\t\t<div class=\"elementor-widget-container\">\n\t\t\t\t\t\t\t\t\t<p>Leiter der Kommunikationsabteilung Fastighets AB Trianon<\/p>\t\t\t\t\t\t\t\t<\/div>\n\t\t\t\t<\/div>\n\t\t\t\t<\/div>\n\t\t<div class=\"elementor-element elementor-element-98e72a4 e-con-full e-flex e-con e-child\" data-id=\"98e72a4\" data-element_type=\"container\">\n\t\t\t\t<div class=\"elementor-element elementor-element-5d817e1 elementor-widget elementor-widget-image\" data-id=\"5d817e1\" data-element_type=\"widget\" data-widget_type=\"image.default\">\n\t\t\t\t<div class=\"elementor-widget-container\">\n\t\t\t\t\t\t\t\t\t\t\t\t\t\t\t<img decoding=\"async\" width=\"300\" height=\"300\" src=\"https:\/\/malmocity.se\/wp-content\/uploads\/2025\/02\/Stena_Fastigheter_2021_Martin_Landler-300x300px-300x300-1.jpg\" class=\"attachment-large size-large wp-image-2761\" alt=\"Martin Landler bild\" srcset=\"https:\/\/malmocity.se\/wp-content\/uploads\/2025\/02\/Stena_Fastigheter_2021_Martin_Landler-300x300px-300x300-1.jpg 300w, https:\/\/malmocity.se\/wp-content\/uploads\/2025\/02\/Stena_Fastigheter_2021_Martin_Landler-300x300px-300x300-1-150x150.jpg 150w\" sizes=\"(max-width: 300px) 100vw, 300px\" \/>\t\t\t\t\t\t\t\t\t\t\t\t\t\t\t<\/div>\n\t\t\t\t<\/div>\n\t\t\t\t<div class=\"elementor-element elementor-element-28ebb66 elementor-widget elementor-widget-heading\" data-id=\"28ebb66\" data-element_type=\"widget\" data-widget_type=\"heading.default\">\n\t\t\t\t<div class=\"elementor-widget-container\">\n\t\t\t\t\t<h4 class=\"elementor-heading-title elementor-size-default\">Martin Landler<\/h4>\t\t\t\t<\/div>\n\t\t\t\t<\/div>\n\t\t\t\t<div class=\"elementor-element elementor-element-514a167 elementor-widget elementor-widget-text-editor\" data-id=\"514a167\" data-element_type=\"widget\" data-widget_type=\"text-editor.default\">\n\t\t\t\t<div class=\"elementor-widget-container\">\n\t\t\t\t\t\t\t\t\t<p>Leasing Manager Gesch\u00e4ftsr\u00e4ume,<br \/>Stena Fastigheter Malm\u00f6 AB<\/p>\t\t\t\t\t\t\t\t<\/div>\n\t\t\t\t<\/div>\n\t\t\t\t<\/div>\n\t\t\t\t\t<\/div>\n\t\t\t\t<\/div>\n\t\t<div class=\"elementor-element elementor-element-05af325 e-flex e-con-boxed e-con e-parent\" data-id=\"05af325\" data-element_type=\"container\">\n\t\t\t\t\t<div class=\"e-con-inner\">\n\t\t<div class=\"elementor-element elementor-element-050cbb1 e-con-full e-flex e-con e-child\" data-id=\"050cbb1\" data-element_type=\"container\">\n\t\t\t\t<div class=\"elementor-element elementor-element-792324f elementor-widget elementor-widget-image\" data-id=\"792324f\" data-element_type=\"widget\" data-widget_type=\"image.default\">\n\t\t\t\t<div class=\"elementor-widget-container\">\n\t\t\t\t\t\t\t\t\t\t\t\t\t\t\t<img loading=\"lazy\" decoding=\"async\" width=\"220\" height=\"300\" src=\"https:\/\/malmocity.se\/wp-content\/uploads\/2025\/02\/Cecilia-220x300-1.jpg\" class=\"attachment-large size-large wp-image-2760\" alt=\"Cecilia Johansson bild\" \/>\t\t\t\t\t\t\t\t\t\t\t\t\t\t\t<\/div>\n\t\t\t\t<\/div>\n\t\t\t\t<div class=\"elementor-element elementor-element-ac1b9bb elementor-widget elementor-widget-heading\" data-id=\"ac1b9bb\" data-element_type=\"widget\" data-widget_type=\"heading.default\">\n\t\t\t\t<div class=\"elementor-widget-container\">\n\t\t\t\t\t<h4 class=\"elementor-heading-title elementor-size-default\">Cecilia Johansson<\/h4>\t\t\t\t<\/div>\n\t\t\t\t<\/div>\n\t\t\t\t<div class=\"elementor-element elementor-element-6dfbacb elementor-widget elementor-widget-text-editor\" data-id=\"6dfbacb\" data-element_type=\"widget\" data-widget_type=\"text-editor.default\">\n\t\t\t\t<div class=\"elementor-widget-container\">\n\t\t\t\t\t\t\t\t\t<p>Filialleiter ByCloetta in Malm\u00f6<\/p>\t\t\t\t\t\t\t\t<\/div>\n\t\t\t\t<\/div>\n\t\t\t\t<\/div>\n\t\t<div class=\"elementor-element elementor-element-5659705 e-con-full e-flex e-con e-child\" data-id=\"5659705\" data-element_type=\"container\">\n\t\t\t\t<div class=\"elementor-element elementor-element-6e2fd28 elementor-widget elementor-widget-image\" data-id=\"6e2fd28\" data-element_type=\"widget\" data-widget_type=\"image.default\">\n\t\t\t\t<div class=\"elementor-widget-container\">\n\t\t\t\t\t\t\t\t\t\t\t\t\t\t\t<img loading=\"lazy\" decoding=\"async\" width=\"217\" height=\"300\" src=\"https:\/\/malmocity.se\/wp-content\/uploads\/2025\/02\/Lisette-hemsidan-e1714376708842-217x300-1.jpg\" class=\"attachment-large size-large wp-image-2759\" alt=\"Lisette J\u00f6nsson bild\" \/>\t\t\t\t\t\t\t\t\t\t\t\t\t\t\t<\/div>\n\t\t\t\t<\/div>\n\t\t\t\t<div class=\"elementor-element elementor-element-200dcb8 elementor-widget elementor-widget-heading\" data-id=\"200dcb8\" data-element_type=\"widget\" data-widget_type=\"heading.default\">\n\t\t\t\t<div class=\"elementor-widget-container\">\n\t\t\t\t\t<h4 class=\"elementor-heading-title elementor-size-default\">Lisette J\u00f6nsson<\/h4>\t\t\t\t<\/div>\n\t\t\t\t<\/div>\n\t\t\t\t<div class=\"elementor-element elementor-element-ebe8552 elementor-widget elementor-widget-text-editor\" data-id=\"ebe8552\" data-element_type=\"widget\" data-widget_type=\"text-editor.default\">\n\t\t\t\t<div class=\"elementor-widget-container\">\n\t\t\t\t\t\t\t\t\t<p>Generaldirektor Elite Hotel Savoy<\/p>\t\t\t\t\t\t\t\t<\/div>\n\t\t\t\t<\/div>\n\t\t\t\t<\/div>\n\t\t<div class=\"elementor-element elementor-element-a0bdb93 e-con-full e-flex e-con e-child\" data-id=\"a0bdb93\" data-element_type=\"container\">\n\t\t\t\t<\/div>\n\t\t\t\t\t<\/div>\n\t\t\t\t<\/div>\n\t\t<div class=\"elementor-element elementor-element-2727f24 e-flex e-con-boxed e-con e-parent\" data-id=\"2727f24\" data-element_type=\"container\">\n\t\t\t\t\t<div class=\"e-con-inner\">\n\t\t<div class=\"elementor-element elementor-element-438f0ba e-con-full e-flex e-con e-child\" data-id=\"438f0ba\" data-element_type=\"container\">\n\t\t\t\t<div class=\"elementor-element elementor-element-2a98d10 elementor-widget elementor-widget-heading\" data-id=\"2a98d10\" data-element_type=\"widget\" data-widget_type=\"heading.default\">\n\t\t\t\t<div class=\"elementor-widget-container\">\n\t\t\t\t\t<h2 class=\"elementor-heading-title elementor-size-default\">Stellvertreter<\/h2>\t\t\t\t<\/div>\n\t\t\t\t<\/div>\n\t\t\t\t<\/div>\n\t\t\t\t\t<\/div>\n\t\t\t\t<\/div>\n\t\t<div class=\"elementor-element elementor-element-3101c9b e-flex e-con-boxed e-con e-parent\" data-id=\"3101c9b\" data-element_type=\"container\">\n\t\t\t\t\t<div class=\"e-con-inner\">\n\t\t<div class=\"elementor-element elementor-element-c93576b e-con-full e-flex e-con e-child\" data-id=\"c93576b\" data-element_type=\"container\">\n\t\t\t\t<div class=\"elementor-element elementor-element-7986130 elementor-widget elementor-widget-image\" data-id=\"7986130\" data-element_type=\"widget\" data-widget_type=\"image.default\">\n\t\t\t\t<div class=\"elementor-widget-container\">\n\t\t\t\t\t\t\t\t\t\t\t\t\t\t\t<img loading=\"lazy\" decoding=\"async\" width=\"300\" height=\"200\" src=\"https:\/\/malmocity.se\/wp-content\/uploads\/2025\/02\/Erik-Elmeskar_studio-300x200-1.jpg\" class=\"attachment-large size-large wp-image-2756\" alt=\"Erik Elmesk\u00e4r bild\" \/>\t\t\t\t\t\t\t\t\t\t\t\t\t\t\t<\/div>\n\t\t\t\t<\/div>\n\t\t\t\t<div class=\"elementor-element elementor-element-649e69a elementor-widget elementor-widget-heading\" data-id=\"649e69a\" data-element_type=\"widget\" data-widget_type=\"heading.default\">\n\t\t\t\t<div class=\"elementor-widget-container\">\n\t\t\t\t\t<h4 class=\"elementor-heading-title elementor-size-default\">Erik Elmesk\u00e4r<\/h4>\t\t\t\t<\/div>\n\t\t\t\t<\/div>\n\t\t\t\t<div class=\"elementor-element elementor-element-67c232f elementor-widget elementor-widget-text-editor\" data-id=\"67c232f\" data-element_type=\"widget\" data-widget_type=\"text-editor.default\">\n\t\t\t\t<div class=\"elementor-widget-container\">\n\t\t\t\t\t\t\t\t\t<p>Immobilienverwalter Wihlborgs Fastigheter<\/p>\t\t\t\t\t\t\t\t<\/div>\n\t\t\t\t<\/div>\n\t\t\t\t<\/div>\n\t\t<div class=\"elementor-element elementor-element-555d74a e-con-full e-flex e-con e-child\" data-id=\"555d74a\" data-element_type=\"container\">\n\t\t\t\t<div class=\"elementor-element elementor-element-d6ea19c elementor-widget elementor-widget-image\" data-id=\"d6ea19c\" data-element_type=\"widget\" data-widget_type=\"image.default\">\n\t\t\t\t<div class=\"elementor-widget-container\">\n\t\t\t\t\t\t\t\t\t\t\t\t\t\t\t<img loading=\"lazy\" decoding=\"async\" width=\"155\" height=\"155\" src=\"https:\/\/malmocity.se\/wp-content\/uploads\/2025\/02\/Fredrik-Elfven.jpg\" class=\"attachment-large size-large wp-image-2755\" alt=\"Fredrik Elfv\u00e9n bild\" srcset=\"https:\/\/malmocity.se\/wp-content\/uploads\/2025\/02\/Fredrik-Elfven.jpg 155w, https:\/\/malmocity.se\/wp-content\/uploads\/2025\/02\/Fredrik-Elfven-150x150.jpg 150w\" sizes=\"(max-width: 155px) 100vw, 155px\" \/>\t\t\t\t\t\t\t\t\t\t\t\t\t\t\t<\/div>\n\t\t\t\t<\/div>\n\t\t\t\t<div class=\"elementor-element elementor-element-4413658 elementor-widget elementor-widget-heading\" data-id=\"4413658\" data-element_type=\"widget\" data-widget_type=\"heading.default\">\n\t\t\t\t<div class=\"elementor-widget-container\">\n\t\t\t\t\t<h4 class=\"elementor-heading-title elementor-size-default\">Fredrik Elfv\u00e9n<\/h4>\t\t\t\t<\/div>\n\t\t\t\t<\/div>\n\t\t\t\t<div class=\"elementor-element elementor-element-ff8ddcd elementor-widget elementor-widget-text-editor\" data-id=\"ff8ddcd\" data-element_type=\"widget\" data-widget_type=\"text-editor.default\">\n\t\t\t\t<div class=\"elementor-widget-container\">\n\t\t\t\t\t\t\t\t\t<p>Regionalleiter Jernhusen<\/p>\t\t\t\t\t\t\t\t<\/div>\n\t\t\t\t<\/div>\n\t\t\t\t<\/div>\n\t\t<div class=\"elementor-element elementor-element-f808568 e-con-full e-flex e-con e-child\" data-id=\"f808568\" data-element_type=\"container\">\n\t\t\t\t<div class=\"elementor-element elementor-element-765c70e elementor-widget elementor-widget-image\" data-id=\"765c70e\" data-element_type=\"widget\" data-widget_type=\"image.default\">\n\t\t\t\t<div class=\"elementor-widget-container\">\n\t\t\t\t\t\t\t\t\t\t\t\t\t\t\t<img loading=\"lazy\" decoding=\"async\" width=\"215\" height=\"300\" src=\"https:\/\/malmocity.se\/wp-content\/uploads\/2025\/02\/Christel-Fryklund-scaled-e1637309738134-215x300-1.jpg\" class=\"attachment-large size-large wp-image-2754\" alt=\"Christel Fyrklund bild\" \/>\t\t\t\t\t\t\t\t\t\t\t\t\t\t\t<\/div>\n\t\t\t\t<\/div>\n\t\t\t\t<div class=\"elementor-element elementor-element-fe81f0e elementor-widget elementor-widget-heading\" data-id=\"fe81f0e\" data-element_type=\"widget\" data-widget_type=\"heading.default\">\n\t\t\t\t<div class=\"elementor-widget-container\">\n\t\t\t\t\t<h4 class=\"elementor-heading-title elementor-size-default\">Christel Fryklund<\/h4>\t\t\t\t<\/div>\n\t\t\t\t<\/div>\n\t\t\t\t<div class=\"elementor-element elementor-element-5bc64a4 elementor-widget elementor-widget-text-editor\" data-id=\"5bc64a4\" data-element_type=\"widget\" data-widget_type=\"text-editor.default\">\n\t\t\t\t<div class=\"elementor-widget-container\">\n\t\t\t\t\t\t\t\t\t<p>Leiterin der Verwaltung Volito<\/p>\t\t\t\t\t\t\t\t<\/div>\n\t\t\t\t<\/div>\n\t\t\t\t<\/div>\n\t\t\t\t\t<\/div>\n\t\t\t\t<\/div>\n\t\t<div class=\"elementor-element elementor-element-453b505 e-flex e-con-boxed e-con e-parent\" data-id=\"453b505\" data-element_type=\"container\">\n\t\t\t\t\t<div class=\"e-con-inner\">\n\t\t<div class=\"elementor-element elementor-element-7a3fe89 e-con-full e-flex e-con e-child\" data-id=\"7a3fe89\" data-element_type=\"container\">\n\t\t\t\t<div class=\"elementor-element elementor-element-f896538 elementor-widget elementor-widget-image\" data-id=\"f896538\" data-element_type=\"widget\" data-widget_type=\"image.default\">\n\t\t\t\t<div class=\"elementor-widget-container\">\n\t\t\t\t\t\t\t\t\t\t\t\t\t\t\t<img loading=\"lazy\" decoding=\"async\" width=\"225\" height=\"300\" src=\"https:\/\/malmocity.se\/wp-content\/uploads\/2025\/02\/David-Neckmar-225x300-1.jpg\" class=\"attachment-large size-large wp-image-2753\" alt=\"David Neckmar bild\" \/>\t\t\t\t\t\t\t\t\t\t\t\t\t\t\t<\/div>\n\t\t\t\t<\/div>\n\t\t\t\t<div class=\"elementor-element elementor-element-d1dc54a elementor-widget elementor-widget-heading\" data-id=\"d1dc54a\" data-element_type=\"widget\" data-widget_type=\"heading.default\">\n\t\t\t\t<div class=\"elementor-widget-container\">\n\t\t\t\t\t<h4 class=\"elementor-heading-title elementor-size-default\">Herr David Neckmar<\/h4>\t\t\t\t<\/div>\n\t\t\t\t<\/div>\n\t\t\t\t<div class=\"elementor-element elementor-element-adb72d0 elementor-widget elementor-widget-text-editor\" data-id=\"adb72d0\" data-element_type=\"widget\" data-widget_type=\"text-editor.default\">\n\t\t\t\t<div class=\"elementor-widget-container\">\n\t\t\t\t\t\t\t\t\t<p>Eigent\u00fcmerin Blomsterpigan<\/p>\t\t\t\t\t\t\t\t<\/div>\n\t\t\t\t<\/div>\n\t\t\t\t<\/div>\n\t\t<div class=\"elementor-element elementor-element-7815de0 e-con-full e-flex e-con e-child\" data-id=\"7815de0\" data-element_type=\"container\">\n\t\t\t\t<div class=\"elementor-element elementor-element-9fe5f69 elementor-widget elementor-widget-image\" data-id=\"9fe5f69\" data-element_type=\"widget\" data-widget_type=\"image.default\">\n\t\t\t\t<div class=\"elementor-widget-container\">\n\t\t\t\t\t\t\t\t\t\t\t\t\t\t\t<img loading=\"lazy\" decoding=\"async\" width=\"225\" height=\"300\" src=\"https:\/\/malmocity.se\/wp-content\/uploads\/2025\/02\/Johan-Walterstrom-225x300-1.jpeg\" class=\"attachment-large size-large wp-image-2752\" alt=\"Johan Walterstr\u00f6m bild\" \/>\t\t\t\t\t\t\t\t\t\t\t\t\t\t\t<\/div>\n\t\t\t\t<\/div>\n\t\t\t\t<div class=\"elementor-element elementor-element-2a7c039 elementor-widget elementor-widget-heading\" data-id=\"2a7c039\" data-element_type=\"widget\" data-widget_type=\"heading.default\">\n\t\t\t\t<div class=\"elementor-widget-container\">\n\t\t\t\t\t<h4 class=\"elementor-heading-title elementor-size-default\">Johan Walterstr\u00f6m<\/h4>\t\t\t\t<\/div>\n\t\t\t\t<\/div>\n\t\t\t\t<div class=\"elementor-element elementor-element-9229ea4 elementor-widget elementor-widget-text-editor\" data-id=\"9229ea4\" data-element_type=\"widget\" data-widget_type=\"text-editor.default\">\n\t\t\t\t<div class=\"elementor-widget-container\">\n\t\t\t\t\t\t\t\t\t<p>Eigent\u00fcmer Moosehead und Drumbar<\/p>\t\t\t\t\t\t\t\t<\/div>\n\t\t\t\t<\/div>\n\t\t\t\t<\/div>\n\t\t<div class=\"elementor-element elementor-element-1ba2a34 e-con-full e-flex e-con e-child\" data-id=\"1ba2a34\" data-element_type=\"container\">\n\t\t\t\t<div class=\"elementor-element elementor-element-a9a4b84 elementor-widget elementor-widget-image\" data-id=\"a9a4b84\" data-element_type=\"widget\" data-widget_type=\"image.default\">\n\t\t\t\t<div class=\"elementor-widget-container\">\n\t\t\t\t\t\t\t\t\t\t\t\t\t\t\t<img loading=\"lazy\" decoding=\"async\" width=\"244\" height=\"300\" src=\"https:\/\/malmocity.se\/wp-content\/uploads\/2025\/02\/Lovisa-Witt-e1715151076598-244x300-1.jpg\" class=\"attachment-large size-large wp-image-2751\" alt=\"Lovisa Witt bild\" \/>\t\t\t\t\t\t\t\t\t\t\t\t\t\t\t<\/div>\n\t\t\t\t<\/div>\n\t\t\t\t<div class=\"elementor-element elementor-element-756c7d8 elementor-widget elementor-widget-heading\" data-id=\"756c7d8\" data-element_type=\"widget\" data-widget_type=\"heading.default\">\n\t\t\t\t<div class=\"elementor-widget-container\">\n\t\t\t\t\t<h4 class=\"elementor-heading-title elementor-size-default\">Lovisa Witt<\/h4>\t\t\t\t<\/div>\n\t\t\t\t<\/div>\n\t\t\t\t<div class=\"elementor-element elementor-element-3a9443c elementor-widget elementor-widget-text-editor\" data-id=\"3a9443c\" data-element_type=\"widget\" data-widget_type=\"text-editor.default\">\n\t\t\t\t<div class=\"elementor-widget-container\">\n\t\t\t\t\t\t\t\t\t<p>Filialleiter Liebling<\/p>\t\t\t\t\t\t\t\t<\/div>\n\t\t\t\t<\/div>\n\t\t\t\t<\/div>\n\t\t\t\t\t<\/div>\n\t\t\t\t<\/div>\n\t\t\t\t<\/div>","protected":false},"excerpt":{"rendered":"<p>Styrelse Styrelsen best\u00e5r av fem ordinarie ledam\u00f6ter och sex suppleanter,f\u00f6rdelat p\u00e5 de tre \u00e4garparterna. Ordinarie ledam\u00f6ter Eric Sj\u00f6stedt Aff\u00e4rsomr\u00e5deschef Vasakronan AB (ordf\u00f6rande) Nina Wallenberg Kommunikationschef Fastighets AB Trianon Martin Landler Uthyrningschef kommersiella lokaler,Stena Fastigheter Malm\u00f6 AB Cecilia Johansson Store Manager ByCloetta i Malm\u00f6 Lisette J\u00f6nsson General Manager Elite Hotel Savoy Suppleanter Erik Elmesk\u00e4r F\u00f6rvaltare Wihlborgs [&hellip;]<\/p>","protected":false},"author":1,"featured_media":0,"parent":2722,"menu_order":0,"comment_status":"closed","ping_status":"closed","template":"","meta":{"_acf_changed":false,"footnotes":""},"class_list":["post-2748","page","type-page","status-publish","hentry"],"acf":[],"_links":{"self":[{"href":"https:\/\/malmocity.se\/de\/wp-json\/wp\/v2\/pages\/2748","targetHints":{"allow":["GET"]}}],"collection":[{"href":"https:\/\/malmocity.se\/de\/wp-json\/wp\/v2\/pages"}],"about":[{"href":"https:\/\/malmocity.se\/de\/wp-json\/wp\/v2\/types\/page"}],"author":[{"embeddable":true,"href":"https:\/\/malmocity.se\/de\/wp-json\/wp\/v2\/users\/1"}],"replies":[{"embeddable":true,"href":"https:\/\/malmocity.se\/de\/wp-json\/wp\/v2\/comments?post=2748"}],"version-history":[{"count":11,"href":"https:\/\/malmocity.se\/de\/wp-json\/wp\/v2\/pages\/2748\/revisions"}],"predecessor-version":[{"id":9315,"href":"https:\/\/malmocity.se\/de\/wp-json\/wp\/v2\/pages\/2748\/revisions\/9315"}],"up":[{"embeddable":true,"href":"https:\/\/malmocity.se\/de\/wp-json\/wp\/v2\/pages\/2722"}],"wp:attachment":[{"href":"https:\/\/malmocity.se\/de\/wp-json\/wp\/v2\/media?parent=2748"}],"curies":[{"name":"wp","href":"https:\/\/api.w.org\/{rel}","templated":true}]}}