{"id":2783,"date":"2025-02-13T10:21:32","date_gmt":"2025-02-13T09:21:32","guid":{"rendered":"https:\/\/malmocity.se\/?page_id=2783"},"modified":"2025-03-20T11:02:29","modified_gmt":"2025-03-20T10:02:29","slug":"vision-affarside","status":"publish","type":"page","link":"https:\/\/malmocity.se\/de\/om-oss\/vision-affarside\/","title":{"rendered":"Gesch\u00e4ftskonzept &amp; Vision"},"content":{"rendered":"<div data-elementor-type=\"wp-page\" data-elementor-id=\"2783\" class=\"elementor elementor-2783\" data-elementor-post-type=\"page\">\n\t\t\t\t<div class=\"elementor-element elementor-element-2bb8e630 e-flex e-con-boxed e-con e-parent\" data-id=\"2bb8e630\" data-element_type=\"container\" data-settings=\"{&quot;background_background&quot;:&quot;classic&quot;}\">\n\t\t\t\t\t<div class=\"e-con-inner\">\n\t\t<div class=\"elementor-element elementor-element-615e1287 e-flex e-con-boxed e-con e-child\" data-id=\"615e1287\" data-element_type=\"container\">\n\t\t\t\t\t<div class=\"e-con-inner\">\n\t\t\t\t\t<\/div>\n\t\t\t\t<\/div>\n\t\t\t\t\t<\/div>\n\t\t\t\t<\/div>\n\t\t<div class=\"elementor-element elementor-element-6f31d849 e-flex e-con-boxed e-con e-parent\" data-id=\"6f31d849\" data-element_type=\"container\">\n\t\t\t\t\t<div class=\"e-con-inner\">\n\t\t<div class=\"elementor-element elementor-element-15f13503 e-con-full e-flex e-con e-child\" data-id=\"15f13503\" data-element_type=\"container\">\n\t\t<div class=\"elementor-element elementor-element-7abf9e8d e-con-full e-flex e-con e-child\" data-id=\"7abf9e8d\" data-element_type=\"container\">\n\t\t\t\t<div class=\"elementor-element elementor-element-49bfac79 elementor-widget elementor-widget-heading\" data-id=\"49bfac79\" data-element_type=\"widget\" data-widget_type=\"heading.default\">\n\t\t\t\t<div class=\"elementor-widget-container\">\n\t\t\t\t\t<h1 class=\"elementor-heading-title elementor-size-default\">Gesch\u00e4ftskonzept &amp; Vision<\/h1>\t\t\t\t<\/div>\n\t\t\t\t<\/div>\n\t\t\t\t<div class=\"elementor-element elementor-element-3cd1b036 elementor-widget elementor-widget-text-editor\" data-id=\"3cd1b036\" data-element_type=\"widget\" data-widget_type=\"text-editor.default\">\n\t\t\t\t<div class=\"elementor-widget-container\">\n\t\t\t\t\t\t\t\t\t<p>Malm\u00f6 Citysamverkan wird die einzigartige Stadt Malm\u00f6 durch Ko-Kreation weiterentwickeln.<br \/>Dies schafft einen Mehrwert f\u00fcr die Einwohner von Malm\u00f6, die Besucher und unsere Eigent\u00fcmer.\u00a0<\/p>\t\t\t\t\t\t\t\t<\/div>\n\t\t\t\t<\/div>\n\t\t\t\t<\/div>\n\t\t\t\t<\/div>\n\t\t\t\t\t<\/div>\n\t\t\t\t<\/div>\n\t\t<div class=\"elementor-element elementor-element-c4be55d e-flex e-con-boxed e-con e-parent\" data-id=\"c4be55d\" data-element_type=\"container\">\n\t\t\t\t\t<div class=\"e-con-inner\">\n\t\t\t\t<div class=\"elementor-element elementor-element-789e255f elementor-widget elementor-widget-heading\" data-id=\"789e255f\" data-element_type=\"widget\" data-widget_type=\"heading.default\">\n\t\t\t\t<div class=\"elementor-widget-container\">\n\t\t\t\t\t<h2 class=\"elementor-heading-title elementor-size-default\">Zentrale Werte<\/h2>\t\t\t\t<\/div>\n\t\t\t\t<\/div>\n\t\t\t\t\t<\/div>\n\t\t\t\t<\/div>\n\t\t<div class=\"elementor-element elementor-element-4248591 e-flex e-con-boxed e-con e-parent\" data-id=\"4248591\" data-element_type=\"container\">\n\t\t\t\t\t<div class=\"e-con-inner\">\n\t\t<div class=\"elementor-element elementor-element-1965b9ae e-con-full e-flex e-con e-child\" data-id=\"1965b9ae\" data-element_type=\"container\">\n\t\t<div class=\"elementor-element elementor-element-c95a874 e-con-full e-flex e-con e-child\" data-id=\"c95a874\" data-element_type=\"container\">\n\t\t\t\t<div class=\"elementor-element elementor-element-a918637 elementor-widget elementor-widget-heading\" data-id=\"a918637\" data-element_type=\"widget\" data-widget_type=\"heading.default\">\n\t\t\t\t<div class=\"elementor-widget-container\">\n\t\t\t\t\t<h4 class=\"elementor-heading-title elementor-size-default\">Sorte<\/h4>\t\t\t\t<\/div>\n\t\t\t\t<\/div>\n\t\t\t\t<div class=\"elementor-element elementor-element-b60accd elementor-widget elementor-widget-text-editor\" data-id=\"b60accd\" data-element_type=\"widget\" data-widget_type=\"text-editor.default\">\n\t\t\t\t<div class=\"elementor-widget-container\">\n\t\t\t\t\t\t\t\t\t<p>Das Angebot der Stadt Malm\u00f6 ist wie das Beste aus den s\u00fc\u00dfen T\u00fcten, eine vergn\u00fcgliche Mischung, die f\u00fcr jeden etwas bietet. Es gibt Gesch\u00e4fte, Pl\u00e4tze, Restaurants, Fu\u00dfg\u00e4ngerzonen, Parks und Kultur. Es gibt kleine, einzigartige Gesch\u00e4fte ebenso wie gro\u00dfe Stadtzentren. Es gibt Antiquit\u00e4ten und Second Hand, es gibt aufregende neue Designs. Wir halten an den Traditionen fest, sind aber auch innovativ. Malm\u00f6 City \u00fcberrascht mit seinem Angebot; wer wei\u00df schon, was hinter der n\u00e4chsten Ecke kommt?<\/p>\t\t\t\t\t\t\t\t<\/div>\n\t\t\t\t<\/div>\n\t\t\t\t<\/div>\n\t\t<div class=\"elementor-element elementor-element-b48206a e-con-full e-flex e-con e-child\" data-id=\"b48206a\" data-element_type=\"container\">\n\t\t\t\t<div class=\"elementor-element elementor-element-53c9dd7 elementor-widget elementor-widget-heading\" data-id=\"53c9dd7\" data-element_type=\"widget\" data-widget_type=\"heading.default\">\n\t\t\t\t<div class=\"elementor-widget-container\">\n\t\t\t\t\t<h4 class=\"elementor-heading-title elementor-size-default\">Atmosph\u00e4re<\/h4>\t\t\t\t<\/div>\n\t\t\t\t<\/div>\n\t\t\t\t<div class=\"elementor-element elementor-element-77e4329 elementor-widget elementor-widget-text-editor\" data-id=\"77e4329\" data-element_type=\"widget\" data-widget_type=\"text-editor.default\">\n\t\t\t\t<div class=\"elementor-widget-container\">\n\t\t\t\t\t\t\t\t\t<p>Die Atmosph\u00e4re in der Stadt Malm\u00f6 ist einzigartig, sie ist authentisch, sicher, lebendig und neugierig. Man kann hier ein paar Stunden oder einen ganzen Tag verbringen. Man kann einfach hier sein. Gleichzeitig gibt es hier eine Dynamik und einen Geist des Fortschritts. Es ist ein Ort, an dem man sich inspirieren lassen, Edelsteine finden und den allt\u00e4glichen Luxus genie\u00dfen kann. Die Atmosph\u00e4re ist die Seele von Malm\u00f6 City - es ist immer gem\u00fctlich, durch die Stadt zu gehen!<\/p>\t\t\t\t\t\t\t\t<\/div>\n\t\t\t\t<\/div>\n\t\t\t\t<\/div>\n\t\t<div class=\"elementor-element elementor-element-092e1f6 e-con-full e-flex e-con e-child\" data-id=\"092e1f6\" data-element_type=\"container\">\n\t\t\t\t<div class=\"elementor-element elementor-element-0dd47a5 elementor-widget elementor-widget-heading\" data-id=\"0dd47a5\" data-element_type=\"widget\" data-widget_type=\"heading.default\">\n\t\t\t\t<div class=\"elementor-widget-container\">\n\t\t\t\t\t<h4 class=\"elementor-heading-title elementor-size-default\">Hosting<\/h4>\t\t\t\t<\/div>\n\t\t\t\t<\/div>\n\t\t\t\t<div class=\"elementor-element elementor-element-166118a2 elementor-widget elementor-widget-text-editor\" data-id=\"166118a2\" data-element_type=\"widget\" data-widget_type=\"text-editor.default\">\n\t\t\t\t<div class=\"elementor-widget-container\">\n\t\t\t\t\t\t\t\t\t<p>Die Stadt Malm\u00f6 kann viel, und sie will mehr. Wir wollen in allem, was uns am Herzen liegt, die Besten sein: Service, Komfort, Nachhaltigkeit und Qualit\u00e4t. Unser Stadtzentrum ist ein brodelnder Kessel von Ereignissen und es finden st\u00e4ndig verschiedene Begegnungen statt: Menschen treffen auf Menschen, Reisende auf Busfahrer. Kaffee trifft auf Kuchen, K\u00e4ufer auf Verk\u00e4ufer. Bei all diesen Begegnungen muss sich die Stadt Malm\u00f6 engagieren und ein St\u00fcck von sich selbst geben. Das macht die Stadt zu einem Ort, an dem man gerne teilhaben und wiederkommen m\u00f6chte. Wir sehen uns in der Stadt!<\/p>\t\t\t\t\t\t\t\t<\/div>\n\t\t\t\t<\/div>\n\t\t\t\t<\/div>\n\t\t\t\t<\/div>\n\t\t<div class=\"elementor-element elementor-element-34971d8 e-con-full e-flex e-con e-child\" data-id=\"34971d8\" data-element_type=\"container\" data-settings=\"{&quot;background_background&quot;:&quot;classic&quot;}\">\n\t\t\t\t<\/div>\n\t\t\t\t\t<\/div>\n\t\t\t\t<\/div>\n\t\t\t\t<\/div>","protected":false},"excerpt":{"rendered":"<p>Home - \u00dcber uns - Gesch\u00e4ftskonzept &amp; Vision Gesch\u00e4ftskonzept &amp; Vision Malm\u00f6 Citysamverkan wird die einzigartige Stadt Malm\u00f6 durch Co-Kreation weiterentwickeln und so einen Mehrwert f\u00fcr die Einwohner von Malm\u00f6, die Besucher und unsere Eigent\u00fcmer schaffen.  Grundwerte Vielfalt Das Angebot der Stadt Malm\u00f6 ist wie die besten s\u00fc\u00dfen T\u00fcten, eine genussvolle Mischung, die f\u00fcr jeden etwas bereith\u00e4lt. Es gibt Gesch\u00e4fte, Pl\u00e4tze, Restaurants, Fu\u00dfg\u00e4ngerzonen, Parks [...]<\/p>","protected":false},"author":1,"featured_media":0,"parent":2722,"menu_order":0,"comment_status":"closed","ping_status":"closed","template":"","meta":{"_acf_changed":false,"footnotes":""},"class_list":["post-2783","page","type-page","status-publish","hentry"],"acf":[],"_links":{"self":[{"href":"https:\/\/malmocity.se\/de\/wp-json\/wp\/v2\/pages\/2783","targetHints":{"allow":["GET"]}}],"collection":[{"href":"https:\/\/malmocity.se\/de\/wp-json\/wp\/v2\/pages"}],"about":[{"href":"https:\/\/malmocity.se\/de\/wp-json\/wp\/v2\/types\/page"}],"author":[{"embeddable":true,"href":"https:\/\/malmocity.se\/de\/wp-json\/wp\/v2\/users\/1"}],"replies":[{"embeddable":true,"href":"https:\/\/malmocity.se\/de\/wp-json\/wp\/v2\/comments?post=2783"}],"version-history":[{"count":3,"href":"https:\/\/malmocity.se\/de\/wp-json\/wp\/v2\/pages\/2783\/revisions"}],"predecessor-version":[{"id":4500,"href":"https:\/\/malmocity.se\/de\/wp-json\/wp\/v2\/pages\/2783\/revisions\/4500"}],"up":[{"embeddable":true,"href":"https:\/\/malmocity.se\/de\/wp-json\/wp\/v2\/pages\/2722"}],"wp:attachment":[{"href":"https:\/\/malmocity.se\/de\/wp-json\/wp\/v2\/media?parent=2783"}],"curies":[{"name":"wp","href":"https:\/\/api.w.org\/{rel}","templated":true}]}}