{"id":2987,"date":"2025-02-14T08:41:11","date_gmt":"2025-02-14T07:41:11","guid":{"rendered":"https:\/\/malmocity.se\/?page_id=2987"},"modified":"2026-02-11T10:32:02","modified_gmt":"2026-02-11T09:32:02","slug":"medlem","status":"publish","type":"page","link":"https:\/\/malmocity.se\/de\/medlem\/","title":{"rendered":"Mitglied des Europ\u00e4ischen Parlaments"},"content":{"rendered":"<div data-elementor-type=\"wp-page\" data-elementor-id=\"2987\" class=\"elementor elementor-2987\" data-elementor-post-type=\"page\">\n\t\t\t\t<div class=\"elementor-element elementor-element-39b54905 e-flex e-con-boxed e-con e-parent\" data-id=\"39b54905\" data-element_type=\"container\" data-settings=\"{&quot;background_background&quot;:&quot;classic&quot;}\">\n\t\t\t\t\t<div class=\"e-con-inner\">\n\t\t<div class=\"elementor-element elementor-element-416059fe e-flex e-con-boxed e-con e-child\" data-id=\"416059fe\" data-element_type=\"container\">\n\t\t\t\t\t<div class=\"e-con-inner\">\n\t\t\t\t\t<\/div>\n\t\t\t\t<\/div>\n\t\t\t\t\t<\/div>\n\t\t\t\t<\/div>\n\t\t<div class=\"elementor-element elementor-element-47b0a252 e-flex e-con-boxed e-con e-parent\" data-id=\"47b0a252\" data-element_type=\"container\">\n\t\t\t\t\t<div class=\"e-con-inner\">\n\t\t<div class=\"elementor-element elementor-element-31e7b7f3 e-con-full e-flex e-con e-child\" data-id=\"31e7b7f3\" data-element_type=\"container\">\n\t\t<div class=\"elementor-element elementor-element-3bd42a5a e-con-full e-flex e-con e-child\" data-id=\"3bd42a5a\" data-element_type=\"container\">\n\t\t\t\t<div class=\"elementor-element elementor-element-7b643fff elementor-widget elementor-widget-heading\" data-id=\"7b643fff\" data-element_type=\"widget\" data-widget_type=\"heading.default\">\n\t\t\t\t<div class=\"elementor-widget-container\">\n\t\t\t\t\t<h1 class=\"elementor-heading-title elementor-size-default\">Mitgliedschaft<\/h1>\t\t\t\t<\/div>\n\t\t\t\t<\/div>\n\t\t\t\t<div class=\"elementor-element elementor-element-44662b60 elementor-widget elementor-widget-text-editor\" data-id=\"44662b60\" data-element_type=\"widget\" data-widget_type=\"text-editor.default\">\n\t\t\t\t<div class=\"elementor-widget-container\">\n\t\t\t\t\t\t\t\t\t<p>Haben Sie ein Gesch\u00e4ft im Stadtzentrum? Dann k\u00f6nnen Sie Mitglied werden! Bei uns sind alle Gesch\u00e4fte willkommen: Friseure, Banken, Unterhaltungsgesch\u00e4fte, Schuhgesch\u00e4fte, Restaurants, Geschenkartikelgesch\u00e4fte, Bekleidungsketten, Optiker, Kultur oder Caf\u00e9s - Sie haben einen Platz f\u00fcr Sie.<\/p>\t\t\t\t\t\t\t\t<\/div>\n\t\t\t\t<\/div>\n\t\t\t\t<div class=\"elementor-element elementor-element-855d8af elementor-widget elementor-widget-menu-anchor\" data-id=\"855d8af\" data-element_type=\"widget\" data-widget_type=\"menu-anchor.default\">\n\t\t\t\t<div class=\"elementor-widget-container\">\n\t\t\t\t\t\t\t<div class=\"elementor-menu-anchor\" id=\"bli-medlem\"><\/div>\n\t\t\t\t\t\t<\/div>\n\t\t\t\t<\/div>\n\t\t\t\t<\/div>\n\t\t\t\t<\/div>\n\t\t\t\t\t<\/div>\n\t\t\t\t<\/div>\n\t\t<div class=\"elementor-element elementor-element-27dd8283 e-flex e-con-boxed e-con e-parent\" data-id=\"27dd8283\" data-element_type=\"container\">\n\t\t\t\t\t<div class=\"e-con-inner\">\n\t\t<div class=\"elementor-element elementor-element-2d99138c e-con-full e-flex e-con e-child\" data-id=\"2d99138c\" data-element_type=\"container\">\n\t\t<div class=\"elementor-element elementor-element-29154c4b e-con-full e-flex e-con e-child\" data-id=\"29154c4b\" data-element_type=\"container\">\n\t\t<div class=\"elementor-element elementor-element-19a214cd e-con-full e-flex e-con e-child\" data-id=\"19a214cd\" data-element_type=\"container\" data-settings=\"{&quot;background_background&quot;:&quot;classic&quot;}\">\n\t\t\t\t<div class=\"elementor-element elementor-element-7161d151 elementor-widget elementor-widget-heading\" data-id=\"7161d151\" data-element_type=\"widget\" data-widget_type=\"heading.default\">\n\t\t\t\t<div class=\"elementor-widget-container\">\n\t\t\t\t\t<h2 class=\"elementor-heading-title elementor-size-default\"> Bewerbung einreichen<\/h2>\t\t\t\t<\/div>\n\t\t\t\t<\/div>\n\t\t\t\t<div class=\"elementor-element elementor-element-490e9092 elementor-widget elementor-widget-text-editor\" data-id=\"490e9092\" data-element_type=\"widget\" data-widget_type=\"text-editor.default\">\n\t\t\t\t<div class=\"elementor-widget-container\">\n\t\t\t\t\t\t\t\t\t<p>Geben Sie unten Ihre Kontaktdaten ein, und wir werden uns mit Ihnen in Verbindung setzen, um Ihnen mitzuteilen, wie Sie Mitglied werden k\u00f6nnen. Als Mitglied k\u00f6nnen Sie Geschenkkarten der Stadt Malm\u00f6 erhalten, an kostenlosen Schulungen teilnehmen, Fr\u00fchst\u00fcckstreffen besuchen und vieles mehr, was Sie und Ihr Unternehmen weiterbringt.<\/p>\t\t\t\t\t\t\t\t<\/div>\n\t\t\t\t<\/div>\n\t\t\t\t<div class=\"elementor-element elementor-element-e2bf626 elementor-button-align-end elementor-widget elementor-widget-form\" data-id=\"e2bf626\" data-element_type=\"widget\" data-settings=\"{&quot;step_next_label&quot;:&quot;N\\u00e4sta&quot;,&quot;step_previous_label&quot;:&quot;F\\u00f6reg\\u00e5ende&quot;,&quot;button_width&quot;:&quot;100&quot;,&quot;step_type&quot;:&quot;number_text&quot;,&quot;step_icon_shape&quot;:&quot;circle&quot;}\" data-widget_type=\"form.default\">\n\t\t\t\t<div class=\"elementor-widget-container\">\n\t\t\t\t\t\t\t<form class=\"elementor-form\" method=\"post\" name=\"Medlemskap\" aria-label=\"Mitgliedschaft\" action=\"\">\n\t\t\t<input type=\"hidden\" name=\"post_id\" value=\"2987\"\/>\n\t\t\t<input type=\"hidden\" name=\"form_id\" value=\"e2bf626\"\/>\n\t\t\t<input type=\"hidden\" name=\"referer_title\" value=\"Medlem - Malm\u00f6 City\" \/>\n\n\t\t\t\t\t\t\t<input type=\"hidden\" name=\"queried_id\" value=\"2987\"\/>\n\t\t\t\n\t\t\t<div class=\"elementor-form-fields-wrapper elementor-labels-\">\n\t\t\t\t\t\t\t\t<div class=\"elementor-field-type-text elementor-field-group elementor-column elementor-field-group-name elementor-col-50 elementor-field-required\">\n\t\t\t\t\t\t\t\t\t\t\t\t<label for=\"form-field-name\" class=\"elementor-field-label elementor-screen-only\">\n\t\t\t\t\t\t\t\tName der Organisation\t\t\t\t\t\t\t<\/label>\n\t\t\t\t\t\t\t\t\t\t\t\t\t\t<input size=\"1\" type=\"text\" name=\"form_fields[name]\" id=\"form-field-name\" class=\"elementor-field elementor-size-sm  elementor-field-textual\" placeholder=\"Name der Organisation\" required=\"required\">\n\t\t\t\t\t\t\t\t\t\t\t<\/div>\n\t\t\t\t\t\t\t\t<div class=\"elementor-field-type-email elementor-field-group elementor-column elementor-field-group-email elementor-col-50 elementor-field-required\">\n\t\t\t\t\t\t\t\t\t\t\t\t<label for=\"form-field-email\" class=\"elementor-field-label elementor-screen-only\">\n\t\t\t\t\t\t\t\tE-Mail Adresse\t\t\t\t\t\t\t<\/label>\n\t\t\t\t\t\t\t\t\t\t\t\t\t\t<input size=\"1\" type=\"email\" name=\"form_fields[email]\" id=\"form-field-email\" class=\"elementor-field elementor-size-sm  elementor-field-textual\" placeholder=\"E-Mail Adresse\" required=\"required\">\n\t\t\t\t\t\t\t\t\t\t\t<\/div>\n\t\t\t\t\t\t\t\t<div class=\"elementor-field-type-tel elementor-field-group elementor-column elementor-field-group-field_29c5179 elementor-col-50\">\n\t\t\t\t\t\t\t\t\t\t\t\t<label for=\"form-field-field_29c5179\" class=\"elementor-field-label elementor-screen-only\">\n\t\t\t\t\t\t\t\tRufnummer\t\t\t\t\t\t\t<\/label>\n\t\t\t\t\t\t\t\t<input size=\"1\" type=\"tel\" name=\"form_fields[field_29c5179]\" id=\"form-field-field_29c5179\" class=\"elementor-field elementor-size-sm  elementor-field-textual\" placeholder=\"Rufnummer\" pattern=\"[0-9()#&amp;+*-=.]+\" title=\"Es werden nur Zahlen und Telefonzeichen (#, -, *, usw.) akzeptiert.\">\n\n\t\t\t\t\t\t<\/div>\n\t\t\t\t\t\t\t\t<div class=\"elementor-field-type-text elementor-field-group elementor-column elementor-field-group-field_bee3740 elementor-col-50 elementor-field-required\">\n\t\t\t\t\t\t\t\t\t\t\t\t<label for=\"form-field-field_bee3740\" class=\"elementor-field-label elementor-screen-only\">\n\t\t\t\t\t\t\t\tName der Aktivit\u00e4t\t\t\t\t\t\t\t<\/label>\n\t\t\t\t\t\t\t\t\t\t\t\t\t\t<input size=\"1\" type=\"text\" name=\"form_fields[field_bee3740]\" id=\"form-field-field_bee3740\" class=\"elementor-field elementor-size-sm  elementor-field-textual\" placeholder=\"Name der Aktivit\u00e4t\" required=\"required\">\n\t\t\t\t\t\t\t\t\t\t\t<\/div>\n\t\t\t\t\t\t\t\t<div class=\"elementor-field-type-text elementor-field-group elementor-column elementor-field-group-field_7e257cc elementor-col-50 elementor-field-required\">\n\t\t\t\t\t\t\t\t\t\t\t\t<label for=\"form-field-field_7e257cc\" class=\"elementor-field-label elementor-screen-only\">\n\t\t\t\t\t\t\t\tAdresse\t\t\t\t\t\t\t<\/label>\n\t\t\t\t\t\t\t\t\t\t\t\t\t\t<input size=\"1\" type=\"text\" name=\"form_fields[field_7e257cc]\" id=\"form-field-field_7e257cc\" class=\"elementor-field elementor-size-sm  elementor-field-textual\" placeholder=\"Adresse\" required=\"required\">\n\t\t\t\t\t\t\t\t\t\t\t<\/div>\n\t\t\t\t\t\t\t\t<div class=\"elementor-field-type-text elementor-field-group elementor-column elementor-field-group-field_c8c6597 elementor-col-50 elementor-field-required\">\n\t\t\t\t\t\t\t\t\t\t\t\t<label for=\"form-field-field_c8c6597\" class=\"elementor-field-label elementor-screen-only\">\n\t\t\t\t\t\t\t\tArt der T\u00e4tigkeit\t\t\t\t\t\t\t<\/label>\n\t\t\t\t\t\t\t\t\t\t\t\t\t\t<input size=\"1\" type=\"text\" name=\"form_fields[field_c8c6597]\" id=\"form-field-field_c8c6597\" class=\"elementor-field elementor-size-sm  elementor-field-textual\" placeholder=\"Art der T\u00e4tigkeit\" required=\"required\">\n\t\t\t\t\t\t\t\t\t\t\t<\/div>\n\t\t\t\t\t\t\t\t<div class=\"elementor-field-type-recaptcha_v3 elementor-field-group elementor-column elementor-field-group-field_a82ddfa elementor-col-100 recaptcha_v3-bottomright\">\n\t\t\t\t\t<div class=\"elementor-field\" id=\"form-field-field_a82ddfa\"><div class=\"elementor-g-recaptcha\" data-sitekey=\"6Le3beQqAAAAAL9r075i-jukozNN77TBG9t2cxfk\" data-type=\"v3\" data-action=\"Form\" data-badge=\"bottomright\" data-size=\"invisible\"><\/div><\/div>\t\t\t\t<\/div>\n\t\t\t\t\t\t\t\t<div class=\"elementor-field-group elementor-column elementor-field-type-submit elementor-col-100 e-form__buttons\">\n\t\t\t\t\t<button class=\"elementor-button elementor-size-sm\" type=\"submit\">\n\t\t\t\t\t\t<span class=\"elementor-button-content-wrapper\">\n\t\t\t\t\t\t\t\t\t\t\t\t\t\t\t<span class=\"elementor-button-icon\">\n\t\t\t\t\t\t\t\t\t<svg aria-hidden=\"true\" class=\"e-font-icon-svg e-fas-arrow-circle-right\" viewbox=\"0 0 512 512\" xmlns=\"http:\/\/www.w3.org\/2000\/svg\"><path d=\"M256 8c137 0 248 111 248 248S393 504 256 504 8 393 8 256 119 8 256 8zm-28.9 143.6l75.5 72.4H120c-13.3 0-24 10.7-24 24v16c0 13.3 10.7 24 24 24h182.6l-75.5 72.4c-9.7 9.3-9.9 24.8-.4 34.3l11 10.9c9.4 9.4 24.6 9.4 33.9 0L404.3 273c9.4-9.4 9.4-24.6 0-33.9L271.6 106.3c-9.4-9.4-24.6-9.4-33.9 0l-11 10.9c-9.5 9.6-9.3 25.1.4 34.4z\"><\/path><\/svg>\t\t\t\t\t\t\t\t\t\t\t\t\t\t\t\t\t<\/span>\n\t\t\t\t\t\t\t\t\t\t\t\t\t\t\t\t\t\t\t\t\t\t<span class=\"elementor-button-text\">Einsenden<\/span>\n\t\t\t\t\t\t\t\t\t\t\t\t\t<\/span>\n\t\t\t\t\t<\/button>\n\t\t\t\t<\/div>\n\t\t\t<\/div>\n\t\t<input type=\"hidden\" name=\"trp-form-language\" value=\"de\"\/><\/form>\n\t\t\t\t\t\t<\/div>\n\t\t\t\t<\/div>\n\t\t\t\t<\/div>\n\t\t\t\t<\/div>\n\t\t<div class=\"elementor-element elementor-element-dd1dc4f e-flex e-con-boxed e-con e-child\" data-id=\"dd1dc4f\" data-element_type=\"container\" data-settings=\"{&quot;background_background&quot;:&quot;classic&quot;}\">\n\t\t\t\t\t<div class=\"e-con-inner\">\n\t\t\t\t\t<\/div>\n\t\t\t\t<\/div>\n\t\t\t\t<\/div>\n\t\t\t\t\t<\/div>\n\t\t\t\t<\/div>\n\t\t<div class=\"elementor-element elementor-element-4d1fba11 e-flex e-con-boxed e-con e-parent\" data-id=\"4d1fba11\" data-element_type=\"container\" data-settings=\"{&quot;background_background&quot;:&quot;classic&quot;}\">\n\t\t\t\t\t<div class=\"e-con-inner\">\n\t\t<div class=\"elementor-element elementor-element-75d9e6a0 e-con-full e-flex e-con e-child\" data-id=\"75d9e6a0\" data-element_type=\"container\">\n\t\t\t\t<div class=\"elementor-element elementor-element-604b6050 elementor-widget elementor-widget-heading\" data-id=\"604b6050\" data-element_type=\"widget\" data-widget_type=\"heading.default\">\n\t\t\t\t<div class=\"elementor-widget-container\">\n\t\t\t\t\t<h2 class=\"elementor-heading-title elementor-size-default\">Was bedeutet es, Mitglied zu sein?<\/h2>\t\t\t\t<\/div>\n\t\t\t\t<\/div>\n\t\t\t\t<div class=\"elementor-element elementor-element-51a5596d elementor-widget elementor-widget-text-editor\" data-id=\"51a5596d\" data-element_type=\"widget\" data-widget_type=\"text-editor.default\">\n\t\t\t\t<div class=\"elementor-widget-container\">\n\t\t\t\t\t\t\t\t\t<p>Als Mitglied wird Ihre Organisation auf unserer Website vorgestellt und regelm\u00e4\u00dfig in unseren Social-Media-Kan\u00e4len hervorgehoben. Sie k\u00f6nnen von kostenlosen Schulungsprogrammen und Seminaren sowie von digitalen und physischen Materialien profitieren, die f\u00fcr verschiedene Zwecke erstellt werden.<\/p><p>Dar\u00fcber hinaus konzipieren wir das ganze Jahr \u00fcber Aktivit\u00e4ten, an denen sich Ihre Organisation beteiligen kann, von interessanten Informationsveranstaltungen bis hin zu Werbeaktionen. \u00dcber unsere gemeinsame Kommunikationsplattform informieren und inspirieren wir uns gegenseitig. Hier k\u00f6nnen Sie mit Ihren Kollegen einen direkten Dialog \u00fcber alles f\u00fchren, von den \u00d6ffnungszeiten bis zu Sicherheitsfragen. Dar\u00fcber hinaus erhalten Sie auch Geschenkkarten der Stadt Malm\u00f6.<\/p>\t\t\t\t\t\t\t\t<\/div>\n\t\t\t\t<\/div>\n\t\t<div class=\"elementor-element elementor-element-79a58ca e-con-full e-flex e-con e-child\" data-id=\"79a58ca\" data-element_type=\"container\">\n\t\t\t\t<div class=\"elementor-element elementor-element-2dcb775 elementor-align-left elementor-widget elementor-widget-button\" data-id=\"2dcb775\" data-element_type=\"widget\" data-widget_type=\"button.default\">\n\t\t\t\t<div class=\"elementor-widget-container\">\n\t\t\t\t\t\t\t\t\t<div class=\"elementor-button-wrapper\">\n\t\t\t\t\t<a class=\"elementor-button elementor-button-link elementor-size-sm\" href=\"https:\/\/cityconnect.chainels.com\/file-viewer\/4ee1d473-eb0a-482b-85a4-3bdebf6b282a\" target=\"_blank\" rel=\"noopener\">\n\t\t\t\t\t\t<span class=\"elementor-button-content-wrapper\">\n\t\t\t\t\t\t\t\t\t<span class=\"elementor-button-text\">Geb\u00fchren und Kosten<\/span>\n\t\t\t\t\t<\/span>\n\t\t\t\t\t<\/a>\n\t\t\t\t<\/div>\n\t\t\t\t\t\t\t\t<\/div>\n\t\t\t\t<\/div>\n\t\t\t\t<div class=\"elementor-element elementor-element-d735c54 elementor-align-left elementor-widget elementor-widget-button\" data-id=\"d735c54\" data-element_type=\"widget\" data-widget_type=\"button.default\">\n\t\t\t\t<div class=\"elementor-widget-container\">\n\t\t\t\t\t\t\t\t\t<div class=\"elementor-button-wrapper\">\n\t\t\t\t\t<a class=\"elementor-button elementor-button-link elementor-size-sm\" href=\"https:\/\/www.chainels.com\/file-viewer\/cf5bd131-c51f-40eb-a720-33211bf60cb9\" target=\"_blank\" rel=\"noopener\">\n\t\t\t\t\t\t<span class=\"elementor-button-content-wrapper\">\n\t\t\t\t\t\t\t\t\t<span class=\"elementor-button-text\">Statuten<\/span>\n\t\t\t\t\t<\/span>\n\t\t\t\t\t<\/a>\n\t\t\t\t<\/div>\n\t\t\t\t\t\t\t\t<\/div>\n\t\t\t\t<\/div>\n\t\t\t\t<\/div>\n\t\t\t\t<\/div>\n\t\t<div class=\"elementor-element elementor-element-5606f85d e-con-full e-flex e-con e-child\" data-id=\"5606f85d\" data-element_type=\"container\" data-settings=\"{&quot;background_background&quot;:&quot;classic&quot;}\">\n\t\t\t\t<\/div>\n\t\t\t\t\t<\/div>\n\t\t\t\t<\/div>\n\t\t<div class=\"elementor-element elementor-element-4a4b47f e-flex e-con-boxed e-con e-parent\" data-id=\"4a4b47f\" data-element_type=\"container\">\n\t\t\t\t\t<div class=\"e-con-inner\">\n\t\t<div class=\"elementor-element elementor-element-301a502 e-con-full e-flex e-con e-child\" data-id=\"301a502\" data-element_type=\"container\">\n\t\t\t\t<div class=\"elementor-element elementor-element-a6e6adb elementor-widget elementor-widget-heading\" data-id=\"a6e6adb\" data-element_type=\"widget\" data-widget_type=\"heading.default\">\n\t\t\t\t<div class=\"elementor-widget-container\">\n\t\t\t\t\t<h2 class=\"elementor-heading-title elementor-size-default\">Unsere Bereiche<\/h2>\t\t\t\t<\/div>\n\t\t\t\t<\/div>\n\t\t\t\t<div class=\"elementor-element elementor-element-7a150dd elementor-widget elementor-widget-text-editor\" data-id=\"7a150dd\" data-element_type=\"widget\" data-widget_type=\"text-editor.default\">\n\t\t\t\t<div class=\"elementor-widget-container\">\n\t\t\t\t\t\t\t\t\t<p>Die Stadt Malm\u00f6 ist in vier geografische Gebiete unterteilt, und es werden das ganze Jahr \u00fcber Treffen zu bestimmten Themen organisiert. Dank dieser Stadtteiltreffen hat jeder die M\u00f6glichkeit, seine Meinung zu \u00e4u\u00dfern und sich gegenseitig zu inspirieren, um unseren gemeinsamen Ort und seine eigenen Aktivit\u00e4ten gemeinsam weiterzuentwickeln.<\/p><p>Das engagierte Netzwerk mit seinen unterschiedlichen Perspektiven und Fachgebieten ist ein gro\u00dfer Vorteil, der uns zu einer sicheren und kreativen Gruppe macht. Erfahren Sie mehr \u00fcber unsere Mitgliedsvorteile.<\/p>\t\t\t\t\t\t\t\t<\/div>\n\t\t\t\t<\/div>\n\t\t\t\t<\/div>\n\t\t<div class=\"elementor-element elementor-element-d73f121 e-con-full e-flex e-con e-child\" data-id=\"d73f121\" data-element_type=\"container\" data-settings=\"{&quot;background_background&quot;:&quot;classic&quot;}\">\n\t\t\t\t<\/div>\n\t\t\t\t\t<\/div>\n\t\t\t\t<\/div>\n\t\t<div class=\"elementor-element elementor-element-e0db28c e-flex e-con-boxed e-con e-parent\" data-id=\"e0db28c\" data-element_type=\"container\" data-settings=\"{&quot;background_background&quot;:&quot;classic&quot;}\">\n\t\t\t\t\t<div class=\"e-con-inner\">\n\t\t<div class=\"elementor-element elementor-element-787cce3 e-con-full e-flex e-con e-child\" data-id=\"787cce3\" data-element_type=\"container\">\n\t\t\t\t<div class=\"elementor-element elementor-element-6a5469e elementor-widget elementor-widget-heading\" data-id=\"6a5469e\" data-element_type=\"widget\" data-widget_type=\"heading.default\">\n\t\t\t\t<div class=\"elementor-widget-container\">\n\t\t\t\t\t<h2 class=\"elementor-heading-title elementor-size-default\">City Connect - Unser interner Kommunikationskanal<\/h2>\t\t\t\t<\/div>\n\t\t\t\t<\/div>\n\t\t\t\t<div class=\"elementor-element elementor-element-9052970 elementor-widget elementor-widget-text-editor\" data-id=\"9052970\" data-element_type=\"widget\" data-widget_type=\"text-editor.default\">\n\t\t\t\t<div class=\"elementor-widget-container\">\n\t\t\t\t\t\t\t\t\t<p>Als Mitglied k\u00f6nnen Sie sich bei City Connect, unserem Kommunikationskanal, anmelden. In City Connect k\u00f6nnen Sie Neuigkeiten \u00fcber alles, was in der Stadt Malm\u00f6 passiert, lesen, Einladungen annehmen, Mitgliedsvorteile wie Mitarbeiterrabatte in Anspruch nehmen und nicht zuletzt Ihre Unternehmensdaten aktualisieren. Dazu geh\u00f6ren \u00d6ffnungszeiten, Logo, Texte und Bilder, Angebote und Links zu sozialen Medien und zur Website. Je aktueller Ihr Unternehmensprofil ist, desto besser wird es auf der Website der Stadt Malm\u00f6 erscheinen.<\/p><p>Wenn Sie noch kein Login haben, senden Sie eine E-Mail an\u00a0<a href=\"mailto:info@malmocity.se\">info@malmocity.se<\/a>\u00a0senden wir Ihnen eine E-Mail zur Aktivierung Ihres Logins.<\/p>\t\t\t\t\t\t\t\t<\/div>\n\t\t\t\t<\/div>\n\t\t\t\t<div class=\"elementor-element elementor-element-f47cd4e elementor-align-left elementor-widget elementor-widget-button\" data-id=\"f47cd4e\" data-element_type=\"widget\" data-widget_type=\"button.default\">\n\t\t\t\t<div class=\"elementor-widget-container\">\n\t\t\t\t\t\t\t\t\t<div class=\"elementor-button-wrapper\">\n\t\t\t\t\t<a class=\"elementor-button elementor-button-link elementor-size-sm\" href=\"https:\/\/www.chainels.com\/\" target=\"_blank\" rel=\"noopener\">\n\t\t\t\t\t\t<span class=\"elementor-button-content-wrapper\">\n\t\t\t\t\t\t\t\t\t<span class=\"elementor-button-text\">Bei CityConnect anmelden<\/span>\n\t\t\t\t\t<\/span>\n\t\t\t\t\t<\/a>\n\t\t\t\t<\/div>\n\t\t\t\t\t\t\t\t<\/div>\n\t\t\t\t<\/div>\n\t\t\t\t<\/div>\n\t\t<div class=\"elementor-element elementor-element-e0d05a3 e-con-full e-flex e-con e-child\" data-id=\"e0d05a3\" data-element_type=\"container\" data-settings=\"{&quot;background_background&quot;:&quot;classic&quot;}\">\n\t\t\t\t<div class=\"elementor-element elementor-element-620e4c2 elementor-widget elementor-widget-image\" data-id=\"620e4c2\" data-element_type=\"widget\" data-widget_type=\"image.default\">\n\t\t\t\t<div class=\"elementor-widget-container\">\n\t\t\t\t\t\t\t\t\t\t\t\t\t\t\t<img fetchpriority=\"high\" decoding=\"async\" width=\"800\" height=\"534\" src=\"https:\/\/malmocity.se\/wp-content\/uploads\/2025\/02\/surface-ksAwrlBLDn8-unsplash-scaled-1-1024x683.jpg\" class=\"attachment-large size-large wp-image-2992\" alt=\"\" srcset=\"https:\/\/malmocity.se\/wp-content\/uploads\/2025\/02\/surface-ksAwrlBLDn8-unsplash-scaled-1-1024x683.jpg 1024w, https:\/\/malmocity.se\/wp-content\/uploads\/2025\/02\/surface-ksAwrlBLDn8-unsplash-scaled-1-300x200.jpg 300w, https:\/\/malmocity.se\/wp-content\/uploads\/2025\/02\/surface-ksAwrlBLDn8-unsplash-scaled-1-768x512.jpg 768w, https:\/\/malmocity.se\/wp-content\/uploads\/2025\/02\/surface-ksAwrlBLDn8-unsplash-scaled-1-1536x1024.jpg 1536w, https:\/\/malmocity.se\/wp-content\/uploads\/2025\/02\/surface-ksAwrlBLDn8-unsplash-scaled-1-2048x1366.jpg 2048w\" sizes=\"(max-width: 800px) 100vw, 800px\" \/>\t\t\t\t\t\t\t\t\t\t\t\t\t\t\t<\/div>\n\t\t\t\t<\/div>\n\t\t\t\t<\/div>\n\t\t\t\t\t<\/div>\n\t\t\t\t<\/div>\n\t\t\t\t<\/div>","protected":false},"excerpt":{"rendered":"<p>Mitgliedschaft Sie haben ein Gesch\u00e4ft im Stadtzentrum? Dann k\u00f6nnen Sie Mitglied werden! Bei uns sind alle Gesch\u00e4fte willkommen: Friseure, Banken, Unterhaltungsgesch\u00e4fte, Schuhgesch\u00e4fte, Restaurants, Geschenkartikelgesch\u00e4fte, Bekleidungsketten, Optiker, Kultur oder Caf\u00e9s - Sie haben einen Platz f\u00fcr Sie. Reichen Sie Ihre Bewerbung ein. Geben Sie Ihre Kontaktdaten ein und wir melden uns bei Ihnen mit Informationen \u00fcber [...]<\/p>","protected":false},"author":1,"featured_media":0,"parent":0,"menu_order":0,"comment_status":"closed","ping_status":"closed","template":"","meta":{"_acf_changed":false,"footnotes":""},"class_list":["post-2987","page","type-page","status-publish","hentry"],"acf":[],"_links":{"self":[{"href":"https:\/\/malmocity.se\/de\/wp-json\/wp\/v2\/pages\/2987","targetHints":{"allow":["GET"]}}],"collection":[{"href":"https:\/\/malmocity.se\/de\/wp-json\/wp\/v2\/pages"}],"about":[{"href":"https:\/\/malmocity.se\/de\/wp-json\/wp\/v2\/types\/page"}],"author":[{"embeddable":true,"href":"https:\/\/malmocity.se\/de\/wp-json\/wp\/v2\/users\/1"}],"replies":[{"embeddable":true,"href":"https:\/\/malmocity.se\/de\/wp-json\/wp\/v2\/comments?post=2987"}],"version-history":[{"count":51,"href":"https:\/\/malmocity.se\/de\/wp-json\/wp\/v2\/pages\/2987\/revisions"}],"predecessor-version":[{"id":8733,"href":"https:\/\/malmocity.se\/de\/wp-json\/wp\/v2\/pages\/2987\/revisions\/8733"}],"wp:attachment":[{"href":"https:\/\/malmocity.se\/de\/wp-json\/wp\/v2\/media?parent=2987"}],"curies":[{"name":"wp","href":"https:\/\/api.w.org\/{rel}","templated":true}]}}