{"id":4521,"date":"2025-03-20T13:51:51","date_gmt":"2025-03-20T12:51:51","guid":{"rendered":"https:\/\/malmocity.se\/?page_id=4521"},"modified":"2025-04-16T08:03:32","modified_gmt":"2025-04-16T07:03:32","slug":"parker","status":"publish","type":"page","link":"https:\/\/malmocity.se\/de\/parker\/","title":{"rendered":"Parker"},"content":{"rendered":"<div data-elementor-type=\"wp-page\" data-elementor-id=\"4521\" class=\"elementor elementor-4521\" data-elementor-post-type=\"page\">\n\t\t\t\t<div class=\"elementor-element elementor-element-571a1cd e-flex e-con-boxed e-con e-parent\" data-id=\"571a1cd\" data-element_type=\"container\" data-settings=\"{&quot;background_background&quot;:&quot;classic&quot;}\">\n\t\t\t\t\t<div class=\"e-con-inner\">\n\t\t<div class=\"elementor-element elementor-element-a43fa34 e-con-full e-flex e-con e-child\" data-id=\"a43fa34\" data-element_type=\"container\">\n\t\t\t\t<\/div>\n\t\t\t\t\t<\/div>\n\t\t\t\t<\/div>\n\t\t<div class=\"elementor-element elementor-element-c9b0c5c e-flex e-con-boxed e-con e-parent\" data-id=\"c9b0c5c\" data-element_type=\"container\">\n\t\t\t\t\t<div class=\"e-con-inner\">\n\t\t<div class=\"elementor-element elementor-element-37c0ad1 e-con-full e-flex e-con e-child\" data-id=\"37c0ad1\" data-element_type=\"container\">\n\t\t<div class=\"elementor-element elementor-element-b236b09 e-con-full e-flex e-con e-child\" data-id=\"b236b09\" data-element_type=\"container\">\n\t\t\t\t<div class=\"elementor-element elementor-element-edf53ed elementor-widget elementor-widget-heading\" data-id=\"edf53ed\" data-element_type=\"widget\" data-widget_type=\"heading.default\">\n\t\t\t\t<div class=\"elementor-widget-container\">\n\t\t\t\t\t<h1 class=\"elementor-heading-title elementor-size-default\">Parks im Stadtzentrum von Malm\u00f6<\/h1>\t\t\t\t<\/div>\n\t\t\t\t<\/div>\n\t\t\t\t<div class=\"elementor-element elementor-element-43b9e43 elementor-widget elementor-widget-text-editor\" data-id=\"43b9e43\" data-element_type=\"widget\" data-widget_type=\"text-editor.default\">\n\t\t\t\t<div class=\"elementor-widget-container\">\n\t\t\t\t\t\t\t\t\t<p><strong>Entdecken Sie die gr\u00fcnste Seite der Stadt!<\/strong><\/p>\n<p>Malm\u00f6 wird oft als die Stadt der Parks bezeichnet, und im Stadtzentrum gibt es eine F\u00fclle sch\u00f6ner Gr\u00fcnfl\u00e4chen zu entdecken. Es gibt ein vielf\u00e4ltiges Angebot an Gr\u00fcnfl\u00e4chen, von lebendigen Treffpunkten bis hin zu <br>ruhige Oasen, in denen Sie sich entspannen, spazieren gehen oder an verschiedenen Aktivit\u00e4ten teilnehmen k\u00f6nnen. <br>Jeder Park hat seinen eigenen Charme und seine eigene Atmosph\u00e4re, ganz gleich, ob Sie einen Ort zum Entspannen suchen oder&nbsp;<br><span style=\"color: var( --e-global-color-text );\">und&nbsp;<\/span><span style=\"color: var( --e-global-color-text );\">Es ist f\u00fcr jeden etwas dabei.&nbsp;<\/span><\/p>\t\t\t\t\t\t\t\t<\/div>\n\t\t\t\t<\/div>\n\t\t\t\t<\/div>\n\t\t\t\t<\/div>\n\t\t\t\t\t<\/div>\n\t\t\t\t<\/div>\n\t\t<div class=\"elementor-element elementor-element-e2435ed e-grid e-con-boxed e-con e-parent\" data-id=\"e2435ed\" data-element_type=\"container\">\n\t\t\t\t\t<div class=\"e-con-inner\">\n\t\t<div class=\"elementor-element elementor-element-f63b4ba e-con-full e-flex e-con e-child\" data-id=\"f63b4ba\" data-element_type=\"container\">\n\t\t<div class=\"elementor-element elementor-element-6cfa37c e-con-full e-flex e-con e-child\" data-id=\"6cfa37c\" data-element_type=\"container\" data-settings=\"{&quot;background_background&quot;:&quot;classic&quot;}\">\n\t\t\t\t<\/div>\n\t\t<div class=\"elementor-element elementor-element-598a9da e-con-full e-flex e-con e-child\" data-id=\"598a9da\" data-element_type=\"container\" data-settings=\"{&quot;background_background&quot;:&quot;classic&quot;}\">\n\t\t\t\t<div class=\"elementor-element elementor-element-ac709f2 elementor-widget elementor-widget-heading\" data-id=\"ac709f2\" data-element_type=\"widget\" data-widget_type=\"heading.default\">\n\t\t\t\t<div class=\"elementor-widget-container\">\n\t\t\t\t\t<h2 class=\"elementor-heading-title elementor-size-default\">Schlosspark<\/h2>\t\t\t\t<\/div>\n\t\t\t\t<\/div>\n\t\t\t\t<div class=\"elementor-element elementor-element-5bbbab5 elementor-widget elementor-widget-text-editor\" data-id=\"5bbbab5\" data-element_type=\"widget\" data-widget_type=\"text-editor.default\">\n\t\t\t\t<div class=\"elementor-widget-container\">\n\t\t\t\t\t\t\t\t\t<p class=\"translation-block\">Der Slottsparken ist ein historischer Park mit beliebten Wanderwegen. <br \/>Der Park hat gro\u00dfe Gr\u00fcnfl\u00e4chen, einen thematischen Spielplatz und ein \"Samstagsfeld\", das f\u00fcr Veranstaltungen genutzt wird.<\/p>\t\t\t\t\t\t\t\t<\/div>\n\t\t\t\t<\/div>\n\t\t\t\t<div class=\"elementor-element elementor-element-8d1052f elementor-align-right elementor-widget elementor-widget-button\" data-id=\"8d1052f\" data-element_type=\"widget\" data-widget_type=\"button.default\">\n\t\t\t\t<div class=\"elementor-widget-container\">\n\t\t\t\t\t\t\t\t\t<div class=\"elementor-button-wrapper\">\n\t\t\t\t\t<a class=\"elementor-button elementor-button-link elementor-size-sm\" href=\"https:\/\/malmo.se\/Uppleva-och-gora\/Natur-och-parker\/Parker-i-Malmo\/Slottsparken.html\" target=\"_blank\" rel=\"noopener\">\n\t\t\t\t\t\t<span class=\"elementor-button-content-wrapper\">\n\t\t\t\t\t\t<span class=\"elementor-button-icon\">\n\t\t\t\t<i aria-hidden=\"true\" class=\"far fa-long-arrow-right\"><\/i>\t\t\t<\/span>\n\t\t\t\t\t\t\t\t\t<span class=\"elementor-button-text\">Mehr lesen<\/span>\n\t\t\t\t\t<\/span>\n\t\t\t\t\t<\/a>\n\t\t\t\t<\/div>\n\t\t\t\t\t\t\t\t<\/div>\n\t\t\t\t<\/div>\n\t\t\t\t<\/div>\n\t\t\t\t<\/div>\n\t\t<div class=\"elementor-element elementor-element-2f04791 e-con-full e-flex e-con e-child\" data-id=\"2f04791\" data-element_type=\"container\">\n\t\t<div class=\"elementor-element elementor-element-7333d63 e-con-full e-flex e-con e-child\" data-id=\"7333d63\" data-element_type=\"container\" data-settings=\"{&quot;background_background&quot;:&quot;classic&quot;}\">\n\t\t\t\t<\/div>\n\t\t<div class=\"elementor-element elementor-element-29f5f6e e-con-full e-flex e-con e-child\" data-id=\"29f5f6e\" data-element_type=\"container\" data-settings=\"{&quot;background_background&quot;:&quot;classic&quot;}\">\n\t\t\t\t<div class=\"elementor-element elementor-element-82e933b elementor-widget elementor-widget-heading\" data-id=\"82e933b\" data-element_type=\"widget\" data-widget_type=\"heading.default\">\n\t\t\t\t<div class=\"elementor-widget-container\">\n\t\t\t\t\t<h2 class=\"elementor-heading-title elementor-size-default\">Pildamm-Park<\/h2>\t\t\t\t<\/div>\n\t\t\t\t<\/div>\n\t\t\t\t<div class=\"elementor-element elementor-element-a9f4820 elementor-widget elementor-widget-text-editor\" data-id=\"a9f4820\" data-element_type=\"widget\" data-widget_type=\"text-editor.default\">\n\t\t\t\t<div class=\"elementor-widget-container\">\n\t\t\t\t\t\t\t\t\t<p class=\"translation-block\">Der Pildammsparken ist ein sch\u00f6ner Park mit gro\u00dfen Rasenfl\u00e4chen, Springbrunnen und einem beeindruckenden Teich. Der Park bietet au\u00dferdem mehrere thematische Spielpl\u00e4tze, eine Turnhalle im Freien und einen beliebten Picknickplatz.<\/p>\t\t\t\t\t\t\t\t<\/div>\n\t\t\t\t<\/div>\n\t\t\t\t<div class=\"elementor-element elementor-element-59cf9ce elementor-align-right elementor-widget elementor-widget-button\" data-id=\"59cf9ce\" data-element_type=\"widget\" data-widget_type=\"button.default\">\n\t\t\t\t<div class=\"elementor-widget-container\">\n\t\t\t\t\t\t\t\t\t<div class=\"elementor-button-wrapper\">\n\t\t\t\t\t<a class=\"elementor-button elementor-button-link elementor-size-sm\" href=\"https:\/\/malmo.se\/Uppleva-och-gora\/Natur-och-parker\/Parker-i-Malmo\/Pildammsparken.html\" target=\"_blank\" rel=\"noopener\">\n\t\t\t\t\t\t<span class=\"elementor-button-content-wrapper\">\n\t\t\t\t\t\t<span class=\"elementor-button-icon\">\n\t\t\t\t<i aria-hidden=\"true\" class=\"far fa-long-arrow-right\"><\/i>\t\t\t<\/span>\n\t\t\t\t\t\t\t\t\t<span class=\"elementor-button-text\">Mehr lesen<\/span>\n\t\t\t\t\t<\/span>\n\t\t\t\t\t<\/a>\n\t\t\t\t<\/div>\n\t\t\t\t\t\t\t\t<\/div>\n\t\t\t\t<\/div>\n\t\t\t\t<\/div>\n\t\t\t\t<\/div>\n\t\t<div class=\"elementor-element elementor-element-6976541 e-con-full e-flex e-con e-child\" data-id=\"6976541\" data-element_type=\"container\">\n\t\t<div class=\"elementor-element elementor-element-9ca5487 e-con-full e-flex e-con e-child\" data-id=\"9ca5487\" data-element_type=\"container\" data-settings=\"{&quot;background_background&quot;:&quot;classic&quot;}\">\n\t\t\t\t<\/div>\n\t\t<div class=\"elementor-element elementor-element-9ec43ed e-con-full e-flex e-con e-child\" data-id=\"9ec43ed\" data-element_type=\"container\" data-settings=\"{&quot;background_background&quot;:&quot;classic&quot;}\">\n\t\t\t\t<div class=\"elementor-element elementor-element-1ff49a3 elementor-widget elementor-widget-heading\" data-id=\"1ff49a3\" data-element_type=\"widget\" data-widget_type=\"heading.default\">\n\t\t\t\t<div class=\"elementor-widget-container\">\n\t\t\t\t\t<h2 class=\"elementor-heading-title elementor-size-default\">Der Park des K\u00f6nigs<\/h2>\t\t\t\t<\/div>\n\t\t\t\t<\/div>\n\t\t\t\t<div class=\"elementor-element elementor-element-b65b9e6 elementor-widget elementor-widget-text-editor\" data-id=\"b65b9e6\" data-element_type=\"widget\" data-widget_type=\"text-editor.default\">\n\t\t\t\t<div class=\"elementor-widget-container\">\n\t\t\t\t\t\t\t\t\t<p>Der Kungsparken ist eine gr\u00fcne Oase in der N\u00e4he des Schlosses Malm\u00f6hus. Der Park ist der \u00e4lteste von Malm\u00f6 und bekannt f\u00fcr seine sch\u00f6nen Alleen und Brunnen. Der Park beherbergt auch viele exotische B\u00e4ume und Pflanzen.\u00a0<\/p>\t\t\t\t\t\t\t\t<\/div>\n\t\t\t\t<\/div>\n\t\t\t\t<div class=\"elementor-element elementor-element-2e30df0 elementor-align-right elementor-widget elementor-widget-button\" data-id=\"2e30df0\" data-element_type=\"widget\" data-widget_type=\"button.default\">\n\t\t\t\t<div class=\"elementor-widget-container\">\n\t\t\t\t\t\t\t\t\t<div class=\"elementor-button-wrapper\">\n\t\t\t\t\t<a class=\"elementor-button elementor-button-link elementor-size-sm\" href=\"https:\/\/malmo.se\/Uppleva-och-gora\/Natur-och-parker\/Parker-i-Malmo\/Kungsparken.html\" target=\"_blank\" rel=\"noopener\">\n\t\t\t\t\t\t<span class=\"elementor-button-content-wrapper\">\n\t\t\t\t\t\t<span class=\"elementor-button-icon\">\n\t\t\t\t<i aria-hidden=\"true\" class=\"far fa-long-arrow-right\"><\/i>\t\t\t<\/span>\n\t\t\t\t\t\t\t\t\t<span class=\"elementor-button-text\">Mehr lesen<\/span>\n\t\t\t\t\t<\/span>\n\t\t\t\t\t<\/a>\n\t\t\t\t<\/div>\n\t\t\t\t\t\t\t\t<\/div>\n\t\t\t\t<\/div>\n\t\t\t\t<\/div>\n\t\t\t\t<\/div>\n\t\t<div class=\"elementor-element elementor-element-c165774 e-con-full e-flex e-con e-child\" data-id=\"c165774\" data-element_type=\"container\">\n\t\t<div class=\"elementor-element elementor-element-601541f e-con-full e-flex e-con e-child\" data-id=\"601541f\" data-element_type=\"container\" data-settings=\"{&quot;background_background&quot;:&quot;classic&quot;}\">\n\t\t\t\t<\/div>\n\t\t<div class=\"elementor-element elementor-element-cc9972d e-con-full e-flex e-con e-child\" data-id=\"cc9972d\" data-element_type=\"container\" data-settings=\"{&quot;background_background&quot;:&quot;classic&quot;}\">\n\t\t\t\t<div class=\"elementor-element elementor-element-e9a56c8 elementor-widget elementor-widget-heading\" data-id=\"e9a56c8\" data-element_type=\"widget\" data-widget_type=\"heading.default\">\n\t\t\t\t<div class=\"elementor-widget-container\">\n\t\t\t\t\t<h2 class=\"elementor-heading-title elementor-size-default\">Raoul-Wallenberg-Park<\/h2>\t\t\t\t<\/div>\n\t\t\t\t<\/div>\n\t\t\t\t<div class=\"elementor-element elementor-element-a125410 elementor-widget elementor-widget-text-editor\" data-id=\"a125410\" data-element_type=\"widget\" data-widget_type=\"text-editor.default\">\n\t\t\t\t<div class=\"elementor-widget-container\">\n\t\t\t\t\t\t\t\t\t<p>Der Raoul-Wallenberg-Park befindet sich zwischen der Lilla Nygatan und dem Kanal. Hier k\u00f6nnen Sie sich entspannen und die G\u00f6ta-Statue und den pl\u00e4tschernden Teich bewundern.&nbsp;<\/p>\t\t\t\t\t\t\t\t<\/div>\n\t\t\t\t<\/div>\n\t\t\t\t<div class=\"elementor-element elementor-element-ff0c1f6 elementor-align-right elementor-widget elementor-widget-button\" data-id=\"ff0c1f6\" data-element_type=\"widget\" data-widget_type=\"button.default\">\n\t\t\t\t<div class=\"elementor-widget-container\">\n\t\t\t\t\t\t\t\t\t<div class=\"elementor-button-wrapper\">\n\t\t\t\t\t<a class=\"elementor-button elementor-button-link elementor-size-sm\" href=\"https:\/\/malmo.se\/Stadsutveckling\/Det-har-ar-pa-gang-i-Malmo\/Lilla-Nygatan.html\" target=\"_blank\" rel=\"noopener\">\n\t\t\t\t\t\t<span class=\"elementor-button-content-wrapper\">\n\t\t\t\t\t\t<span class=\"elementor-button-icon\">\n\t\t\t\t<i aria-hidden=\"true\" class=\"far fa-long-arrow-right\"><\/i>\t\t\t<\/span>\n\t\t\t\t\t\t\t\t\t<span class=\"elementor-button-text\">Mehr lesen<\/span>\n\t\t\t\t\t<\/span>\n\t\t\t\t\t<\/a>\n\t\t\t\t<\/div>\n\t\t\t\t\t\t\t\t<\/div>\n\t\t\t\t<\/div>\n\t\t\t\t<\/div>\n\t\t\t\t<\/div>\n\t\t\t\t\t<\/div>\n\t\t\t\t<\/div>\n\t\t<div class=\"elementor-element elementor-element-e0e27f3 e-flex e-con-boxed e-con e-parent\" data-id=\"e0e27f3\" data-element_type=\"container\">\n\t\t\t\t\t<div class=\"e-con-inner\">\n\t\t\t\t\t<\/div>\n\t\t\t\t<\/div>\n\t\t\t\t<\/div>","protected":false},"excerpt":{"rendered":"<p>Parks in der Stadt Malm\u00f6 Entdecken Sie die gr\u00fcnste Seite der Stadt! Malm\u00f6 wird oft als die Stadt der Parks bezeichnet, und im Stadtzentrum gibt es viele sch\u00f6ne Gr\u00fcnfl\u00e4chen zu entdecken. Von belebten Treffpunkten bis hin zu ruhigen Oasen gibt es ein vielf\u00e4ltiges Angebot an Gr\u00fcnfl\u00e4chen, in denen Sie sich entspannen, spazieren gehen oder an verschiedenen Aktivit\u00e4ten teilnehmen k\u00f6nnen. Jeder Park [...]<\/p>","protected":false},"author":2,"featured_media":0,"parent":0,"menu_order":0,"comment_status":"closed","ping_status":"closed","template":"","meta":{"_acf_changed":false,"footnotes":""},"class_list":["post-4521","page","type-page","status-publish","hentry"],"acf":[],"_links":{"self":[{"href":"https:\/\/malmocity.se\/de\/wp-json\/wp\/v2\/pages\/4521","targetHints":{"allow":["GET"]}}],"collection":[{"href":"https:\/\/malmocity.se\/de\/wp-json\/wp\/v2\/pages"}],"about":[{"href":"https:\/\/malmocity.se\/de\/wp-json\/wp\/v2\/types\/page"}],"author":[{"embeddable":true,"href":"https:\/\/malmocity.se\/de\/wp-json\/wp\/v2\/users\/2"}],"replies":[{"embeddable":true,"href":"https:\/\/malmocity.se\/de\/wp-json\/wp\/v2\/comments?post=4521"}],"version-history":[{"count":81,"href":"https:\/\/malmocity.se\/de\/wp-json\/wp\/v2\/pages\/4521\/revisions"}],"predecessor-version":[{"id":5299,"href":"https:\/\/malmocity.se\/de\/wp-json\/wp\/v2\/pages\/4521\/revisions\/5299"}],"wp:attachment":[{"href":"https:\/\/malmocity.se\/de\/wp-json\/wp\/v2\/media?parent=4521"}],"curies":[{"name":"wp","href":"https:\/\/api.w.org\/{rel}","templated":true}]}}