{"id":4566,"date":"2025-04-16T07:43:25","date_gmt":"2025-04-16T06:43:25","guid":{"rendered":"https:\/\/malmocity.se\/?page_id=4566"},"modified":"2025-04-16T10:25:59","modified_gmt":"2025-04-16T09:25:59","slug":"seochgora","status":"publish","type":"page","link":"https:\/\/malmocity.se\/de\/seochgora\/","title":{"rendered":"Sehen &amp; tun"},"content":{"rendered":"<div data-elementor-type=\"wp-page\" data-elementor-id=\"4566\" class=\"elementor elementor-4566\" data-elementor-post-type=\"page\">\n\t\t\t\t<div class=\"elementor-element elementor-element-2c2d41e e-flex e-con-boxed e-con e-parent\" data-id=\"2c2d41e\" data-element_type=\"container\" data-settings=\"{&quot;background_background&quot;:&quot;classic&quot;}\">\n\t\t\t\t\t<div class=\"e-con-inner\">\n\t\t<div class=\"elementor-element elementor-element-a2fbea7 e-flex e-con-boxed e-con e-child\" data-id=\"a2fbea7\" data-element_type=\"container\">\n\t\t\t\t\t<div class=\"e-con-inner\">\n\t\t\t\t\t<\/div>\n\t\t\t\t<\/div>\n\t\t\t\t\t<\/div>\n\t\t\t\t<\/div>\n\t\t<div class=\"elementor-element elementor-element-7b330c8 e-flex e-con-boxed e-con e-parent\" data-id=\"7b330c8\" data-element_type=\"container\">\n\t\t\t\t\t<div class=\"e-con-inner\">\n\t\t<div class=\"elementor-element elementor-element-6351830 e-con-full e-flex e-con e-child\" data-id=\"6351830\" data-element_type=\"container\">\n\t\t<div class=\"elementor-element elementor-element-72ab9cd e-con-full e-flex e-con e-child\" data-id=\"72ab9cd\" data-element_type=\"container\">\n\t\t\t\t<div class=\"elementor-element elementor-element-702f9ee elementor-widget elementor-widget-heading\" data-id=\"702f9ee\" data-element_type=\"widget\" data-widget_type=\"heading.default\">\n\t\t\t\t<div class=\"elementor-widget-container\">\n\t\t\t\t\t<h1 class=\"elementor-heading-title elementor-size-default\">Sehen &amp; erleben in Malm\u00f6 Stadt<\/h1>\t\t\t\t<\/div>\n\t\t\t\t<\/div>\n\t\t\t\t<div class=\"elementor-element elementor-element-4106da8 elementor-widget elementor-widget-text-editor\" data-id=\"4106da8\" data-element_type=\"widget\" data-widget_type=\"text-editor.default\">\n\t\t\t\t<div class=\"elementor-widget-container\">\n\t\t\t\t\t\t\t\t\t<p>Malm\u00f6 ist voller Erlebnisse, die darauf warten, entdeckt zu werden - von faszinierenden Museen und charmanten Hotels bis hin zu \u00fcppigen Parks und einer lebendigen Kultur- und Unterhaltungsszene. Schlendern Sie durch Kunstgalerien, genie\u00dfen Sie ein Picknick in einem der vielen Parks oder besuchen Sie eine Theaterauff\u00fchrung von Weltklasse. Es ist f\u00fcr jeden etwas dabei, f\u00fcr Jung und Alt. Was m\u00f6chten Sie heute in Malm\u00f6 erleben?<\/p>\t\t\t\t\t\t\t\t<\/div>\n\t\t\t\t<\/div>\n\t\t<div class=\"elementor-element elementor-element-17f9384 e-con-full e-flex e-con e-child\" data-id=\"17f9384\" data-element_type=\"container\">\n\t\t<div class=\"elementor-element elementor-element-b574a7c e-con-full animated-fast e-flex elementor-invisible e-con e-child\" data-id=\"b574a7c\" data-element_type=\"container\" data-settings=\"{&quot;background_background&quot;:&quot;classic&quot;,&quot;animation&quot;:&quot;fadeIn&quot;}\">\n\t\t<div class=\"elementor-element elementor-element-e2e5688 e-con-full e-flex e-con e-child\" data-id=\"e2e5688\" data-element_type=\"container\">\n\t\t\t\t<div class=\"elementor-element elementor-element-7f3aac5 elementor-widget elementor-widget-heading\" data-id=\"7f3aac5\" data-element_type=\"widget\" data-widget_type=\"heading.default\">\n\t\t\t\t<div class=\"elementor-widget-container\">\n\t\t\t\t\t<h4 class=\"elementor-heading-title elementor-size-default\">Parker<\/h4>\t\t\t\t<\/div>\n\t\t\t\t<\/div>\n\t\t\t\t<div class=\"elementor-element elementor-element-3a03b94 elementor-align-left elementor-widget elementor-widget-button\" data-id=\"3a03b94\" data-element_type=\"widget\" data-widget_type=\"button.default\">\n\t\t\t\t<div class=\"elementor-widget-container\">\n\t\t\t\t\t\t\t\t\t<div class=\"elementor-button-wrapper\">\n\t\t\t\t\t<a class=\"elementor-button elementor-button-link elementor-size-sm\" href=\"https:\/\/malmocity.se\/de\/parker\/\">\n\t\t\t\t\t\t<span class=\"elementor-button-content-wrapper\">\n\t\t\t\t\t\t\t\t\t<span class=\"elementor-button-text\">Mehr lesen<\/span>\n\t\t\t\t\t<\/span>\n\t\t\t\t\t<\/a>\n\t\t\t\t<\/div>\n\t\t\t\t\t\t\t\t<\/div>\n\t\t\t\t<\/div>\n\t\t\t\t<\/div>\n\t\t\t\t<\/div>\n\t\t<div class=\"elementor-element elementor-element-4d74981 e-con-full animated-fast e-flex elementor-invisible e-con e-child\" data-id=\"4d74981\" data-element_type=\"container\" data-settings=\"{&quot;background_background&quot;:&quot;classic&quot;,&quot;animation&quot;:&quot;fadeIn&quot;}\">\n\t\t<div class=\"elementor-element elementor-element-0ac6e8f e-con-full e-flex e-con e-child\" data-id=\"0ac6e8f\" data-element_type=\"container\">\n\t\t\t\t<div class=\"elementor-element elementor-element-94581fa elementor-widget elementor-widget-heading\" data-id=\"94581fa\" data-element_type=\"widget\" data-widget_type=\"heading.default\">\n\t\t\t\t<div class=\"elementor-widget-container\">\n\t\t\t\t\t<h4 class=\"elementor-heading-title elementor-size-default\">Museum<\/h4>\t\t\t\t<\/div>\n\t\t\t\t<\/div>\n\t\t\t\t<div class=\"elementor-element elementor-element-eda308e elementor-align-left elementor-widget elementor-widget-button\" data-id=\"eda308e\" data-element_type=\"widget\" data-widget_type=\"button.default\">\n\t\t\t\t<div class=\"elementor-widget-container\">\n\t\t\t\t\t\t\t\t\t<div class=\"elementor-button-wrapper\">\n\t\t\t\t\t<a class=\"elementor-button elementor-button-link elementor-size-sm\" href=\"https:\/\/malmocity.se\/de\/museum\/\">\n\t\t\t\t\t\t<span class=\"elementor-button-content-wrapper\">\n\t\t\t\t\t\t\t\t\t<span class=\"elementor-button-text\">Mehr lesen<\/span>\n\t\t\t\t\t<\/span>\n\t\t\t\t\t<\/a>\n\t\t\t\t<\/div>\n\t\t\t\t\t\t\t\t<\/div>\n\t\t\t\t<\/div>\n\t\t\t\t<\/div>\n\t\t\t\t<\/div>\n\t\t\t\t<\/div>\n\t\t<div class=\"elementor-element elementor-element-fdf3d70 e-con-full e-flex e-con e-child\" data-id=\"fdf3d70\" data-element_type=\"container\">\n\t\t<div class=\"elementor-element elementor-element-9c3f9f1 e-con-full animated-fast e-flex elementor-invisible e-con e-child\" data-id=\"9c3f9f1\" data-element_type=\"container\" data-settings=\"{&quot;background_background&quot;:&quot;classic&quot;,&quot;animation&quot;:&quot;fadeIn&quot;}\">\n\t\t<div class=\"elementor-element elementor-element-f0530b2 e-con-full e-flex e-con e-child\" data-id=\"f0530b2\" data-element_type=\"container\">\n\t\t\t\t<div class=\"elementor-element elementor-element-7b88b42 elementor-widget elementor-widget-heading\" data-id=\"7b88b42\" data-element_type=\"widget\" data-widget_type=\"heading.default\">\n\t\t\t\t<div class=\"elementor-widget-container\">\n\t\t\t\t\t<h4 class=\"elementor-heading-title elementor-size-default\">Kultur &amp; Unterhaltung<\/h4>\t\t\t\t<\/div>\n\t\t\t\t<\/div>\n\t\t\t\t<div class=\"elementor-element elementor-element-bdb7766 elementor-align-left elementor-widget elementor-widget-button\" data-id=\"bdb7766\" data-element_type=\"widget\" data-widget_type=\"button.default\">\n\t\t\t\t<div class=\"elementor-widget-container\">\n\t\t\t\t\t\t\t\t\t<div class=\"elementor-button-wrapper\">\n\t\t\t\t\t<a class=\"elementor-button elementor-button-link elementor-size-sm\" href=\"https:\/\/malmocity.se\/de\/kulturochnojen\/\">\n\t\t\t\t\t\t<span class=\"elementor-button-content-wrapper\">\n\t\t\t\t\t\t\t\t\t<span class=\"elementor-button-text\">Mehr lesen<\/span>\n\t\t\t\t\t<\/span>\n\t\t\t\t\t<\/a>\n\t\t\t\t<\/div>\n\t\t\t\t\t\t\t\t<\/div>\n\t\t\t\t<\/div>\n\t\t\t\t<\/div>\n\t\t\t\t<\/div>\n\t\t<div class=\"elementor-element elementor-element-2a0089d e-con-full animated-fast e-flex elementor-invisible e-con e-child\" data-id=\"2a0089d\" data-element_type=\"container\" data-settings=\"{&quot;background_background&quot;:&quot;classic&quot;,&quot;animation&quot;:&quot;fadeIn&quot;}\">\n\t\t<div class=\"elementor-element elementor-element-9b14981 e-con-full e-flex e-con e-child\" data-id=\"9b14981\" data-element_type=\"container\">\n\t\t\t\t<div class=\"elementor-element elementor-element-56eb45c elementor-widget elementor-widget-heading\" data-id=\"56eb45c\" data-element_type=\"widget\" data-widget_type=\"heading.default\">\n\t\t\t\t<div class=\"elementor-widget-container\">\n\t\t\t\t\t<h4 class=\"elementor-heading-title elementor-size-default\">Hotels<\/h4>\t\t\t\t<\/div>\n\t\t\t\t<\/div>\n\t\t\t\t<div class=\"elementor-element elementor-element-fbc07c6 elementor-align-left elementor-widget elementor-widget-button\" data-id=\"fbc07c6\" data-element_type=\"widget\" data-widget_type=\"button.default\">\n\t\t\t\t<div class=\"elementor-widget-container\">\n\t\t\t\t\t\t\t\t\t<div class=\"elementor-button-wrapper\">\n\t\t\t\t\t<a class=\"elementor-button elementor-button-link elementor-size-sm\" href=\"https:\/\/malmocity.se\/de\/?page_id=4610\">\n\t\t\t\t\t\t<span class=\"elementor-button-content-wrapper\">\n\t\t\t\t\t\t\t\t\t<span class=\"elementor-button-text\">Mehr lesen<\/span>\n\t\t\t\t\t<\/span>\n\t\t\t\t\t<\/a>\n\t\t\t\t<\/div>\n\t\t\t\t\t\t\t\t<\/div>\n\t\t\t\t<\/div>\n\t\t\t\t<\/div>\n\t\t\t\t<\/div>\n\t\t\t\t<\/div>\n\t\t\t\t<\/div>\n\t\t\t\t<\/div>\n\t\t\t\t\t<\/div>\n\t\t\t\t<\/div>\n\t\t\t\t<\/div>","protected":false},"excerpt":{"rendered":"<p>Home - Erlebnisse in der Stadt Malm\u00f6 Die Stadt Malm\u00f6 ist voller Erlebnisse, die darauf warten, entdeckt zu werden - von faszinierenden Museen und charmanten Hotels bis hin zu gr\u00fcnen Parks und einer lebendigen Kultur- und Unterhaltungsszene. Schlendern Sie durch Kunstgalerien, genie\u00dfen Sie ein Picknick in einem der vielen Parks oder besuchen Sie eine Theaterauff\u00fchrung von Weltklasse. Es gibt [...]<\/p>","protected":false},"author":2,"featured_media":0,"parent":0,"menu_order":0,"comment_status":"closed","ping_status":"closed","template":"","meta":{"_acf_changed":false,"footnotes":""},"class_list":["post-4566","page","type-page","status-publish","hentry"],"acf":[],"_links":{"self":[{"href":"https:\/\/malmocity.se\/de\/wp-json\/wp\/v2\/pages\/4566","targetHints":{"allow":["GET"]}}],"collection":[{"href":"https:\/\/malmocity.se\/de\/wp-json\/wp\/v2\/pages"}],"about":[{"href":"https:\/\/malmocity.se\/de\/wp-json\/wp\/v2\/types\/page"}],"author":[{"embeddable":true,"href":"https:\/\/malmocity.se\/de\/wp-json\/wp\/v2\/users\/2"}],"replies":[{"embeddable":true,"href":"https:\/\/malmocity.se\/de\/wp-json\/wp\/v2\/comments?post=4566"}],"version-history":[{"count":54,"href":"https:\/\/malmocity.se\/de\/wp-json\/wp\/v2\/pages\/4566\/revisions"}],"predecessor-version":[{"id":5312,"href":"https:\/\/malmocity.se\/de\/wp-json\/wp\/v2\/pages\/4566\/revisions\/5312"}],"wp:attachment":[{"href":"https:\/\/malmocity.se\/de\/wp-json\/wp\/v2\/media?parent=4566"}],"curies":[{"name":"wp","href":"https:\/\/api.w.org\/{rel}","templated":true}]}}