{"id":4601,"date":"2025-04-03T15:12:41","date_gmt":"2025-04-03T14:12:41","guid":{"rendered":"https:\/\/malmocity.se\/?page_id=4601"},"modified":"2025-04-16T08:07:37","modified_gmt":"2025-04-16T07:07:37","slug":"museum","status":"publish","type":"page","link":"https:\/\/malmocity.se\/de\/museum\/","title":{"rendered":"Museum"},"content":{"rendered":"<div data-elementor-type=\"wp-page\" data-elementor-id=\"4601\" class=\"elementor elementor-4601\" data-elementor-post-type=\"page\">\n\t\t\t\t<div class=\"elementor-element elementor-element-3101a622 e-flex e-con-boxed e-con e-parent\" data-id=\"3101a622\" data-element_type=\"container\" data-settings=\"{&quot;background_background&quot;:&quot;classic&quot;}\">\n\t\t\t\t\t<div class=\"e-con-inner\">\n\t\t<div class=\"elementor-element elementor-element-23773dfe e-con-full e-flex e-con e-child\" data-id=\"23773dfe\" data-element_type=\"container\">\n\t\t\t\t<\/div>\n\t\t\t\t\t<\/div>\n\t\t\t\t<\/div>\n\t\t<div class=\"elementor-element elementor-element-71d39f3b e-flex e-con-boxed e-con e-parent\" data-id=\"71d39f3b\" data-element_type=\"container\">\n\t\t\t\t\t<div class=\"e-con-inner\">\n\t\t<div class=\"elementor-element elementor-element-ffa3d02 e-con-full e-flex e-con e-child\" data-id=\"ffa3d02\" data-element_type=\"container\">\n\t\t<div class=\"elementor-element elementor-element-3e326306 e-con-full e-flex e-con e-child\" data-id=\"3e326306\" data-element_type=\"container\">\n\t\t\t\t<div class=\"elementor-element elementor-element-50de20db elementor-widget elementor-widget-heading\" data-id=\"50de20db\" data-element_type=\"widget\" data-widget_type=\"heading.default\">\n\t\t\t\t<div class=\"elementor-widget-container\">\n\t\t\t\t\t<h1 class=\"elementor-heading-title elementor-size-default\">Museum in der Stadt Malm\u00f6<\/h1>\t\t\t\t<\/div>\n\t\t\t\t<\/div>\n\t\t\t\t<div class=\"elementor-element elementor-element-f2fea9e elementor-widget elementor-widget-text-editor\" data-id=\"f2fea9e\" data-element_type=\"widget\" data-widget_type=\"text-editor.default\">\n\t\t\t\t<div class=\"elementor-widget-container\">\n\t\t\t\t\t\t\t\t\t<p><strong>Entdecken Sie die Geschichte und die Kunst der Stadt!<\/strong><\/p>\n<p>Egal, ob Sie Kunstliebhaber, Geschichtsinteressierter oder einfach nur neugierig auf die kulturellen Sch\u00e4tze der Stadt sind - Malm\u00f6 bietet eine F\u00fclle einzigartiger Museen f\u00fcr jeden Geschmack. Von modernen Kunstgalerien und historischen Schl\u00f6ssern bis hin zu interaktiven Erlebnissen und faszinierenden Sammlungen finden Sie hier etwas f\u00fcr die ganze Familie. Erkunden Sie Malm\u00f6 durch seine Museen und entdecken Sie eine Welt voller Kunst, Kultur und Innovation!<\/p>\t\t\t\t\t\t\t\t<\/div>\n\t\t\t\t<\/div>\n\t\t\t\t<\/div>\n\t\t\t\t<\/div>\n\t\t\t\t\t<\/div>\n\t\t\t\t<\/div>\n\t\t<div class=\"elementor-element elementor-element-61eb6b41 e-grid e-con-boxed e-con e-parent\" data-id=\"61eb6b41\" data-element_type=\"container\">\n\t\t\t\t\t<div class=\"e-con-inner\">\n\t\t<div class=\"elementor-element elementor-element-4b5e65e1 e-con-full e-flex e-con e-child\" data-id=\"4b5e65e1\" data-element_type=\"container\">\n\t\t<div class=\"elementor-element elementor-element-4cc0263c e-con-full e-flex e-con e-child\" data-id=\"4cc0263c\" data-element_type=\"container\" data-settings=\"{&quot;background_background&quot;:&quot;classic&quot;}\">\n\t\t\t\t<\/div>\n\t\t<div class=\"elementor-element elementor-element-3194e998 e-con-full e-flex e-con e-child\" data-id=\"3194e998\" data-element_type=\"container\" data-settings=\"{&quot;background_background&quot;:&quot;classic&quot;}\">\n\t\t\t\t<div class=\"elementor-element elementor-element-5cdfc3e8 elementor-widget elementor-widget-heading\" data-id=\"5cdfc3e8\" data-element_type=\"widget\" data-widget_type=\"heading.default\">\n\t\t\t\t<div class=\"elementor-widget-container\">\n\t\t\t\t\t<h2 class=\"elementor-heading-title elementor-size-default\">Schloss Malm\u00f6hus<\/h2>\t\t\t\t<\/div>\n\t\t\t\t<\/div>\n\t\t\t\t<div class=\"elementor-element elementor-element-33c25c37 elementor-widget elementor-widget-text-editor\" data-id=\"33c25c37\" data-element_type=\"widget\" data-widget_type=\"text-editor.default\">\n\t\t\t\t<div class=\"elementor-widget-container\">\n\t\t\t\t\t\t\t\t\t<p class=\"translation-block\">Schloss Malm\u00f6hus, das \u00e4lteste erhaltene Renaissanceschloss in Skandinavien, bietet einen einzigartigen Einblick in die Geschichte von Malm\u00f6 und Sk\u00e5ne. Hier k\u00f6nnen Sie alles erkunden, vom k\u00f6niglichen Boden des Schlosses bis zum Aquarium, das ein aufregendes Unterwasserleben mit verschiedenen Fischarten und Meeres\u00f6kosystemen beherbergt.<\/p>\t\t\t\t\t\t\t\t<\/div>\n\t\t\t\t<\/div>\n\t\t\t\t<div class=\"elementor-element elementor-element-366c82c0 elementor-align-right elementor-widget elementor-widget-button\" data-id=\"366c82c0\" data-element_type=\"widget\" data-widget_type=\"button.default\">\n\t\t\t\t<div class=\"elementor-widget-container\">\n\t\t\t\t\t\t\t\t\t<div class=\"elementor-button-wrapper\">\n\t\t\t\t\t<a class=\"elementor-button elementor-button-link elementor-size-sm\" href=\"https:\/\/malmo.se\/Uppleva-och-gora\/Konst-och-museer\/Malmo-museum.html\" target=\"_blank\" rel=\"noopener\">\n\t\t\t\t\t\t<span class=\"elementor-button-content-wrapper\">\n\t\t\t\t\t\t<span class=\"elementor-button-icon\">\n\t\t\t\t<i aria-hidden=\"true\" class=\"far fa-long-arrow-right\"><\/i>\t\t\t<\/span>\n\t\t\t\t\t\t\t\t\t<span class=\"elementor-button-text\">Mehr lesen<\/span>\n\t\t\t\t\t<\/span>\n\t\t\t\t\t<\/a>\n\t\t\t\t<\/div>\n\t\t\t\t\t\t\t\t<\/div>\n\t\t\t\t<\/div>\n\t\t\t\t<\/div>\n\t\t\t\t<\/div>\n\t\t<div class=\"elementor-element elementor-element-5550c7c4 e-con-full e-flex e-con e-child\" data-id=\"5550c7c4\" data-element_type=\"container\">\n\t\t<div class=\"elementor-element elementor-element-19651a33 e-con-full e-flex e-con e-child\" data-id=\"19651a33\" data-element_type=\"container\" data-settings=\"{&quot;background_background&quot;:&quot;classic&quot;}\">\n\t\t\t\t<\/div>\n\t\t<div class=\"elementor-element elementor-element-d1fe3c3 e-con-full e-flex e-con e-child\" data-id=\"d1fe3c3\" data-element_type=\"container\" data-settings=\"{&quot;background_background&quot;:&quot;classic&quot;}\">\n\t\t\t\t<div class=\"elementor-element elementor-element-4206830b elementor-widget elementor-widget-heading\" data-id=\"4206830b\" data-element_type=\"widget\" data-widget_type=\"heading.default\">\n\t\t\t\t<div class=\"elementor-widget-container\">\n\t\t\t\t\t<h2 class=\"elementor-heading-title elementor-size-default\">Kunstzentrum Malm\u00f6<\/h2>\t\t\t\t<\/div>\n\t\t\t\t<\/div>\n\t\t\t\t<div class=\"elementor-element elementor-element-67248cf1 elementor-widget elementor-widget-text-editor\" data-id=\"67248cf1\" data-element_type=\"widget\" data-widget_type=\"text-editor.default\">\n\t\t\t\t<div class=\"elementor-widget-container\">\n\t\t\t\t\t\t\t\t\t<p>Die Malm\u00f6 Konsthall ist eines der gr\u00f6\u00dften Ausstellungszentren f\u00fcr schwedische und internationale zeitgen\u00f6ssische Kunst in der nordischen Region. <br \/>Mit freiem Eintritt und einem abwechslungsreichen Programm ist die Kunsthalle ein inspirierender Treffpunkt f\u00fcr Kunstliebhaber.<\/p>\t\t\t\t\t\t\t\t<\/div>\n\t\t\t\t<\/div>\n\t\t\t\t<div class=\"elementor-element elementor-element-6d012c6b elementor-align-right elementor-widget elementor-widget-button\" data-id=\"6d012c6b\" data-element_type=\"widget\" data-widget_type=\"button.default\">\n\t\t\t\t<div class=\"elementor-widget-container\">\n\t\t\t\t\t\t\t\t\t<div class=\"elementor-button-wrapper\">\n\t\t\t\t\t<a class=\"elementor-button elementor-button-link elementor-size-sm\" href=\"https:\/\/malmokonsthall.se\/\" target=\"_blank\" rel=\"noopener\">\n\t\t\t\t\t\t<span class=\"elementor-button-content-wrapper\">\n\t\t\t\t\t\t<span class=\"elementor-button-icon\">\n\t\t\t\t<i aria-hidden=\"true\" class=\"far fa-long-arrow-right\"><\/i>\t\t\t<\/span>\n\t\t\t\t\t\t\t\t\t<span class=\"elementor-button-text\">Mehr lesen<\/span>\n\t\t\t\t\t<\/span>\n\t\t\t\t\t<\/a>\n\t\t\t\t<\/div>\n\t\t\t\t\t\t\t\t<\/div>\n\t\t\t\t<\/div>\n\t\t\t\t<\/div>\n\t\t\t\t<\/div>\n\t\t<div class=\"elementor-element elementor-element-7d5a68de e-con-full e-flex e-con e-child\" data-id=\"7d5a68de\" data-element_type=\"container\">\n\t\t<div class=\"elementor-element elementor-element-3b3e3397 e-con-full e-flex e-con e-child\" data-id=\"3b3e3397\" data-element_type=\"container\" data-settings=\"{&quot;background_background&quot;:&quot;classic&quot;}\">\n\t\t\t\t<\/div>\n\t\t<div class=\"elementor-element elementor-element-5f22acd0 e-con-full e-flex e-con e-child\" data-id=\"5f22acd0\" data-element_type=\"container\" data-settings=\"{&quot;background_background&quot;:&quot;classic&quot;}\">\n\t\t\t\t<div class=\"elementor-element elementor-element-71c4b1ae elementor-widget elementor-widget-heading\" data-id=\"71c4b1ae\" data-element_type=\"widget\" data-widget_type=\"heading.default\">\n\t\t\t\t<div class=\"elementor-widget-container\">\n\t\t\t\t\t<h2 class=\"elementor-heading-title elementor-size-default\">Ekelerregendes Lebensmittelmuseum<\/h2>\t\t\t\t<\/div>\n\t\t\t\t<\/div>\n\t\t\t\t<div class=\"elementor-element elementor-element-805091d elementor-widget elementor-widget-text-editor\" data-id=\"805091d\" data-element_type=\"widget\" data-widget_type=\"text-editor.default\">\n\t\t\t\t<div class=\"elementor-widget-container\">\n\t\t\t\t\t\t\t\t\t<p>Das Disgusting Food Museum in Malm\u00f6 ist ein einzigartiges Erlebnis, bei dem die Besucher die \"ekelhaftesten\" Lebensmittel der Welt wie sauren Hering, Meerschweinchen und K\u00e4se mit lebenden Raupen erkunden k\u00f6nnen. <br \/>Ein Ort, an dem sich Essen und Ekel auf herausfordernde und unterhaltsame Weise begegnen.<\/p>\t\t\t\t\t\t\t\t<\/div>\n\t\t\t\t<\/div>\n\t\t\t\t<div class=\"elementor-element elementor-element-38ac0364 elementor-align-right elementor-widget elementor-widget-button\" data-id=\"38ac0364\" data-element_type=\"widget\" data-widget_type=\"button.default\">\n\t\t\t\t<div class=\"elementor-widget-container\">\n\t\t\t\t\t\t\t\t\t<div class=\"elementor-button-wrapper\">\n\t\t\t\t\t<a class=\"elementor-button elementor-button-link elementor-size-sm\" href=\"https:\/\/disgustingfoodmuseum.com\/malmo_se21\/\" target=\"_blank\" rel=\"noopener\">\n\t\t\t\t\t\t<span class=\"elementor-button-content-wrapper\">\n\t\t\t\t\t\t<span class=\"elementor-button-icon\">\n\t\t\t\t<i aria-hidden=\"true\" class=\"far fa-long-arrow-right\"><\/i>\t\t\t<\/span>\n\t\t\t\t\t\t\t\t\t<span class=\"elementor-button-text\">Mehr lesen<\/span>\n\t\t\t\t\t<\/span>\n\t\t\t\t\t<\/a>\n\t\t\t\t<\/div>\n\t\t\t\t\t\t\t\t<\/div>\n\t\t\t\t<\/div>\n\t\t\t\t<\/div>\n\t\t\t\t<\/div>\n\t\t<div class=\"elementor-element elementor-element-26c9562 e-con-full e-flex e-con e-child\" data-id=\"26c9562\" data-element_type=\"container\">\n\t\t<div class=\"elementor-element elementor-element-7c27ac80 e-con-full e-flex e-con e-child\" data-id=\"7c27ac80\" data-element_type=\"container\" data-settings=\"{&quot;background_background&quot;:&quot;classic&quot;}\">\n\t\t\t\t<\/div>\n\t\t<div class=\"elementor-element elementor-element-79cf23b9 e-con-full e-flex e-con e-child\" data-id=\"79cf23b9\" data-element_type=\"container\" data-settings=\"{&quot;background_background&quot;:&quot;classic&quot;}\">\n\t\t\t\t<div class=\"elementor-element elementor-element-7fe95570 elementor-widget elementor-widget-heading\" data-id=\"7fe95570\" data-element_type=\"widget\" data-widget_type=\"heading.default\">\n\t\t\t\t<div class=\"elementor-widget-container\">\n\t\t\t\t\t<h2 class=\"elementor-heading-title elementor-size-default\">Das Moderne Museum<\/h2>\t\t\t\t<\/div>\n\t\t\t\t<\/div>\n\t\t\t\t<div class=\"elementor-element elementor-element-2652aec0 elementor-widget elementor-widget-text-editor\" data-id=\"2652aec0\" data-element_type=\"widget\" data-widget_type=\"text-editor.default\">\n\t\t\t\t<div class=\"elementor-widget-container\">\n\t\t\t\t\t\t\t\t\t<p>Das Moderna Museet ist ein Treffpunkt f\u00fcr moderne und zeitgen\u00f6ssische Kunst. <br \/>Das Museum ist in einem umgebauten Industriegeb\u00e4ude untergebracht und bietet ein abwechslungsreiches Ausstellungsprogramm internationaler und schwedischer K\u00fcnstler.<\/p>\t\t\t\t\t\t\t\t<\/div>\n\t\t\t\t<\/div>\n\t\t\t\t<div class=\"elementor-element elementor-element-46abca7d elementor-align-right elementor-widget elementor-widget-button\" data-id=\"46abca7d\" data-element_type=\"widget\" data-widget_type=\"button.default\">\n\t\t\t\t<div class=\"elementor-widget-container\">\n\t\t\t\t\t\t\t\t\t<div class=\"elementor-button-wrapper\">\n\t\t\t\t\t<a class=\"elementor-button elementor-button-link elementor-size-sm\" href=\"https:\/\/www.modernamuseet.se\/malmo\/sv\/\" target=\"_blank\" rel=\"noopener\">\n\t\t\t\t\t\t<span class=\"elementor-button-content-wrapper\">\n\t\t\t\t\t\t<span class=\"elementor-button-icon\">\n\t\t\t\t<i aria-hidden=\"true\" class=\"far fa-long-arrow-right\"><\/i>\t\t\t<\/span>\n\t\t\t\t\t\t\t\t\t<span class=\"elementor-button-text\">Mehr lesen<\/span>\n\t\t\t\t\t<\/span>\n\t\t\t\t\t<\/a>\n\t\t\t\t<\/div>\n\t\t\t\t\t\t\t\t<\/div>\n\t\t\t\t<\/div>\n\t\t\t\t<\/div>\n\t\t\t\t<\/div>\n\t\t<div class=\"elementor-element elementor-element-baffbc2 e-con-full e-flex e-con e-child\" data-id=\"baffbc2\" data-element_type=\"container\">\n\t\t<div class=\"elementor-element elementor-element-3764bc6 e-con-full e-flex e-con e-child\" data-id=\"3764bc6\" data-element_type=\"container\" data-settings=\"{&quot;background_background&quot;:&quot;classic&quot;}\">\n\t\t\t\t<\/div>\n\t\t<div class=\"elementor-element elementor-element-c807048 e-con-full e-flex e-con e-child\" data-id=\"c807048\" data-element_type=\"container\" data-settings=\"{&quot;background_background&quot;:&quot;classic&quot;}\">\n\t\t\t\t<div class=\"elementor-element elementor-element-ee83962 elementor-widget elementor-widget-heading\" data-id=\"ee83962\" data-element_type=\"widget\" data-widget_type=\"heading.default\">\n\t\t\t\t<div class=\"elementor-widget-container\">\n\t\t\t\t\t<h2 class=\"elementor-heading-title elementor-size-default\">Technologie und das Haus des Seefahrers<\/h2>\t\t\t\t<\/div>\n\t\t\t\t<\/div>\n\t\t\t\t<div class=\"elementor-element elementor-element-2fb7d41 elementor-widget elementor-widget-text-editor\" data-id=\"2fb7d41\" data-element_type=\"widget\" data-widget_type=\"text-editor.default\">\n\t\t\t\t<div class=\"elementor-widget-container\">\n\t\t\t\t\t\t\t\t\t<p class=\"translation-block\">Das Haus der Technik und Schifffahrt ist ein faszinierendes Museum, in dem Technik, Schifffahrt und Wissenschaft aufeinandertreffen. Neben den Ausstellungen beherbergt das Geb\u00e4ude auch ein echtes U-Boot, den Dombiograph <br>Wisdome und spannende interaktive Erlebnisse.<\/p>\t\t\t\t\t\t\t\t<\/div>\n\t\t\t\t<\/div>\n\t\t\t\t<div class=\"elementor-element elementor-element-9c8f74b elementor-align-right elementor-widget elementor-widget-button\" data-id=\"9c8f74b\" data-element_type=\"widget\" data-widget_type=\"button.default\">\n\t\t\t\t<div class=\"elementor-widget-container\">\n\t\t\t\t\t\t\t\t\t<div class=\"elementor-button-wrapper\">\n\t\t\t\t\t<a class=\"elementor-button elementor-button-link elementor-size-sm\" href=\"https:\/\/malmo.se\/Uppleva-och-gora\/Konst-och-museer\/Malmo-museum\/Besok-Malmo-museum\/Vara-byggnader\/Teknikens-och-sjofartens-hus.html\" target=\"_blank\" rel=\"noopener\">\n\t\t\t\t\t\t<span class=\"elementor-button-content-wrapper\">\n\t\t\t\t\t\t<span class=\"elementor-button-icon\">\n\t\t\t\t<i aria-hidden=\"true\" class=\"far fa-long-arrow-right\"><\/i>\t\t\t<\/span>\n\t\t\t\t\t\t\t\t\t<span class=\"elementor-button-text\">Mehr lesen<\/span>\n\t\t\t\t\t<\/span>\n\t\t\t\t\t<\/a>\n\t\t\t\t<\/div>\n\t\t\t\t\t\t\t\t<\/div>\n\t\t\t\t<\/div>\n\t\t\t\t<\/div>\n\t\t\t\t<\/div>\n\t\t<div class=\"elementor-element elementor-element-1b0af3e e-con-full e-flex e-con e-child\" data-id=\"1b0af3e\" data-element_type=\"container\">\n\t\t<div class=\"elementor-element elementor-element-2f02264 e-con-full e-flex e-con e-child\" data-id=\"2f02264\" data-element_type=\"container\" data-settings=\"{&quot;background_background&quot;:&quot;classic&quot;}\">\n\t\t\t\t<\/div>\n\t\t<div class=\"elementor-element elementor-element-9bd6395 e-con-full e-flex e-con e-child\" data-id=\"9bd6395\" data-element_type=\"container\" data-settings=\"{&quot;background_background&quot;:&quot;classic&quot;}\">\n\t\t\t\t<div class=\"elementor-element elementor-element-6c811fb elementor-widget elementor-widget-heading\" data-id=\"6c811fb\" data-element_type=\"widget\" data-widget_type=\"heading.default\">\n\t\t\t\t<div class=\"elementor-widget-container\">\n\t\t\t\t\t<h2 class=\"elementor-heading-title elementor-size-default\">Kunstmuseum Malm\u00f6<\/h2>\t\t\t\t<\/div>\n\t\t\t\t<\/div>\n\t\t\t\t<div class=\"elementor-element elementor-element-58a8455 elementor-widget elementor-widget-text-editor\" data-id=\"58a8455\" data-element_type=\"widget\" data-widget_type=\"text-editor.default\">\n\t\t\t\t<div class=\"elementor-widget-container\">\n\t\t\t\t\t\t\t\t\t<p>Das Kunstmuseum Malm\u00f6, das sich im Schloss Malm\u00f6hus befindet, beherbergt eine der gr\u00f6\u00dften Kunstsammlungen Schwedens. Hier k\u00f6nnen Sie \u00fcber 40.000 Kunstwerke entdecken, die von der Renaissance bis zur zeitgen\u00f6ssischen Kunst reichen.\u00a0<\/p>\t\t\t\t\t\t\t\t<\/div>\n\t\t\t\t<\/div>\n\t\t\t\t<div class=\"elementor-element elementor-element-d96671d elementor-align-right elementor-widget elementor-widget-button\" data-id=\"d96671d\" data-element_type=\"widget\" data-widget_type=\"button.default\">\n\t\t\t\t<div class=\"elementor-widget-container\">\n\t\t\t\t\t\t\t\t\t<div class=\"elementor-button-wrapper\">\n\t\t\t\t\t<a class=\"elementor-button elementor-button-link elementor-size-sm\" href=\"https:\/\/malmo.se\/Uppleva-och-gora\/Konst-och-museer\/Malmo-Konstmuseum.html\" target=\"_blank\" rel=\"noopener\">\n\t\t\t\t\t\t<span class=\"elementor-button-content-wrapper\">\n\t\t\t\t\t\t<span class=\"elementor-button-icon\">\n\t\t\t\t<i aria-hidden=\"true\" class=\"far fa-long-arrow-right\"><\/i>\t\t\t<\/span>\n\t\t\t\t\t\t\t\t\t<span class=\"elementor-button-text\">Mehr lesen<\/span>\n\t\t\t\t\t<\/span>\n\t\t\t\t\t<\/a>\n\t\t\t\t<\/div>\n\t\t\t\t\t\t\t\t<\/div>\n\t\t\t\t<\/div>\n\t\t\t\t<\/div>\n\t\t\t\t<\/div>\n\t\t<div class=\"elementor-element elementor-element-52345f2f e-con-full e-flex e-con e-child\" data-id=\"52345f2f\" data-element_type=\"container\">\n\t\t\t\t<\/div>\n\t\t\t\t\t<\/div>\n\t\t\t\t<\/div>\n\t\t\t\t<\/div>","protected":false},"excerpt":{"rendered":"<p>Museen in der Stadt Malm\u00f6 Entdecken Sie die Geschichte und Kunst der Stadt! Egal, ob Sie Kunstliebhaber, Geschichtsinteressierter oder einfach nur neugierig auf die kulturellen Sch\u00e4tze der Stadt sind, Malm\u00f6 bietet eine Vielzahl einzigartiger Museen f\u00fcr jeden Geschmack. Von modernen Kunstgalerien und historischen Schl\u00f6ssern bis hin zu interaktiven Erlebnissen und faszinierenden Sammlungen finden Sie hier etwas f\u00fcr die ganze Familie. Erkunden Sie Malm\u00f6 [...]<\/p>","protected":false},"author":2,"featured_media":0,"parent":0,"menu_order":0,"comment_status":"closed","ping_status":"closed","template":"","meta":{"_acf_changed":false,"footnotes":""},"class_list":["post-4601","page","type-page","status-publish","hentry"],"acf":[],"_links":{"self":[{"href":"https:\/\/malmocity.se\/de\/wp-json\/wp\/v2\/pages\/4601","targetHints":{"allow":["GET"]}}],"collection":[{"href":"https:\/\/malmocity.se\/de\/wp-json\/wp\/v2\/pages"}],"about":[{"href":"https:\/\/malmocity.se\/de\/wp-json\/wp\/v2\/types\/page"}],"author":[{"embeddable":true,"href":"https:\/\/malmocity.se\/de\/wp-json\/wp\/v2\/users\/2"}],"replies":[{"embeddable":true,"href":"https:\/\/malmocity.se\/de\/wp-json\/wp\/v2\/comments?post=4601"}],"version-history":[{"count":104,"href":"https:\/\/malmocity.se\/de\/wp-json\/wp\/v2\/pages\/4601\/revisions"}],"predecessor-version":[{"id":5302,"href":"https:\/\/malmocity.se\/de\/wp-json\/wp\/v2\/pages\/4601\/revisions\/5302"}],"wp:attachment":[{"href":"https:\/\/malmocity.se\/de\/wp-json\/wp\/v2\/media?parent=4601"}],"curies":[{"name":"wp","href":"https:\/\/api.w.org\/{rel}","templated":true}]}}