{"id":2692,"date":"2025-02-12T15:18:48","date_gmt":"2025-02-12T14:18:48","guid":{"rendered":"https:\/\/malmocity.se\/?page_id=2692"},"modified":"2025-03-20T10:38:31","modified_gmt":"2025-03-20T09:38:31","slug":"hyrcyklar","status":"publish","type":"page","link":"https:\/\/malmocity.se\/en\/hitta-hit\/hyrcyklar\/","title":{"rendered":"Rental bikes"},"content":{"rendered":"<div data-elementor-type=\"wp-page\" data-elementor-id=\"2692\" class=\"elementor elementor-2692\" data-elementor-post-type=\"page\">\n\t\t\t\t<div class=\"elementor-element elementor-element-53f852f2 e-flex e-con-boxed e-con e-parent\" data-id=\"53f852f2\" data-element_type=\"container\" data-settings=\"{&quot;background_background&quot;:&quot;classic&quot;}\">\n\t\t\t\t\t<div class=\"e-con-inner\">\n\t\t<div class=\"elementor-element elementor-element-798fe137 e-flex e-con-boxed e-con e-child\" data-id=\"798fe137\" data-element_type=\"container\">\n\t\t\t\t\t<div class=\"e-con-inner\">\n\t\t\t\t\t<\/div>\n\t\t\t\t<\/div>\n\t\t\t\t\t<\/div>\n\t\t\t\t<\/div>\n\t\t<div class=\"elementor-element elementor-element-7367cf91 e-flex e-con-boxed e-con e-parent\" data-id=\"7367cf91\" data-element_type=\"container\">\n\t\t\t\t\t<div class=\"e-con-inner\">\n\t\t<div class=\"elementor-element elementor-element-48568256 e-con-full e-flex e-con e-child\" data-id=\"48568256\" data-element_type=\"container\">\n\t\t<div class=\"elementor-element elementor-element-13ec093a e-con-full e-flex e-con e-child\" data-id=\"13ec093a\" data-element_type=\"container\">\n\t\t\t\t<div class=\"elementor-element elementor-element-30e4d310 elementor-widget elementor-widget-heading\" data-id=\"30e4d310\" data-element_type=\"widget\" data-widget_type=\"heading.default\">\n\t\t\t\t<div class=\"elementor-widget-container\">\n\t\t\t\t\t<h1 class=\"elementor-heading-title elementor-size-default\">Rental bikes<\/h1>\t\t\t\t<\/div>\n\t\t\t\t<\/div>\n\t\t\t\t<\/div>\n\t\t\t\t<\/div>\n\t\t\t\t\t<\/div>\n\t\t\t\t<\/div>\n\t\t<div class=\"elementor-element elementor-element-eda0b01 e-flex e-con-boxed e-con e-parent\" data-id=\"eda0b01\" data-element_type=\"container\">\n\t\t\t\t\t<div class=\"e-con-inner\">\n\t\t<div class=\"elementor-element elementor-element-3c562c6 e-con-full e-flex e-con e-child\" data-id=\"3c562c6\" data-element_type=\"container\">\n\t\t\t\t<div class=\"elementor-element elementor-element-c74b162 elementor-widget elementor-widget-heading\" data-id=\"c74b162\" data-element_type=\"widget\" data-widget_type=\"heading.default\">\n\t\t\t\t<div class=\"elementor-widget-container\">\n\t\t\t\t\t<h2 class=\"elementor-heading-title elementor-size-default\">Malm\u00f6 By Bike<\/h2>\t\t\t\t<\/div>\n\t\t\t\t<\/div>\n\t\t\t\t<div class=\"elementor-element elementor-element-a84498a elementor-widget elementor-widget-text-editor\" data-id=\"a84498a\" data-element_type=\"widget\" data-widget_type=\"text-editor.default\">\n\t\t\t\t<div class=\"elementor-widget-container\">\n\t\t\t\t\t\t\t\t\t<p>With a rental bike from Malm\u00f6 By Bike, you can easily cycle across Malm\u00f6 all year round, around the clock. Whether you are a visitor or if you live or work in the city, you can quickly and easily get around the city. There are around twenty different stations around the city centre where you can pick up and return your bike. Subscriptions are available from 24 hours up to annual subscriptions. Find out more at\u00a0<a href=\"https:\/\/www.malmobybike.se\/sv\" target=\"_blank\" rel=\"noopener\">malmobybike.se<\/a><\/p>\t\t\t\t\t\t\t\t<\/div>\n\t\t\t\t<\/div>\n\t\t\t\t<div class=\"elementor-element elementor-element-44575c9 elementor-widget elementor-widget-heading\" data-id=\"44575c9\" data-element_type=\"widget\" data-widget_type=\"heading.default\">\n\t\t\t\t<div class=\"elementor-widget-container\">\n\t\t\t\t\t<h2 class=\"elementor-heading-title elementor-size-default\">Rent bikes at Travelshop<\/h2>\t\t\t\t<\/div>\n\t\t\t\t<\/div>\n\t\t\t\t<div class=\"elementor-element elementor-element-6b6e115 elementor-widget elementor-widget-text-editor\" data-id=\"6b6e115\" data-element_type=\"widget\" data-widget_type=\"text-editor.default\">\n\t\t\t\t<div class=\"elementor-widget-container\">\n\t\t\t\t\t\t\t\t\t<p>At Travelshop you will find a wide range of bicycles including box bikes, tandem bikes, electric bikes and many other options. Travelshop is flexible and offers both drop-off and pick-up. Read more at:\u00a0<a href=\"https:\/\/travelshop.se\/hyrcyklar\/\" target=\"_blank\" rel=\"noopener\">travelshop.se\/rentalbikes<\/a><\/p>\t\t\t\t\t\t\t\t<\/div>\n\t\t\t\t<\/div>\n\t\t\t\t<div class=\"elementor-element elementor-element-78e3503 elementor-widget elementor-widget-heading\" data-id=\"78e3503\" data-element_type=\"widget\" data-widget_type=\"heading.default\">\n\t\t\t\t<div class=\"elementor-widget-container\">\n\t\t\t\t\t<h2 class=\"elementor-heading-title elementor-size-default\">Voi<\/h2>\t\t\t\t<\/div>\n\t\t\t\t<\/div>\n\t\t\t\t<div class=\"elementor-element elementor-element-d3b32ae elementor-widget elementor-widget-text-editor\" data-id=\"d3b32ae\" data-element_type=\"widget\" data-widget_type=\"text-editor.default\">\n\t\t\t\t<div class=\"elementor-widget-container\">\n\t\t\t\t\t\t\t\t\t<p>Voi was among the first to introduce electric scooters in Malm\u00f6 and has since become synonymous with the phenomenon.\nYou can easily recognize a Voi by the distinctive shade of red used on all their scooters.\nRead more at: <a href=\"http:\/\/voiscooters.com\/\" target=\"_blank\" rel=\"noopener\">voiscooters.com<\/a><\/p>\t\t\t\t\t\t\t\t<\/div>\n\t\t\t\t<\/div>\n\t\t\t\t<div class=\"elementor-element elementor-element-1d091a0 elementor-widget elementor-widget-heading\" data-id=\"1d091a0\" data-element_type=\"widget\" data-widget_type=\"heading.default\">\n\t\t\t\t<div class=\"elementor-widget-container\">\n\t\t\t\t\t<h2 class=\"elementor-heading-title elementor-size-default\">Lime<\/h2>\t\t\t\t<\/div>\n\t\t\t\t<\/div>\n\t\t\t\t<div class=\"elementor-element elementor-element-90aefd6 elementor-widget elementor-widget-text-editor\" data-id=\"90aefd6\" data-element_type=\"widget\" data-widget_type=\"text-editor.default\">\n\t\t\t\t<div class=\"elementor-widget-container\">\n\t\t\t\t\t\t\t\t\t<p>Like Voi, Lime was one of the early providers of electric scooters in Malm\u00f6 and is now one of the most well-known rental services for quick and easy e-scooter access.\nWith their green scooters, they\u2019ve made a strong impression on the market and you\u2019re sure to spot them wherever you go in the city.\nRead more at: <a href=\"http:\/\/li.me\/\" target=\"_blank\" rel=\"noopener\">li.me<\/a><\/p>\t\t\t\t\t\t\t\t<\/div>\n\t\t\t\t<\/div>\n\t\t\t\t<div class=\"elementor-element elementor-element-61c363f elementor-widget elementor-widget-heading\" data-id=\"61c363f\" data-element_type=\"widget\" data-widget_type=\"heading.default\">\n\t\t\t\t<div class=\"elementor-widget-container\">\n\t\t\t\t\t<h2 class=\"elementor-heading-title elementor-size-default\">Ryde<\/h2>\t\t\t\t<\/div>\n\t\t\t\t<\/div>\n\t\t\t\t<div class=\"elementor-element elementor-element-974ab64 elementor-widget elementor-widget-text-editor\" data-id=\"974ab64\" data-element_type=\"widget\" data-widget_type=\"text-editor.default\">\n\t\t\t\t<div class=\"elementor-widget-container\">\n\t\t\t\t\t\t\t\t\t<p>Norwegian company Ryde offers electric scooter hire in Swedish cities, with a focus on smooth and environmentally friendly transport. Rent easily via their app. <br \/>Find out more at: <a href=\"https:\/\/www.ryde-technology.com\/\" target=\"_blank\" rel=\"noopener\">ryde-technology.com<\/a><\/p>\t\t\t\t\t\t\t\t<\/div>\n\t\t\t\t<\/div>\n\t\t\t\t<div class=\"elementor-element elementor-element-33a2b00 elementor-widget elementor-widget-heading\" data-id=\"33a2b00\" data-element_type=\"widget\" data-widget_type=\"heading.default\">\n\t\t\t\t<div class=\"elementor-widget-container\">\n\t\t\t\t\t<h2 class=\"elementor-heading-title elementor-size-default\">Bolt<\/h2>\t\t\t\t<\/div>\n\t\t\t\t<\/div>\n\t\t\t\t<div class=\"elementor-element elementor-element-49d33e0 elementor-widget elementor-widget-text-editor\" data-id=\"49d33e0\" data-element_type=\"widget\" data-widget_type=\"text-editor.default\">\n\t\t\t\t<div class=\"elementor-widget-container\">\n\t\t\t\t\t\t\t\t\t<p>Bolt offers electric scooters for rent in several cities, focusing on sustainable, safe, and affordable micromobility. Through the Bolt app, users can easily find, unlock, and ride an electric scooter.\nRead more at: <a href=\"https:\/\/bolt.eu\/sv-se\/\" target=\"_blank\" rel=\"noopener\">bolt.eu<\/a><\/p>\t\t\t\t\t\t\t\t<\/div>\n\t\t\t\t<\/div>\n\t\t\t\t<\/div>\n\t\t<div class=\"elementor-element elementor-element-a21d808 e-con-full e-flex e-con e-child\" data-id=\"a21d808\" data-element_type=\"container\" data-settings=\"{&quot;background_background&quot;:&quot;classic&quot;,&quot;sticky&quot;:&quot;top&quot;,&quot;sticky_on&quot;:[&quot;desktop&quot;],&quot;sticky_offset&quot;:10,&quot;sticky_parent&quot;:&quot;yes&quot;,&quot;sticky_effects_offset&quot;:0,&quot;sticky_anchor_link_offset&quot;:0}\">\n\t\t\t\t<div class=\"elementor-element elementor-element-d1ecc27 elementor-widget elementor-widget-image\" data-id=\"d1ecc27\" data-element_type=\"widget\" data-widget_type=\"image.default\">\n\t\t\t\t<div class=\"elementor-widget-container\">\n\t\t\t\t\t\t\t\t\t\t\t\t\t\t\t<img fetchpriority=\"high\" decoding=\"async\" width=\"800\" height=\"534\" src=\"https:\/\/malmocity.se\/wp-content\/uploads\/2025\/02\/160629_bb_cykel_0199_malmo_by_bike_hires-1024x683.jpeg\" class=\"attachment-large size-large wp-image-2696\" alt=\"\" srcset=\"https:\/\/malmocity.se\/wp-content\/uploads\/2025\/02\/160629_bb_cykel_0199_malmo_by_bike_hires-1024x683.jpeg 1024w, https:\/\/malmocity.se\/wp-content\/uploads\/2025\/02\/160629_bb_cykel_0199_malmo_by_bike_hires-300x200.jpeg 300w, https:\/\/malmocity.se\/wp-content\/uploads\/2025\/02\/160629_bb_cykel_0199_malmo_by_bike_hires-768x512.jpeg 768w, https:\/\/malmocity.se\/wp-content\/uploads\/2025\/02\/160629_bb_cykel_0199_malmo_by_bike_hires-1536x1024.jpeg 1536w, https:\/\/malmocity.se\/wp-content\/uploads\/2025\/02\/160629_bb_cykel_0199_malmo_by_bike_hires-2048x1365.jpeg 2048w\" sizes=\"(max-width: 800px) 100vw, 800px\" \/>\t\t\t\t\t\t\t\t\t\t\t\t\t\t\t<\/div>\n\t\t\t\t<\/div>\n\t\t\t\t<div class=\"elementor-element elementor-element-6a17c3c elementor-widget elementor-widget-image\" data-id=\"6a17c3c\" data-element_type=\"widget\" data-widget_type=\"image.default\">\n\t\t\t\t<div class=\"elementor-widget-container\">\n\t\t\t\t\t\t\t\t\t\t\t\t\t\t\t<img decoding=\"async\" width=\"800\" height=\"534\" src=\"https:\/\/malmocity.se\/wp-content\/uploads\/2025\/03\/211026_0213_malmo_elsparkcykel_hires-1024x683.jpeg\" class=\"attachment-large size-large wp-image-4482\" alt=\"\" srcset=\"https:\/\/malmocity.se\/wp-content\/uploads\/2025\/03\/211026_0213_malmo_elsparkcykel_hires-1024x683.jpeg 1024w, https:\/\/malmocity.se\/wp-content\/uploads\/2025\/03\/211026_0213_malmo_elsparkcykel_hires-300x200.jpeg 300w, https:\/\/malmocity.se\/wp-content\/uploads\/2025\/03\/211026_0213_malmo_elsparkcykel_hires-768x512.jpeg 768w, https:\/\/malmocity.se\/wp-content\/uploads\/2025\/03\/211026_0213_malmo_elsparkcykel_hires-1536x1024.jpeg 1536w, https:\/\/malmocity.se\/wp-content\/uploads\/2025\/03\/211026_0213_malmo_elsparkcykel_hires-2048x1365.jpeg 2048w, https:\/\/malmocity.se\/wp-content\/uploads\/2025\/03\/211026_0213_malmo_elsparkcykel_hires-18x12.jpeg 18w\" sizes=\"(max-width: 800px) 100vw, 800px\" \/>\t\t\t\t\t\t\t\t\t\t\t\t\t\t\t<\/div>\n\t\t\t\t<\/div>\n\t\t\t\t<\/div>\n\t\t\t\t\t<\/div>\n\t\t\t\t<\/div>\n\t\t\t\t<\/div>","protected":false},"excerpt":{"rendered":"<p>Home - Find us - Rental bikes Rental bikes Malm\u00f6 By Bike With a rental bike from Malm\u00f6 By Bike, you can easily cycle across Malm\u00f6 all year round, around the clock. Whether you are a visitor or if you live or work in the city, you can quickly and easily get around the city. It [...]<\/p>","protected":false},"author":1,"featured_media":0,"parent":2629,"menu_order":0,"comment_status":"closed","ping_status":"closed","template":"","meta":{"_acf_changed":false,"footnotes":""},"class_list":["post-2692","page","type-page","status-publish","hentry"],"acf":[],"_links":{"self":[{"href":"https:\/\/malmocity.se\/en\/wp-json\/wp\/v2\/pages\/2692","targetHints":{"allow":["GET"]}}],"collection":[{"href":"https:\/\/malmocity.se\/en\/wp-json\/wp\/v2\/pages"}],"about":[{"href":"https:\/\/malmocity.se\/en\/wp-json\/wp\/v2\/types\/page"}],"author":[{"embeddable":true,"href":"https:\/\/malmocity.se\/en\/wp-json\/wp\/v2\/users\/1"}],"replies":[{"embeddable":true,"href":"https:\/\/malmocity.se\/en\/wp-json\/wp\/v2\/comments?post=2692"}],"version-history":[{"count":9,"href":"https:\/\/malmocity.se\/en\/wp-json\/wp\/v2\/pages\/2692\/revisions"}],"predecessor-version":[{"id":4486,"href":"https:\/\/malmocity.se\/en\/wp-json\/wp\/v2\/pages\/2692\/revisions\/4486"}],"up":[{"embeddable":true,"href":"https:\/\/malmocity.se\/en\/wp-json\/wp\/v2\/pages\/2629"}],"wp:attachment":[{"href":"https:\/\/malmocity.se\/en\/wp-json\/wp\/v2\/media?parent=2692"}],"curies":[{"name":"wp","href":"https:\/\/api.w.org\/{rel}","templated":true}]}}