{"id":2783,"date":"2025-02-13T10:21:32","date_gmt":"2025-02-13T09:21:32","guid":{"rendered":"https:\/\/malmocity.se\/?page_id=2783"},"modified":"2025-03-20T11:02:29","modified_gmt":"2025-03-20T10:02:29","slug":"vision-affarside","status":"publish","type":"page","link":"https:\/\/malmocity.se\/en\/om-oss\/vision-affarside\/","title":{"rendered":"Business concept &amp; Vision"},"content":{"rendered":"<div data-elementor-type=\"wp-page\" data-elementor-id=\"2783\" class=\"elementor elementor-2783\" data-elementor-post-type=\"page\">\n\t\t\t\t<div class=\"elementor-element elementor-element-2bb8e630 e-flex e-con-boxed e-con e-parent\" data-id=\"2bb8e630\" data-element_type=\"container\" data-settings=\"{&quot;background_background&quot;:&quot;classic&quot;}\">\n\t\t\t\t\t<div class=\"e-con-inner\">\n\t\t<div class=\"elementor-element elementor-element-615e1287 e-flex e-con-boxed e-con e-child\" data-id=\"615e1287\" data-element_type=\"container\">\n\t\t\t\t\t<div class=\"e-con-inner\">\n\t\t\t\t\t<\/div>\n\t\t\t\t<\/div>\n\t\t\t\t\t<\/div>\n\t\t\t\t<\/div>\n\t\t<div class=\"elementor-element elementor-element-6f31d849 e-flex e-con-boxed e-con e-parent\" data-id=\"6f31d849\" data-element_type=\"container\">\n\t\t\t\t\t<div class=\"e-con-inner\">\n\t\t<div class=\"elementor-element elementor-element-15f13503 e-con-full e-flex e-con e-child\" data-id=\"15f13503\" data-element_type=\"container\">\n\t\t<div class=\"elementor-element elementor-element-7abf9e8d e-con-full e-flex e-con e-child\" data-id=\"7abf9e8d\" data-element_type=\"container\">\n\t\t\t\t<div class=\"elementor-element elementor-element-49bfac79 elementor-widget elementor-widget-heading\" data-id=\"49bfac79\" data-element_type=\"widget\" data-widget_type=\"heading.default\">\n\t\t\t\t<div class=\"elementor-widget-container\">\n\t\t\t\t\t<h1 class=\"elementor-heading-title elementor-size-default\">Business concept &amp; Vision<\/h1>\t\t\t\t<\/div>\n\t\t\t\t<\/div>\n\t\t\t\t<div class=\"elementor-element elementor-element-3cd1b036 elementor-widget elementor-widget-text-editor\" data-id=\"3cd1b036\" data-element_type=\"widget\" data-widget_type=\"text-editor.default\">\n\t\t\t\t<div class=\"elementor-widget-container\">\n\t\t\t\t\t\t\t\t\t<p>Malm\u00f6 Citysamverkan will further develop the unique Malm\u00f6 City through co-creation.<br \/>This creates added value for Malm\u00f6 residents, visitors and our owners.\u00a0<\/p>\t\t\t\t\t\t\t\t<\/div>\n\t\t\t\t<\/div>\n\t\t\t\t<\/div>\n\t\t\t\t<\/div>\n\t\t\t\t\t<\/div>\n\t\t\t\t<\/div>\n\t\t<div class=\"elementor-element elementor-element-c4be55d e-flex e-con-boxed e-con e-parent\" data-id=\"c4be55d\" data-element_type=\"container\">\n\t\t\t\t\t<div class=\"e-con-inner\">\n\t\t\t\t<div class=\"elementor-element elementor-element-789e255f elementor-widget elementor-widget-heading\" data-id=\"789e255f\" data-element_type=\"widget\" data-widget_type=\"heading.default\">\n\t\t\t\t<div class=\"elementor-widget-container\">\n\t\t\t\t\t<h2 class=\"elementor-heading-title elementor-size-default\">Core values<\/h2>\t\t\t\t<\/div>\n\t\t\t\t<\/div>\n\t\t\t\t\t<\/div>\n\t\t\t\t<\/div>\n\t\t<div class=\"elementor-element elementor-element-4248591 e-flex e-con-boxed e-con e-parent\" data-id=\"4248591\" data-element_type=\"container\">\n\t\t\t\t\t<div class=\"e-con-inner\">\n\t\t<div class=\"elementor-element elementor-element-1965b9ae e-con-full e-flex e-con e-child\" data-id=\"1965b9ae\" data-element_type=\"container\">\n\t\t<div class=\"elementor-element elementor-element-c95a874 e-con-full e-flex e-con e-child\" data-id=\"c95a874\" data-element_type=\"container\">\n\t\t\t\t<div class=\"elementor-element elementor-element-a918637 elementor-widget elementor-widget-heading\" data-id=\"a918637\" data-element_type=\"widget\" data-widget_type=\"heading.default\">\n\t\t\t\t<div class=\"elementor-widget-container\">\n\t\t\t\t\t<h4 class=\"elementor-heading-title elementor-size-default\">Variety<\/h4>\t\t\t\t<\/div>\n\t\t\t\t<\/div>\n\t\t\t\t<div class=\"elementor-element elementor-element-b60accd elementor-widget elementor-widget-text-editor\" data-id=\"b60accd\" data-element_type=\"widget\" data-widget_type=\"text-editor.default\">\n\t\t\t\t<div class=\"elementor-widget-container\">\n\t\t\t\t\t\t\t\t\t<p>Malm\u00f6 City's offer is like the best of sweet bags, a pleasurable mix that has something for everyone. There are shops, squares, restaurants, pedestrianised streets, parks and culture. There are small, unique shops as well as large city centres. There are antiques and second hand, there are exciting new designs. We hold on to traditions, but are also innovative. Malm\u00f6 City surprises with its range; who knows what's around the corner?<\/p>\t\t\t\t\t\t\t\t<\/div>\n\t\t\t\t<\/div>\n\t\t\t\t<\/div>\n\t\t<div class=\"elementor-element elementor-element-b48206a e-con-full e-flex e-con e-child\" data-id=\"b48206a\" data-element_type=\"container\">\n\t\t\t\t<div class=\"elementor-element elementor-element-53c9dd7 elementor-widget elementor-widget-heading\" data-id=\"53c9dd7\" data-element_type=\"widget\" data-widget_type=\"heading.default\">\n\t\t\t\t<div class=\"elementor-widget-container\">\n\t\t\t\t\t<h4 class=\"elementor-heading-title elementor-size-default\">Atmosphere<\/h4>\t\t\t\t<\/div>\n\t\t\t\t<\/div>\n\t\t\t\t<div class=\"elementor-element elementor-element-77e4329 elementor-widget elementor-widget-text-editor\" data-id=\"77e4329\" data-element_type=\"widget\" data-widget_type=\"text-editor.default\">\n\t\t\t\t<div class=\"elementor-widget-container\">\n\t\t\t\t\t\t\t\t\t<p>The atmosphere in Malm\u00f6 City is unique, it is genuine, safe, vibrant and curious. You can spend a couple of hours or a whole day here. You can just be here. At the same time, there is a drive and a spirit of progress. It's a place to be inspired, find gems and enjoy everyday luxury. The atmosphere is the very soul of Malm\u00f6 City - it's always cosy to walk around town!<\/p>\t\t\t\t\t\t\t\t<\/div>\n\t\t\t\t<\/div>\n\t\t\t\t<\/div>\n\t\t<div class=\"elementor-element elementor-element-092e1f6 e-con-full e-flex e-con e-child\" data-id=\"092e1f6\" data-element_type=\"container\">\n\t\t\t\t<div class=\"elementor-element elementor-element-0dd47a5 elementor-widget elementor-widget-heading\" data-id=\"0dd47a5\" data-element_type=\"widget\" data-widget_type=\"heading.default\">\n\t\t\t\t<div class=\"elementor-widget-container\">\n\t\t\t\t\t<h4 class=\"elementor-heading-title elementor-size-default\">Hosting<\/h4>\t\t\t\t<\/div>\n\t\t\t\t<\/div>\n\t\t\t\t<div class=\"elementor-element elementor-element-166118a2 elementor-widget elementor-widget-text-editor\" data-id=\"166118a2\" data-element_type=\"widget\" data-widget_type=\"text-editor.default\">\n\t\t\t\t<div class=\"elementor-widget-container\">\n\t\t\t\t\t\t\t\t\t<p>Malm\u00f6 City can do a lot, and wants more. We want to be the best at everything that is close to our heart: service, comfort, sustainability and quality. Our city centre is a simmering cauldron of events and there are constantly different encounters going on: people meet people, travellers meet bus drivers. Coffee meets cake, buyers meet sellers. In all these encounters, Malm\u00f6 City needs to be engaged and give a piece of itself. This makes it a place you want to be part of and return to. See you in town!<\/p>\t\t\t\t\t\t\t\t<\/div>\n\t\t\t\t<\/div>\n\t\t\t\t<\/div>\n\t\t\t\t<\/div>\n\t\t<div class=\"elementor-element elementor-element-34971d8 e-con-full e-flex e-con e-child\" data-id=\"34971d8\" data-element_type=\"container\" data-settings=\"{&quot;background_background&quot;:&quot;classic&quot;}\">\n\t\t\t\t<\/div>\n\t\t\t\t\t<\/div>\n\t\t\t\t<\/div>\n\t\t\t\t<\/div>","protected":false},"excerpt":{"rendered":"<p>Home - About us - Business concept &amp; Vision Business concept &amp; Vision Malm\u00f6 Citysamverkan will further develop the unique Malm\u00f6 City through co-creation, creating added value for Malm\u00f6 residents, visitors and our owners.  Core values Variety Malm\u00f6 City's offer is like the best of sweet bags, a pleasurable mix that has something for everyone. There are shops, squares, restaurants, pedestrianised streets, parks [...]<\/p>","protected":false},"author":1,"featured_media":0,"parent":2722,"menu_order":0,"comment_status":"closed","ping_status":"closed","template":"","meta":{"_acf_changed":false,"footnotes":""},"class_list":["post-2783","page","type-page","status-publish","hentry"],"acf":[],"_links":{"self":[{"href":"https:\/\/malmocity.se\/en\/wp-json\/wp\/v2\/pages\/2783","targetHints":{"allow":["GET"]}}],"collection":[{"href":"https:\/\/malmocity.se\/en\/wp-json\/wp\/v2\/pages"}],"about":[{"href":"https:\/\/malmocity.se\/en\/wp-json\/wp\/v2\/types\/page"}],"author":[{"embeddable":true,"href":"https:\/\/malmocity.se\/en\/wp-json\/wp\/v2\/users\/1"}],"replies":[{"embeddable":true,"href":"https:\/\/malmocity.se\/en\/wp-json\/wp\/v2\/comments?post=2783"}],"version-history":[{"count":3,"href":"https:\/\/malmocity.se\/en\/wp-json\/wp\/v2\/pages\/2783\/revisions"}],"predecessor-version":[{"id":4500,"href":"https:\/\/malmocity.se\/en\/wp-json\/wp\/v2\/pages\/2783\/revisions\/4500"}],"up":[{"embeddable":true,"href":"https:\/\/malmocity.se\/en\/wp-json\/wp\/v2\/pages\/2722"}],"wp:attachment":[{"href":"https:\/\/malmocity.se\/en\/wp-json\/wp\/v2\/media?parent=2783"}],"curies":[{"name":"wp","href":"https:\/\/api.w.org\/{rel}","templated":true}]}}